{"id":992,"date":"2021-03-12T16:40:45","date_gmt":"2021-03-12T16:40:45","guid":{"rendered":"https:\/\/tristel.com\/ch-it\/?post_type=product&#038;p=992"},"modified":"2025-05-16T10:25:51","modified_gmt":"2025-05-16T10:25:51","slug":"tristel-sistema-stella-disinfezione-alto-livello-semi-automatica","status":"publish","type":"product","link":"https:\/\/tristel.com\/ch-it\/product\/tristel-sistema-stella-disinfezione-alto-livello-semi-automatica\/","title":{"rendered":"Sistema di disinfezione Stella"},"content":{"rendered":"<p>Combina la semplicit\u00e0 della disinfezione manuale ad un sistema di disinfezione semi automatico, il Sistema Stella offre un ciclo di disinfezione veloce, mobile ed economico dei dispositivi medici termosensibili con o senza canale.<\/p>\n<p>Con un ciclo di disinfezione di alto livello di cinque minuti, il Sistema Stella garantisce il ricondizionamento veloce dei dispositivi medici.<\/p>\n<p>Il ricondizionamento di breve durata consente alle strutture di operare con pochi dispositivi, riducendo i costi e incrementando il volume di pazienti.<\/p>\n<p>Tristel Clean per Stella rimuove lo sporco e la carica microbica e Tristel Fuse per Stella distrugge tutti i microrganismi. Al fine di proteggere i dispositivi con un canale operativo, Stella monitora e adatta la pressione di irrigazione del canale.<\/p>\n<p>Il Sistema Stella \u00e8 un\u2019unit\u00e0 piccola e leggera, con una larghezza tra 70 e 82 cm, una lunghezza di 48 cm e un\u2019altezza di 18 cm. Il peso da vuoto \u00e8 di 5,5 kg. L\u2019unit\u00e0 base e il coperchio possono essere impilati offrendo cos\u00ec una possibile opzione quando lo spazio a disposizione \u00e8 limitato.<\/p>\n","protected":false},"excerpt":{"rendered":"<p>Combina la semplicit\u00e0 della disinfezione manuale ad un sistema di disinfezione semi automatico, il Sistema Stella offre un ciclo di disinfezione veloce, mobile ed economico dei dispositivi medici termosensibili con o senza canale.<\/p>\n<p>Con un ciclo di disinfezione di alto livello di cinque minuti, il Sistema Stella garantisce il ricondizionamento veloce dei dispositivi medici.<\/p>\n<p>Il ricondizionamento di breve durata consente alle strutture di operare con pochi dispositivi, riducendo i costi e incrementando il volume di pazienti.<\/p>\n<p>Tristel Clean per Stella rimuove lo sporco e la carica microbica e Tristel Fuse per Stella distrugge tutti i microrganismi. Al fine di proteggere i dispositivi con un canale operativo, Stella monitora e adatta la pressione di irrigazione del canale.<\/p>\n<p>Il Sistema Stella \u00e8 un\u2019unit\u00e0 piccola e leggera, con una larghezza tra 70 e 82 cm, una lunghezza di 48 cm e un\u2019altezza di 18 cm. Il peso da vuoto \u00e8 di 5,5 kg. L\u2019unit\u00e0 base e il coperchio possono essere impilati offrendo cos\u00ec una possibile opzione quando lo spazio a disposizione \u00e8 limitato.<\/p>\n","protected":false},"featured_media":1472,"template":"","meta":{"_acf_changed":false,"_relevanssi_hide_post":"","_relevanssi_hide_content":"","_relevanssi_pin_for_all":"","_relevanssi_pin_keywords":"","_relevanssi_unpin_keywords":"","_relevanssi_related_keywords":"","_relevanssi_related_include_ids":"","_relevanssi_related_exclude_ids":"","_relevanssi_related_no_append":"","_relevanssi_related_not_related":"","_relevanssi_related_posts":"","_relevanssi_noindex_reason":"","inline_featured_image":false},"product_brand":[],"product_cat":[20,58,33,21,26,32],"product_tag":[53],"class_list":{"0":"post-992","1":"product","2":"type-product","3":"status-publish","4":"has-post-thumbnail","6":"product_cat-cardiologia","7":"product_cat-soluzioni-tristel","8":"product_cat-medicina-riproduttiva-pma","9":"product_cat-otorinolaringoiatria","10":"product_cat-tristel","11":"product_cat-urologia","12":"product_tag-medical-device-decontamination","14":"first","15":"instock","16":"taxable","17":"shipping-taxable","18":"product-type-simple"},"acf":[],"yoast_head":"<!-- This site is optimized with the Yoast SEO Premium plugin v27.2 (Yoast SEO v27.3) - https:\/\/yoast.com\/product\/yoast-seo-premium-wordpress\/ -->\n<title>Tristel - Sistema Stella - Disinfezione di alto livello semi-automatica<\/title>\n<meta name=\"description\" content=\"Stella \u00e8 un sistema semi-automatico per la disinfezione di dispositivi medici con e senza canale operativo in 5 minuti con tracciabilit\u00e0 digitale.\" \/>\n<meta name=\"robots\" content=\"index, follow, max-snippet:-1, max-image-preview:large, max-video-preview:-1\" \/>\n<link rel=\"canonical\" href=\"https:\/\/tristel.com\/ch-it\/product\/tristel-sistema-stella-disinfezione-alto-livello-semi-automatica\/\" \/>\n<meta property=\"og:locale\" content=\"en_US\" \/>\n<meta property=\"og:type\" content=\"article\" \/>\n<meta property=\"og:title\" content=\"Sistema di disinfezione Stella\" \/>\n<meta property=\"og:description\" content=\"Stella \u00e8 un sistema semi-automatico per la disinfezione di dispositivi medici con e senza canale operativo in 5 minuti con tracciabilit\u00e0 digitale.\" \/>\n<meta property=\"og:url\" content=\"https:\/\/tristel.com\/ch-it\/product\/tristel-sistema-stella-disinfezione-alto-livello-semi-automatica\/\" \/>\n<meta property=\"og:site_name\" content=\"Tristel - Switzerland - IT\" \/>\n<meta property=\"article:modified_time\" content=\"2025-05-16T10:25:51+00:00\" \/>\n<meta property=\"og:image\" content=\"https:\/\/tristel.com\/ch-it\/wp-content\/uploads\/sites\/32\/2021\/03\/Stella-Action-Shot-2-1.png\" \/>\n\t<meta property=\"og:image:width\" content=\"800\" \/>\n\t<meta property=\"og:image:height\" content=\"600\" \/>\n\t<meta property=\"og:image:type\" content=\"image\/png\" \/>\n<meta name=\"twitter:card\" content=\"summary_large_image\" \/>\n<meta name=\"twitter:site\" content=\"@TristelGlobal\" \/>\n<meta name=\"twitter:label1\" content=\"Est. reading time\" \/>\n\t<meta name=\"twitter:data1\" content=\"1 minute\" \/>\n<script type=\"application\/ld+json\" class=\"yoast-schema-graph\">{\"@context\":\"https:\\\/\\\/schema.org\",\"@graph\":[{\"@type\":\"WebPage\",\"@id\":\"https:\\\/\\\/tristel.com\\\/ch-it\\\/product\\\/tristel-sistema-stella-disinfezione-alto-livello-semi-automatica\\\/\",\"url\":\"https:\\\/\\\/tristel.com\\\/ch-it\\\/product\\\/tristel-sistema-stella-disinfezione-alto-livello-semi-automatica\\\/\",\"name\":\"Tristel - Sistema Stella - Disinfezione di alto livello semi-automatica\",\"isPartOf\":{\"@id\":\"https:\\\/\\\/tristel.com\\\/ch-it\\\/#website\"},\"primaryImageOfPage\":{\"@id\":\"https:\\\/\\\/tristel.com\\\/ch-it\\\/product\\\/tristel-sistema-stella-disinfezione-alto-livello-semi-automatica\\\/#primaryimage\"},\"image\":{\"@id\":\"https:\\\/\\\/tristel.com\\\/ch-it\\\/product\\\/tristel-sistema-stella-disinfezione-alto-livello-semi-automatica\\\/#primaryimage\"},\"thumbnailUrl\":\"https:\\\/\\\/tristel.com\\\/ch-it\\\/wp-content\\\/uploads\\\/sites\\\/32\\\/2021\\\/03\\\/Stella-Action-Shot-2-1.png\",\"datePublished\":\"2021-03-12T16:40:45+00:00\",\"dateModified\":\"2025-05-16T10:25:51+00:00\",\"description\":\"Stella \u00e8 un sistema semi-automatico per la disinfezione di dispositivi medici con e senza canale operativo in 5 minuti con tracciabilit\u00e0 digitale.\",\"breadcrumb\":{\"@id\":\"https:\\\/\\\/tristel.com\\\/ch-it\\\/product\\\/tristel-sistema-stella-disinfezione-alto-livello-semi-automatica\\\/#breadcrumb\"},\"inLanguage\":\"en-US\",\"potentialAction\":[{\"@type\":\"ReadAction\",\"target\":[\"https:\\\/\\\/tristel.com\\\/ch-it\\\/product\\\/tristel-sistema-stella-disinfezione-alto-livello-semi-automatica\\\/\"]}]},{\"@type\":\"ImageObject\",\"inLanguage\":\"en-US\",\"@id\":\"https:\\\/\\\/tristel.com\\\/ch-it\\\/product\\\/tristel-sistema-stella-disinfezione-alto-livello-semi-automatica\\\/#primaryimage\",\"url\":\"https:\\\/\\\/tristel.com\\\/ch-it\\\/wp-content\\\/uploads\\\/sites\\\/32\\\/2021\\\/03\\\/Stella-Action-Shot-2-1.png\",\"contentUrl\":\"https:\\\/\\\/tristel.com\\\/ch-it\\\/wp-content\\\/uploads\\\/sites\\\/32\\\/2021\\\/03\\\/Stella-Action-Shot-2-1.png\",\"width\":800,\"height\":600},{\"@type\":\"BreadcrumbList\",\"@id\":\"https:\\\/\\\/tristel.com\\\/ch-it\\\/product\\\/tristel-sistema-stella-disinfezione-alto-livello-semi-automatica\\\/#breadcrumb\",\"itemListElement\":[{\"@type\":\"ListItem\",\"position\":1,\"name\":\"Home\",\"item\":\"https:\\\/\\\/tristel.com\\\/ch-it\\\/\"},{\"@type\":\"ListItem\",\"position\":2,\"name\":\"Private: Shop\",\"item\":\"https:\\\/\\\/tristel.com\\\/ch-it\\\/?page_id=58\"},{\"@type\":\"ListItem\",\"position\":3,\"name\":\"Sistema di disinfezione Stella\"}]},{\"@type\":\"WebSite\",\"@id\":\"https:\\\/\\\/tristel.com\\\/ch-it\\\/#website\",\"url\":\"https:\\\/\\\/tristel.com\\\/ch-it\\\/\",\"name\":\"Tristel\",\"description\":\"We have chemistry\",\"publisher\":{\"@id\":\"https:\\\/\\\/tristel.com\\\/ch-it\\\/#organization\"},\"potentialAction\":[{\"@type\":\"SearchAction\",\"target\":{\"@type\":\"EntryPoint\",\"urlTemplate\":\"https:\\\/\\\/tristel.com\\\/ch-it\\\/?s={search_term_string}\"},\"query-input\":{\"@type\":\"PropertyValueSpecification\",\"valueRequired\":true,\"valueName\":\"search_term_string\"}}],\"inLanguage\":\"en-US\"},{\"@type\":\"Organization\",\"@id\":\"https:\\\/\\\/tristel.com\\\/ch-it\\\/#organization\",\"name\":\"Tristel Global\",\"url\":\"https:\\\/\\\/tristel.com\\\/ch-it\\\/\",\"logo\":{\"@type\":\"ImageObject\",\"inLanguage\":\"en-US\",\"@id\":\"https:\\\/\\\/tristel.com\\\/ch-it\\\/#\\\/schema\\\/logo\\\/image\\\/\",\"url\":\"https:\\\/\\\/tristel.com\\\/ch-it\\\/wp-content\\\/uploads\\\/sites\\\/32\\\/2020\\\/11\\\/Tristel_2.svg\",\"contentUrl\":\"https:\\\/\\\/tristel.com\\\/ch-it\\\/wp-content\\\/uploads\\\/sites\\\/32\\\/2020\\\/11\\\/Tristel_2.svg\",\"width\":1024,\"height\":1024,\"caption\":\"Tristel Global\"},\"image\":{\"@id\":\"https:\\\/\\\/tristel.com\\\/ch-it\\\/#\\\/schema\\\/logo\\\/image\\\/\"},\"sameAs\":[\"https:\\\/\\\/x.com\\\/TristelGlobal\",\"https:\\\/\\\/www.instagram.com\\\/tristelglobal\\\/\",\"https:\\\/\\\/www.linkedin.com\\\/company\\\/tristel-plc\\\/\",\"https:\\\/\\\/www.youtube.com\\\/channel\\\/UCzMGvnOuIOyi8tGikaPU1hw\"]}]}<\/script>\n<!-- \/ Yoast SEO Premium plugin. -->","yoast_head_json":{"title":"Tristel - Sistema Stella - Disinfezione di alto livello semi-automatica","description":"Stella \u00e8 un sistema semi-automatico per la disinfezione di dispositivi medici con e senza canale operativo in 5 minuti con tracciabilit\u00e0 digitale.","robots":{"index":"index","follow":"follow","max-snippet":"max-snippet:-1","max-image-preview":"max-image-preview:large","max-video-preview":"max-video-preview:-1"},"canonical":"https:\/\/tristel.com\/ch-it\/product\/tristel-sistema-stella-disinfezione-alto-livello-semi-automatica\/","og_locale":"en_US","og_type":"article","og_title":"Sistema di disinfezione Stella","og_description":"Stella \u00e8 un sistema semi-automatico per la disinfezione di dispositivi medici con e senza canale operativo in 5 minuti con tracciabilit\u00e0 digitale.","og_url":"https:\/\/tristel.com\/ch-it\/product\/tristel-sistema-stella-disinfezione-alto-livello-semi-automatica\/","og_site_name":"Tristel - Switzerland - IT","article_modified_time":"2025-05-16T10:25:51+00:00","og_image":[{"width":800,"height":600,"url":"https:\/\/tristel.com\/ch-it\/wp-content\/uploads\/sites\/32\/2021\/03\/Stella-Action-Shot-2-1.png","type":"image\/png"}],"twitter_card":"summary_large_image","twitter_site":"@TristelGlobal","twitter_misc":{"Est. reading time":"1 minute"},"schema":{"@context":"https:\/\/schema.org","@graph":[{"@type":"WebPage","@id":"https:\/\/tristel.com\/ch-it\/product\/tristel-sistema-stella-disinfezione-alto-livello-semi-automatica\/","url":"https:\/\/tristel.com\/ch-it\/product\/tristel-sistema-stella-disinfezione-alto-livello-semi-automatica\/","name":"Tristel - Sistema Stella - Disinfezione di alto livello semi-automatica","isPartOf":{"@id":"https:\/\/tristel.com\/ch-it\/#website"},"primaryImageOfPage":{"@id":"https:\/\/tristel.com\/ch-it\/product\/tristel-sistema-stella-disinfezione-alto-livello-semi-automatica\/#primaryimage"},"image":{"@id":"https:\/\/tristel.com\/ch-it\/product\/tristel-sistema-stella-disinfezione-alto-livello-semi-automatica\/#primaryimage"},"thumbnailUrl":"https:\/\/tristel.com\/ch-it\/wp-content\/uploads\/sites\/32\/2021\/03\/Stella-Action-Shot-2-1.png","datePublished":"2021-03-12T16:40:45+00:00","dateModified":"2025-05-16T10:25:51+00:00","description":"Stella \u00e8 un sistema semi-automatico per la disinfezione di dispositivi medici con e senza canale operativo in 5 minuti con tracciabilit\u00e0 digitale.","breadcrumb":{"@id":"https:\/\/tristel.com\/ch-it\/product\/tristel-sistema-stella-disinfezione-alto-livello-semi-automatica\/#breadcrumb"},"inLanguage":"en-US","potentialAction":[{"@type":"ReadAction","target":["https:\/\/tristel.com\/ch-it\/product\/tristel-sistema-stella-disinfezione-alto-livello-semi-automatica\/"]}]},{"@type":"ImageObject","inLanguage":"en-US","@id":"https:\/\/tristel.com\/ch-it\/product\/tristel-sistema-stella-disinfezione-alto-livello-semi-automatica\/#primaryimage","url":"https:\/\/tristel.com\/ch-it\/wp-content\/uploads\/sites\/32\/2021\/03\/Stella-Action-Shot-2-1.png","contentUrl":"https:\/\/tristel.com\/ch-it\/wp-content\/uploads\/sites\/32\/2021\/03\/Stella-Action-Shot-2-1.png","width":800,"height":600},{"@type":"BreadcrumbList","@id":"https:\/\/tristel.com\/ch-it\/product\/tristel-sistema-stella-disinfezione-alto-livello-semi-automatica\/#breadcrumb","itemListElement":[{"@type":"ListItem","position":1,"name":"Home","item":"https:\/\/tristel.com\/ch-it\/"},{"@type":"ListItem","position":2,"name":"Private: Shop","item":"https:\/\/tristel.com\/ch-it\/?page_id=58"},{"@type":"ListItem","position":3,"name":"Sistema di disinfezione Stella"}]},{"@type":"WebSite","@id":"https:\/\/tristel.com\/ch-it\/#website","url":"https:\/\/tristel.com\/ch-it\/","name":"Tristel","description":"We have chemistry","publisher":{"@id":"https:\/\/tristel.com\/ch-it\/#organization"},"potentialAction":[{"@type":"SearchAction","target":{"@type":"EntryPoint","urlTemplate":"https:\/\/tristel.com\/ch-it\/?s={search_term_string}"},"query-input":{"@type":"PropertyValueSpecification","valueRequired":true,"valueName":"search_term_string"}}],"inLanguage":"en-US"},{"@type":"Organization","@id":"https:\/\/tristel.com\/ch-it\/#organization","name":"Tristel Global","url":"https:\/\/tristel.com\/ch-it\/","logo":{"@type":"ImageObject","inLanguage":"en-US","@id":"https:\/\/tristel.com\/ch-it\/#\/schema\/logo\/image\/","url":"https:\/\/tristel.com\/ch-it\/wp-content\/uploads\/sites\/32\/2020\/11\/Tristel_2.svg","contentUrl":"https:\/\/tristel.com\/ch-it\/wp-content\/uploads\/sites\/32\/2020\/11\/Tristel_2.svg","width":1024,"height":1024,"caption":"Tristel Global"},"image":{"@id":"https:\/\/tristel.com\/ch-it\/#\/schema\/logo\/image\/"},"sameAs":["https:\/\/x.com\/TristelGlobal","https:\/\/www.instagram.com\/tristelglobal\/","https:\/\/www.linkedin.com\/company\/tristel-plc\/","https:\/\/www.youtube.com\/channel\/UCzMGvnOuIOyi8tGikaPU1hw"]}]}},"_links":{"self":[{"href":"https:\/\/tristel.com\/ch-it\/wp-json\/wp\/v2\/product\/992","targetHints":{"allow":["GET"]}}],"collection":[{"href":"https:\/\/tristel.com\/ch-it\/wp-json\/wp\/v2\/product"}],"about":[{"href":"https:\/\/tristel.com\/ch-it\/wp-json\/wp\/v2\/types\/product"}],"wp:featuredmedia":[{"embeddable":true,"href":"https:\/\/tristel.com\/ch-it\/wp-json\/wp\/v2\/media\/1472"}],"wp:attachment":[{"href":"https:\/\/tristel.com\/ch-it\/wp-json\/wp\/v2\/media?parent=992"}],"wp:term":[{"taxonomy":"product_brand","embeddable":true,"href":"https:\/\/tristel.com\/ch-it\/wp-json\/wp\/v2\/product_brand?post=992"},{"taxonomy":"product_cat","embeddable":true,"href":"https:\/\/tristel.com\/ch-it\/wp-json\/wp\/v2\/product_cat?post=992"},{"taxonomy":"product_tag","embeddable":true,"href":"https:\/\/tristel.com\/ch-it\/wp-json\/wp\/v2\/product_tag?post=992"}],"curies":[{"name":"wp","href":"https:\/\/api.w.org\/{rel}","templated":true}]}}