{"id":992,"date":"2021-03-12T16:40:45","date_gmt":"2021-03-12T16:40:45","guid":{"rendered":"https:\/\/tristel.com\/ch-fr\/?post_type=product&#038;p=992"},"modified":"2025-05-16T12:51:15","modified_gmt":"2025-05-16T10:51:15","slug":"le-systeme-stella","status":"publish","type":"product","link":"https:\/\/tristel.com\/ch-fr\/product\/le-systeme-stella\/","title":{"rendered":"Le syst\u00e8me Stella"},"content":{"rendered":"","protected":false},"excerpt":{"rendered":"<p>Stella combine la simplicit\u00e9 du trempage manuel avec la sophistication d\u2019un laveur-d\u00e9sinfecteur automatis\u00e9. Il est con\u00e7u pour la d\u00e9sinfection de haut niveau des dispositifs m\u00e9dicaux invasifs et non invasifs sensibles \u00e0 la chaleur, avec un canal ou sans canal op\u00e9rateur. C&#8217;est un syst\u00e8me qui se veut simple, rapide et mobile.<\/p>\n","protected":false},"featured_media":1670,"template":"","meta":{"_acf_changed":false,"_relevanssi_hide_post":"","_relevanssi_hide_content":"","_relevanssi_pin_for_all":"","_relevanssi_pin_keywords":"","_relevanssi_unpin_keywords":"","_relevanssi_related_keywords":"","_relevanssi_related_include_ids":"","_relevanssi_related_exclude_ids":"","_relevanssi_related_no_append":"","_relevanssi_related_not_related":"","_relevanssi_related_posts":"","_relevanssi_noindex_reason":"","inline_featured_image":false},"product_brand":[],"product_cat":[20,19,37,48,33,21,56,50,32],"product_tag":[],"class_list":{"0":"post-992","1":"product","2":"type-product","3":"status-publish","4":"has-post-thumbnail","6":"product_cat-cardiologie","7":"product_cat-echographie-et-radiologie","8":"product_cat-endoscopie","9":"product_cat-gestion-des-voies-respiratoires","10":"product_cat-gynecologie-fiv-et-reproduction","11":"product_cat-oto-rhino-laryngologie","12":"product_cat-tous-les-produits-tristel","13":"product_cat-tristel","14":"product_cat-urologie","16":"first","17":"instock","18":"taxable","19":"shipping-taxable","20":"product-type-simple"},"acf":[],"yoast_head":"<!-- This site is optimized with the Yoast SEO Premium plugin v27.2 (Yoast SEO v27.3) - https:\/\/yoast.com\/product\/yoast-seo-premium-wordpress\/ -->\n<title>Stella System: traitement simple des dispositifs m\u00e9dicaux<\/title>\n<meta name=\"description\" content=\"Stella combine la simplicit\u00e9 du trempage manuel avec la sophistication d\u2019un laveur-d\u00e9sinfecteur automatis\u00e9.\" \/>\n<meta name=\"robots\" content=\"index, follow, max-snippet:-1, max-image-preview:large, max-video-preview:-1\" \/>\n<link rel=\"canonical\" href=\"https:\/\/tristel.com\/ch-fr\/product\/le-systeme-stella\/\" \/>\n<meta property=\"og:locale\" content=\"en_US\" \/>\n<meta property=\"og:type\" content=\"article\" \/>\n<meta property=\"og:title\" content=\"Le syst\u00e8me Stella\" \/>\n<meta property=\"og:description\" content=\"Stella combine la simplicit\u00e9 du trempage manuel avec la sophistication d\u2019un laveur-d\u00e9sinfecteur automatis\u00e9.\" \/>\n<meta property=\"og:url\" content=\"https:\/\/tristel.com\/ch-fr\/product\/le-systeme-stella\/\" \/>\n<meta property=\"og:site_name\" content=\"Tristel - Switzerland - FR\" \/>\n<meta property=\"article:modified_time\" content=\"2025-05-16T10:51:15+00:00\" \/>\n<meta property=\"og:image\" content=\"https:\/\/tristel.com\/ch-fr\/wp-content\/uploads\/sites\/30\/2021\/03\/Stella-Product-Image.png\" \/>\n\t<meta property=\"og:image:width\" content=\"800\" \/>\n\t<meta property=\"og:image:height\" content=\"600\" \/>\n\t<meta property=\"og:image:type\" content=\"image\/png\" \/>\n<meta name=\"twitter:card\" content=\"summary_large_image\" \/>\n<meta name=\"twitter:label1\" content=\"Est. reading time\" \/>\n\t<meta name=\"twitter:data1\" content=\"1 minute\" \/>\n<script type=\"application\/ld+json\" class=\"yoast-schema-graph\">{\"@context\":\"https:\\\/\\\/schema.org\",\"@graph\":[{\"@type\":\"WebPage\",\"@id\":\"https:\\\/\\\/tristel.com\\\/ch-fr\\\/product\\\/le-systeme-stella\\\/\",\"url\":\"https:\\\/\\\/tristel.com\\\/ch-fr\\\/product\\\/le-systeme-stella\\\/\",\"name\":\"Stella System: traitement simple des dispositifs m\u00e9dicaux\",\"isPartOf\":{\"@id\":\"https:\\\/\\\/tristel.com\\\/ch-fr\\\/#website\"},\"primaryImageOfPage\":{\"@id\":\"https:\\\/\\\/tristel.com\\\/ch-fr\\\/product\\\/le-systeme-stella\\\/#primaryimage\"},\"image\":{\"@id\":\"https:\\\/\\\/tristel.com\\\/ch-fr\\\/product\\\/le-systeme-stella\\\/#primaryimage\"},\"thumbnailUrl\":\"https:\\\/\\\/tristel.com\\\/ch-fr\\\/wp-content\\\/uploads\\\/sites\\\/30\\\/2021\\\/03\\\/Stella-Product-Image.png\",\"datePublished\":\"2021-03-12T16:40:45+00:00\",\"dateModified\":\"2025-05-16T10:51:15+00:00\",\"description\":\"Stella combine la simplicit\u00e9 du trempage manuel avec la sophistication d\u2019un laveur-d\u00e9sinfecteur automatis\u00e9.\",\"breadcrumb\":{\"@id\":\"https:\\\/\\\/tristel.com\\\/ch-fr\\\/product\\\/le-systeme-stella\\\/#breadcrumb\"},\"inLanguage\":\"en-US\",\"potentialAction\":[{\"@type\":\"ReadAction\",\"target\":[\"https:\\\/\\\/tristel.com\\\/ch-fr\\\/product\\\/le-systeme-stella\\\/\"]}]},{\"@type\":\"ImageObject\",\"inLanguage\":\"en-US\",\"@id\":\"https:\\\/\\\/tristel.com\\\/ch-fr\\\/product\\\/le-systeme-stella\\\/#primaryimage\",\"url\":\"https:\\\/\\\/tristel.com\\\/ch-fr\\\/wp-content\\\/uploads\\\/sites\\\/30\\\/2021\\\/03\\\/Stella-Product-Image.png\",\"contentUrl\":\"https:\\\/\\\/tristel.com\\\/ch-fr\\\/wp-content\\\/uploads\\\/sites\\\/30\\\/2021\\\/03\\\/Stella-Product-Image.png\",\"width\":800,\"height\":600,\"caption\":\"Laveur-d\u00e9sinfecteur semi-automatis\u00e9 pour la d\u00e9sinfection de haut niveau des dispositifs m\u00e9dicaux thermosensibles avec ou sans canal op\u00e9rateur\"},{\"@type\":\"BreadcrumbList\",\"@id\":\"https:\\\/\\\/tristel.com\\\/ch-fr\\\/product\\\/le-systeme-stella\\\/#breadcrumb\",\"itemListElement\":[{\"@type\":\"ListItem\",\"position\":1,\"name\":\"Home\",\"item\":\"https:\\\/\\\/tristel.com\\\/ch-fr\\\/\"},{\"@type\":\"ListItem\",\"position\":2,\"name\":\"Private: Shop\",\"item\":\"https:\\\/\\\/tristel.com\\\/ch-fr\\\/?page_id=58\"},{\"@type\":\"ListItem\",\"position\":3,\"name\":\"Le syst\u00e8me Stella\"}]},{\"@type\":\"WebSite\",\"@id\":\"https:\\\/\\\/tristel.com\\\/ch-fr\\\/#website\",\"url\":\"https:\\\/\\\/tristel.com\\\/ch-fr\\\/\",\"name\":\"Tristel - Switzerland - FR\",\"description\":\"Tristel, pour la d\u00e9sinfection de haut niveau des dispositifs m\u00e9dicaux\",\"potentialAction\":[{\"@type\":\"SearchAction\",\"target\":{\"@type\":\"EntryPoint\",\"urlTemplate\":\"https:\\\/\\\/tristel.com\\\/ch-fr\\\/?s={search_term_string}\"},\"query-input\":{\"@type\":\"PropertyValueSpecification\",\"valueRequired\":true,\"valueName\":\"search_term_string\"}}],\"inLanguage\":\"en-US\"}]}<\/script>\n<!-- \/ Yoast SEO Premium plugin. -->","yoast_head_json":{"title":"Stella System: traitement simple des dispositifs m\u00e9dicaux","description":"Stella combine la simplicit\u00e9 du trempage manuel avec la sophistication d\u2019un laveur-d\u00e9sinfecteur automatis\u00e9.","robots":{"index":"index","follow":"follow","max-snippet":"max-snippet:-1","max-image-preview":"max-image-preview:large","max-video-preview":"max-video-preview:-1"},"canonical":"https:\/\/tristel.com\/ch-fr\/product\/le-systeme-stella\/","og_locale":"en_US","og_type":"article","og_title":"Le syst\u00e8me Stella","og_description":"Stella combine la simplicit\u00e9 du trempage manuel avec la sophistication d\u2019un laveur-d\u00e9sinfecteur automatis\u00e9.","og_url":"https:\/\/tristel.com\/ch-fr\/product\/le-systeme-stella\/","og_site_name":"Tristel - Switzerland - FR","article_modified_time":"2025-05-16T10:51:15+00:00","og_image":[{"width":800,"height":600,"url":"https:\/\/tristel.com\/ch-fr\/wp-content\/uploads\/sites\/30\/2021\/03\/Stella-Product-Image.png","type":"image\/png"}],"twitter_card":"summary_large_image","twitter_misc":{"Est. reading time":"1 minute"},"schema":{"@context":"https:\/\/schema.org","@graph":[{"@type":"WebPage","@id":"https:\/\/tristel.com\/ch-fr\/product\/le-systeme-stella\/","url":"https:\/\/tristel.com\/ch-fr\/product\/le-systeme-stella\/","name":"Stella System: traitement simple des dispositifs m\u00e9dicaux","isPartOf":{"@id":"https:\/\/tristel.com\/ch-fr\/#website"},"primaryImageOfPage":{"@id":"https:\/\/tristel.com\/ch-fr\/product\/le-systeme-stella\/#primaryimage"},"image":{"@id":"https:\/\/tristel.com\/ch-fr\/product\/le-systeme-stella\/#primaryimage"},"thumbnailUrl":"https:\/\/tristel.com\/ch-fr\/wp-content\/uploads\/sites\/30\/2021\/03\/Stella-Product-Image.png","datePublished":"2021-03-12T16:40:45+00:00","dateModified":"2025-05-16T10:51:15+00:00","description":"Stella combine la simplicit\u00e9 du trempage manuel avec la sophistication d\u2019un laveur-d\u00e9sinfecteur automatis\u00e9.","breadcrumb":{"@id":"https:\/\/tristel.com\/ch-fr\/product\/le-systeme-stella\/#breadcrumb"},"inLanguage":"en-US","potentialAction":[{"@type":"ReadAction","target":["https:\/\/tristel.com\/ch-fr\/product\/le-systeme-stella\/"]}]},{"@type":"ImageObject","inLanguage":"en-US","@id":"https:\/\/tristel.com\/ch-fr\/product\/le-systeme-stella\/#primaryimage","url":"https:\/\/tristel.com\/ch-fr\/wp-content\/uploads\/sites\/30\/2021\/03\/Stella-Product-Image.png","contentUrl":"https:\/\/tristel.com\/ch-fr\/wp-content\/uploads\/sites\/30\/2021\/03\/Stella-Product-Image.png","width":800,"height":600,"caption":"Laveur-d\u00e9sinfecteur semi-automatis\u00e9 pour la d\u00e9sinfection de haut niveau des dispositifs m\u00e9dicaux thermosensibles avec ou sans canal op\u00e9rateur"},{"@type":"BreadcrumbList","@id":"https:\/\/tristel.com\/ch-fr\/product\/le-systeme-stella\/#breadcrumb","itemListElement":[{"@type":"ListItem","position":1,"name":"Home","item":"https:\/\/tristel.com\/ch-fr\/"},{"@type":"ListItem","position":2,"name":"Private: Shop","item":"https:\/\/tristel.com\/ch-fr\/?page_id=58"},{"@type":"ListItem","position":3,"name":"Le syst\u00e8me Stella"}]},{"@type":"WebSite","@id":"https:\/\/tristel.com\/ch-fr\/#website","url":"https:\/\/tristel.com\/ch-fr\/","name":"Tristel - Switzerland - FR","description":"Tristel, pour la d\u00e9sinfection de haut niveau des dispositifs m\u00e9dicaux","potentialAction":[{"@type":"SearchAction","target":{"@type":"EntryPoint","urlTemplate":"https:\/\/tristel.com\/ch-fr\/?s={search_term_string}"},"query-input":{"@type":"PropertyValueSpecification","valueRequired":true,"valueName":"search_term_string"}}],"inLanguage":"en-US"}]}},"_links":{"self":[{"href":"https:\/\/tristel.com\/ch-fr\/wp-json\/wp\/v2\/product\/992","targetHints":{"allow":["GET"]}}],"collection":[{"href":"https:\/\/tristel.com\/ch-fr\/wp-json\/wp\/v2\/product"}],"about":[{"href":"https:\/\/tristel.com\/ch-fr\/wp-json\/wp\/v2\/types\/product"}],"wp:featuredmedia":[{"embeddable":true,"href":"https:\/\/tristel.com\/ch-fr\/wp-json\/wp\/v2\/media\/1670"}],"wp:attachment":[{"href":"https:\/\/tristel.com\/ch-fr\/wp-json\/wp\/v2\/media?parent=992"}],"wp:term":[{"taxonomy":"product_brand","embeddable":true,"href":"https:\/\/tristel.com\/ch-fr\/wp-json\/wp\/v2\/product_brand?post=992"},{"taxonomy":"product_cat","embeddable":true,"href":"https:\/\/tristel.com\/ch-fr\/wp-json\/wp\/v2\/product_cat?post=992"},{"taxonomy":"product_tag","embeddable":true,"href":"https:\/\/tristel.com\/ch-fr\/wp-json\/wp\/v2\/product_tag?post=992"}],"curies":[{"name":"wp","href":"https:\/\/api.w.org\/{rel}","templated":true}]}}