{"id":990,"date":"2021-03-12T16:28:10","date_gmt":"2021-03-12T16:28:10","guid":{"rendered":"https:\/\/tristel.com\/ch-fr\/?post_type=product&#038;p=990"},"modified":"2024-03-07T15:53:23","modified_gmt":"2024-03-07T14:53:23","slug":"duo-wipes","status":"publish","type":"product","link":"https:\/\/tristel.com\/ch-fr\/product\/duo-wipes\/","title":{"rendered":"Duo Wipes"},"content":{"rendered":"<p><strong>Retour temporaire<\/strong> <strong>du conditionnement bidon\/tube de lingettes s\u00e8ches Duo Wipes.<\/strong> <strong>V<\/strong><strong>oir &#8220;Options du produit&#8221;.<\/strong><\/p>\n<ul>\n<li>Lingettes s\u00e8ches faites d&#8217;un tissu doux, durable et peu pelucheux.<\/li>\n<li>D\u00e9coupe laser: chaque lingette est d\u00e9coup\u00e9e \u00e0 la bonne taille pour r\u00e9duire les risques de contamination crois\u00e9e.<\/li>\n<li>Faiblement absorbantes: cela permet de distribuer une quantit\u00e9 maximale de mousse Tristel Duo ou Tristel Clean sur le dispositif m\u00e9dical.<\/li>\n<li>Economiques: des lingettes 5 % plus grandes, con\u00e7ues pour correspondre aux quantit\u00e9s de dosage de la gamme Tristel Duo.<\/li>\n<li>Moins de d\u00e9chets: paquet souple facile \u00e0 refermer et \u00e0 stocker. Emballage et conditionnement enti\u00e8rement recyclables.<\/li>\n<\/ul>\n<p>&nbsp;<\/p>\n<p>&nbsp;<\/p>\n<p>&nbsp;<\/p>\n<p>&nbsp;<\/p>\n","protected":false},"excerpt":{"rendered":"<p>Les Duo Wipes sont id\u00e9ales pour accompagner les d\u00e9sinfectants Tristel Duo ou la mousse Tristel Clean. Ce sont des lingettes s\u00e8ches fabriqu\u00e9es \u00e0 partir d&#8217;un tissu doux et durable. Elles offrent l&#8217;avantage de laisser peu de peluches sur les dispositifs m\u00e9dicaux. Chaque lingette a une faible capacit\u00e9 d&#8217;absorption. Cela permet donc de distribuer une quantit\u00e9 maximale de mousse d\u00e9sinfectante sur le dispositif m\u00e9dical.<\/p>\n<p><strong>Retour temporaire<\/strong> <strong>du conditionnement bidon\/tube de lingettes s\u00e8ches Duo Wipes.<\/strong> <strong>V<\/strong><strong>oir &#8220;Options du produit&#8221;.<\/strong><\/p>\n","protected":false},"featured_media":2712,"template":"","meta":{"_acf_changed":false,"_relevanssi_hide_post":"","_relevanssi_hide_content":"","_relevanssi_pin_for_all":"","_relevanssi_pin_keywords":"","_relevanssi_unpin_keywords":"","_relevanssi_related_keywords":"","_relevanssi_related_include_ids":"","_relevanssi_related_exclude_ids":"","_relevanssi_related_no_append":"","_relevanssi_related_not_related":"","_relevanssi_related_posts":"","_relevanssi_noindex_reason":"","inline_featured_image":false},"product_brand":[],"product_cat":[19,33,36,56,50,32],"product_tag":[],"class_list":{"0":"post-990","1":"product","2":"type-product","3":"status-publish","4":"has-post-thumbnail","6":"product_cat-echographie-et-radiologie","7":"product_cat-gynecologie-fiv-et-reproduction","8":"product_cat-ophtalmologie","9":"product_cat-tous-les-produits-tristel","10":"product_cat-tristel","11":"product_cat-urologie","13":"first","14":"instock","15":"taxable","16":"shipping-taxable","17":"product-type-simple"},"acf":[],"yoast_head":"<!-- This site is optimized with the Yoast SEO Premium plugin v27.2 (Yoast SEO v27.3) - https:\/\/yoast.com\/product\/yoast-seo-premium-wordpress\/ -->\n<title>Duo Wipes - lingettes s\u00e8ches<\/title>\n<meta name=\"description\" content=\"Les Duo Wipes sont des lingettes s\u00e8ches faites d&#039;un tissu doux, durable et peu pelucheux pour l&#039;application des mousses Tristel.\" \/>\n<meta name=\"robots\" content=\"index, follow, max-snippet:-1, max-image-preview:large, max-video-preview:-1\" \/>\n<link rel=\"canonical\" href=\"https:\/\/tristel.com\/ch-fr\/product\/duo-wipes\/\" \/>\n<meta property=\"og:locale\" content=\"en_US\" \/>\n<meta property=\"og:type\" content=\"article\" \/>\n<meta property=\"og:title\" content=\"Duo Wipes\" \/>\n<meta property=\"og:description\" content=\"Les Duo Wipes sont des lingettes s\u00e8ches faites d&#039;un tissu doux, durable et peu pelucheux pour l&#039;application des mousses Tristel.\" \/>\n<meta property=\"og:url\" content=\"https:\/\/tristel.com\/ch-fr\/product\/duo-wipes\/\" \/>\n<meta property=\"og:site_name\" content=\"Tristel - Switzerland - FR\" \/>\n<meta property=\"article:modified_time\" content=\"2024-03-07T14:53:23+00:00\" \/>\n<meta property=\"og:image\" content=\"https:\/\/tristel.com\/ch-fr\/wp-content\/uploads\/sites\/30\/2021\/03\/Duo-Wipes-160-and-320-min-scaled.jpg\" \/>\n\t<meta property=\"og:image:width\" content=\"2560\" \/>\n\t<meta property=\"og:image:height\" content=\"1920\" \/>\n\t<meta property=\"og:image:type\" content=\"image\/jpeg\" \/>\n<meta name=\"twitter:card\" content=\"summary_large_image\" \/>\n<meta name=\"twitter:label1\" content=\"Est. reading time\" \/>\n\t<meta name=\"twitter:data1\" content=\"1 minute\" \/>\n<script type=\"application\/ld+json\" class=\"yoast-schema-graph\">{\"@context\":\"https:\\\/\\\/schema.org\",\"@graph\":[{\"@type\":\"WebPage\",\"@id\":\"https:\\\/\\\/tristel.com\\\/ch-fr\\\/product\\\/duo-wipes\\\/\",\"url\":\"https:\\\/\\\/tristel.com\\\/ch-fr\\\/product\\\/duo-wipes\\\/\",\"name\":\"Duo Wipes - lingettes s\u00e8ches\",\"isPartOf\":{\"@id\":\"https:\\\/\\\/tristel.com\\\/ch-fr\\\/#website\"},\"primaryImageOfPage\":{\"@id\":\"https:\\\/\\\/tristel.com\\\/ch-fr\\\/product\\\/duo-wipes\\\/#primaryimage\"},\"image\":{\"@id\":\"https:\\\/\\\/tristel.com\\\/ch-fr\\\/product\\\/duo-wipes\\\/#primaryimage\"},\"thumbnailUrl\":\"https:\\\/\\\/tristel.com\\\/ch-fr\\\/wp-content\\\/uploads\\\/sites\\\/30\\\/2021\\\/03\\\/Duo-Wipes-160-and-320-min-scaled.jpg\",\"datePublished\":\"2021-03-12T16:28:10+00:00\",\"dateModified\":\"2024-03-07T14:53:23+00:00\",\"description\":\"Les Duo Wipes sont des lingettes s\u00e8ches faites d'un tissu doux, durable et peu pelucheux pour l'application des mousses Tristel.\",\"breadcrumb\":{\"@id\":\"https:\\\/\\\/tristel.com\\\/ch-fr\\\/product\\\/duo-wipes\\\/#breadcrumb\"},\"inLanguage\":\"en-US\",\"potentialAction\":[{\"@type\":\"ReadAction\",\"target\":[\"https:\\\/\\\/tristel.com\\\/ch-fr\\\/product\\\/duo-wipes\\\/\"]}]},{\"@type\":\"ImageObject\",\"inLanguage\":\"en-US\",\"@id\":\"https:\\\/\\\/tristel.com\\\/ch-fr\\\/product\\\/duo-wipes\\\/#primaryimage\",\"url\":\"https:\\\/\\\/tristel.com\\\/ch-fr\\\/wp-content\\\/uploads\\\/sites\\\/30\\\/2021\\\/03\\\/Duo-Wipes-160-and-320-min-scaled.jpg\",\"contentUrl\":\"https:\\\/\\\/tristel.com\\\/ch-fr\\\/wp-content\\\/uploads\\\/sites\\\/30\\\/2021\\\/03\\\/Duo-Wipes-160-and-320-min-scaled.jpg\",\"width\":2560,\"height\":1920,\"caption\":\"Duo Wipes\"},{\"@type\":\"BreadcrumbList\",\"@id\":\"https:\\\/\\\/tristel.com\\\/ch-fr\\\/product\\\/duo-wipes\\\/#breadcrumb\",\"itemListElement\":[{\"@type\":\"ListItem\",\"position\":1,\"name\":\"Home\",\"item\":\"https:\\\/\\\/tristel.com\\\/ch-fr\\\/\"},{\"@type\":\"ListItem\",\"position\":2,\"name\":\"Private: Shop\",\"item\":\"https:\\\/\\\/tristel.com\\\/ch-fr\\\/?page_id=58\"},{\"@type\":\"ListItem\",\"position\":3,\"name\":\"Duo Wipes\"}]},{\"@type\":\"WebSite\",\"@id\":\"https:\\\/\\\/tristel.com\\\/ch-fr\\\/#website\",\"url\":\"https:\\\/\\\/tristel.com\\\/ch-fr\\\/\",\"name\":\"Tristel - Switzerland - FR\",\"description\":\"Tristel, pour la d\u00e9sinfection de haut niveau des dispositifs m\u00e9dicaux\",\"potentialAction\":[{\"@type\":\"SearchAction\",\"target\":{\"@type\":\"EntryPoint\",\"urlTemplate\":\"https:\\\/\\\/tristel.com\\\/ch-fr\\\/?s={search_term_string}\"},\"query-input\":{\"@type\":\"PropertyValueSpecification\",\"valueRequired\":true,\"valueName\":\"search_term_string\"}}],\"inLanguage\":\"en-US\"}]}<\/script>\n<!-- \/ Yoast SEO Premium plugin. -->","yoast_head_json":{"title":"Duo Wipes - lingettes s\u00e8ches","description":"Les Duo Wipes sont des lingettes s\u00e8ches faites d'un tissu doux, durable et peu pelucheux pour l'application des mousses Tristel.","robots":{"index":"index","follow":"follow","max-snippet":"max-snippet:-1","max-image-preview":"max-image-preview:large","max-video-preview":"max-video-preview:-1"},"canonical":"https:\/\/tristel.com\/ch-fr\/product\/duo-wipes\/","og_locale":"en_US","og_type":"article","og_title":"Duo Wipes","og_description":"Les Duo Wipes sont des lingettes s\u00e8ches faites d'un tissu doux, durable et peu pelucheux pour l'application des mousses Tristel.","og_url":"https:\/\/tristel.com\/ch-fr\/product\/duo-wipes\/","og_site_name":"Tristel - Switzerland - FR","article_modified_time":"2024-03-07T14:53:23+00:00","og_image":[{"width":2560,"height":1920,"url":"https:\/\/tristel.com\/ch-fr\/wp-content\/uploads\/sites\/30\/2021\/03\/Duo-Wipes-160-and-320-min-scaled.jpg","type":"image\/jpeg"}],"twitter_card":"summary_large_image","twitter_misc":{"Est. reading time":"1 minute"},"schema":{"@context":"https:\/\/schema.org","@graph":[{"@type":"WebPage","@id":"https:\/\/tristel.com\/ch-fr\/product\/duo-wipes\/","url":"https:\/\/tristel.com\/ch-fr\/product\/duo-wipes\/","name":"Duo Wipes - lingettes s\u00e8ches","isPartOf":{"@id":"https:\/\/tristel.com\/ch-fr\/#website"},"primaryImageOfPage":{"@id":"https:\/\/tristel.com\/ch-fr\/product\/duo-wipes\/#primaryimage"},"image":{"@id":"https:\/\/tristel.com\/ch-fr\/product\/duo-wipes\/#primaryimage"},"thumbnailUrl":"https:\/\/tristel.com\/ch-fr\/wp-content\/uploads\/sites\/30\/2021\/03\/Duo-Wipes-160-and-320-min-scaled.jpg","datePublished":"2021-03-12T16:28:10+00:00","dateModified":"2024-03-07T14:53:23+00:00","description":"Les Duo Wipes sont des lingettes s\u00e8ches faites d'un tissu doux, durable et peu pelucheux pour l'application des mousses Tristel.","breadcrumb":{"@id":"https:\/\/tristel.com\/ch-fr\/product\/duo-wipes\/#breadcrumb"},"inLanguage":"en-US","potentialAction":[{"@type":"ReadAction","target":["https:\/\/tristel.com\/ch-fr\/product\/duo-wipes\/"]}]},{"@type":"ImageObject","inLanguage":"en-US","@id":"https:\/\/tristel.com\/ch-fr\/product\/duo-wipes\/#primaryimage","url":"https:\/\/tristel.com\/ch-fr\/wp-content\/uploads\/sites\/30\/2021\/03\/Duo-Wipes-160-and-320-min-scaled.jpg","contentUrl":"https:\/\/tristel.com\/ch-fr\/wp-content\/uploads\/sites\/30\/2021\/03\/Duo-Wipes-160-and-320-min-scaled.jpg","width":2560,"height":1920,"caption":"Duo Wipes"},{"@type":"BreadcrumbList","@id":"https:\/\/tristel.com\/ch-fr\/product\/duo-wipes\/#breadcrumb","itemListElement":[{"@type":"ListItem","position":1,"name":"Home","item":"https:\/\/tristel.com\/ch-fr\/"},{"@type":"ListItem","position":2,"name":"Private: Shop","item":"https:\/\/tristel.com\/ch-fr\/?page_id=58"},{"@type":"ListItem","position":3,"name":"Duo Wipes"}]},{"@type":"WebSite","@id":"https:\/\/tristel.com\/ch-fr\/#website","url":"https:\/\/tristel.com\/ch-fr\/","name":"Tristel - Switzerland - FR","description":"Tristel, pour la d\u00e9sinfection de haut niveau des dispositifs m\u00e9dicaux","potentialAction":[{"@type":"SearchAction","target":{"@type":"EntryPoint","urlTemplate":"https:\/\/tristel.com\/ch-fr\/?s={search_term_string}"},"query-input":{"@type":"PropertyValueSpecification","valueRequired":true,"valueName":"search_term_string"}}],"inLanguage":"en-US"}]}},"_links":{"self":[{"href":"https:\/\/tristel.com\/ch-fr\/wp-json\/wp\/v2\/product\/990","targetHints":{"allow":["GET"]}}],"collection":[{"href":"https:\/\/tristel.com\/ch-fr\/wp-json\/wp\/v2\/product"}],"about":[{"href":"https:\/\/tristel.com\/ch-fr\/wp-json\/wp\/v2\/types\/product"}],"wp:featuredmedia":[{"embeddable":true,"href":"https:\/\/tristel.com\/ch-fr\/wp-json\/wp\/v2\/media\/2712"}],"wp:attachment":[{"href":"https:\/\/tristel.com\/ch-fr\/wp-json\/wp\/v2\/media?parent=990"}],"wp:term":[{"taxonomy":"product_brand","embeddable":true,"href":"https:\/\/tristel.com\/ch-fr\/wp-json\/wp\/v2\/product_brand?post=990"},{"taxonomy":"product_cat","embeddable":true,"href":"https:\/\/tristel.com\/ch-fr\/wp-json\/wp\/v2\/product_cat?post=990"},{"taxonomy":"product_tag","embeddable":true,"href":"https:\/\/tristel.com\/ch-fr\/wp-json\/wp\/v2\/product_tag?post=990"}],"curies":[{"name":"wp","href":"https:\/\/api.w.org\/{rel}","templated":true}]}}