{"id":989,"date":"2021-03-12T16:24:04","date_gmt":"2021-03-12T16:24:04","guid":{"rendered":"https:\/\/tristel.com\/ch-fr\/?post_type=product&#038;p=989"},"modified":"2024-03-07T15:53:22","modified_gmt":"2024-03-07T14:53:22","slug":"duo-dok","status":"publish","type":"product","link":"https:\/\/tristel.com\/ch-fr\/product\/duo-dok\/","title":{"rendered":"Duo DOK"},"content":{"rendered":"<p>Duo DOK offre une solution de rangement id\u00e9ale pour les produits Tristel Duo.<\/p>\n<p>Lorsque l&#8217;espace est restreint, Duo DOK garde votre d\u00e9sinfectant Tristel Duo \u00e0 port\u00e9e de main. Il permet d&#8217;\u00e9conomiser de l&#8217;espace de bureau et de rangement.<\/p>\n<p>Fixez Duo DOK sur un chariot, sur le c\u00f4t\u00e9 d&#8217;un appareil \u00e0 ultrasons ou sur un mur. La bande adh\u00e9sive permet \u00e0 Duo DOK de rester fermement en place.<\/p>\n<p>Chaque Duo DOK peut porter une bouteille de <a href=\"\/fr-fr\/product\/tristel-duo-ult\/\" target=\"_blank\" rel=\"noopener\">Tristel Duo ULT<\/a>, <a href=\"\/fr-fr\/product\/tristel-duo-oph\/\" target=\"_blank\" rel=\"noopener\">Tristel Duo OPH<\/a> ou <a href=\"\/fr-fr\/product\/tristel-duo-orl\/\" target=\"_blank\" rel=\"noopener\">Tristel Duo ORL<\/a>.<\/p>\n","protected":false},"excerpt":{"rendered":"<p>Duo DOK offre une solution de rangement id\u00e9ale pour les produits Tristel Duo.<\/p>\n<p>Lorsque l&#8217;espace est restreint, Duo DOK garde votre d\u00e9sinfectant Tristel Duo \u00e0 port\u00e9e de main. Il permet d&#8217;\u00e9conomiser de l&#8217;espace de bureau et de rangement.<\/p>\n<p>Fixez Duo DOK sur un chariot, sur le c\u00f4t\u00e9 d&#8217;un appareil \u00e0 ultrasons ou sur un mur. La bande adh\u00e9sive permet \u00e0 Duo DOK de rester fermement en place.<\/p>\n<p>Chaque Duo DOK peut porter une bouteille de <a href=\"\/fr-fr\/product\/tristel-duo-ult\/\" target=\"_blank\" rel=\"noopener\">Tristel Duo ULT<\/a>, <a href=\"\/fr-fr\/product\/tristel-duo-oph\/\" target=\"_blank\" rel=\"noopener\">Tristel Duo OPH<\/a> ou <a href=\"\/fr-fr\/product\/tristel-duo-orl\/\" target=\"_blank\" rel=\"noopener\">Tristel Duo ORL<\/a>.<\/p>\n","protected":false},"featured_media":1681,"template":"","meta":{"_acf_changed":false,"_relevanssi_hide_post":"","_relevanssi_hide_content":"","_relevanssi_pin_for_all":"","_relevanssi_pin_keywords":"","_relevanssi_unpin_keywords":"","_relevanssi_related_keywords":"","_relevanssi_related_include_ids":"","_relevanssi_related_exclude_ids":"","_relevanssi_related_no_append":"","_relevanssi_related_not_related":"","_relevanssi_related_posts":"","_relevanssi_noindex_reason":"","inline_featured_image":false},"product_brand":[],"product_cat":[19,33,36,56,50,32],"product_tag":[],"class_list":{"0":"post-989","1":"product","2":"type-product","3":"status-publish","4":"has-post-thumbnail","6":"product_cat-echographie-et-radiologie","7":"product_cat-gynecologie-fiv-et-reproduction","8":"product_cat-ophtalmologie","9":"product_cat-tous-les-produits-tristel","10":"product_cat-tristel","11":"product_cat-urologie","13":"first","14":"instock","15":"taxable","16":"shipping-taxable","17":"product-type-simple"},"acf":[],"yoast_head":"<!-- This site is optimized with the Yoast SEO Premium plugin v27.4 (Yoast SEO v27.4) - https:\/\/yoast.com\/product\/yoast-seo-premium-wordpress\/ -->\n<title>Duo DOK, gardez \u00e0 port\u00e9e de main votre d\u00e9sinfectant Tristel Duo<\/title>\n<meta name=\"description\" content=\"Duo DOK offre une solution de rangement id\u00e9ale pour les produits Tristel Duo.\" \/>\n<meta name=\"robots\" content=\"index, follow, max-snippet:-1, max-image-preview:large, max-video-preview:-1\" \/>\n<link rel=\"canonical\" href=\"https:\/\/tristel.com\/ch-fr\/product\/duo-dok\/\" \/>\n<meta property=\"og:locale\" content=\"en_US\" \/>\n<meta property=\"og:type\" content=\"article\" \/>\n<meta property=\"og:title\" content=\"Duo DOK\" \/>\n<meta property=\"og:description\" content=\"Duo DOK offre une solution de rangement id\u00e9ale pour les produits Tristel Duo.\" \/>\n<meta property=\"og:url\" content=\"https:\/\/tristel.com\/ch-fr\/product\/duo-dok\/\" \/>\n<meta property=\"og:site_name\" content=\"Tristel - Switzerland - FR\" \/>\n<meta property=\"article:modified_time\" content=\"2024-03-07T14:53:22+00:00\" \/>\n<meta property=\"og:image\" content=\"https:\/\/tristel.com\/ch-fr\/wp-content\/uploads\/sites\/30\/2021\/03\/Duo-DOK-Product-Image.png\" \/>\n\t<meta property=\"og:image:width\" content=\"800\" \/>\n\t<meta property=\"og:image:height\" content=\"600\" \/>\n\t<meta property=\"og:image:type\" content=\"image\/png\" \/>\n<meta name=\"twitter:card\" content=\"summary_large_image\" \/>\n<meta name=\"twitter:label1\" content=\"Est. reading time\" \/>\n\t<meta name=\"twitter:data1\" content=\"1 minute\" \/>\n<script type=\"application\/ld+json\" class=\"yoast-schema-graph\">{\"@context\":\"https:\\\/\\\/schema.org\",\"@graph\":[{\"@type\":\"WebPage\",\"@id\":\"https:\\\/\\\/tristel.com\\\/ch-fr\\\/product\\\/duo-dok\\\/\",\"url\":\"https:\\\/\\\/tristel.com\\\/ch-fr\\\/product\\\/duo-dok\\\/\",\"name\":\"Duo DOK, gardez \u00e0 port\u00e9e de main votre d\u00e9sinfectant Tristel Duo\",\"isPartOf\":{\"@id\":\"https:\\\/\\\/tristel.com\\\/ch-fr\\\/#website\"},\"primaryImageOfPage\":{\"@id\":\"https:\\\/\\\/tristel.com\\\/ch-fr\\\/product\\\/duo-dok\\\/#primaryimage\"},\"image\":{\"@id\":\"https:\\\/\\\/tristel.com\\\/ch-fr\\\/product\\\/duo-dok\\\/#primaryimage\"},\"thumbnailUrl\":\"https:\\\/\\\/tristel.com\\\/ch-fr\\\/wp-content\\\/uploads\\\/sites\\\/30\\\/2021\\\/03\\\/Duo-DOK-Product-Image.png\",\"datePublished\":\"2021-03-12T16:24:04+00:00\",\"dateModified\":\"2024-03-07T14:53:22+00:00\",\"description\":\"Duo DOK offre une solution de rangement id\u00e9ale pour les produits Tristel Duo.\",\"breadcrumb\":{\"@id\":\"https:\\\/\\\/tristel.com\\\/ch-fr\\\/product\\\/duo-dok\\\/#breadcrumb\"},\"inLanguage\":\"en-US\",\"potentialAction\":[{\"@type\":\"ReadAction\",\"target\":[\"https:\\\/\\\/tristel.com\\\/ch-fr\\\/product\\\/duo-dok\\\/\"]}]},{\"@type\":\"ImageObject\",\"inLanguage\":\"en-US\",\"@id\":\"https:\\\/\\\/tristel.com\\\/ch-fr\\\/product\\\/duo-dok\\\/#primaryimage\",\"url\":\"https:\\\/\\\/tristel.com\\\/ch-fr\\\/wp-content\\\/uploads\\\/sites\\\/30\\\/2021\\\/03\\\/Duo-DOK-Product-Image.png\",\"contentUrl\":\"https:\\\/\\\/tristel.com\\\/ch-fr\\\/wp-content\\\/uploads\\\/sites\\\/30\\\/2021\\\/03\\\/Duo-DOK-Product-Image.png\",\"width\":800,\"height\":600,\"caption\":\"Duo DOK pour accrocher Tristel Duo \u00e0 un mur\"},{\"@type\":\"BreadcrumbList\",\"@id\":\"https:\\\/\\\/tristel.com\\\/ch-fr\\\/product\\\/duo-dok\\\/#breadcrumb\",\"itemListElement\":[{\"@type\":\"ListItem\",\"position\":1,\"name\":\"Home\",\"item\":\"https:\\\/\\\/tristel.com\\\/ch-fr\\\/\"},{\"@type\":\"ListItem\",\"position\":2,\"name\":\"Private: Shop\",\"item\":\"https:\\\/\\\/tristel.com\\\/ch-fr\\\/?page_id=58\"},{\"@type\":\"ListItem\",\"position\":3,\"name\":\"Duo DOK\"}]},{\"@type\":\"WebSite\",\"@id\":\"https:\\\/\\\/tristel.com\\\/ch-fr\\\/#website\",\"url\":\"https:\\\/\\\/tristel.com\\\/ch-fr\\\/\",\"name\":\"Tristel - Switzerland - FR\",\"description\":\"Tristel, pour la d\u00e9sinfection de haut niveau des dispositifs m\u00e9dicaux\",\"potentialAction\":[{\"@type\":\"SearchAction\",\"target\":{\"@type\":\"EntryPoint\",\"urlTemplate\":\"https:\\\/\\\/tristel.com\\\/ch-fr\\\/?s={search_term_string}\"},\"query-input\":{\"@type\":\"PropertyValueSpecification\",\"valueRequired\":true,\"valueName\":\"search_term_string\"}}],\"inLanguage\":\"en-US\"}]}<\/script>\n<!-- \/ Yoast SEO Premium plugin. -->","yoast_head_json":{"title":"Duo DOK, gardez \u00e0 port\u00e9e de main votre d\u00e9sinfectant Tristel Duo","description":"Duo DOK offre une solution de rangement id\u00e9ale pour les produits Tristel Duo.","robots":{"index":"index","follow":"follow","max-snippet":"max-snippet:-1","max-image-preview":"max-image-preview:large","max-video-preview":"max-video-preview:-1"},"canonical":"https:\/\/tristel.com\/ch-fr\/product\/duo-dok\/","og_locale":"en_US","og_type":"article","og_title":"Duo DOK","og_description":"Duo DOK offre une solution de rangement id\u00e9ale pour les produits Tristel Duo.","og_url":"https:\/\/tristel.com\/ch-fr\/product\/duo-dok\/","og_site_name":"Tristel - Switzerland - FR","article_modified_time":"2024-03-07T14:53:22+00:00","og_image":[{"width":800,"height":600,"url":"https:\/\/tristel.com\/ch-fr\/wp-content\/uploads\/sites\/30\/2021\/03\/Duo-DOK-Product-Image.png","type":"image\/png"}],"twitter_card":"summary_large_image","twitter_misc":{"Est. reading time":"1 minute"},"schema":{"@context":"https:\/\/schema.org","@graph":[{"@type":"WebPage","@id":"https:\/\/tristel.com\/ch-fr\/product\/duo-dok\/","url":"https:\/\/tristel.com\/ch-fr\/product\/duo-dok\/","name":"Duo DOK, gardez \u00e0 port\u00e9e de main votre d\u00e9sinfectant Tristel Duo","isPartOf":{"@id":"https:\/\/tristel.com\/ch-fr\/#website"},"primaryImageOfPage":{"@id":"https:\/\/tristel.com\/ch-fr\/product\/duo-dok\/#primaryimage"},"image":{"@id":"https:\/\/tristel.com\/ch-fr\/product\/duo-dok\/#primaryimage"},"thumbnailUrl":"https:\/\/tristel.com\/ch-fr\/wp-content\/uploads\/sites\/30\/2021\/03\/Duo-DOK-Product-Image.png","datePublished":"2021-03-12T16:24:04+00:00","dateModified":"2024-03-07T14:53:22+00:00","description":"Duo DOK offre une solution de rangement id\u00e9ale pour les produits Tristel Duo.","breadcrumb":{"@id":"https:\/\/tristel.com\/ch-fr\/product\/duo-dok\/#breadcrumb"},"inLanguage":"en-US","potentialAction":[{"@type":"ReadAction","target":["https:\/\/tristel.com\/ch-fr\/product\/duo-dok\/"]}]},{"@type":"ImageObject","inLanguage":"en-US","@id":"https:\/\/tristel.com\/ch-fr\/product\/duo-dok\/#primaryimage","url":"https:\/\/tristel.com\/ch-fr\/wp-content\/uploads\/sites\/30\/2021\/03\/Duo-DOK-Product-Image.png","contentUrl":"https:\/\/tristel.com\/ch-fr\/wp-content\/uploads\/sites\/30\/2021\/03\/Duo-DOK-Product-Image.png","width":800,"height":600,"caption":"Duo DOK pour accrocher Tristel Duo \u00e0 un mur"},{"@type":"BreadcrumbList","@id":"https:\/\/tristel.com\/ch-fr\/product\/duo-dok\/#breadcrumb","itemListElement":[{"@type":"ListItem","position":1,"name":"Home","item":"https:\/\/tristel.com\/ch-fr\/"},{"@type":"ListItem","position":2,"name":"Private: Shop","item":"https:\/\/tristel.com\/ch-fr\/?page_id=58"},{"@type":"ListItem","position":3,"name":"Duo DOK"}]},{"@type":"WebSite","@id":"https:\/\/tristel.com\/ch-fr\/#website","url":"https:\/\/tristel.com\/ch-fr\/","name":"Tristel - Switzerland - FR","description":"Tristel, pour la d\u00e9sinfection de haut niveau des dispositifs m\u00e9dicaux","potentialAction":[{"@type":"SearchAction","target":{"@type":"EntryPoint","urlTemplate":"https:\/\/tristel.com\/ch-fr\/?s={search_term_string}"},"query-input":{"@type":"PropertyValueSpecification","valueRequired":true,"valueName":"search_term_string"}}],"inLanguage":"en-US"}]}},"_links":{"self":[{"href":"https:\/\/tristel.com\/ch-fr\/wp-json\/wp\/v2\/product\/989","targetHints":{"allow":["GET"]}}],"collection":[{"href":"https:\/\/tristel.com\/ch-fr\/wp-json\/wp\/v2\/product"}],"about":[{"href":"https:\/\/tristel.com\/ch-fr\/wp-json\/wp\/v2\/types\/product"}],"wp:featuredmedia":[{"embeddable":true,"href":"https:\/\/tristel.com\/ch-fr\/wp-json\/wp\/v2\/media\/1681"}],"wp:attachment":[{"href":"https:\/\/tristel.com\/ch-fr\/wp-json\/wp\/v2\/media?parent=989"}],"wp:term":[{"taxonomy":"product_brand","embeddable":true,"href":"https:\/\/tristel.com\/ch-fr\/wp-json\/wp\/v2\/product_brand?post=989"},{"taxonomy":"product_cat","embeddable":true,"href":"https:\/\/tristel.com\/ch-fr\/wp-json\/wp\/v2\/product_cat?post=989"},{"taxonomy":"product_tag","embeddable":true,"href":"https:\/\/tristel.com\/ch-fr\/wp-json\/wp\/v2\/product_tag?post=989"}],"curies":[{"name":"wp","href":"https:\/\/api.w.org\/{rel}","templated":true}]}}