{"id":986,"date":"2021-03-12T16:04:28","date_gmt":"2021-03-12T16:04:28","guid":{"rendered":"https:\/\/tristel.com\/ch-fr\/?post_type=product&#038;p=986"},"modified":"2024-03-07T15:53:22","modified_gmt":"2024-03-07T14:53:22","slug":"tristel-protect","status":"publish","type":"product","link":"https:\/\/tristel.com\/ch-fr\/product\/tristel-protect\/","title":{"rendered":"Tristel Protect"},"content":{"rendered":"<p>Les sachets Tristel Protect sont con\u00e7us pour le transport et le stockage \u00e0 court terme des dispositifs m\u00e9dicaux. Tristel Protect permet de conserver les dispositifs m\u00e9dicaux propres jusqu\u2019\u00e0 72 heures apr\u00e8s leur traitement.<\/p>\n","protected":false},"excerpt":{"rendered":"<p>Les sachets Tristel Protect sont con\u00e7us pour le transport et le stockage \u00e0 court terme des dispositifs m\u00e9dicaux. Ils permettent de conserver les dispositifs m\u00e9dicaux propres jusqu\u2019\u00e0 72 heures apr\u00e8s leur traitement. La pochette \u00e0 \u00e9tiquette refermable permet de conserver les donn\u00e9es de tra\u00e7abilit\u00e9 sans compromettre l\u2019int\u00e9grit\u00e9 du dispositif. Vous pouvez \u00e9galement les utiliser pour transporter les dispositifs m\u00e9dicaux sales vers le service central de st\u00e9rilisation.<\/p>\n","protected":false},"featured_media":2662,"template":"","meta":{"_acf_changed":false,"_relevanssi_hide_post":"","_relevanssi_hide_content":"","_relevanssi_pin_for_all":"","_relevanssi_pin_keywords":"","_relevanssi_unpin_keywords":"","_relevanssi_related_keywords":"","_relevanssi_related_include_ids":"","_relevanssi_related_exclude_ids":"","_relevanssi_related_no_append":"","_relevanssi_related_not_related":"","_relevanssi_related_posts":"","_relevanssi_noindex_reason":"","inline_featured_image":false},"product_brand":[],"product_cat":[20,19,37,48,33,36,21,56,50,32],"product_tag":[],"class_list":{"0":"post-986","1":"product","2":"type-product","3":"status-publish","4":"has-post-thumbnail","6":"product_cat-cardiologie","7":"product_cat-echographie-et-radiologie","8":"product_cat-endoscopie","9":"product_cat-gestion-des-voies-respiratoires","10":"product_cat-gynecologie-fiv-et-reproduction","11":"product_cat-ophtalmologie","12":"product_cat-oto-rhino-laryngologie","13":"product_cat-tous-les-produits-tristel","14":"product_cat-tristel","15":"product_cat-urologie","17":"first","18":"instock","19":"taxable","20":"shipping-taxable","21":"product-type-simple"},"acf":[],"yoast_head":"<!-- This site is optimized with the Yoast SEO Premium plugin v27.2 (Yoast SEO v27.3) - https:\/\/yoast.com\/product\/yoast-seo-premium-wordpress\/ -->\n<title>Tristel Protect: stockage et transport \u00e0 court terme des dispositifs m\u00e9dicaux<\/title>\n<meta name=\"description\" content=\"Tristel Protect permet de conserver les dispositifs m\u00e9dicaux propres jusqu\u2019\u00e0 72 heures apr\u00e8s leur traitement.\" \/>\n<meta name=\"robots\" content=\"index, follow, max-snippet:-1, max-image-preview:large, max-video-preview:-1\" \/>\n<link rel=\"canonical\" href=\"https:\/\/tristel.com\/ch-fr\/product\/tristel-protect\/\" \/>\n<meta property=\"og:locale\" content=\"en_US\" \/>\n<meta property=\"og:type\" content=\"article\" \/>\n<meta property=\"og:title\" content=\"Tristel Protect\" \/>\n<meta property=\"og:description\" content=\"Tristel Protect permet de conserver les dispositifs m\u00e9dicaux propres jusqu\u2019\u00e0 72 heures apr\u00e8s leur traitement.\" \/>\n<meta property=\"og:url\" content=\"https:\/\/tristel.com\/ch-fr\/product\/tristel-protect\/\" \/>\n<meta property=\"og:site_name\" content=\"Tristel - Switzerland - FR\" \/>\n<meta property=\"article:modified_time\" content=\"2024-03-07T14:53:22+00:00\" \/>\n<meta property=\"og:image\" content=\"https:\/\/tristel.com\/ch-fr\/wp-content\/uploads\/sites\/30\/2021\/03\/Tristel-Protect-Gallery-2-1.png\" \/>\n\t<meta property=\"og:image:width\" content=\"800\" \/>\n\t<meta property=\"og:image:height\" content=\"600\" \/>\n\t<meta property=\"og:image:type\" content=\"image\/png\" \/>\n<meta name=\"twitter:card\" content=\"summary_large_image\" \/>\n<script type=\"application\/ld+json\" class=\"yoast-schema-graph\">{\"@context\":\"https:\\\/\\\/schema.org\",\"@graph\":[{\"@type\":\"WebPage\",\"@id\":\"https:\\\/\\\/tristel.com\\\/ch-fr\\\/product\\\/tristel-protect\\\/\",\"url\":\"https:\\\/\\\/tristel.com\\\/ch-fr\\\/product\\\/tristel-protect\\\/\",\"name\":\"Tristel Protect: stockage et transport \u00e0 court terme des dispositifs m\u00e9dicaux\",\"isPartOf\":{\"@id\":\"https:\\\/\\\/tristel.com\\\/ch-fr\\\/#website\"},\"primaryImageOfPage\":{\"@id\":\"https:\\\/\\\/tristel.com\\\/ch-fr\\\/product\\\/tristel-protect\\\/#primaryimage\"},\"image\":{\"@id\":\"https:\\\/\\\/tristel.com\\\/ch-fr\\\/product\\\/tristel-protect\\\/#primaryimage\"},\"thumbnailUrl\":\"https:\\\/\\\/tristel.com\\\/ch-fr\\\/wp-content\\\/uploads\\\/sites\\\/30\\\/2021\\\/03\\\/Tristel-Protect-Gallery-2-1.png\",\"datePublished\":\"2021-03-12T16:04:28+00:00\",\"dateModified\":\"2024-03-07T14:53:22+00:00\",\"description\":\"Tristel Protect permet de conserver les dispositifs m\u00e9dicaux propres jusqu\u2019\u00e0 72 heures apr\u00e8s leur traitement.\",\"breadcrumb\":{\"@id\":\"https:\\\/\\\/tristel.com\\\/ch-fr\\\/product\\\/tristel-protect\\\/#breadcrumb\"},\"inLanguage\":\"en-US\",\"potentialAction\":[{\"@type\":\"ReadAction\",\"target\":[\"https:\\\/\\\/tristel.com\\\/ch-fr\\\/product\\\/tristel-protect\\\/\"]}]},{\"@type\":\"ImageObject\",\"inLanguage\":\"en-US\",\"@id\":\"https:\\\/\\\/tristel.com\\\/ch-fr\\\/product\\\/tristel-protect\\\/#primaryimage\",\"url\":\"https:\\\/\\\/tristel.com\\\/ch-fr\\\/wp-content\\\/uploads\\\/sites\\\/30\\\/2021\\\/03\\\/Tristel-Protect-Gallery-2-1.png\",\"contentUrl\":\"https:\\\/\\\/tristel.com\\\/ch-fr\\\/wp-content\\\/uploads\\\/sites\\\/30\\\/2021\\\/03\\\/Tristel-Protect-Gallery-2-1.png\",\"width\":800,\"height\":600,\"caption\":\"Transport et stockage des dispositifs m\u00e9dicaux: Tristel Protect.\"},{\"@type\":\"BreadcrumbList\",\"@id\":\"https:\\\/\\\/tristel.com\\\/ch-fr\\\/product\\\/tristel-protect\\\/#breadcrumb\",\"itemListElement\":[{\"@type\":\"ListItem\",\"position\":1,\"name\":\"Home\",\"item\":\"https:\\\/\\\/tristel.com\\\/ch-fr\\\/\"},{\"@type\":\"ListItem\",\"position\":2,\"name\":\"Private: Shop\",\"item\":\"https:\\\/\\\/tristel.com\\\/ch-fr\\\/?page_id=58\"},{\"@type\":\"ListItem\",\"position\":3,\"name\":\"Tristel Protect\"}]},{\"@type\":\"WebSite\",\"@id\":\"https:\\\/\\\/tristel.com\\\/ch-fr\\\/#website\",\"url\":\"https:\\\/\\\/tristel.com\\\/ch-fr\\\/\",\"name\":\"Tristel - Switzerland - FR\",\"description\":\"Tristel, pour la d\u00e9sinfection de haut niveau des dispositifs m\u00e9dicaux\",\"potentialAction\":[{\"@type\":\"SearchAction\",\"target\":{\"@type\":\"EntryPoint\",\"urlTemplate\":\"https:\\\/\\\/tristel.com\\\/ch-fr\\\/?s={search_term_string}\"},\"query-input\":{\"@type\":\"PropertyValueSpecification\",\"valueRequired\":true,\"valueName\":\"search_term_string\"}}],\"inLanguage\":\"en-US\"}]}<\/script>\n<!-- \/ Yoast SEO Premium plugin. -->","yoast_head_json":{"title":"Tristel Protect: stockage et transport \u00e0 court terme des dispositifs m\u00e9dicaux","description":"Tristel Protect permet de conserver les dispositifs m\u00e9dicaux propres jusqu\u2019\u00e0 72 heures apr\u00e8s leur traitement.","robots":{"index":"index","follow":"follow","max-snippet":"max-snippet:-1","max-image-preview":"max-image-preview:large","max-video-preview":"max-video-preview:-1"},"canonical":"https:\/\/tristel.com\/ch-fr\/product\/tristel-protect\/","og_locale":"en_US","og_type":"article","og_title":"Tristel Protect","og_description":"Tristel Protect permet de conserver les dispositifs m\u00e9dicaux propres jusqu\u2019\u00e0 72 heures apr\u00e8s leur traitement.","og_url":"https:\/\/tristel.com\/ch-fr\/product\/tristel-protect\/","og_site_name":"Tristel - Switzerland - FR","article_modified_time":"2024-03-07T14:53:22+00:00","og_image":[{"width":800,"height":600,"url":"https:\/\/tristel.com\/ch-fr\/wp-content\/uploads\/sites\/30\/2021\/03\/Tristel-Protect-Gallery-2-1.png","type":"image\/png"}],"twitter_card":"summary_large_image","schema":{"@context":"https:\/\/schema.org","@graph":[{"@type":"WebPage","@id":"https:\/\/tristel.com\/ch-fr\/product\/tristel-protect\/","url":"https:\/\/tristel.com\/ch-fr\/product\/tristel-protect\/","name":"Tristel Protect: stockage et transport \u00e0 court terme des dispositifs m\u00e9dicaux","isPartOf":{"@id":"https:\/\/tristel.com\/ch-fr\/#website"},"primaryImageOfPage":{"@id":"https:\/\/tristel.com\/ch-fr\/product\/tristel-protect\/#primaryimage"},"image":{"@id":"https:\/\/tristel.com\/ch-fr\/product\/tristel-protect\/#primaryimage"},"thumbnailUrl":"https:\/\/tristel.com\/ch-fr\/wp-content\/uploads\/sites\/30\/2021\/03\/Tristel-Protect-Gallery-2-1.png","datePublished":"2021-03-12T16:04:28+00:00","dateModified":"2024-03-07T14:53:22+00:00","description":"Tristel Protect permet de conserver les dispositifs m\u00e9dicaux propres jusqu\u2019\u00e0 72 heures apr\u00e8s leur traitement.","breadcrumb":{"@id":"https:\/\/tristel.com\/ch-fr\/product\/tristel-protect\/#breadcrumb"},"inLanguage":"en-US","potentialAction":[{"@type":"ReadAction","target":["https:\/\/tristel.com\/ch-fr\/product\/tristel-protect\/"]}]},{"@type":"ImageObject","inLanguage":"en-US","@id":"https:\/\/tristel.com\/ch-fr\/product\/tristel-protect\/#primaryimage","url":"https:\/\/tristel.com\/ch-fr\/wp-content\/uploads\/sites\/30\/2021\/03\/Tristel-Protect-Gallery-2-1.png","contentUrl":"https:\/\/tristel.com\/ch-fr\/wp-content\/uploads\/sites\/30\/2021\/03\/Tristel-Protect-Gallery-2-1.png","width":800,"height":600,"caption":"Transport et stockage des dispositifs m\u00e9dicaux: Tristel Protect."},{"@type":"BreadcrumbList","@id":"https:\/\/tristel.com\/ch-fr\/product\/tristel-protect\/#breadcrumb","itemListElement":[{"@type":"ListItem","position":1,"name":"Home","item":"https:\/\/tristel.com\/ch-fr\/"},{"@type":"ListItem","position":2,"name":"Private: Shop","item":"https:\/\/tristel.com\/ch-fr\/?page_id=58"},{"@type":"ListItem","position":3,"name":"Tristel Protect"}]},{"@type":"WebSite","@id":"https:\/\/tristel.com\/ch-fr\/#website","url":"https:\/\/tristel.com\/ch-fr\/","name":"Tristel - Switzerland - FR","description":"Tristel, pour la d\u00e9sinfection de haut niveau des dispositifs m\u00e9dicaux","potentialAction":[{"@type":"SearchAction","target":{"@type":"EntryPoint","urlTemplate":"https:\/\/tristel.com\/ch-fr\/?s={search_term_string}"},"query-input":{"@type":"PropertyValueSpecification","valueRequired":true,"valueName":"search_term_string"}}],"inLanguage":"en-US"}]}},"_links":{"self":[{"href":"https:\/\/tristel.com\/ch-fr\/wp-json\/wp\/v2\/product\/986","targetHints":{"allow":["GET"]}}],"collection":[{"href":"https:\/\/tristel.com\/ch-fr\/wp-json\/wp\/v2\/product"}],"about":[{"href":"https:\/\/tristel.com\/ch-fr\/wp-json\/wp\/v2\/types\/product"}],"wp:featuredmedia":[{"embeddable":true,"href":"https:\/\/tristel.com\/ch-fr\/wp-json\/wp\/v2\/media\/2662"}],"wp:attachment":[{"href":"https:\/\/tristel.com\/ch-fr\/wp-json\/wp\/v2\/media?parent=986"}],"wp:term":[{"taxonomy":"product_brand","embeddable":true,"href":"https:\/\/tristel.com\/ch-fr\/wp-json\/wp\/v2\/product_brand?post=986"},{"taxonomy":"product_cat","embeddable":true,"href":"https:\/\/tristel.com\/ch-fr\/wp-json\/wp\/v2\/product_cat?post=986"},{"taxonomy":"product_tag","embeddable":true,"href":"https:\/\/tristel.com\/ch-fr\/wp-json\/wp\/v2\/product_tag?post=986"}],"curies":[{"name":"wp","href":"https:\/\/api.w.org\/{rel}","templated":true}]}}