{"id":984,"date":"2021-03-12T16:00:51","date_gmt":"2021-03-12T16:00:51","guid":{"rendered":"https:\/\/tristel.com\/ch-fr\/?post_type=product&#038;p=984"},"modified":"2025-05-16T12:58:04","modified_gmt":"2025-05-16T10:58:04","slug":"tristel-duo-oph","status":"publish","type":"product","link":"https:\/\/tristel.com\/ch-fr\/product\/tristel-duo-oph\/","title":{"rendered":"Tristel Duo OPH"},"content":{"rendered":"<p>Tristel Duo OPH est un d\u00e9sinfectant de haut niveau rapide, efficace et conforme pour les dispositifs m\u00e9dicaux ophtalmiques et optom\u00e9triques.<\/p>\n<p>En ophtalmologie et optom\u00e9trie, les cliniciens doivent veiller \u00e0 ce que le plus haut niveau de contr\u00f4le des infections soit respect\u00e9. Malheureusement, les soins ophtalmologiques sont souvent consid\u00e9r\u00e9s comme un domaine \u00e0 faible risque. On consid\u00e8re alors qu&#8217;un d\u00e9sinfectant de bas niveau suffit, entrainant ainsi une d\u00e9sinfection inad\u00e9quate des dispositifs m\u00e9dicaux.<\/p>\n<p>Le d\u00e9sinfectant Tristel Duo OPH atteint un niveau d&#8217;efficacit\u00e9 \u00e9lev\u00e9 \u00e0 une faible concentration. Il \u00e9limine les micro-organismes pr\u00e9occupants, notamment le SRAS-CoV-2 et les ad\u00e9novirus, en seulement 30 secondes. Ce court temps de contact permet une d\u00e9sinfection rapide des dispositifs m\u00e9dicaux au lieu d&#8217;utilisation et augmente ainsi le d\u00e9bit de patients.<\/p>\n","protected":false},"excerpt":{"rendered":"<p>Tristel Duo OPH est un d\u00e9sinfectant de haut niveau rapide, efficace et conforme pour les dispositifs m\u00e9dicaux ophtalmiques et optom\u00e9triques.<\/p>\n<p>En ophtalmologie et optom\u00e9trie, les cliniciens doivent veiller \u00e0 ce que le plus haut niveau de contr\u00f4le des infections soit respect\u00e9. Malheureusement, les soins ophtalmologiques sont souvent consid\u00e9r\u00e9s comme un domaine \u00e0 faible risque. On consid\u00e8re alors qu&#8217;un d\u00e9sinfectant de bas niveau suffit, entrainant ainsi une d\u00e9sinfection inad\u00e9quate des dispositifs m\u00e9dicaux.<\/p>\n<p>Le d\u00e9sinfectant Tristel Duo OPH atteint un niveau d&#8217;efficacit\u00e9 \u00e9lev\u00e9 \u00e0 une faible concentration. Il \u00e9limine les micro-organismes pr\u00e9occupants, notamment le SRAS-CoV-2 et les ad\u00e9novirus, en seulement 30 secondes. Ce court temps de contact permet une d\u00e9sinfection rapide des dispositifs m\u00e9dicaux au lieu d&#8217;utilisation et augmente ainsi le d\u00e9bit de patients.<\/p>\n","protected":false},"featured_media":1691,"template":"","meta":{"_acf_changed":false,"_relevanssi_hide_post":"","_relevanssi_hide_content":"","_relevanssi_pin_for_all":"","_relevanssi_pin_keywords":"","_relevanssi_unpin_keywords":"","_relevanssi_related_keywords":"","_relevanssi_related_include_ids":"","_relevanssi_related_exclude_ids":"","_relevanssi_related_no_append":"","_relevanssi_related_not_related":"","_relevanssi_related_posts":"","_relevanssi_noindex_reason":"","inline_featured_image":false},"product_brand":[],"product_cat":[36,56,50],"product_tag":[],"class_list":{"0":"post-984","1":"product","2":"type-product","3":"status-publish","4":"has-post-thumbnail","6":"product_cat-ophtalmologie","7":"product_cat-tous-les-produits-tristel","8":"product_cat-tristel","10":"first","11":"instock","12":"taxable","13":"shipping-taxable","14":"product-type-simple"},"acf":[],"yoast_head":"<!-- This site is optimized with the Yoast SEO Premium plugin v27.2 (Yoast SEO v27.3) - https:\/\/yoast.com\/product\/yoast-seo-premium-wordpress\/ -->\n<title>Tristel Duo OPH - D\u00e9sinfectant de haut niveau - Dioxyde de chlore (ClO\u2082)<\/title>\n<meta name=\"description\" content=\"Tristel Duo OPH est un d\u00e9sinfectant de haut niveau rapide, efficace et conforme pour les instruments ophtalmiques et optom\u00e9triques.\" \/>\n<meta name=\"robots\" content=\"index, follow, max-snippet:-1, max-image-preview:large, max-video-preview:-1\" \/>\n<link rel=\"canonical\" href=\"https:\/\/tristel.com\/ch-fr\/product\/tristel-duo-oph\/\" \/>\n<meta property=\"og:locale\" content=\"en_US\" \/>\n<meta property=\"og:type\" content=\"article\" \/>\n<meta property=\"og:title\" content=\"Tristel Duo OPH\" \/>\n<meta property=\"og:description\" content=\"Tristel Duo OPH est un d\u00e9sinfectant de haut niveau rapide, efficace et conforme pour les instruments ophtalmiques et optom\u00e9triques.\" \/>\n<meta property=\"og:url\" content=\"https:\/\/tristel.com\/ch-fr\/product\/tristel-duo-oph\/\" \/>\n<meta property=\"og:site_name\" content=\"Tristel - Switzerland - FR\" \/>\n<meta property=\"article:modified_time\" content=\"2025-05-16T10:58:04+00:00\" \/>\n<meta property=\"og:image\" content=\"https:\/\/tristel.com\/ch-fr\/wp-content\/uploads\/sites\/30\/2021\/03\/Duo-OPH-Product-Image.png\" \/>\n\t<meta property=\"og:image:width\" content=\"800\" \/>\n\t<meta property=\"og:image:height\" content=\"600\" \/>\n\t<meta property=\"og:image:type\" content=\"image\/png\" \/>\n<meta name=\"twitter:card\" content=\"summary_large_image\" \/>\n<meta name=\"twitter:label1\" content=\"Est. reading time\" \/>\n\t<meta name=\"twitter:data1\" content=\"1 minute\" \/>\n<script type=\"application\/ld+json\" class=\"yoast-schema-graph\">{\"@context\":\"https:\\\/\\\/schema.org\",\"@graph\":[{\"@type\":\"WebPage\",\"@id\":\"https:\\\/\\\/tristel.com\\\/ch-fr\\\/product\\\/tristel-duo-oph\\\/\",\"url\":\"https:\\\/\\\/tristel.com\\\/ch-fr\\\/product\\\/tristel-duo-oph\\\/\",\"name\":\"Tristel Duo OPH - D\u00e9sinfectant de haut niveau - Dioxyde de chlore (ClO\u2082)\",\"isPartOf\":{\"@id\":\"https:\\\/\\\/tristel.com\\\/ch-fr\\\/#website\"},\"primaryImageOfPage\":{\"@id\":\"https:\\\/\\\/tristel.com\\\/ch-fr\\\/product\\\/tristel-duo-oph\\\/#primaryimage\"},\"image\":{\"@id\":\"https:\\\/\\\/tristel.com\\\/ch-fr\\\/product\\\/tristel-duo-oph\\\/#primaryimage\"},\"thumbnailUrl\":\"https:\\\/\\\/tristel.com\\\/ch-fr\\\/wp-content\\\/uploads\\\/sites\\\/30\\\/2021\\\/03\\\/Duo-OPH-Product-Image.png\",\"datePublished\":\"2021-03-12T16:00:51+00:00\",\"dateModified\":\"2025-05-16T10:58:04+00:00\",\"description\":\"Tristel Duo OPH est un d\u00e9sinfectant de haut niveau rapide, efficace et conforme pour les instruments ophtalmiques et optom\u00e9triques.\",\"breadcrumb\":{\"@id\":\"https:\\\/\\\/tristel.com\\\/ch-fr\\\/product\\\/tristel-duo-oph\\\/#breadcrumb\"},\"inLanguage\":\"en-US\",\"potentialAction\":[{\"@type\":\"ReadAction\",\"target\":[\"https:\\\/\\\/tristel.com\\\/ch-fr\\\/product\\\/tristel-duo-oph\\\/\"]}]},{\"@type\":\"ImageObject\",\"inLanguage\":\"en-US\",\"@id\":\"https:\\\/\\\/tristel.com\\\/ch-fr\\\/product\\\/tristel-duo-oph\\\/#primaryimage\",\"url\":\"https:\\\/\\\/tristel.com\\\/ch-fr\\\/wp-content\\\/uploads\\\/sites\\\/30\\\/2021\\\/03\\\/Duo-OPH-Product-Image.png\",\"contentUrl\":\"https:\\\/\\\/tristel.com\\\/ch-fr\\\/wp-content\\\/uploads\\\/sites\\\/30\\\/2021\\\/03\\\/Duo-OPH-Product-Image.png\",\"width\":800,\"height\":600,\"caption\":\"D\u00e9sinfectant de haut niveau pour l'ophtalmologie\"},{\"@type\":\"BreadcrumbList\",\"@id\":\"https:\\\/\\\/tristel.com\\\/ch-fr\\\/product\\\/tristel-duo-oph\\\/#breadcrumb\",\"itemListElement\":[{\"@type\":\"ListItem\",\"position\":1,\"name\":\"Home\",\"item\":\"https:\\\/\\\/tristel.com\\\/ch-fr\\\/\"},{\"@type\":\"ListItem\",\"position\":2,\"name\":\"Private: Shop\",\"item\":\"https:\\\/\\\/tristel.com\\\/ch-fr\\\/?page_id=58\"},{\"@type\":\"ListItem\",\"position\":3,\"name\":\"Tristel Duo OPH\"}]},{\"@type\":\"WebSite\",\"@id\":\"https:\\\/\\\/tristel.com\\\/ch-fr\\\/#website\",\"url\":\"https:\\\/\\\/tristel.com\\\/ch-fr\\\/\",\"name\":\"Tristel - Switzerland - FR\",\"description\":\"Tristel, pour la d\u00e9sinfection de haut niveau des dispositifs m\u00e9dicaux\",\"potentialAction\":[{\"@type\":\"SearchAction\",\"target\":{\"@type\":\"EntryPoint\",\"urlTemplate\":\"https:\\\/\\\/tristel.com\\\/ch-fr\\\/?s={search_term_string}\"},\"query-input\":{\"@type\":\"PropertyValueSpecification\",\"valueRequired\":true,\"valueName\":\"search_term_string\"}}],\"inLanguage\":\"en-US\"}]}<\/script>\n<!-- \/ Yoast SEO Premium plugin. -->","yoast_head_json":{"title":"Tristel Duo OPH - D\u00e9sinfectant de haut niveau - Dioxyde de chlore (ClO\u2082)","description":"Tristel Duo OPH est un d\u00e9sinfectant de haut niveau rapide, efficace et conforme pour les instruments ophtalmiques et optom\u00e9triques.","robots":{"index":"index","follow":"follow","max-snippet":"max-snippet:-1","max-image-preview":"max-image-preview:large","max-video-preview":"max-video-preview:-1"},"canonical":"https:\/\/tristel.com\/ch-fr\/product\/tristel-duo-oph\/","og_locale":"en_US","og_type":"article","og_title":"Tristel Duo OPH","og_description":"Tristel Duo OPH est un d\u00e9sinfectant de haut niveau rapide, efficace et conforme pour les instruments ophtalmiques et optom\u00e9triques.","og_url":"https:\/\/tristel.com\/ch-fr\/product\/tristel-duo-oph\/","og_site_name":"Tristel - Switzerland - FR","article_modified_time":"2025-05-16T10:58:04+00:00","og_image":[{"width":800,"height":600,"url":"https:\/\/tristel.com\/ch-fr\/wp-content\/uploads\/sites\/30\/2021\/03\/Duo-OPH-Product-Image.png","type":"image\/png"}],"twitter_card":"summary_large_image","twitter_misc":{"Est. reading time":"1 minute"},"schema":{"@context":"https:\/\/schema.org","@graph":[{"@type":"WebPage","@id":"https:\/\/tristel.com\/ch-fr\/product\/tristel-duo-oph\/","url":"https:\/\/tristel.com\/ch-fr\/product\/tristel-duo-oph\/","name":"Tristel Duo OPH - D\u00e9sinfectant de haut niveau - Dioxyde de chlore (ClO\u2082)","isPartOf":{"@id":"https:\/\/tristel.com\/ch-fr\/#website"},"primaryImageOfPage":{"@id":"https:\/\/tristel.com\/ch-fr\/product\/tristel-duo-oph\/#primaryimage"},"image":{"@id":"https:\/\/tristel.com\/ch-fr\/product\/tristel-duo-oph\/#primaryimage"},"thumbnailUrl":"https:\/\/tristel.com\/ch-fr\/wp-content\/uploads\/sites\/30\/2021\/03\/Duo-OPH-Product-Image.png","datePublished":"2021-03-12T16:00:51+00:00","dateModified":"2025-05-16T10:58:04+00:00","description":"Tristel Duo OPH est un d\u00e9sinfectant de haut niveau rapide, efficace et conforme pour les instruments ophtalmiques et optom\u00e9triques.","breadcrumb":{"@id":"https:\/\/tristel.com\/ch-fr\/product\/tristel-duo-oph\/#breadcrumb"},"inLanguage":"en-US","potentialAction":[{"@type":"ReadAction","target":["https:\/\/tristel.com\/ch-fr\/product\/tristel-duo-oph\/"]}]},{"@type":"ImageObject","inLanguage":"en-US","@id":"https:\/\/tristel.com\/ch-fr\/product\/tristel-duo-oph\/#primaryimage","url":"https:\/\/tristel.com\/ch-fr\/wp-content\/uploads\/sites\/30\/2021\/03\/Duo-OPH-Product-Image.png","contentUrl":"https:\/\/tristel.com\/ch-fr\/wp-content\/uploads\/sites\/30\/2021\/03\/Duo-OPH-Product-Image.png","width":800,"height":600,"caption":"D\u00e9sinfectant de haut niveau pour l'ophtalmologie"},{"@type":"BreadcrumbList","@id":"https:\/\/tristel.com\/ch-fr\/product\/tristel-duo-oph\/#breadcrumb","itemListElement":[{"@type":"ListItem","position":1,"name":"Home","item":"https:\/\/tristel.com\/ch-fr\/"},{"@type":"ListItem","position":2,"name":"Private: Shop","item":"https:\/\/tristel.com\/ch-fr\/?page_id=58"},{"@type":"ListItem","position":3,"name":"Tristel Duo OPH"}]},{"@type":"WebSite","@id":"https:\/\/tristel.com\/ch-fr\/#website","url":"https:\/\/tristel.com\/ch-fr\/","name":"Tristel - Switzerland - FR","description":"Tristel, pour la d\u00e9sinfection de haut niveau des dispositifs m\u00e9dicaux","potentialAction":[{"@type":"SearchAction","target":{"@type":"EntryPoint","urlTemplate":"https:\/\/tristel.com\/ch-fr\/?s={search_term_string}"},"query-input":{"@type":"PropertyValueSpecification","valueRequired":true,"valueName":"search_term_string"}}],"inLanguage":"en-US"}]}},"_links":{"self":[{"href":"https:\/\/tristel.com\/ch-fr\/wp-json\/wp\/v2\/product\/984","targetHints":{"allow":["GET"]}}],"collection":[{"href":"https:\/\/tristel.com\/ch-fr\/wp-json\/wp\/v2\/product"}],"about":[{"href":"https:\/\/tristel.com\/ch-fr\/wp-json\/wp\/v2\/types\/product"}],"wp:featuredmedia":[{"embeddable":true,"href":"https:\/\/tristel.com\/ch-fr\/wp-json\/wp\/v2\/media\/1691"}],"wp:attachment":[{"href":"https:\/\/tristel.com\/ch-fr\/wp-json\/wp\/v2\/media?parent=984"}],"wp:term":[{"taxonomy":"product_brand","embeddable":true,"href":"https:\/\/tristel.com\/ch-fr\/wp-json\/wp\/v2\/product_brand?post=984"},{"taxonomy":"product_cat","embeddable":true,"href":"https:\/\/tristel.com\/ch-fr\/wp-json\/wp\/v2\/product_cat?post=984"},{"taxonomy":"product_tag","embeddable":true,"href":"https:\/\/tristel.com\/ch-fr\/wp-json\/wp\/v2\/product_tag?post=984"}],"curies":[{"name":"wp","href":"https:\/\/api.w.org\/{rel}","templated":true}]}}