{"id":981,"date":"2021-03-12T15:13:38","date_gmt":"2021-03-12T15:13:38","guid":{"rendered":"https:\/\/tristel.com\/ch-fr\/?post_type=product&#038;p=981"},"modified":"2024-03-07T15:53:23","modified_gmt":"2024-03-07T14:53:23","slug":"tristel-duo-ult","status":"publish","type":"product","link":"https:\/\/tristel.com\/ch-fr\/product\/tristel-duo-ult\/","title":{"rendered":"Tristel Duo ULT"},"content":{"rendered":"<p>La d\u00e9sinfection des dispositifs m\u00e9dicaux est accomplie de diverses mani\u00e8res. Les d\u00e9sinfectants de haut niveau Tristel sont appliqu\u00e9s manuellement. Nos concurrents critiquent souvent ceci parce que nous d\u00e9pendons in\u00e9vitablement de l\u2019action humaine.<\/p>\n<p><strong>Mais tous les fabricants reconnaissent que l\u2019essuyage fonctionne. En fait, chaque m\u00e9thode d\u00e9pend \u00e0 100 % de l\u2019essuyage.<\/strong><\/p>\n<p><iframe loading=\"lazy\" title=\"D\u00e9couvrez pourquoi l&#039;essuyage fonctionne\" src=\"https:\/\/player.vimeo.com\/video\/728826327?h=88e2f249be&amp;dnt=1&amp;app_id=122963\" width=\"500\" height=\"281\" frameborder=\"0\" allow=\"autoplay; fullscreen; picture-in-picture; clipboard-write\"><\/iframe><\/p>\n<p>Tristel Duo ULT est un d\u00e9sinfectant de haut niveau efficace contre le HPV qui ne laisse aucune partie d&#8217;une sonde \u00e0 ultrasons non d\u00e9sinfect\u00e9e.<\/p>\n<p>Certains appareils automatis\u00e9s ne peuvent d\u00e9sinfecter que la sonde \u00e0 ultrasons et sa poign\u00e9e. Cependant, des \u00e9tudes montrent que c&#8217;est insuffisant, car les micro-organismes sont toujours pr\u00e9sents sur la fiche et le c\u00e2ble apr\u00e8s utilisation. Tristel Duo ULT offre une couverture 360\u00b0. En effet, il traite la sonde, le manche, le porte-sonde, le bo\u00eetier de connecteurs et le c\u00e2ble.<\/p>\n<p><a href=\"https:\/\/tristel.com\/ch-fr\/wp-content\/uploads\/sites\/30\/2021\/05\/Article-Meyers.pdf\">Les recherches men\u00e9es par Meyers et al. (2020)<\/a> d\u00e9montrent que Tristel Duo ULT est efficace contre les types 16 et 18 du HPV sur une sonde d&#8217;\u00e9chographie endovaginale en 30 secondes.<\/p>\n","protected":false},"excerpt":{"rendered":"<p>Tristel Duo ULT est un d\u00e9sinfectant de haut niveau efficace contre le HPV qui ne laisse aucune partie d&#8217;une sonde \u00e0 ultrasons non d\u00e9sinfect\u00e9e.<\/p>\n<p>Certains appareils automatis\u00e9s ne peuvent d\u00e9sinfecter que la sonde \u00e0 ultrasons et sa poign\u00e9e. Cependant, des \u00e9tudes montrent que c&#8217;est insuffisant, car les micro-organismes sont toujours pr\u00e9sents sur la fiche et le c\u00e2ble apr\u00e8s utilisation. Tristel Duo ULT offre une couverture 360\u00b0. En effet, il traite la sonde, le manche, le bo\u00eetier de connecteurs et le c\u00e2ble.<\/p>\n<p><a href=\"https:\/\/tristel.com\/ch-fr\/wp-content\/uploads\/sites\/30\/2021\/05\/Article-Meyers.pdf\">Les recherches men\u00e9es par Meyers et al. (2020)<\/a> d\u00e9montrent que Tristel Duo ULT est efficace contre les types 16 et 18 du HPV sur une sonde d&#8217;\u00e9chographie endovaginale en 30 secondes.<\/p>\n<p>Tristel Duo ULT est conforme aux directives de d\u00e9sinfection en \u00e9chographie, telles que celles de la <a href=\"https:\/\/wfumb.info\/guidelines\/\" target=\"_blank\" rel=\"noopener\">WFUMB<\/a>, de la <a href=\"https:\/\/www.smfm.org\/publications\" target=\"_blank\" rel=\"noopener\">Society for Maternal Fetal-Medicine<\/a> et de la <a href=\"https:\/\/www.sf2h.net\/publications\/prevention-du-risque-infectieux-associe-aux-actes-dechographie-endocavitaire-proposition-technique-du-groupe-de-travail-national-mars-2019\" target=\"_blank\" rel=\"noopener\">Soci\u00e9t\u00e9 Fran\u00e7aise d\u2019Hygi\u00e8ne Hospitali\u00e8re<\/a> (SF2H, 26 mars 2019).<\/p>\n<p>D\u00e9couvrez Tristel Duo ULT en action <a href=\"https:\/\/youtu.be\/I9xgNe-rjzg\" target=\"_blank\" rel=\"noopener\">ici<\/a>.<\/p>\n","protected":false},"featured_media":1693,"template":"","meta":{"_acf_changed":false,"_relevanssi_hide_post":"","_relevanssi_hide_content":"","_relevanssi_pin_for_all":"","_relevanssi_pin_keywords":"","_relevanssi_unpin_keywords":"","_relevanssi_related_keywords":"","_relevanssi_related_include_ids":"","_relevanssi_related_exclude_ids":"","_relevanssi_related_no_append":"","_relevanssi_related_not_related":"","_relevanssi_related_posts":"","_relevanssi_noindex_reason":"","inline_featured_image":false},"product_brand":[],"product_cat":[19,33,56,50,32],"product_tag":[],"class_list":{"0":"post-981","1":"product","2":"type-product","3":"status-publish","4":"has-post-thumbnail","6":"product_cat-echographie-et-radiologie","7":"product_cat-gynecologie-fiv-et-reproduction","8":"product_cat-tous-les-produits-tristel","9":"product_cat-tristel","10":"product_cat-urologie","12":"first","13":"instock","14":"taxable","15":"shipping-taxable","16":"product-type-simple"},"acf":[],"yoast_head":"<!-- This site is optimized with the Yoast SEO Premium plugin v27.4 (Yoast SEO v27.4) - https:\/\/yoast.com\/product\/yoast-seo-premium-wordpress\/ -->\n<title>Tristel Duo ULT - D\u00e9sinfectant de haut niveau - dioxyde de chlore (ClO\u2082)<\/title>\n<meta name=\"description\" content=\"Tristel Duo ULT est un d\u00e9sinfectant de haut niveau efficace contre le HPV qui ne laisse aucune partie d&#039;une sonde \u00e0 ultrasons non d\u00e9sinfect\u00e9e.\" \/>\n<meta name=\"robots\" content=\"index, follow, max-snippet:-1, max-image-preview:large, max-video-preview:-1\" \/>\n<link rel=\"canonical\" href=\"https:\/\/tristel.com\/ch-fr\/product\/tristel-duo-ult\/\" \/>\n<meta property=\"og:locale\" content=\"en_US\" \/>\n<meta property=\"og:type\" content=\"article\" \/>\n<meta property=\"og:title\" content=\"Tristel Duo ULT\" \/>\n<meta property=\"og:description\" content=\"Tristel Duo ULT est un d\u00e9sinfectant de haut niveau efficace contre le HPV qui ne laisse aucune partie d&#039;une sonde \u00e0 ultrasons non d\u00e9sinfect\u00e9e.\" \/>\n<meta property=\"og:url\" content=\"https:\/\/tristel.com\/ch-fr\/product\/tristel-duo-ult\/\" \/>\n<meta property=\"og:site_name\" content=\"Tristel - Switzerland - FR\" \/>\n<meta property=\"article:modified_time\" content=\"2024-03-07T14:53:23+00:00\" \/>\n<meta property=\"og:image\" content=\"https:\/\/tristel.com\/ch-fr\/wp-content\/uploads\/sites\/30\/2021\/03\/Duo-ULT-Product-Image.png\" \/>\n\t<meta property=\"og:image:width\" content=\"800\" \/>\n\t<meta property=\"og:image:height\" content=\"600\" \/>\n\t<meta property=\"og:image:type\" content=\"image\/png\" \/>\n<meta name=\"twitter:card\" content=\"summary_large_image\" \/>\n<meta name=\"twitter:label1\" content=\"Est. reading time\" \/>\n\t<meta name=\"twitter:data1\" content=\"1 minute\" \/>\n<script type=\"application\/ld+json\" class=\"yoast-schema-graph\">{\"@context\":\"https:\\\/\\\/schema.org\",\"@graph\":[{\"@type\":\"WebPage\",\"@id\":\"https:\\\/\\\/tristel.com\\\/ch-fr\\\/product\\\/tristel-duo-ult\\\/\",\"url\":\"https:\\\/\\\/tristel.com\\\/ch-fr\\\/product\\\/tristel-duo-ult\\\/\",\"name\":\"Tristel Duo ULT - D\u00e9sinfectant de haut niveau - dioxyde de chlore (ClO\u2082)\",\"isPartOf\":{\"@id\":\"https:\\\/\\\/tristel.com\\\/ch-fr\\\/#website\"},\"primaryImageOfPage\":{\"@id\":\"https:\\\/\\\/tristel.com\\\/ch-fr\\\/product\\\/tristel-duo-ult\\\/#primaryimage\"},\"image\":{\"@id\":\"https:\\\/\\\/tristel.com\\\/ch-fr\\\/product\\\/tristel-duo-ult\\\/#primaryimage\"},\"thumbnailUrl\":\"https:\\\/\\\/tristel.com\\\/ch-fr\\\/wp-content\\\/uploads\\\/sites\\\/30\\\/2021\\\/03\\\/Duo-ULT-Product-Image.png\",\"datePublished\":\"2021-03-12T15:13:38+00:00\",\"dateModified\":\"2024-03-07T14:53:23+00:00\",\"description\":\"Tristel Duo ULT est un d\u00e9sinfectant de haut niveau efficace contre le HPV qui ne laisse aucune partie d'une sonde \u00e0 ultrasons non d\u00e9sinfect\u00e9e.\",\"breadcrumb\":{\"@id\":\"https:\\\/\\\/tristel.com\\\/ch-fr\\\/product\\\/tristel-duo-ult\\\/#breadcrumb\"},\"inLanguage\":\"en-US\",\"potentialAction\":[{\"@type\":\"ReadAction\",\"target\":[\"https:\\\/\\\/tristel.com\\\/ch-fr\\\/product\\\/tristel-duo-ult\\\/\"]}]},{\"@type\":\"ImageObject\",\"inLanguage\":\"en-US\",\"@id\":\"https:\\\/\\\/tristel.com\\\/ch-fr\\\/product\\\/tristel-duo-ult\\\/#primaryimage\",\"url\":\"https:\\\/\\\/tristel.com\\\/ch-fr\\\/wp-content\\\/uploads\\\/sites\\\/30\\\/2021\\\/03\\\/Duo-ULT-Product-Image.png\",\"contentUrl\":\"https:\\\/\\\/tristel.com\\\/ch-fr\\\/wp-content\\\/uploads\\\/sites\\\/30\\\/2021\\\/03\\\/Duo-ULT-Product-Image.png\",\"width\":800,\"height\":600,\"caption\":\"D\u00e9sinfectant de haut niveau: Tristel Duo ULT\"},{\"@type\":\"BreadcrumbList\",\"@id\":\"https:\\\/\\\/tristel.com\\\/ch-fr\\\/product\\\/tristel-duo-ult\\\/#breadcrumb\",\"itemListElement\":[{\"@type\":\"ListItem\",\"position\":1,\"name\":\"Home\",\"item\":\"https:\\\/\\\/tristel.com\\\/ch-fr\\\/\"},{\"@type\":\"ListItem\",\"position\":2,\"name\":\"Private: Shop\",\"item\":\"https:\\\/\\\/tristel.com\\\/ch-fr\\\/?page_id=58\"},{\"@type\":\"ListItem\",\"position\":3,\"name\":\"Tristel Duo ULT\"}]},{\"@type\":\"WebSite\",\"@id\":\"https:\\\/\\\/tristel.com\\\/ch-fr\\\/#website\",\"url\":\"https:\\\/\\\/tristel.com\\\/ch-fr\\\/\",\"name\":\"Tristel - Switzerland - FR\",\"description\":\"Tristel, pour la d\u00e9sinfection de haut niveau des dispositifs m\u00e9dicaux\",\"potentialAction\":[{\"@type\":\"SearchAction\",\"target\":{\"@type\":\"EntryPoint\",\"urlTemplate\":\"https:\\\/\\\/tristel.com\\\/ch-fr\\\/?s={search_term_string}\"},\"query-input\":{\"@type\":\"PropertyValueSpecification\",\"valueRequired\":true,\"valueName\":\"search_term_string\"}}],\"inLanguage\":\"en-US\"}]}<\/script>\n<!-- \/ Yoast SEO Premium plugin. -->","yoast_head_json":{"title":"Tristel Duo ULT - D\u00e9sinfectant de haut niveau - dioxyde de chlore (ClO\u2082)","description":"Tristel Duo ULT est un d\u00e9sinfectant de haut niveau efficace contre le HPV qui ne laisse aucune partie d'une sonde \u00e0 ultrasons non d\u00e9sinfect\u00e9e.","robots":{"index":"index","follow":"follow","max-snippet":"max-snippet:-1","max-image-preview":"max-image-preview:large","max-video-preview":"max-video-preview:-1"},"canonical":"https:\/\/tristel.com\/ch-fr\/product\/tristel-duo-ult\/","og_locale":"en_US","og_type":"article","og_title":"Tristel Duo ULT","og_description":"Tristel Duo ULT est un d\u00e9sinfectant de haut niveau efficace contre le HPV qui ne laisse aucune partie d'une sonde \u00e0 ultrasons non d\u00e9sinfect\u00e9e.","og_url":"https:\/\/tristel.com\/ch-fr\/product\/tristel-duo-ult\/","og_site_name":"Tristel - Switzerland - FR","article_modified_time":"2024-03-07T14:53:23+00:00","og_image":[{"width":800,"height":600,"url":"https:\/\/tristel.com\/ch-fr\/wp-content\/uploads\/sites\/30\/2021\/03\/Duo-ULT-Product-Image.png","type":"image\/png"}],"twitter_card":"summary_large_image","twitter_misc":{"Est. reading time":"1 minute"},"schema":{"@context":"https:\/\/schema.org","@graph":[{"@type":"WebPage","@id":"https:\/\/tristel.com\/ch-fr\/product\/tristel-duo-ult\/","url":"https:\/\/tristel.com\/ch-fr\/product\/tristel-duo-ult\/","name":"Tristel Duo ULT - D\u00e9sinfectant de haut niveau - dioxyde de chlore (ClO\u2082)","isPartOf":{"@id":"https:\/\/tristel.com\/ch-fr\/#website"},"primaryImageOfPage":{"@id":"https:\/\/tristel.com\/ch-fr\/product\/tristel-duo-ult\/#primaryimage"},"image":{"@id":"https:\/\/tristel.com\/ch-fr\/product\/tristel-duo-ult\/#primaryimage"},"thumbnailUrl":"https:\/\/tristel.com\/ch-fr\/wp-content\/uploads\/sites\/30\/2021\/03\/Duo-ULT-Product-Image.png","datePublished":"2021-03-12T15:13:38+00:00","dateModified":"2024-03-07T14:53:23+00:00","description":"Tristel Duo ULT est un d\u00e9sinfectant de haut niveau efficace contre le HPV qui ne laisse aucune partie d'une sonde \u00e0 ultrasons non d\u00e9sinfect\u00e9e.","breadcrumb":{"@id":"https:\/\/tristel.com\/ch-fr\/product\/tristel-duo-ult\/#breadcrumb"},"inLanguage":"en-US","potentialAction":[{"@type":"ReadAction","target":["https:\/\/tristel.com\/ch-fr\/product\/tristel-duo-ult\/"]}]},{"@type":"ImageObject","inLanguage":"en-US","@id":"https:\/\/tristel.com\/ch-fr\/product\/tristel-duo-ult\/#primaryimage","url":"https:\/\/tristel.com\/ch-fr\/wp-content\/uploads\/sites\/30\/2021\/03\/Duo-ULT-Product-Image.png","contentUrl":"https:\/\/tristel.com\/ch-fr\/wp-content\/uploads\/sites\/30\/2021\/03\/Duo-ULT-Product-Image.png","width":800,"height":600,"caption":"D\u00e9sinfectant de haut niveau: Tristel Duo ULT"},{"@type":"BreadcrumbList","@id":"https:\/\/tristel.com\/ch-fr\/product\/tristel-duo-ult\/#breadcrumb","itemListElement":[{"@type":"ListItem","position":1,"name":"Home","item":"https:\/\/tristel.com\/ch-fr\/"},{"@type":"ListItem","position":2,"name":"Private: Shop","item":"https:\/\/tristel.com\/ch-fr\/?page_id=58"},{"@type":"ListItem","position":3,"name":"Tristel Duo ULT"}]},{"@type":"WebSite","@id":"https:\/\/tristel.com\/ch-fr\/#website","url":"https:\/\/tristel.com\/ch-fr\/","name":"Tristel - Switzerland - FR","description":"Tristel, pour la d\u00e9sinfection de haut niveau des dispositifs m\u00e9dicaux","potentialAction":[{"@type":"SearchAction","target":{"@type":"EntryPoint","urlTemplate":"https:\/\/tristel.com\/ch-fr\/?s={search_term_string}"},"query-input":{"@type":"PropertyValueSpecification","valueRequired":true,"valueName":"search_term_string"}}],"inLanguage":"en-US"}]}},"_links":{"self":[{"href":"https:\/\/tristel.com\/ch-fr\/wp-json\/wp\/v2\/product\/981","targetHints":{"allow":["GET"]}}],"collection":[{"href":"https:\/\/tristel.com\/ch-fr\/wp-json\/wp\/v2\/product"}],"about":[{"href":"https:\/\/tristel.com\/ch-fr\/wp-json\/wp\/v2\/types\/product"}],"wp:featuredmedia":[{"embeddable":true,"href":"https:\/\/tristel.com\/ch-fr\/wp-json\/wp\/v2\/media\/1693"}],"wp:attachment":[{"href":"https:\/\/tristel.com\/ch-fr\/wp-json\/wp\/v2\/media?parent=981"}],"wp:term":[{"taxonomy":"product_brand","embeddable":true,"href":"https:\/\/tristel.com\/ch-fr\/wp-json\/wp\/v2\/product_brand?post=981"},{"taxonomy":"product_cat","embeddable":true,"href":"https:\/\/tristel.com\/ch-fr\/wp-json\/wp\/v2\/product_cat?post=981"},{"taxonomy":"product_tag","embeddable":true,"href":"https:\/\/tristel.com\/ch-fr\/wp-json\/wp\/v2\/product_tag?post=981"}],"curies":[{"name":"wp","href":"https:\/\/api.w.org\/{rel}","templated":true}]}}