{"id":2115,"date":"2021-06-22T09:47:31","date_gmt":"2021-06-22T07:47:31","guid":{"rendered":"https:\/\/tristel.com\/ch-fr\/?post_type=product&#038;p=2115"},"modified":"2025-05-16T12:53:20","modified_gmt":"2025-05-16T10:53:20","slug":"tristel-rinse-wipes-lingettes-de-rincage","status":"publish","type":"product","link":"https:\/\/tristel.com\/ch-fr\/product\/tristel-rinse-wipes-lingettes-de-rincage\/","title":{"rendered":"Tristel Rinse Wipes"},"content":{"rendered":"<p>Les lingettes de rin\u00e7age Tristel sont impr\u00e9gn\u00e9es d&#8217;eau d\u00e9min\u00e9ralis\u00e9e.<\/p>\n<p>Elles permettent d&#8217;\u00e9liminer l&#8217;exc\u00e8s de d\u00e9sinfectant d&#8217;un dispositif m\u00e9dical qui vient d&#8217;\u00eatre soumis \u00e0 une d\u00e9sinfection de haut niveau.<\/p>\n<p>Utilisez-les avec le livret de tra\u00e7abiliti\u00e9 Tristel pour enregistrer le processus complet de d\u00e9sinfection.<\/p>\n","protected":false},"excerpt":{"rendered":"<p>Les lingettes de rin\u00e7age Tristel sont impr\u00e9gn\u00e9es d&#8217;eau d\u00e9min\u00e9ralis\u00e9e.<\/p>\n<p>Elles permettent d&#8217;\u00e9liminer l&#8217;exc\u00e8s de d\u00e9sinfectant d&#8217;un dispositif m\u00e9dical qui vient d&#8217;\u00eatre soumis \u00e0 une d\u00e9sinfection de haut niveau.<\/p>\n<p>Utilisez-les avec le livret de tra\u00e7abiliti\u00e9 Tristel pour enregistrer le processus complet de d\u00e9sinfection.<\/p>\n","protected":false},"featured_media":2116,"template":"","meta":{"_acf_changed":false,"_relevanssi_hide_post":"","_relevanssi_hide_content":"","_relevanssi_pin_for_all":"","_relevanssi_pin_keywords":"","_relevanssi_unpin_keywords":"","_relevanssi_related_keywords":"","_relevanssi_related_include_ids":"","_relevanssi_related_exclude_ids":"","_relevanssi_related_no_append":"","_relevanssi_related_not_related":"","_relevanssi_related_posts":"","_relevanssi_noindex_reason":"","inline_featured_image":false},"product_brand":[],"product_cat":[20,19,37,48,33,36,21,56,50,32],"product_tag":[],"class_list":{"0":"post-2115","1":"product","2":"type-product","3":"status-publish","4":"has-post-thumbnail","6":"product_cat-cardiologie","7":"product_cat-echographie-et-radiologie","8":"product_cat-endoscopie","9":"product_cat-gestion-des-voies-respiratoires","10":"product_cat-gynecologie-fiv-et-reproduction","11":"product_cat-ophtalmologie","12":"product_cat-oto-rhino-laryngologie","13":"product_cat-tous-les-produits-tristel","14":"product_cat-tristel","15":"product_cat-urologie","17":"first","18":"instock","19":"taxable","20":"shipping-taxable","21":"product-type-simple"},"acf":[],"yoast_head":"<!-- This site is optimized with the Yoast SEO Premium plugin v27.2 (Yoast SEO v27.3) - https:\/\/yoast.com\/product\/yoast-seo-premium-wordpress\/ -->\n<title>Tristel Rinse Wipes - Rin\u00e7age des dispositifs m\u00e9dicaux - France<\/title>\n<meta name=\"description\" content=\"les lingettes Tristel Rinse Wipes sont impr\u00e9gn\u00e9es d\u2019eau d\u00e9min\u00e9ralis\u00e9e pour \u00e9liminer l\u2019exc\u00e8s de d\u00e9sinfectant apr\u00e8s une proc\u00e9dure de d\u00e9sinfection.\" \/>\n<meta name=\"robots\" content=\"index, follow, max-snippet:-1, max-image-preview:large, max-video-preview:-1\" \/>\n<link rel=\"canonical\" href=\"https:\/\/tristel.com\/ch-fr\/product\/tristel-rinse-wipes-lingettes-de-rincage\/\" \/>\n<meta property=\"og:locale\" content=\"en_US\" \/>\n<meta property=\"og:type\" content=\"article\" \/>\n<meta property=\"og:title\" content=\"Tristel Rinse Wipes\" \/>\n<meta property=\"og:description\" content=\"les lingettes Tristel Rinse Wipes sont impr\u00e9gn\u00e9es d\u2019eau d\u00e9min\u00e9ralis\u00e9e pour \u00e9liminer l\u2019exc\u00e8s de d\u00e9sinfectant apr\u00e8s une proc\u00e9dure de d\u00e9sinfection.\" \/>\n<meta property=\"og:url\" content=\"https:\/\/tristel.com\/ch-fr\/product\/tristel-rinse-wipes-lingettes-de-rincage\/\" \/>\n<meta property=\"og:site_name\" content=\"Tristel - Switzerland - FR\" \/>\n<meta property=\"article:modified_time\" content=\"2025-05-16T10:53:20+00:00\" \/>\n<meta property=\"og:image\" content=\"https:\/\/tristel.com\/ch-fr\/wp-content\/uploads\/sites\/30\/2021\/06\/Tristel-Rinse-Wipe-Product-Image.png\" \/>\n\t<meta property=\"og:image:width\" content=\"800\" \/>\n\t<meta property=\"og:image:height\" content=\"600\" \/>\n\t<meta property=\"og:image:type\" content=\"image\/png\" \/>\n<meta name=\"twitter:card\" content=\"summary_large_image\" \/>\n<meta name=\"twitter:label1\" content=\"Est. reading time\" \/>\n\t<meta name=\"twitter:data1\" content=\"1 minute\" \/>\n<script type=\"application\/ld+json\" class=\"yoast-schema-graph\">{\"@context\":\"https:\\\/\\\/schema.org\",\"@graph\":[{\"@type\":\"WebPage\",\"@id\":\"https:\\\/\\\/tristel.com\\\/ch-fr\\\/product\\\/tristel-rinse-wipes-lingettes-de-rincage\\\/\",\"url\":\"https:\\\/\\\/tristel.com\\\/ch-fr\\\/product\\\/tristel-rinse-wipes-lingettes-de-rincage\\\/\",\"name\":\"Tristel Rinse Wipes - Rin\u00e7age des dispositifs m\u00e9dicaux - France\",\"isPartOf\":{\"@id\":\"https:\\\/\\\/tristel.com\\\/ch-fr\\\/#website\"},\"primaryImageOfPage\":{\"@id\":\"https:\\\/\\\/tristel.com\\\/ch-fr\\\/product\\\/tristel-rinse-wipes-lingettes-de-rincage\\\/#primaryimage\"},\"image\":{\"@id\":\"https:\\\/\\\/tristel.com\\\/ch-fr\\\/product\\\/tristel-rinse-wipes-lingettes-de-rincage\\\/#primaryimage\"},\"thumbnailUrl\":\"https:\\\/\\\/tristel.com\\\/ch-fr\\\/wp-content\\\/uploads\\\/sites\\\/30\\\/2021\\\/06\\\/Tristel-Rinse-Wipe-Product-Image.png\",\"datePublished\":\"2021-06-22T07:47:31+00:00\",\"dateModified\":\"2025-05-16T10:53:20+00:00\",\"description\":\"les lingettes Tristel Rinse Wipes sont impr\u00e9gn\u00e9es d\u2019eau d\u00e9min\u00e9ralis\u00e9e pour \u00e9liminer l\u2019exc\u00e8s de d\u00e9sinfectant apr\u00e8s une proc\u00e9dure de d\u00e9sinfection.\",\"breadcrumb\":{\"@id\":\"https:\\\/\\\/tristel.com\\\/ch-fr\\\/product\\\/tristel-rinse-wipes-lingettes-de-rincage\\\/#breadcrumb\"},\"inLanguage\":\"en-US\",\"potentialAction\":[{\"@type\":\"ReadAction\",\"target\":[\"https:\\\/\\\/tristel.com\\\/ch-fr\\\/product\\\/tristel-rinse-wipes-lingettes-de-rincage\\\/\"]}]},{\"@type\":\"ImageObject\",\"inLanguage\":\"en-US\",\"@id\":\"https:\\\/\\\/tristel.com\\\/ch-fr\\\/product\\\/tristel-rinse-wipes-lingettes-de-rincage\\\/#primaryimage\",\"url\":\"https:\\\/\\\/tristel.com\\\/ch-fr\\\/wp-content\\\/uploads\\\/sites\\\/30\\\/2021\\\/06\\\/Tristel-Rinse-Wipe-Product-Image.png\",\"contentUrl\":\"https:\\\/\\\/tristel.com\\\/ch-fr\\\/wp-content\\\/uploads\\\/sites\\\/30\\\/2021\\\/06\\\/Tristel-Rinse-Wipe-Product-Image.png\",\"width\":800,\"height\":600,\"caption\":\"Lingettes de rin\u00e7age pour dispositifs m\u00e9dicaux. Tristel Rinse Wipes.\"},{\"@type\":\"BreadcrumbList\",\"@id\":\"https:\\\/\\\/tristel.com\\\/ch-fr\\\/product\\\/tristel-rinse-wipes-lingettes-de-rincage\\\/#breadcrumb\",\"itemListElement\":[{\"@type\":\"ListItem\",\"position\":1,\"name\":\"Home\",\"item\":\"https:\\\/\\\/tristel.com\\\/ch-fr\\\/\"},{\"@type\":\"ListItem\",\"position\":2,\"name\":\"Private: Shop\",\"item\":\"https:\\\/\\\/tristel.com\\\/ch-fr\\\/?page_id=58\"},{\"@type\":\"ListItem\",\"position\":3,\"name\":\"Tristel Rinse Wipes\"}]},{\"@type\":\"WebSite\",\"@id\":\"https:\\\/\\\/tristel.com\\\/ch-fr\\\/#website\",\"url\":\"https:\\\/\\\/tristel.com\\\/ch-fr\\\/\",\"name\":\"Tristel - Switzerland - FR\",\"description\":\"Tristel, pour la d\u00e9sinfection de haut niveau des dispositifs m\u00e9dicaux\",\"potentialAction\":[{\"@type\":\"SearchAction\",\"target\":{\"@type\":\"EntryPoint\",\"urlTemplate\":\"https:\\\/\\\/tristel.com\\\/ch-fr\\\/?s={search_term_string}\"},\"query-input\":{\"@type\":\"PropertyValueSpecification\",\"valueRequired\":true,\"valueName\":\"search_term_string\"}}],\"inLanguage\":\"en-US\"}]}<\/script>\n<!-- \/ Yoast SEO Premium plugin. -->","yoast_head_json":{"title":"Tristel Rinse Wipes - Rin\u00e7age des dispositifs m\u00e9dicaux - France","description":"les lingettes Tristel Rinse Wipes sont impr\u00e9gn\u00e9es d\u2019eau d\u00e9min\u00e9ralis\u00e9e pour \u00e9liminer l\u2019exc\u00e8s de d\u00e9sinfectant apr\u00e8s une proc\u00e9dure de d\u00e9sinfection.","robots":{"index":"index","follow":"follow","max-snippet":"max-snippet:-1","max-image-preview":"max-image-preview:large","max-video-preview":"max-video-preview:-1"},"canonical":"https:\/\/tristel.com\/ch-fr\/product\/tristel-rinse-wipes-lingettes-de-rincage\/","og_locale":"en_US","og_type":"article","og_title":"Tristel Rinse Wipes","og_description":"les lingettes Tristel Rinse Wipes sont impr\u00e9gn\u00e9es d\u2019eau d\u00e9min\u00e9ralis\u00e9e pour \u00e9liminer l\u2019exc\u00e8s de d\u00e9sinfectant apr\u00e8s une proc\u00e9dure de d\u00e9sinfection.","og_url":"https:\/\/tristel.com\/ch-fr\/product\/tristel-rinse-wipes-lingettes-de-rincage\/","og_site_name":"Tristel - Switzerland - FR","article_modified_time":"2025-05-16T10:53:20+00:00","og_image":[{"width":800,"height":600,"url":"https:\/\/tristel.com\/ch-fr\/wp-content\/uploads\/sites\/30\/2021\/06\/Tristel-Rinse-Wipe-Product-Image.png","type":"image\/png"}],"twitter_card":"summary_large_image","twitter_misc":{"Est. reading time":"1 minute"},"schema":{"@context":"https:\/\/schema.org","@graph":[{"@type":"WebPage","@id":"https:\/\/tristel.com\/ch-fr\/product\/tristel-rinse-wipes-lingettes-de-rincage\/","url":"https:\/\/tristel.com\/ch-fr\/product\/tristel-rinse-wipes-lingettes-de-rincage\/","name":"Tristel Rinse Wipes - Rin\u00e7age des dispositifs m\u00e9dicaux - France","isPartOf":{"@id":"https:\/\/tristel.com\/ch-fr\/#website"},"primaryImageOfPage":{"@id":"https:\/\/tristel.com\/ch-fr\/product\/tristel-rinse-wipes-lingettes-de-rincage\/#primaryimage"},"image":{"@id":"https:\/\/tristel.com\/ch-fr\/product\/tristel-rinse-wipes-lingettes-de-rincage\/#primaryimage"},"thumbnailUrl":"https:\/\/tristel.com\/ch-fr\/wp-content\/uploads\/sites\/30\/2021\/06\/Tristel-Rinse-Wipe-Product-Image.png","datePublished":"2021-06-22T07:47:31+00:00","dateModified":"2025-05-16T10:53:20+00:00","description":"les lingettes Tristel Rinse Wipes sont impr\u00e9gn\u00e9es d\u2019eau d\u00e9min\u00e9ralis\u00e9e pour \u00e9liminer l\u2019exc\u00e8s de d\u00e9sinfectant apr\u00e8s une proc\u00e9dure de d\u00e9sinfection.","breadcrumb":{"@id":"https:\/\/tristel.com\/ch-fr\/product\/tristel-rinse-wipes-lingettes-de-rincage\/#breadcrumb"},"inLanguage":"en-US","potentialAction":[{"@type":"ReadAction","target":["https:\/\/tristel.com\/ch-fr\/product\/tristel-rinse-wipes-lingettes-de-rincage\/"]}]},{"@type":"ImageObject","inLanguage":"en-US","@id":"https:\/\/tristel.com\/ch-fr\/product\/tristel-rinse-wipes-lingettes-de-rincage\/#primaryimage","url":"https:\/\/tristel.com\/ch-fr\/wp-content\/uploads\/sites\/30\/2021\/06\/Tristel-Rinse-Wipe-Product-Image.png","contentUrl":"https:\/\/tristel.com\/ch-fr\/wp-content\/uploads\/sites\/30\/2021\/06\/Tristel-Rinse-Wipe-Product-Image.png","width":800,"height":600,"caption":"Lingettes de rin\u00e7age pour dispositifs m\u00e9dicaux. Tristel Rinse Wipes."},{"@type":"BreadcrumbList","@id":"https:\/\/tristel.com\/ch-fr\/product\/tristel-rinse-wipes-lingettes-de-rincage\/#breadcrumb","itemListElement":[{"@type":"ListItem","position":1,"name":"Home","item":"https:\/\/tristel.com\/ch-fr\/"},{"@type":"ListItem","position":2,"name":"Private: Shop","item":"https:\/\/tristel.com\/ch-fr\/?page_id=58"},{"@type":"ListItem","position":3,"name":"Tristel Rinse Wipes"}]},{"@type":"WebSite","@id":"https:\/\/tristel.com\/ch-fr\/#website","url":"https:\/\/tristel.com\/ch-fr\/","name":"Tristel - Switzerland - FR","description":"Tristel, pour la d\u00e9sinfection de haut niveau des dispositifs m\u00e9dicaux","potentialAction":[{"@type":"SearchAction","target":{"@type":"EntryPoint","urlTemplate":"https:\/\/tristel.com\/ch-fr\/?s={search_term_string}"},"query-input":{"@type":"PropertyValueSpecification","valueRequired":true,"valueName":"search_term_string"}}],"inLanguage":"en-US"}]}},"_links":{"self":[{"href":"https:\/\/tristel.com\/ch-fr\/wp-json\/wp\/v2\/product\/2115","targetHints":{"allow":["GET"]}}],"collection":[{"href":"https:\/\/tristel.com\/ch-fr\/wp-json\/wp\/v2\/product"}],"about":[{"href":"https:\/\/tristel.com\/ch-fr\/wp-json\/wp\/v2\/types\/product"}],"wp:featuredmedia":[{"embeddable":true,"href":"https:\/\/tristel.com\/ch-fr\/wp-json\/wp\/v2\/media\/2116"}],"wp:attachment":[{"href":"https:\/\/tristel.com\/ch-fr\/wp-json\/wp\/v2\/media?parent=2115"}],"wp:term":[{"taxonomy":"product_brand","embeddable":true,"href":"https:\/\/tristel.com\/ch-fr\/wp-json\/wp\/v2\/product_brand?post=2115"},{"taxonomy":"product_cat","embeddable":true,"href":"https:\/\/tristel.com\/ch-fr\/wp-json\/wp\/v2\/product_cat?post=2115"},{"taxonomy":"product_tag","embeddable":true,"href":"https:\/\/tristel.com\/ch-fr\/wp-json\/wp\/v2\/product_tag?post=2115"}],"curies":[{"name":"wp","href":"https:\/\/api.w.org\/{rel}","templated":true}]}}