{"id":1766,"date":"2021-05-25T14:11:09","date_gmt":"2021-05-25T12:11:09","guid":{"rendered":"https:\/\/tristel.com\/ch-fr\/?post_type=product&#038;p=1766"},"modified":"2025-05-16T12:50:17","modified_gmt":"2025-05-16T10:50:17","slug":"jet","status":"publish","type":"product","link":"https:\/\/tristel.com\/ch-fr\/product\/jet\/","title":{"rendered":"JET"},"content":{"rendered":"<p>JET est une mousse sporicide de dioxyde de chlore. Chaque pression sur le pulv\u00e9risateur cible les surfaces o\u00f9 les microbes repr\u00e9sentent un risque.<\/p>\n<p>La technologie non-a\u00e9rosol de JET emp\u00eache la solution de se disperser dans l\u2019air. En tant que partenaire pour la d\u00e9sinfection des surfaces des dispositifs m\u00e9dicaux, utilisez JET dans les chambres de patients et les salles de soins.<\/p>\n<p>Passez-vous des lingettes en plastique pr\u00e9-impr\u00e9gn\u00e9es. La performance d\u00e9montr\u00e9e avec la lingette standard utilis\u00e9e lors des essais de la norme EN 16615 signifie que JET peut \u00eatre utilis\u00e9 avec n\u2019importe quelle lingette s\u00e8che. Utilisez une microfibre ou une lingette s\u00e8che biod\u00e9gradable pour cr\u00e9er des lingettes sporicides.<\/p>\n<p>Chaque flacon de JET fournit 570 doses de mousse sporicide de ClO\u2082.<\/p>\n<p><small>JET est class\u00e9 comme un dispositif m\u00e9dical (classe IIa).<\/small><\/p>\n<p>Pour d\u00e9couvrir la gamme Cache, cliquez <a href=\"https:\/\/thecachecollection.com\/fr-fr\/\" target=\"_blank\" rel=\"noopener\">ici<\/a>.<\/p>\n","protected":false},"excerpt":{"rendered":"<p>JET est une mousse sporicide de dioxyde de chlore. Chaque pression sur le pulv\u00e9risateur cible les surfaces o\u00f9 les microbes repr\u00e9sentent un risque.<\/p>\n<p>La technologie non-a\u00e9rosol de JET emp\u00eache la solution de se disperser dans l\u2019air. En tant que partenaire pour la d\u00e9sinfection des surfaces des dispositifs m\u00e9dicaux, utilisez JET dans les chambres de patients et les salles de soins.<\/p>\n<p>Passez-vous des lingettes en plastique pr\u00e9-impr\u00e9gn\u00e9es. La performance d\u00e9montr\u00e9e avec la lingette standard utilis\u00e9e lors des essais de la norme EN 16615 signifie que JET peut \u00eatre utilis\u00e9 avec n\u2019importe quelle lingette s\u00e8che. Utilisez une microfibre ou une lingette s\u00e8che biod\u00e9gradable pour cr\u00e9er des lingettes sporicides.<\/p>\n<p>Chaque flacon de JET fournit 570 doses de mousse sporicide de ClO\u2082.<\/p>\n<p><small>JET est class\u00e9 comme un dispositif m\u00e9dical (classe IIa).<\/small><\/p>\n<p>Pour d\u00e9couvrir la gamme Cache, cliquez <a href=\"https:\/\/thecachecollection.com\/fr-fr\/\" target=\"_blank\" rel=\"noopener\">ici<\/a>.<\/p>\n","protected":false},"featured_media":3497,"template":"","meta":{"_acf_changed":false,"_relevanssi_hide_post":"","_relevanssi_hide_content":"","_relevanssi_pin_for_all":"","_relevanssi_pin_keywords":"","_relevanssi_unpin_keywords":"","_relevanssi_related_keywords":"","_relevanssi_related_include_ids":"","_relevanssi_related_exclude_ids":"","_relevanssi_related_no_append":"","_relevanssi_related_not_related":"","_relevanssi_related_posts":"","_relevanssi_noindex_reason":"","inline_featured_image":false},"product_brand":[],"product_cat":[53,56],"product_tag":[],"class_list":{"0":"post-1766","1":"product","2":"type-product","3":"status-publish","4":"has-post-thumbnail","6":"product_cat-desinfection-des-surfaces","7":"product_cat-tous-les-produits-tristel","9":"first","10":"instock","11":"taxable","12":"shipping-taxable","13":"product-type-simple"},"acf":[],"yoast_head":"<!-- This site is optimized with the Yoast SEO Premium plugin v27.4 (Yoast SEO v27.4) - https:\/\/yoast.com\/product\/yoast-seo-premium-wordpress\/ -->\n<title>JET - D\u00e9sinfection sporicide en 1 minute<\/title>\n<meta name=\"description\" content=\"JET, la premi\u00e8re mousse sporicide de ClO\u2082 qui cible les surfaces o\u00f9 les microbes constituent un risque.\" \/>\n<meta name=\"robots\" content=\"index, follow, max-snippet:-1, max-image-preview:large, max-video-preview:-1\" \/>\n<link rel=\"canonical\" href=\"https:\/\/tristel.com\/ch-fr\/product\/jet\/\" \/>\n<meta property=\"og:locale\" content=\"en_US\" \/>\n<meta property=\"og:type\" content=\"article\" \/>\n<meta property=\"og:title\" content=\"JET\" \/>\n<meta property=\"og:description\" content=\"JET, la premi\u00e8re mousse sporicide de ClO\u2082 qui cible les surfaces o\u00f9 les microbes constituent un risque.\" \/>\n<meta property=\"og:url\" content=\"https:\/\/tristel.com\/ch-fr\/product\/jet\/\" \/>\n<meta property=\"og:site_name\" content=\"Tristel - Switzerland - FR\" \/>\n<meta property=\"article:modified_time\" content=\"2025-05-16T10:50:17+00:00\" \/>\n<meta property=\"og:image\" content=\"https:\/\/tristel.com\/ch-fr\/wp-content\/uploads\/sites\/30\/2021\/05\/JET-Sporicidal-Product-Shot.jpg\" \/>\n\t<meta property=\"og:image:width\" content=\"770\" \/>\n\t<meta property=\"og:image:height\" content=\"770\" \/>\n\t<meta property=\"og:image:type\" content=\"image\/jpeg\" \/>\n<meta name=\"twitter:card\" content=\"summary_large_image\" \/>\n<meta name=\"twitter:label1\" content=\"Est. reading time\" \/>\n\t<meta name=\"twitter:data1\" content=\"1 minute\" \/>\n<script type=\"application\/ld+json\" class=\"yoast-schema-graph\">{\"@context\":\"https:\\\/\\\/schema.org\",\"@graph\":[{\"@type\":\"WebPage\",\"@id\":\"https:\\\/\\\/tristel.com\\\/ch-fr\\\/product\\\/jet\\\/\",\"url\":\"https:\\\/\\\/tristel.com\\\/ch-fr\\\/product\\\/jet\\\/\",\"name\":\"JET - D\u00e9sinfection sporicide en 1 minute\",\"isPartOf\":{\"@id\":\"https:\\\/\\\/tristel.com\\\/ch-fr\\\/#website\"},\"primaryImageOfPage\":{\"@id\":\"https:\\\/\\\/tristel.com\\\/ch-fr\\\/product\\\/jet\\\/#primaryimage\"},\"image\":{\"@id\":\"https:\\\/\\\/tristel.com\\\/ch-fr\\\/product\\\/jet\\\/#primaryimage\"},\"thumbnailUrl\":\"https:\\\/\\\/tristel.com\\\/ch-fr\\\/wp-content\\\/uploads\\\/sites\\\/30\\\/2021\\\/05\\\/JET-Sporicidal-Product-Shot.jpg\",\"datePublished\":\"2021-05-25T12:11:09+00:00\",\"dateModified\":\"2025-05-16T10:50:17+00:00\",\"description\":\"JET, la premi\u00e8re mousse sporicide de ClO\u2082 qui cible les surfaces o\u00f9 les microbes constituent un risque.\",\"breadcrumb\":{\"@id\":\"https:\\\/\\\/tristel.com\\\/ch-fr\\\/product\\\/jet\\\/#breadcrumb\"},\"inLanguage\":\"en-US\",\"potentialAction\":[{\"@type\":\"ReadAction\",\"target\":[\"https:\\\/\\\/tristel.com\\\/ch-fr\\\/product\\\/jet\\\/\"]}]},{\"@type\":\"ImageObject\",\"inLanguage\":\"en-US\",\"@id\":\"https:\\\/\\\/tristel.com\\\/ch-fr\\\/product\\\/jet\\\/#primaryimage\",\"url\":\"https:\\\/\\\/tristel.com\\\/ch-fr\\\/wp-content\\\/uploads\\\/sites\\\/30\\\/2021\\\/05\\\/JET-Sporicidal-Product-Shot.jpg\",\"contentUrl\":\"https:\\\/\\\/tristel.com\\\/ch-fr\\\/wp-content\\\/uploads\\\/sites\\\/30\\\/2021\\\/05\\\/JET-Sporicidal-Product-Shot.jpg\",\"width\":770,\"height\":770},{\"@type\":\"BreadcrumbList\",\"@id\":\"https:\\\/\\\/tristel.com\\\/ch-fr\\\/product\\\/jet\\\/#breadcrumb\",\"itemListElement\":[{\"@type\":\"ListItem\",\"position\":1,\"name\":\"Home\",\"item\":\"https:\\\/\\\/tristel.com\\\/ch-fr\\\/\"},{\"@type\":\"ListItem\",\"position\":2,\"name\":\"Private: Shop\",\"item\":\"https:\\\/\\\/tristel.com\\\/ch-fr\\\/?page_id=58\"},{\"@type\":\"ListItem\",\"position\":3,\"name\":\"JET\"}]},{\"@type\":\"WebSite\",\"@id\":\"https:\\\/\\\/tristel.com\\\/ch-fr\\\/#website\",\"url\":\"https:\\\/\\\/tristel.com\\\/ch-fr\\\/\",\"name\":\"Tristel - Switzerland - FR\",\"description\":\"Tristel, pour la d\u00e9sinfection de haut niveau des dispositifs m\u00e9dicaux\",\"potentialAction\":[{\"@type\":\"SearchAction\",\"target\":{\"@type\":\"EntryPoint\",\"urlTemplate\":\"https:\\\/\\\/tristel.com\\\/ch-fr\\\/?s={search_term_string}\"},\"query-input\":{\"@type\":\"PropertyValueSpecification\",\"valueRequired\":true,\"valueName\":\"search_term_string\"}}],\"inLanguage\":\"en-US\"}]}<\/script>\n<!-- \/ Yoast SEO Premium plugin. -->","yoast_head_json":{"title":"JET - D\u00e9sinfection sporicide en 1 minute","description":"JET, la premi\u00e8re mousse sporicide de ClO\u2082 qui cible les surfaces o\u00f9 les microbes constituent un risque.","robots":{"index":"index","follow":"follow","max-snippet":"max-snippet:-1","max-image-preview":"max-image-preview:large","max-video-preview":"max-video-preview:-1"},"canonical":"https:\/\/tristel.com\/ch-fr\/product\/jet\/","og_locale":"en_US","og_type":"article","og_title":"JET","og_description":"JET, la premi\u00e8re mousse sporicide de ClO\u2082 qui cible les surfaces o\u00f9 les microbes constituent un risque.","og_url":"https:\/\/tristel.com\/ch-fr\/product\/jet\/","og_site_name":"Tristel - Switzerland - FR","article_modified_time":"2025-05-16T10:50:17+00:00","og_image":[{"width":770,"height":770,"url":"https:\/\/tristel.com\/ch-fr\/wp-content\/uploads\/sites\/30\/2021\/05\/JET-Sporicidal-Product-Shot.jpg","type":"image\/jpeg"}],"twitter_card":"summary_large_image","twitter_misc":{"Est. reading time":"1 minute"},"schema":{"@context":"https:\/\/schema.org","@graph":[{"@type":"WebPage","@id":"https:\/\/tristel.com\/ch-fr\/product\/jet\/","url":"https:\/\/tristel.com\/ch-fr\/product\/jet\/","name":"JET - D\u00e9sinfection sporicide en 1 minute","isPartOf":{"@id":"https:\/\/tristel.com\/ch-fr\/#website"},"primaryImageOfPage":{"@id":"https:\/\/tristel.com\/ch-fr\/product\/jet\/#primaryimage"},"image":{"@id":"https:\/\/tristel.com\/ch-fr\/product\/jet\/#primaryimage"},"thumbnailUrl":"https:\/\/tristel.com\/ch-fr\/wp-content\/uploads\/sites\/30\/2021\/05\/JET-Sporicidal-Product-Shot.jpg","datePublished":"2021-05-25T12:11:09+00:00","dateModified":"2025-05-16T10:50:17+00:00","description":"JET, la premi\u00e8re mousse sporicide de ClO\u2082 qui cible les surfaces o\u00f9 les microbes constituent un risque.","breadcrumb":{"@id":"https:\/\/tristel.com\/ch-fr\/product\/jet\/#breadcrumb"},"inLanguage":"en-US","potentialAction":[{"@type":"ReadAction","target":["https:\/\/tristel.com\/ch-fr\/product\/jet\/"]}]},{"@type":"ImageObject","inLanguage":"en-US","@id":"https:\/\/tristel.com\/ch-fr\/product\/jet\/#primaryimage","url":"https:\/\/tristel.com\/ch-fr\/wp-content\/uploads\/sites\/30\/2021\/05\/JET-Sporicidal-Product-Shot.jpg","contentUrl":"https:\/\/tristel.com\/ch-fr\/wp-content\/uploads\/sites\/30\/2021\/05\/JET-Sporicidal-Product-Shot.jpg","width":770,"height":770},{"@type":"BreadcrumbList","@id":"https:\/\/tristel.com\/ch-fr\/product\/jet\/#breadcrumb","itemListElement":[{"@type":"ListItem","position":1,"name":"Home","item":"https:\/\/tristel.com\/ch-fr\/"},{"@type":"ListItem","position":2,"name":"Private: Shop","item":"https:\/\/tristel.com\/ch-fr\/?page_id=58"},{"@type":"ListItem","position":3,"name":"JET"}]},{"@type":"WebSite","@id":"https:\/\/tristel.com\/ch-fr\/#website","url":"https:\/\/tristel.com\/ch-fr\/","name":"Tristel - Switzerland - FR","description":"Tristel, pour la d\u00e9sinfection de haut niveau des dispositifs m\u00e9dicaux","potentialAction":[{"@type":"SearchAction","target":{"@type":"EntryPoint","urlTemplate":"https:\/\/tristel.com\/ch-fr\/?s={search_term_string}"},"query-input":{"@type":"PropertyValueSpecification","valueRequired":true,"valueName":"search_term_string"}}],"inLanguage":"en-US"}]}},"_links":{"self":[{"href":"https:\/\/tristel.com\/ch-fr\/wp-json\/wp\/v2\/product\/1766","targetHints":{"allow":["GET"]}}],"collection":[{"href":"https:\/\/tristel.com\/ch-fr\/wp-json\/wp\/v2\/product"}],"about":[{"href":"https:\/\/tristel.com\/ch-fr\/wp-json\/wp\/v2\/types\/product"}],"wp:featuredmedia":[{"embeddable":true,"href":"https:\/\/tristel.com\/ch-fr\/wp-json\/wp\/v2\/media\/3497"}],"wp:attachment":[{"href":"https:\/\/tristel.com\/ch-fr\/wp-json\/wp\/v2\/media?parent=1766"}],"wp:term":[{"taxonomy":"product_brand","embeddable":true,"href":"https:\/\/tristel.com\/ch-fr\/wp-json\/wp\/v2\/product_brand?post=1766"},{"taxonomy":"product_cat","embeddable":true,"href":"https:\/\/tristel.com\/ch-fr\/wp-json\/wp\/v2\/product_cat?post=1766"},{"taxonomy":"product_tag","embeddable":true,"href":"https:\/\/tristel.com\/ch-fr\/wp-json\/wp\/v2\/product_tag?post=1766"}],"curies":[{"name":"wp","href":"https:\/\/api.w.org\/{rel}","templated":true}]}}