{"id":1700,"date":"2021-05-18T11:25:13","date_gmt":"2021-05-18T09:25:13","guid":{"rendered":"https:\/\/tristel.com\/ch-fr\/?post_type=product&#038;p=1700"},"modified":"2024-03-07T15:53:20","modified_gmt":"2024-03-07T14:53:20","slug":"tristel-duo-orl","status":"publish","type":"product","link":"https:\/\/tristel.com\/ch-fr\/product\/tristel-duo-orl\/","title":{"rendered":"Tristel Duo HNO"},"content":{"rendered":"<p>Un d\u00e9sinfectant de haut niveau efficace, rapide et conforme pour toute sonde rigide ou flexible utilis\u00e9e en Oto-Rhino-Laryngologie.<\/p>\n<p>Il \u00e9limine les micro-organismes pr\u00e9occupants, notamment la tuberculose (TB), le staphylocoque aureus, l\u2019ad\u00e9novirus et les coronavirus\u00a0 comme le SARS-CoV-2 en seulement 30 secondes. Ce court temps de contact permet une d\u00e9sinfection rapide des dispositifs m\u00e9dicaux au lieu d&#8217;utilisation et augmente ainsi le d\u00e9bit de patients.<\/p>\n","protected":false},"excerpt":{"rendered":"<p>Un d\u00e9sinfectant de haut niveau efficace, rapide et conforme pour toute sonde rigide ou flexible utilis\u00e9e en Oto-Rhino-Laryngologie.<\/p>\n<p>Il \u00e9limine les micro-organismes pr\u00e9occupants, notamment la tuberculose (TB), le staphylocoque aureus, l\u2019ad\u00e9novirus et les coronavirus\u00a0 comme le SARS-CoV-2 en seulement 30 secondes. Ce court temps de contact permet une d\u00e9sinfection rapide des dispositifs m\u00e9dicaux au lieu d&#8217;utilisation et augmente ainsi le d\u00e9bit de patients.<\/p>\n","protected":false},"featured_media":3586,"template":"","meta":{"_acf_changed":false,"_relevanssi_hide_post":"","_relevanssi_hide_content":"","_relevanssi_pin_for_all":"","_relevanssi_pin_keywords":"","_relevanssi_unpin_keywords":"","_relevanssi_related_keywords":"","_relevanssi_related_include_ids":"","_relevanssi_related_exclude_ids":"","_relevanssi_related_no_append":"","_relevanssi_related_not_related":"","_relevanssi_related_posts":"","_relevanssi_noindex_reason":"","inline_featured_image":false},"product_brand":[],"product_cat":[21,56,50],"product_tag":[],"class_list":{"0":"post-1700","1":"product","2":"type-product","3":"status-publish","4":"has-post-thumbnail","6":"product_cat-oto-rhino-laryngologie","7":"product_cat-tous-les-produits-tristel","8":"product_cat-tristel","10":"first","11":"instock","12":"taxable","13":"shipping-taxable","14":"product-type-simple"},"acf":[],"yoast_head":"<!-- This site is optimized with the Yoast SEO Premium plugin v27.4 (Yoast SEO v27.4) - https:\/\/yoast.com\/product\/yoast-seo-premium-wordpress\/ -->\n<title>Tristel Duo ORL - D\u00e9sinfectant de haut niveau - Dioxyde de chlore (ClO\u2082)<\/title>\n<meta name=\"description\" content=\"Tristel Duo ORL est un d\u00e9sinfectant de haut niveau pour les dispositifs m\u00e9dicaux utilis\u00e9s en Oto-Rhino-Laryngologie (ORL).\" \/>\n<meta name=\"robots\" content=\"index, follow, max-snippet:-1, max-image-preview:large, max-video-preview:-1\" \/>\n<link rel=\"canonical\" href=\"https:\/\/tristel.com\/ch-fr\/product\/tristel-duo-orl\/\" \/>\n<meta property=\"og:locale\" content=\"en_US\" \/>\n<meta property=\"og:type\" content=\"article\" \/>\n<meta property=\"og:title\" content=\"Tristel Duo HNO\" \/>\n<meta property=\"og:description\" content=\"Tristel Duo ORL est un d\u00e9sinfectant de haut niveau pour les dispositifs m\u00e9dicaux utilis\u00e9s en Oto-Rhino-Laryngologie (ORL).\" \/>\n<meta property=\"og:url\" content=\"https:\/\/tristel.com\/ch-fr\/product\/tristel-duo-orl\/\" \/>\n<meta property=\"og:site_name\" content=\"Tristel - Switzerland - FR\" \/>\n<meta property=\"article:modified_time\" content=\"2024-03-07T14:53:20+00:00\" \/>\n<meta property=\"og:image\" content=\"https:\/\/tristel.com\/ch-fr\/wp-content\/uploads\/sites\/30\/2021\/05\/Tristel-Duo-for-Rigid-Optics-Product-Shot.jpg\" \/>\n\t<meta property=\"og:image:width\" content=\"300\" \/>\n\t<meta property=\"og:image:height\" content=\"202\" \/>\n\t<meta property=\"og:image:type\" content=\"image\/jpeg\" \/>\n<meta name=\"twitter:card\" content=\"summary_large_image\" \/>\n<meta name=\"twitter:label1\" content=\"Est. reading time\" \/>\n\t<meta name=\"twitter:data1\" content=\"1 minute\" \/>\n<script type=\"application\/ld+json\" class=\"yoast-schema-graph\">{\"@context\":\"https:\\\/\\\/schema.org\",\"@graph\":[{\"@type\":\"WebPage\",\"@id\":\"https:\\\/\\\/tristel.com\\\/ch-fr\\\/product\\\/tristel-duo-orl\\\/\",\"url\":\"https:\\\/\\\/tristel.com\\\/ch-fr\\\/product\\\/tristel-duo-orl\\\/\",\"name\":\"Tristel Duo ORL - D\u00e9sinfectant de haut niveau - Dioxyde de chlore (ClO\u2082)\",\"isPartOf\":{\"@id\":\"https:\\\/\\\/tristel.com\\\/ch-fr\\\/#website\"},\"primaryImageOfPage\":{\"@id\":\"https:\\\/\\\/tristel.com\\\/ch-fr\\\/product\\\/tristel-duo-orl\\\/#primaryimage\"},\"image\":{\"@id\":\"https:\\\/\\\/tristel.com\\\/ch-fr\\\/product\\\/tristel-duo-orl\\\/#primaryimage\"},\"thumbnailUrl\":\"https:\\\/\\\/tristel.com\\\/ch-fr\\\/wp-content\\\/uploads\\\/sites\\\/30\\\/2021\\\/05\\\/Tristel-Duo-for-Rigid-Optics-Product-Shot.jpg\",\"datePublished\":\"2021-05-18T09:25:13+00:00\",\"dateModified\":\"2024-03-07T14:53:20+00:00\",\"description\":\"Tristel Duo ORL est un d\u00e9sinfectant de haut niveau pour les dispositifs m\u00e9dicaux utilis\u00e9s en Oto-Rhino-Laryngologie (ORL).\",\"breadcrumb\":{\"@id\":\"https:\\\/\\\/tristel.com\\\/ch-fr\\\/product\\\/tristel-duo-orl\\\/#breadcrumb\"},\"inLanguage\":\"en-US\",\"potentialAction\":[{\"@type\":\"ReadAction\",\"target\":[\"https:\\\/\\\/tristel.com\\\/ch-fr\\\/product\\\/tristel-duo-orl\\\/\"]}]},{\"@type\":\"ImageObject\",\"inLanguage\":\"en-US\",\"@id\":\"https:\\\/\\\/tristel.com\\\/ch-fr\\\/product\\\/tristel-duo-orl\\\/#primaryimage\",\"url\":\"https:\\\/\\\/tristel.com\\\/ch-fr\\\/wp-content\\\/uploads\\\/sites\\\/30\\\/2021\\\/05\\\/Tristel-Duo-for-Rigid-Optics-Product-Shot.jpg\",\"contentUrl\":\"https:\\\/\\\/tristel.com\\\/ch-fr\\\/wp-content\\\/uploads\\\/sites\\\/30\\\/2021\\\/05\\\/Tristel-Duo-for-Rigid-Optics-Product-Shot.jpg\",\"width\":300,\"height\":202},{\"@type\":\"BreadcrumbList\",\"@id\":\"https:\\\/\\\/tristel.com\\\/ch-fr\\\/product\\\/tristel-duo-orl\\\/#breadcrumb\",\"itemListElement\":[{\"@type\":\"ListItem\",\"position\":1,\"name\":\"Home\",\"item\":\"https:\\\/\\\/tristel.com\\\/ch-fr\\\/\"},{\"@type\":\"ListItem\",\"position\":2,\"name\":\"Private: Shop\",\"item\":\"https:\\\/\\\/tristel.com\\\/ch-fr\\\/?page_id=58\"},{\"@type\":\"ListItem\",\"position\":3,\"name\":\"Tristel Duo HNO\"}]},{\"@type\":\"WebSite\",\"@id\":\"https:\\\/\\\/tristel.com\\\/ch-fr\\\/#website\",\"url\":\"https:\\\/\\\/tristel.com\\\/ch-fr\\\/\",\"name\":\"Tristel - Switzerland - FR\",\"description\":\"Tristel, pour la d\u00e9sinfection de haut niveau des dispositifs m\u00e9dicaux\",\"potentialAction\":[{\"@type\":\"SearchAction\",\"target\":{\"@type\":\"EntryPoint\",\"urlTemplate\":\"https:\\\/\\\/tristel.com\\\/ch-fr\\\/?s={search_term_string}\"},\"query-input\":{\"@type\":\"PropertyValueSpecification\",\"valueRequired\":true,\"valueName\":\"search_term_string\"}}],\"inLanguage\":\"en-US\"}]}<\/script>\n<!-- \/ Yoast SEO Premium plugin. -->","yoast_head_json":{"title":"Tristel Duo ORL - D\u00e9sinfectant de haut niveau - Dioxyde de chlore (ClO\u2082)","description":"Tristel Duo ORL est un d\u00e9sinfectant de haut niveau pour les dispositifs m\u00e9dicaux utilis\u00e9s en Oto-Rhino-Laryngologie (ORL).","robots":{"index":"index","follow":"follow","max-snippet":"max-snippet:-1","max-image-preview":"max-image-preview:large","max-video-preview":"max-video-preview:-1"},"canonical":"https:\/\/tristel.com\/ch-fr\/product\/tristel-duo-orl\/","og_locale":"en_US","og_type":"article","og_title":"Tristel Duo HNO","og_description":"Tristel Duo ORL est un d\u00e9sinfectant de haut niveau pour les dispositifs m\u00e9dicaux utilis\u00e9s en Oto-Rhino-Laryngologie (ORL).","og_url":"https:\/\/tristel.com\/ch-fr\/product\/tristel-duo-orl\/","og_site_name":"Tristel - Switzerland - FR","article_modified_time":"2024-03-07T14:53:20+00:00","og_image":[{"width":300,"height":202,"url":"https:\/\/tristel.com\/ch-fr\/wp-content\/uploads\/sites\/30\/2021\/05\/Tristel-Duo-for-Rigid-Optics-Product-Shot.jpg","type":"image\/jpeg"}],"twitter_card":"summary_large_image","twitter_misc":{"Est. reading time":"1 minute"},"schema":{"@context":"https:\/\/schema.org","@graph":[{"@type":"WebPage","@id":"https:\/\/tristel.com\/ch-fr\/product\/tristel-duo-orl\/","url":"https:\/\/tristel.com\/ch-fr\/product\/tristel-duo-orl\/","name":"Tristel Duo ORL - D\u00e9sinfectant de haut niveau - Dioxyde de chlore (ClO\u2082)","isPartOf":{"@id":"https:\/\/tristel.com\/ch-fr\/#website"},"primaryImageOfPage":{"@id":"https:\/\/tristel.com\/ch-fr\/product\/tristel-duo-orl\/#primaryimage"},"image":{"@id":"https:\/\/tristel.com\/ch-fr\/product\/tristel-duo-orl\/#primaryimage"},"thumbnailUrl":"https:\/\/tristel.com\/ch-fr\/wp-content\/uploads\/sites\/30\/2021\/05\/Tristel-Duo-for-Rigid-Optics-Product-Shot.jpg","datePublished":"2021-05-18T09:25:13+00:00","dateModified":"2024-03-07T14:53:20+00:00","description":"Tristel Duo ORL est un d\u00e9sinfectant de haut niveau pour les dispositifs m\u00e9dicaux utilis\u00e9s en Oto-Rhino-Laryngologie (ORL).","breadcrumb":{"@id":"https:\/\/tristel.com\/ch-fr\/product\/tristel-duo-orl\/#breadcrumb"},"inLanguage":"en-US","potentialAction":[{"@type":"ReadAction","target":["https:\/\/tristel.com\/ch-fr\/product\/tristel-duo-orl\/"]}]},{"@type":"ImageObject","inLanguage":"en-US","@id":"https:\/\/tristel.com\/ch-fr\/product\/tristel-duo-orl\/#primaryimage","url":"https:\/\/tristel.com\/ch-fr\/wp-content\/uploads\/sites\/30\/2021\/05\/Tristel-Duo-for-Rigid-Optics-Product-Shot.jpg","contentUrl":"https:\/\/tristel.com\/ch-fr\/wp-content\/uploads\/sites\/30\/2021\/05\/Tristel-Duo-for-Rigid-Optics-Product-Shot.jpg","width":300,"height":202},{"@type":"BreadcrumbList","@id":"https:\/\/tristel.com\/ch-fr\/product\/tristel-duo-orl\/#breadcrumb","itemListElement":[{"@type":"ListItem","position":1,"name":"Home","item":"https:\/\/tristel.com\/ch-fr\/"},{"@type":"ListItem","position":2,"name":"Private: Shop","item":"https:\/\/tristel.com\/ch-fr\/?page_id=58"},{"@type":"ListItem","position":3,"name":"Tristel Duo HNO"}]},{"@type":"WebSite","@id":"https:\/\/tristel.com\/ch-fr\/#website","url":"https:\/\/tristel.com\/ch-fr\/","name":"Tristel - Switzerland - FR","description":"Tristel, pour la d\u00e9sinfection de haut niveau des dispositifs m\u00e9dicaux","potentialAction":[{"@type":"SearchAction","target":{"@type":"EntryPoint","urlTemplate":"https:\/\/tristel.com\/ch-fr\/?s={search_term_string}"},"query-input":{"@type":"PropertyValueSpecification","valueRequired":true,"valueName":"search_term_string"}}],"inLanguage":"en-US"}]}},"_links":{"self":[{"href":"https:\/\/tristel.com\/ch-fr\/wp-json\/wp\/v2\/product\/1700","targetHints":{"allow":["GET"]}}],"collection":[{"href":"https:\/\/tristel.com\/ch-fr\/wp-json\/wp\/v2\/product"}],"about":[{"href":"https:\/\/tristel.com\/ch-fr\/wp-json\/wp\/v2\/types\/product"}],"wp:featuredmedia":[{"embeddable":true,"href":"https:\/\/tristel.com\/ch-fr\/wp-json\/wp\/v2\/media\/3586"}],"wp:attachment":[{"href":"https:\/\/tristel.com\/ch-fr\/wp-json\/wp\/v2\/media?parent=1700"}],"wp:term":[{"taxonomy":"product_brand","embeddable":true,"href":"https:\/\/tristel.com\/ch-fr\/wp-json\/wp\/v2\/product_brand?post=1700"},{"taxonomy":"product_cat","embeddable":true,"href":"https:\/\/tristel.com\/ch-fr\/wp-json\/wp\/v2\/product_cat?post=1700"},{"taxonomy":"product_tag","embeddable":true,"href":"https:\/\/tristel.com\/ch-fr\/wp-json\/wp\/v2\/product_tag?post=1700"}],"curies":[{"name":"wp","href":"https:\/\/api.w.org\/{rel}","templated":true}]}}