{"id":1696,"date":"2021-05-18T10:32:54","date_gmt":"2021-05-18T08:32:54","guid":{"rendered":"https:\/\/tristel.com\/ch-fr\/?post_type=product&#038;p=1696"},"modified":"2024-03-07T15:53:21","modified_gmt":"2024-03-07T14:53:21","slug":"tristel-clean","status":"publish","type":"product","link":"https:\/\/tristel.com\/ch-fr\/product\/tristel-clean\/","title":{"rendered":"Tristel Clean"},"content":{"rendered":"<p>Tristel Clean est une mousse de nettoyage tri-enzymatique. Elle est sp\u00e9cialement con\u00e7ue pour les sondes d\u2019\u00e9chographie de type endocavitaire (sondes invasives) et de type externe (sondes non invasives pour surfaces cutan\u00e9es).<\/p>\n<p>Tristel Clean s&#8217;utilise avec <a href=\"https:\/\/tristel.com\/ch-fr\/product\/tristel-duo-ult\/\">Tristel Duo ULT<\/a> et les lingettes <a href=\"https:\/\/tristel.com\/ch-fr\/product\/duo-wipes\/\">Duo Wipes<\/a>. Ils vous permettent de r\u00e9aliser une proc\u00e9dure compl\u00e8te de d\u00e9sinfection des sondes \u00e0 ultrasons.<\/p>\n<p>&nbsp;<\/p>\n<p>&nbsp;<\/p>\n<p>&nbsp;<\/p>\n","protected":false},"excerpt":{"rendered":"<p>La d\u00e9sinfection des sondes d&#8217;\u00e9chographie de type endocavitaire (sondes invasives) et de type externe (sondes non invasives, pour surfaces cutan\u00e9es) n\u2019est efficace que lorsque la sonde a fait l\u2019objet d\u2019un nettoyage minutieux.<\/p>\n","protected":false},"featured_media":1697,"template":"","meta":{"_acf_changed":false,"_relevanssi_hide_post":"","_relevanssi_hide_content":"","_relevanssi_pin_for_all":"","_relevanssi_pin_keywords":"","_relevanssi_unpin_keywords":"","_relevanssi_related_keywords":"","_relevanssi_related_include_ids":"","_relevanssi_related_exclude_ids":"","_relevanssi_related_no_append":"","_relevanssi_related_not_related":"","_relevanssi_related_posts":"","_relevanssi_noindex_reason":"","inline_featured_image":false},"product_brand":[],"product_cat":[19,37,33,56,50,32],"product_tag":[],"class_list":{"0":"post-1696","1":"product","2":"type-product","3":"status-publish","4":"has-post-thumbnail","6":"product_cat-echographie-et-radiologie","7":"product_cat-endoscopie","8":"product_cat-gynecologie-fiv-et-reproduction","9":"product_cat-tous-les-produits-tristel","10":"product_cat-tristel","11":"product_cat-urologie","13":"first","14":"instock","15":"taxable","16":"shipping-taxable","17":"product-type-simple"},"acf":[],"yoast_head":"<!-- This site is optimized with the Yoast SEO Premium plugin v27.2 (Yoast SEO v27.3) - https:\/\/yoast.com\/product\/yoast-seo-premium-wordpress\/ -->\n<title>Tristel Clean - Nettoyage des dispositifs m\u00e9dicaux - Tristel France<\/title>\n<meta name=\"description\" content=\"Tristel Clean est une mousse de nettoyage tri-enzymatique \u00e0 utiliser pour les sondes d\u2019\u00e9chographie invasives et non-invasives.\" \/>\n<meta name=\"robots\" content=\"index, follow, max-snippet:-1, max-image-preview:large, max-video-preview:-1\" \/>\n<link rel=\"canonical\" href=\"https:\/\/tristel.com\/ch-fr\/product\/tristel-clean\/\" \/>\n<meta property=\"og:locale\" content=\"en_US\" \/>\n<meta property=\"og:type\" content=\"article\" \/>\n<meta property=\"og:title\" content=\"Tristel Clean\" \/>\n<meta property=\"og:description\" content=\"Tristel Clean est une mousse de nettoyage tri-enzymatique \u00e0 utiliser pour les sondes d\u2019\u00e9chographie invasives et non-invasives.\" \/>\n<meta property=\"og:url\" content=\"https:\/\/tristel.com\/ch-fr\/product\/tristel-clean\/\" \/>\n<meta property=\"og:site_name\" content=\"Tristel - Switzerland - FR\" \/>\n<meta property=\"article:modified_time\" content=\"2024-03-07T14:53:21+00:00\" \/>\n<meta property=\"og:image\" content=\"https:\/\/tristel.com\/ch-fr\/wp-content\/uploads\/sites\/30\/2021\/05\/Tristel-Clean-Product-Image.png\" \/>\n\t<meta property=\"og:image:width\" content=\"800\" \/>\n\t<meta property=\"og:image:height\" content=\"600\" \/>\n\t<meta property=\"og:image:type\" content=\"image\/png\" \/>\n<meta name=\"twitter:card\" content=\"summary_large_image\" \/>\n<meta name=\"twitter:label1\" content=\"Est. reading time\" \/>\n\t<meta name=\"twitter:data1\" content=\"1 minute\" \/>\n<script type=\"application\/ld+json\" class=\"yoast-schema-graph\">{\"@context\":\"https:\\\/\\\/schema.org\",\"@graph\":[{\"@type\":\"WebPage\",\"@id\":\"https:\\\/\\\/tristel.com\\\/ch-fr\\\/product\\\/tristel-clean\\\/\",\"url\":\"https:\\\/\\\/tristel.com\\\/ch-fr\\\/product\\\/tristel-clean\\\/\",\"name\":\"Tristel Clean - Nettoyage des dispositifs m\u00e9dicaux - Tristel France\",\"isPartOf\":{\"@id\":\"https:\\\/\\\/tristel.com\\\/ch-fr\\\/#website\"},\"primaryImageOfPage\":{\"@id\":\"https:\\\/\\\/tristel.com\\\/ch-fr\\\/product\\\/tristel-clean\\\/#primaryimage\"},\"image\":{\"@id\":\"https:\\\/\\\/tristel.com\\\/ch-fr\\\/product\\\/tristel-clean\\\/#primaryimage\"},\"thumbnailUrl\":\"https:\\\/\\\/tristel.com\\\/ch-fr\\\/wp-content\\\/uploads\\\/sites\\\/30\\\/2021\\\/05\\\/Tristel-Clean-Product-Image.png\",\"datePublished\":\"2021-05-18T08:32:54+00:00\",\"dateModified\":\"2024-03-07T14:53:21+00:00\",\"description\":\"Tristel Clean est une mousse de nettoyage tri-enzymatique \u00e0 utiliser pour les sondes d\u2019\u00e9chographie invasives et non-invasives.\",\"breadcrumb\":{\"@id\":\"https:\\\/\\\/tristel.com\\\/ch-fr\\\/product\\\/tristel-clean\\\/#breadcrumb\"},\"inLanguage\":\"en-US\",\"potentialAction\":[{\"@type\":\"ReadAction\",\"target\":[\"https:\\\/\\\/tristel.com\\\/ch-fr\\\/product\\\/tristel-clean\\\/\"]}]},{\"@type\":\"ImageObject\",\"inLanguage\":\"en-US\",\"@id\":\"https:\\\/\\\/tristel.com\\\/ch-fr\\\/product\\\/tristel-clean\\\/#primaryimage\",\"url\":\"https:\\\/\\\/tristel.com\\\/ch-fr\\\/wp-content\\\/uploads\\\/sites\\\/30\\\/2021\\\/05\\\/Tristel-Clean-Product-Image.png\",\"contentUrl\":\"https:\\\/\\\/tristel.com\\\/ch-fr\\\/wp-content\\\/uploads\\\/sites\\\/30\\\/2021\\\/05\\\/Tristel-Clean-Product-Image.png\",\"width\":800,\"height\":600,\"caption\":\"Tristel Clean: mousse nettoyante tri-enzymatique\"},{\"@type\":\"BreadcrumbList\",\"@id\":\"https:\\\/\\\/tristel.com\\\/ch-fr\\\/product\\\/tristel-clean\\\/#breadcrumb\",\"itemListElement\":[{\"@type\":\"ListItem\",\"position\":1,\"name\":\"Home\",\"item\":\"https:\\\/\\\/tristel.com\\\/ch-fr\\\/\"},{\"@type\":\"ListItem\",\"position\":2,\"name\":\"Private: Shop\",\"item\":\"https:\\\/\\\/tristel.com\\\/ch-fr\\\/?page_id=58\"},{\"@type\":\"ListItem\",\"position\":3,\"name\":\"Tristel Clean\"}]},{\"@type\":\"WebSite\",\"@id\":\"https:\\\/\\\/tristel.com\\\/ch-fr\\\/#website\",\"url\":\"https:\\\/\\\/tristel.com\\\/ch-fr\\\/\",\"name\":\"Tristel - Switzerland - FR\",\"description\":\"Tristel, pour la d\u00e9sinfection de haut niveau des dispositifs m\u00e9dicaux\",\"potentialAction\":[{\"@type\":\"SearchAction\",\"target\":{\"@type\":\"EntryPoint\",\"urlTemplate\":\"https:\\\/\\\/tristel.com\\\/ch-fr\\\/?s={search_term_string}\"},\"query-input\":{\"@type\":\"PropertyValueSpecification\",\"valueRequired\":true,\"valueName\":\"search_term_string\"}}],\"inLanguage\":\"en-US\"}]}<\/script>\n<!-- \/ Yoast SEO Premium plugin. -->","yoast_head_json":{"title":"Tristel Clean - Nettoyage des dispositifs m\u00e9dicaux - Tristel France","description":"Tristel Clean est une mousse de nettoyage tri-enzymatique \u00e0 utiliser pour les sondes d\u2019\u00e9chographie invasives et non-invasives.","robots":{"index":"index","follow":"follow","max-snippet":"max-snippet:-1","max-image-preview":"max-image-preview:large","max-video-preview":"max-video-preview:-1"},"canonical":"https:\/\/tristel.com\/ch-fr\/product\/tristel-clean\/","og_locale":"en_US","og_type":"article","og_title":"Tristel Clean","og_description":"Tristel Clean est une mousse de nettoyage tri-enzymatique \u00e0 utiliser pour les sondes d\u2019\u00e9chographie invasives et non-invasives.","og_url":"https:\/\/tristel.com\/ch-fr\/product\/tristel-clean\/","og_site_name":"Tristel - Switzerland - FR","article_modified_time":"2024-03-07T14:53:21+00:00","og_image":[{"width":800,"height":600,"url":"https:\/\/tristel.com\/ch-fr\/wp-content\/uploads\/sites\/30\/2021\/05\/Tristel-Clean-Product-Image.png","type":"image\/png"}],"twitter_card":"summary_large_image","twitter_misc":{"Est. reading time":"1 minute"},"schema":{"@context":"https:\/\/schema.org","@graph":[{"@type":"WebPage","@id":"https:\/\/tristel.com\/ch-fr\/product\/tristel-clean\/","url":"https:\/\/tristel.com\/ch-fr\/product\/tristel-clean\/","name":"Tristel Clean - Nettoyage des dispositifs m\u00e9dicaux - Tristel France","isPartOf":{"@id":"https:\/\/tristel.com\/ch-fr\/#website"},"primaryImageOfPage":{"@id":"https:\/\/tristel.com\/ch-fr\/product\/tristel-clean\/#primaryimage"},"image":{"@id":"https:\/\/tristel.com\/ch-fr\/product\/tristel-clean\/#primaryimage"},"thumbnailUrl":"https:\/\/tristel.com\/ch-fr\/wp-content\/uploads\/sites\/30\/2021\/05\/Tristel-Clean-Product-Image.png","datePublished":"2021-05-18T08:32:54+00:00","dateModified":"2024-03-07T14:53:21+00:00","description":"Tristel Clean est une mousse de nettoyage tri-enzymatique \u00e0 utiliser pour les sondes d\u2019\u00e9chographie invasives et non-invasives.","breadcrumb":{"@id":"https:\/\/tristel.com\/ch-fr\/product\/tristel-clean\/#breadcrumb"},"inLanguage":"en-US","potentialAction":[{"@type":"ReadAction","target":["https:\/\/tristel.com\/ch-fr\/product\/tristel-clean\/"]}]},{"@type":"ImageObject","inLanguage":"en-US","@id":"https:\/\/tristel.com\/ch-fr\/product\/tristel-clean\/#primaryimage","url":"https:\/\/tristel.com\/ch-fr\/wp-content\/uploads\/sites\/30\/2021\/05\/Tristel-Clean-Product-Image.png","contentUrl":"https:\/\/tristel.com\/ch-fr\/wp-content\/uploads\/sites\/30\/2021\/05\/Tristel-Clean-Product-Image.png","width":800,"height":600,"caption":"Tristel Clean: mousse nettoyante tri-enzymatique"},{"@type":"BreadcrumbList","@id":"https:\/\/tristel.com\/ch-fr\/product\/tristel-clean\/#breadcrumb","itemListElement":[{"@type":"ListItem","position":1,"name":"Home","item":"https:\/\/tristel.com\/ch-fr\/"},{"@type":"ListItem","position":2,"name":"Private: Shop","item":"https:\/\/tristel.com\/ch-fr\/?page_id=58"},{"@type":"ListItem","position":3,"name":"Tristel Clean"}]},{"@type":"WebSite","@id":"https:\/\/tristel.com\/ch-fr\/#website","url":"https:\/\/tristel.com\/ch-fr\/","name":"Tristel - Switzerland - FR","description":"Tristel, pour la d\u00e9sinfection de haut niveau des dispositifs m\u00e9dicaux","potentialAction":[{"@type":"SearchAction","target":{"@type":"EntryPoint","urlTemplate":"https:\/\/tristel.com\/ch-fr\/?s={search_term_string}"},"query-input":{"@type":"PropertyValueSpecification","valueRequired":true,"valueName":"search_term_string"}}],"inLanguage":"en-US"}]}},"_links":{"self":[{"href":"https:\/\/tristel.com\/ch-fr\/wp-json\/wp\/v2\/product\/1696","targetHints":{"allow":["GET"]}}],"collection":[{"href":"https:\/\/tristel.com\/ch-fr\/wp-json\/wp\/v2\/product"}],"about":[{"href":"https:\/\/tristel.com\/ch-fr\/wp-json\/wp\/v2\/types\/product"}],"wp:featuredmedia":[{"embeddable":true,"href":"https:\/\/tristel.com\/ch-fr\/wp-json\/wp\/v2\/media\/1697"}],"wp:attachment":[{"href":"https:\/\/tristel.com\/ch-fr\/wp-json\/wp\/v2\/media?parent=1696"}],"wp:term":[{"taxonomy":"product_brand","embeddable":true,"href":"https:\/\/tristel.com\/ch-fr\/wp-json\/wp\/v2\/product_brand?post=1696"},{"taxonomy":"product_cat","embeddable":true,"href":"https:\/\/tristel.com\/ch-fr\/wp-json\/wp\/v2\/product_cat?post=1696"},{"taxonomy":"product_tag","embeddable":true,"href":"https:\/\/tristel.com\/ch-fr\/wp-json\/wp\/v2\/product_tag?post=1696"}],"curies":[{"name":"wp","href":"https:\/\/api.w.org\/{rel}","templated":true}]}}