{"id":1500,"date":"2021-05-10T13:39:56","date_gmt":"2021-05-10T11:39:56","guid":{"rendered":"https:\/\/tristel.com\/ch-fr\/?post_type=product&#038;p=1500"},"modified":"2025-05-16T12:56:16","modified_gmt":"2025-05-16T10:56:16","slug":"tristel-trio-wipes-system","status":"publish","type":"product","link":"https:\/\/tristel.com\/ch-fr\/product\/tristel-trio-wipes-system\/","title":{"rendered":"Tristel Trio Wipes System"},"content":{"rendered":"<p>Tristel Trio Wipes System est une solution compl\u00e8te pour la d\u00e9sinfection de haut niveau des dispositifs m\u00e9dicaux semi-critiques sans canal op\u00e9rateur. Il combine le nettoyage, la d\u00e9sinfection de haut niveau et le rin\u00e7age avec la tra\u00e7abilit\u00e9.<\/p>\n<p>D\u00e9sinfectez au point d&#8217;utilisation et \u00e9liminez la n\u00e9cessit\u00e9 d&#8217;envoyer les dispositifs au service central de st\u00e9rilisation. Avec Tristel Trio Wipes System, augmentez le d\u00e9bit de patients: la proc\u00e9dure compl\u00e8te de d\u00e9sinfection ne prend que quelques minutes.<\/p>\n<p>Proc\u00e9dure de d\u00e9sinfection simple et rapide en trois \u00e9tapes:<\/p>\n<p><strong>Premi\u00e8rement: le nettoyage<\/strong> avec la lingette de nettoyage (Tristel Pre-Clean Wipe). Il s&#8217;agit d&#8217;une lingette impr\u00e9gn\u00e9e d&#8217;un d\u00e9tergent tri-enzymatique. Elle \u00e9limine la salet\u00e9 et les mati\u00e8res organiques.<\/p>\n<p><strong>Deuxi\u00e8mement: la d\u00e9sinfection de haut niveau<\/strong> avec la lingette sporicide (Tristel Sporicidal Wipe) et la mousse activatrice (Tristel Activator Foam). Elles se combinent pour g\u00e9n\u00e9rer la chimie Tristel ClO\u2082, un d\u00e9sinfectant de haut niveau. Ce dernier \u00e9limine les micro-organismes en 30 secondes.<\/p>\n<p><strong>Troisi\u00e8mement: le rin\u00e7age<\/strong> avec la lingette de rin\u00e7age (Tristel Rinse Wipe). Cette lingette impr\u00e9gn\u00e9e d&#8217;eau st\u00e9rile \u00e9limine tout r\u00e9sidu chimique des surfaces des dispositifs m\u00e9dicaux apr\u00e8s la d\u00e9sinfection de haut niveau.<\/p>\n","protected":false},"excerpt":{"rendered":"<p>Tristel Trio Wipes System est une solution compl\u00e8te pour la d\u00e9sinfection de haut niveau des dispositifs m\u00e9dicaux semi-critiques sans canal op\u00e9rateur. Il combine le nettoyage, la d\u00e9sinfection de haut niveau et le rin\u00e7age avec la tra\u00e7abilit\u00e9.<\/p>\n<p>D\u00e9sinfectez au point d&#8217;utilisation et \u00e9liminez la n\u00e9cessit\u00e9 d&#8217;envoyer les dispositifs au service central de st\u00e9rilisation. Avec Tristel Trio Wipes System, augmentez le d\u00e9bit de patients: la proc\u00e9dure compl\u00e8te de d\u00e9sinfection ne prend que quelques minutes.<\/p>\n<p>Proc\u00e9dure de d\u00e9sinfection simple et rapide en trois \u00e9tapes:<\/p>\n<p><strong>Premi\u00e8rement: le nettoyage<\/strong> avec la lingette de nettoyage (Tristel Pre-Clean Wipe). Il s&#8217;agit d&#8217;une lingette impr\u00e9gn\u00e9e d&#8217;un d\u00e9tergent tri-enzymatique. Elle \u00e9limine la salet\u00e9 et les mati\u00e8res organiques.<\/p>\n<p><strong>Deuxi\u00e8mement: la d\u00e9sinfection de haut niveau<\/strong> avec la lingette sporicide (Tristel Sporicidal Wipe) et la mousse activatrice (Tristel Activator Foam). Elles se combinent pour g\u00e9n\u00e9rer la chimie Tristel ClO\u2082, un d\u00e9sinfectant de haut niveau. Ce dernier \u00e9limine les micro-organismes en 30 secondes.<\/p>\n<p><strong>Troisi\u00e8mement: le rin\u00e7age<\/strong> avec la lingette de rin\u00e7age (Tristel Rinse Wipe). Cette lingette impr\u00e9gn\u00e9e d&#8217;eau st\u00e9rile \u00e9limine tout r\u00e9sidu chimique des surfaces des dispositifs m\u00e9dicaux apr\u00e8s la d\u00e9sinfection de haut niveau.<\/p>\n","protected":false},"featured_media":3519,"template":"","meta":{"_acf_changed":false,"_relevanssi_hide_post":"","_relevanssi_hide_content":"","_relevanssi_pin_for_all":"","_relevanssi_pin_keywords":"","_relevanssi_unpin_keywords":"","_relevanssi_related_keywords":"","_relevanssi_related_include_ids":"","_relevanssi_related_exclude_ids":"","_relevanssi_related_no_append":"","_relevanssi_related_not_related":"","_relevanssi_related_posts":"","_relevanssi_noindex_reason":"","inline_featured_image":false},"product_brand":[],"product_cat":[20,19,37,48,33,36,21,56,50,32],"product_tag":[],"class_list":{"0":"post-1500","1":"product","2":"type-product","3":"status-publish","4":"has-post-thumbnail","6":"product_cat-cardiologie","7":"product_cat-echographie-et-radiologie","8":"product_cat-endoscopie","9":"product_cat-gestion-des-voies-respiratoires","10":"product_cat-gynecologie-fiv-et-reproduction","11":"product_cat-ophtalmologie","12":"product_cat-oto-rhino-laryngologie","13":"product_cat-tous-les-produits-tristel","14":"product_cat-tristel","15":"product_cat-urologie","17":"first","18":"instock","19":"taxable","20":"shipping-taxable","21":"product-type-simple"},"acf":[],"yoast_head":"<!-- This site is optimized with the Yoast SEO Premium plugin v27.2 (Yoast SEO v27.3) - https:\/\/yoast.com\/product\/yoast-seo-premium-wordpress\/ -->\n<title>Tristel Trio Wipes System - D\u00e9sinfection de haut niveau - Dioxyde de chlore (ClO\u2082)<\/title>\n<meta name=\"description\" content=\"D\u00e9sinfection de haut niveau des dispositifs m\u00e9dicaux semi-critiques sans canal op\u00e9rateur en 3 \u00e9tapes: nettoyage, d\u00e9sinfection et rin\u00e7age.\" \/>\n<meta name=\"robots\" content=\"index, follow, max-snippet:-1, max-image-preview:large, max-video-preview:-1\" \/>\n<link rel=\"canonical\" href=\"https:\/\/tristel.com\/ch-fr\/product\/tristel-trio-wipes-system\/\" \/>\n<meta property=\"og:locale\" content=\"en_US\" \/>\n<meta property=\"og:type\" content=\"article\" \/>\n<meta property=\"og:title\" content=\"Tristel Trio Wipes System\" \/>\n<meta property=\"og:description\" content=\"D\u00e9sinfection de haut niveau des dispositifs m\u00e9dicaux semi-critiques sans canal op\u00e9rateur en 3 \u00e9tapes: nettoyage, d\u00e9sinfection et rin\u00e7age.\" \/>\n<meta property=\"og:url\" content=\"https:\/\/tristel.com\/ch-fr\/product\/tristel-trio-wipes-system\/\" \/>\n<meta property=\"og:site_name\" content=\"Tristel - Switzerland - FR\" \/>\n<meta property=\"article:modified_time\" content=\"2025-05-16T10:56:16+00:00\" \/>\n<meta property=\"og:image\" content=\"https:\/\/tristel.com\/ch-fr\/wp-content\/uploads\/sites\/30\/2021\/05\/Trio-Product-Image-1.png\" \/>\n\t<meta property=\"og:image:width\" content=\"800\" \/>\n\t<meta property=\"og:image:height\" content=\"600\" \/>\n\t<meta property=\"og:image:type\" content=\"image\/png\" \/>\n<meta name=\"twitter:card\" content=\"summary_large_image\" \/>\n<meta name=\"twitter:label1\" content=\"Est. reading time\" \/>\n\t<meta name=\"twitter:data1\" content=\"1 minute\" \/>\n<script type=\"application\/ld+json\" class=\"yoast-schema-graph\">{\"@context\":\"https:\\\/\\\/schema.org\",\"@graph\":[{\"@type\":\"WebPage\",\"@id\":\"https:\\\/\\\/tristel.com\\\/ch-fr\\\/product\\\/tristel-trio-wipes-system\\\/\",\"url\":\"https:\\\/\\\/tristel.com\\\/ch-fr\\\/product\\\/tristel-trio-wipes-system\\\/\",\"name\":\"Tristel Trio Wipes System - D\u00e9sinfection de haut niveau - Dioxyde de chlore (ClO\u2082)\",\"isPartOf\":{\"@id\":\"https:\\\/\\\/tristel.com\\\/ch-fr\\\/#website\"},\"primaryImageOfPage\":{\"@id\":\"https:\\\/\\\/tristel.com\\\/ch-fr\\\/product\\\/tristel-trio-wipes-system\\\/#primaryimage\"},\"image\":{\"@id\":\"https:\\\/\\\/tristel.com\\\/ch-fr\\\/product\\\/tristel-trio-wipes-system\\\/#primaryimage\"},\"thumbnailUrl\":\"https:\\\/\\\/tristel.com\\\/ch-fr\\\/wp-content\\\/uploads\\\/sites\\\/30\\\/2021\\\/05\\\/Trio-Product-Image-1.png\",\"datePublished\":\"2021-05-10T11:39:56+00:00\",\"dateModified\":\"2025-05-16T10:56:16+00:00\",\"description\":\"D\u00e9sinfection de haut niveau des dispositifs m\u00e9dicaux semi-critiques sans canal op\u00e9rateur en 3 \u00e9tapes: nettoyage, d\u00e9sinfection et rin\u00e7age.\",\"breadcrumb\":{\"@id\":\"https:\\\/\\\/tristel.com\\\/ch-fr\\\/product\\\/tristel-trio-wipes-system\\\/#breadcrumb\"},\"inLanguage\":\"en-US\",\"potentialAction\":[{\"@type\":\"ReadAction\",\"target\":[\"https:\\\/\\\/tristel.com\\\/ch-fr\\\/product\\\/tristel-trio-wipes-system\\\/\"]}]},{\"@type\":\"ImageObject\",\"inLanguage\":\"en-US\",\"@id\":\"https:\\\/\\\/tristel.com\\\/ch-fr\\\/product\\\/tristel-trio-wipes-system\\\/#primaryimage\",\"url\":\"https:\\\/\\\/tristel.com\\\/ch-fr\\\/wp-content\\\/uploads\\\/sites\\\/30\\\/2021\\\/05\\\/Trio-Product-Image-1.png\",\"contentUrl\":\"https:\\\/\\\/tristel.com\\\/ch-fr\\\/wp-content\\\/uploads\\\/sites\\\/30\\\/2021\\\/05\\\/Trio-Product-Image-1.png\",\"width\":800,\"height\":600},{\"@type\":\"BreadcrumbList\",\"@id\":\"https:\\\/\\\/tristel.com\\\/ch-fr\\\/product\\\/tristel-trio-wipes-system\\\/#breadcrumb\",\"itemListElement\":[{\"@type\":\"ListItem\",\"position\":1,\"name\":\"Home\",\"item\":\"https:\\\/\\\/tristel.com\\\/ch-fr\\\/\"},{\"@type\":\"ListItem\",\"position\":2,\"name\":\"Private: Shop\",\"item\":\"https:\\\/\\\/tristel.com\\\/ch-fr\\\/?page_id=58\"},{\"@type\":\"ListItem\",\"position\":3,\"name\":\"Tristel Trio Wipes System\"}]},{\"@type\":\"WebSite\",\"@id\":\"https:\\\/\\\/tristel.com\\\/ch-fr\\\/#website\",\"url\":\"https:\\\/\\\/tristel.com\\\/ch-fr\\\/\",\"name\":\"Tristel - Switzerland - FR\",\"description\":\"Tristel, pour la d\u00e9sinfection de haut niveau des dispositifs m\u00e9dicaux\",\"potentialAction\":[{\"@type\":\"SearchAction\",\"target\":{\"@type\":\"EntryPoint\",\"urlTemplate\":\"https:\\\/\\\/tristel.com\\\/ch-fr\\\/?s={search_term_string}\"},\"query-input\":{\"@type\":\"PropertyValueSpecification\",\"valueRequired\":true,\"valueName\":\"search_term_string\"}}],\"inLanguage\":\"en-US\"}]}<\/script>\n<!-- \/ Yoast SEO Premium plugin. -->","yoast_head_json":{"title":"Tristel Trio Wipes System - D\u00e9sinfection de haut niveau - Dioxyde de chlore (ClO\u2082)","description":"D\u00e9sinfection de haut niveau des dispositifs m\u00e9dicaux semi-critiques sans canal op\u00e9rateur en 3 \u00e9tapes: nettoyage, d\u00e9sinfection et rin\u00e7age.","robots":{"index":"index","follow":"follow","max-snippet":"max-snippet:-1","max-image-preview":"max-image-preview:large","max-video-preview":"max-video-preview:-1"},"canonical":"https:\/\/tristel.com\/ch-fr\/product\/tristel-trio-wipes-system\/","og_locale":"en_US","og_type":"article","og_title":"Tristel Trio Wipes System","og_description":"D\u00e9sinfection de haut niveau des dispositifs m\u00e9dicaux semi-critiques sans canal op\u00e9rateur en 3 \u00e9tapes: nettoyage, d\u00e9sinfection et rin\u00e7age.","og_url":"https:\/\/tristel.com\/ch-fr\/product\/tristel-trio-wipes-system\/","og_site_name":"Tristel - Switzerland - FR","article_modified_time":"2025-05-16T10:56:16+00:00","og_image":[{"width":800,"height":600,"url":"https:\/\/tristel.com\/ch-fr\/wp-content\/uploads\/sites\/30\/2021\/05\/Trio-Product-Image-1.png","type":"image\/png"}],"twitter_card":"summary_large_image","twitter_misc":{"Est. reading time":"1 minute"},"schema":{"@context":"https:\/\/schema.org","@graph":[{"@type":"WebPage","@id":"https:\/\/tristel.com\/ch-fr\/product\/tristel-trio-wipes-system\/","url":"https:\/\/tristel.com\/ch-fr\/product\/tristel-trio-wipes-system\/","name":"Tristel Trio Wipes System - D\u00e9sinfection de haut niveau - Dioxyde de chlore (ClO\u2082)","isPartOf":{"@id":"https:\/\/tristel.com\/ch-fr\/#website"},"primaryImageOfPage":{"@id":"https:\/\/tristel.com\/ch-fr\/product\/tristel-trio-wipes-system\/#primaryimage"},"image":{"@id":"https:\/\/tristel.com\/ch-fr\/product\/tristel-trio-wipes-system\/#primaryimage"},"thumbnailUrl":"https:\/\/tristel.com\/ch-fr\/wp-content\/uploads\/sites\/30\/2021\/05\/Trio-Product-Image-1.png","datePublished":"2021-05-10T11:39:56+00:00","dateModified":"2025-05-16T10:56:16+00:00","description":"D\u00e9sinfection de haut niveau des dispositifs m\u00e9dicaux semi-critiques sans canal op\u00e9rateur en 3 \u00e9tapes: nettoyage, d\u00e9sinfection et rin\u00e7age.","breadcrumb":{"@id":"https:\/\/tristel.com\/ch-fr\/product\/tristel-trio-wipes-system\/#breadcrumb"},"inLanguage":"en-US","potentialAction":[{"@type":"ReadAction","target":["https:\/\/tristel.com\/ch-fr\/product\/tristel-trio-wipes-system\/"]}]},{"@type":"ImageObject","inLanguage":"en-US","@id":"https:\/\/tristel.com\/ch-fr\/product\/tristel-trio-wipes-system\/#primaryimage","url":"https:\/\/tristel.com\/ch-fr\/wp-content\/uploads\/sites\/30\/2021\/05\/Trio-Product-Image-1.png","contentUrl":"https:\/\/tristel.com\/ch-fr\/wp-content\/uploads\/sites\/30\/2021\/05\/Trio-Product-Image-1.png","width":800,"height":600},{"@type":"BreadcrumbList","@id":"https:\/\/tristel.com\/ch-fr\/product\/tristel-trio-wipes-system\/#breadcrumb","itemListElement":[{"@type":"ListItem","position":1,"name":"Home","item":"https:\/\/tristel.com\/ch-fr\/"},{"@type":"ListItem","position":2,"name":"Private: Shop","item":"https:\/\/tristel.com\/ch-fr\/?page_id=58"},{"@type":"ListItem","position":3,"name":"Tristel Trio Wipes System"}]},{"@type":"WebSite","@id":"https:\/\/tristel.com\/ch-fr\/#website","url":"https:\/\/tristel.com\/ch-fr\/","name":"Tristel - Switzerland - FR","description":"Tristel, pour la d\u00e9sinfection de haut niveau des dispositifs m\u00e9dicaux","potentialAction":[{"@type":"SearchAction","target":{"@type":"EntryPoint","urlTemplate":"https:\/\/tristel.com\/ch-fr\/?s={search_term_string}"},"query-input":{"@type":"PropertyValueSpecification","valueRequired":true,"valueName":"search_term_string"}}],"inLanguage":"en-US"}]}},"_links":{"self":[{"href":"https:\/\/tristel.com\/ch-fr\/wp-json\/wp\/v2\/product\/1500","targetHints":{"allow":["GET"]}}],"collection":[{"href":"https:\/\/tristel.com\/ch-fr\/wp-json\/wp\/v2\/product"}],"about":[{"href":"https:\/\/tristel.com\/ch-fr\/wp-json\/wp\/v2\/types\/product"}],"wp:featuredmedia":[{"embeddable":true,"href":"https:\/\/tristel.com\/ch-fr\/wp-json\/wp\/v2\/media\/3519"}],"wp:attachment":[{"href":"https:\/\/tristel.com\/ch-fr\/wp-json\/wp\/v2\/media?parent=1500"}],"wp:term":[{"taxonomy":"product_brand","embeddable":true,"href":"https:\/\/tristel.com\/ch-fr\/wp-json\/wp\/v2\/product_brand?post=1500"},{"taxonomy":"product_cat","embeddable":true,"href":"https:\/\/tristel.com\/ch-fr\/wp-json\/wp\/v2\/product_cat?post=1500"},{"taxonomy":"product_tag","embeddable":true,"href":"https:\/\/tristel.com\/ch-fr\/wp-json\/wp\/v2\/product_tag?post=1500"}],"curies":[{"name":"wp","href":"https:\/\/api.w.org\/{rel}","templated":true}]}}