{"id":39,"date":"2020-11-03T17:52:01","date_gmt":"2020-11-03T16:52:01","guid":{"rendered":"https:\/\/tristel.com\/ch-fr\/?page_id=39"},"modified":"2022-07-28T11:38:32","modified_gmt":"2022-07-28T09:38:32","slug":"triology","status":"publish","type":"page","link":"https:\/\/tristel.com\/ch-fr\/triology\/","title":{"rendered":"Triology"},"content":{"rendered":"\r\n<p>Triology vous tient au courant des derniers d\u00e9veloppements en mati\u00e8re de contr\u00f4le des infections, des agents pathog\u00e8nes \u00e0 surveiller et des moyens de les pr\u00e9venir. Il suffit de cliquer ou d&#8217;appuyer sur le lien pour t\u00e9l\u00e9charger un article Triology ou un autre contenu.<\/p>\r\n","protected":false},"excerpt":{"rendered":"<p>Triology vous tient au courant des derniers d\u00e9veloppements en mati\u00e8re de contr\u00f4le des infections, des agents pathog\u00e8nes \u00e0 surveiller et des moyens de les pr\u00e9venir. Il suffit de cliquer ou [&hellip;]<\/p>\n","protected":false},"author":2,"featured_media":0,"parent":0,"menu_order":0,"comment_status":"closed","ping_status":"closed","template":"template-triology.php","meta":{"_acf_changed":false,"_relevanssi_hide_post":"","_relevanssi_hide_content":"","_relevanssi_pin_for_all":"","_relevanssi_pin_keywords":"","_relevanssi_unpin_keywords":"","_relevanssi_related_keywords":"","_relevanssi_related_include_ids":"","_relevanssi_related_exclude_ids":"","_relevanssi_related_no_append":"","_relevanssi_related_not_related":"","_relevanssi_related_posts":"","_relevanssi_noindex_reason":"","inline_featured_image":false,"footnotes":""},"class_list":["post-39","page","type-page","status-publish","hentry"],"acf":[],"yoast_head":"<!-- This site is optimized with the Yoast SEO Premium plugin v27.2 (Yoast SEO v27.3) - https:\/\/yoast.com\/product\/yoast-seo-premium-wordpress\/ -->\n<title>Triology - Tristel - Switzerland - FR<\/title>\n<meta name=\"robots\" content=\"index, follow, max-snippet:-1, max-image-preview:large, max-video-preview:-1\" \/>\n<link rel=\"canonical\" href=\"https:\/\/tristel.com\/ch-fr\/triology\/\" \/>\n<meta property=\"og:locale\" content=\"en_US\" \/>\n<meta property=\"og:type\" content=\"article\" \/>\n<meta property=\"og:title\" content=\"Triology\" \/>\n<meta property=\"og:description\" content=\"Triology vous tient au courant des derniers d\u00e9veloppements en mati\u00e8re de contr\u00f4le des infections, des agents pathog\u00e8nes \u00e0 surveiller et des moyens de les pr\u00e9venir. Il suffit de cliquer ou [&hellip;]\" \/>\n<meta property=\"og:url\" content=\"https:\/\/tristel.com\/ch-fr\/triology\/\" \/>\n<meta property=\"og:site_name\" content=\"Tristel - Switzerland - FR\" \/>\n<meta property=\"article:modified_time\" content=\"2022-07-28T09:38:32+00:00\" \/>\n<meta name=\"twitter:card\" content=\"summary_large_image\" \/>\n<meta name=\"twitter:label1\" content=\"Est. reading time\" \/>\n\t<meta name=\"twitter:data1\" content=\"1 minute\" \/>\n<script type=\"application\/ld+json\" class=\"yoast-schema-graph\">{\"@context\":\"https:\\\/\\\/schema.org\",\"@graph\":[{\"@type\":\"WebPage\",\"@id\":\"https:\\\/\\\/tristel.com\\\/ch-fr\\\/triology\\\/\",\"url\":\"https:\\\/\\\/tristel.com\\\/ch-fr\\\/triology\\\/\",\"name\":\"Triology - Tristel - Switzerland - FR\",\"isPartOf\":{\"@id\":\"https:\\\/\\\/tristel.com\\\/ch-fr\\\/#website\"},\"datePublished\":\"2020-11-03T16:52:01+00:00\",\"dateModified\":\"2022-07-28T09:38:32+00:00\",\"breadcrumb\":{\"@id\":\"https:\\\/\\\/tristel.com\\\/ch-fr\\\/triology\\\/#breadcrumb\"},\"inLanguage\":\"en-US\",\"potentialAction\":[{\"@type\":\"ReadAction\",\"target\":[\"https:\\\/\\\/tristel.com\\\/ch-fr\\\/triology\\\/\"]}]},{\"@type\":\"BreadcrumbList\",\"@id\":\"https:\\\/\\\/tristel.com\\\/ch-fr\\\/triology\\\/#breadcrumb\",\"itemListElement\":[{\"@type\":\"ListItem\",\"position\":1,\"name\":\"Home\",\"item\":\"https:\\\/\\\/tristel.com\\\/ch-fr\\\/\"},{\"@type\":\"ListItem\",\"position\":2,\"name\":\"Triology\"}]},{\"@type\":\"WebSite\",\"@id\":\"https:\\\/\\\/tristel.com\\\/ch-fr\\\/#website\",\"url\":\"https:\\\/\\\/tristel.com\\\/ch-fr\\\/\",\"name\":\"Tristel - Switzerland - FR\",\"description\":\"Tristel, pour la d\u00e9sinfection de haut niveau des dispositifs m\u00e9dicaux\",\"potentialAction\":[{\"@type\":\"SearchAction\",\"target\":{\"@type\":\"EntryPoint\",\"urlTemplate\":\"https:\\\/\\\/tristel.com\\\/ch-fr\\\/?s={search_term_string}\"},\"query-input\":{\"@type\":\"PropertyValueSpecification\",\"valueRequired\":true,\"valueName\":\"search_term_string\"}}],\"inLanguage\":\"en-US\"}]}<\/script>\n<!-- \/ Yoast SEO Premium plugin. -->","yoast_head_json":{"title":"Triology - Tristel - Switzerland - FR","robots":{"index":"index","follow":"follow","max-snippet":"max-snippet:-1","max-image-preview":"max-image-preview:large","max-video-preview":"max-video-preview:-1"},"canonical":"https:\/\/tristel.com\/ch-fr\/triology\/","og_locale":"en_US","og_type":"article","og_title":"Triology","og_description":"Triology vous tient au courant des derniers d\u00e9veloppements en mati\u00e8re de contr\u00f4le des infections, des agents pathog\u00e8nes \u00e0 surveiller et des moyens de les pr\u00e9venir. Il suffit de cliquer ou [&hellip;]","og_url":"https:\/\/tristel.com\/ch-fr\/triology\/","og_site_name":"Tristel - Switzerland - FR","article_modified_time":"2022-07-28T09:38:32+00:00","twitter_card":"summary_large_image","twitter_misc":{"Est. reading time":"1 minute"},"schema":{"@context":"https:\/\/schema.org","@graph":[{"@type":"WebPage","@id":"https:\/\/tristel.com\/ch-fr\/triology\/","url":"https:\/\/tristel.com\/ch-fr\/triology\/","name":"Triology - Tristel - Switzerland - FR","isPartOf":{"@id":"https:\/\/tristel.com\/ch-fr\/#website"},"datePublished":"2020-11-03T16:52:01+00:00","dateModified":"2022-07-28T09:38:32+00:00","breadcrumb":{"@id":"https:\/\/tristel.com\/ch-fr\/triology\/#breadcrumb"},"inLanguage":"en-US","potentialAction":[{"@type":"ReadAction","target":["https:\/\/tristel.com\/ch-fr\/triology\/"]}]},{"@type":"BreadcrumbList","@id":"https:\/\/tristel.com\/ch-fr\/triology\/#breadcrumb","itemListElement":[{"@type":"ListItem","position":1,"name":"Home","item":"https:\/\/tristel.com\/ch-fr\/"},{"@type":"ListItem","position":2,"name":"Triology"}]},{"@type":"WebSite","@id":"https:\/\/tristel.com\/ch-fr\/#website","url":"https:\/\/tristel.com\/ch-fr\/","name":"Tristel - Switzerland - FR","description":"Tristel, pour la d\u00e9sinfection de haut niveau des dispositifs m\u00e9dicaux","potentialAction":[{"@type":"SearchAction","target":{"@type":"EntryPoint","urlTemplate":"https:\/\/tristel.com\/ch-fr\/?s={search_term_string}"},"query-input":{"@type":"PropertyValueSpecification","valueRequired":true,"valueName":"search_term_string"}}],"inLanguage":"en-US"}]}},"_links":{"self":[{"href":"https:\/\/tristel.com\/ch-fr\/wp-json\/wp\/v2\/pages\/39","targetHints":{"allow":["GET"]}}],"collection":[{"href":"https:\/\/tristel.com\/ch-fr\/wp-json\/wp\/v2\/pages"}],"about":[{"href":"https:\/\/tristel.com\/ch-fr\/wp-json\/wp\/v2\/types\/page"}],"author":[{"embeddable":true,"href":"https:\/\/tristel.com\/ch-fr\/wp-json\/wp\/v2\/users\/2"}],"replies":[{"embeddable":true,"href":"https:\/\/tristel.com\/ch-fr\/wp-json\/wp\/v2\/comments?post=39"}],"version-history":[{"count":0,"href":"https:\/\/tristel.com\/ch-fr\/wp-json\/wp\/v2\/pages\/39\/revisions"}],"wp:attachment":[{"href":"https:\/\/tristel.com\/ch-fr\/wp-json\/wp\/v2\/media?parent=39"}],"curies":[{"name":"wp","href":"https:\/\/api.w.org\/{rel}","templated":true}]}}