{"id":33,"date":"2020-11-03T17:50:25","date_gmt":"2020-11-03T17:50:25","guid":{"rendered":"https:\/\/tristel.com\/ch-fr\/?page_id=33"},"modified":"2024-02-27T17:16:30","modified_gmt":"2024-02-27T16:16:30","slug":"a-propos","status":"publish","type":"page","link":"https:\/\/tristel.com\/ch-fr\/a-propos\/","title":{"rendered":"\u00c0 propos"},"content":{"rendered":"","protected":false},"excerpt":{"rendered":"","protected":false},"author":27,"featured_media":0,"parent":0,"menu_order":0,"comment_status":"closed","ping_status":"closed","template":"","meta":{"_acf_changed":false,"_relevanssi_hide_post":"","_relevanssi_hide_content":"","_relevanssi_pin_for_all":"","_relevanssi_pin_keywords":"","_relevanssi_unpin_keywords":"","_relevanssi_related_keywords":"","_relevanssi_related_include_ids":"","_relevanssi_related_exclude_ids":"","_relevanssi_related_no_append":"","_relevanssi_related_not_related":"","_relevanssi_related_posts":"","_relevanssi_noindex_reason":"","inline_featured_image":false,"footnotes":""},"class_list":["post-33","page","type-page","status-publish","hentry"],"acf":[],"yoast_head":"<!-- This site is optimized with the Yoast SEO Premium plugin v27.2 (Yoast SEO v27.3) - https:\/\/yoast.com\/product\/yoast-seo-premium-wordpress\/ -->\n<title>\u00c0 propos - Tristel France<\/title>\n<meta name=\"description\" content=\"\u00c0 propos de nous. We Have Chemistry. Tristel est un leader mondial de la pr\u00e9vention des infections.\" \/>\n<meta name=\"robots\" content=\"index, follow, max-snippet:-1, max-image-preview:large, max-video-preview:-1\" \/>\n<link rel=\"canonical\" href=\"https:\/\/tristel.com\/ch-fr\/a-propos\/\" \/>\n<meta property=\"og:locale\" content=\"en_US\" \/>\n<meta property=\"og:type\" content=\"article\" \/>\n<meta property=\"og:title\" content=\"\u00c0 propos\" \/>\n<meta property=\"og:description\" content=\"\u00c0 propos de nous. We Have Chemistry. Tristel est un leader mondial de la pr\u00e9vention des infections.\" \/>\n<meta property=\"og:url\" content=\"https:\/\/tristel.com\/ch-fr\/a-propos\/\" \/>\n<meta property=\"og:site_name\" content=\"Tristel - Switzerland - FR\" \/>\n<meta property=\"article:modified_time\" content=\"2024-02-27T16:16:30+00:00\" \/>\n<meta name=\"twitter:card\" content=\"summary_large_image\" \/>\n<meta name=\"twitter:label1\" content=\"Est. reading time\" \/>\n\t<meta name=\"twitter:data1\" content=\"2 minutes\" \/>\n<script type=\"application\/ld+json\" class=\"yoast-schema-graph\">{\"@context\":\"https:\\\/\\\/schema.org\",\"@graph\":[{\"@type\":\"WebPage\",\"@id\":\"https:\\\/\\\/tristel.com\\\/ch-fr\\\/a-propos\\\/\",\"url\":\"https:\\\/\\\/tristel.com\\\/ch-fr\\\/a-propos\\\/\",\"name\":\"\u00c0 propos - Tristel France\",\"isPartOf\":{\"@id\":\"https:\\\/\\\/tristel.com\\\/ch-fr\\\/#website\"},\"datePublished\":\"2020-11-03T17:50:25+00:00\",\"dateModified\":\"2024-02-27T16:16:30+00:00\",\"description\":\"\u00c0 propos de nous. We Have Chemistry. Tristel est un leader mondial de la pr\u00e9vention des infections.\",\"breadcrumb\":{\"@id\":\"https:\\\/\\\/tristel.com\\\/ch-fr\\\/a-propos\\\/#breadcrumb\"},\"inLanguage\":\"en-US\",\"potentialAction\":[{\"@type\":\"ReadAction\",\"target\":[\"https:\\\/\\\/tristel.com\\\/ch-fr\\\/a-propos\\\/\"]}]},{\"@type\":\"BreadcrumbList\",\"@id\":\"https:\\\/\\\/tristel.com\\\/ch-fr\\\/a-propos\\\/#breadcrumb\",\"itemListElement\":[{\"@type\":\"ListItem\",\"position\":1,\"name\":\"Home\",\"item\":\"https:\\\/\\\/tristel.com\\\/ch-fr\\\/\"},{\"@type\":\"ListItem\",\"position\":2,\"name\":\"\u00c0 propos\"}]},{\"@type\":\"WebSite\",\"@id\":\"https:\\\/\\\/tristel.com\\\/ch-fr\\\/#website\",\"url\":\"https:\\\/\\\/tristel.com\\\/ch-fr\\\/\",\"name\":\"Tristel - Switzerland - FR\",\"description\":\"Tristel, pour la d\u00e9sinfection de haut niveau des dispositifs m\u00e9dicaux\",\"potentialAction\":[{\"@type\":\"SearchAction\",\"target\":{\"@type\":\"EntryPoint\",\"urlTemplate\":\"https:\\\/\\\/tristel.com\\\/ch-fr\\\/?s={search_term_string}\"},\"query-input\":{\"@type\":\"PropertyValueSpecification\",\"valueRequired\":true,\"valueName\":\"search_term_string\"}}],\"inLanguage\":\"en-US\"}]}<\/script>\n<!-- \/ Yoast SEO Premium plugin. -->","yoast_head_json":{"title":"\u00c0 propos - Tristel France","description":"\u00c0 propos de nous. We Have Chemistry. Tristel est un leader mondial de la pr\u00e9vention des infections.","robots":{"index":"index","follow":"follow","max-snippet":"max-snippet:-1","max-image-preview":"max-image-preview:large","max-video-preview":"max-video-preview:-1"},"canonical":"https:\/\/tristel.com\/ch-fr\/a-propos\/","og_locale":"en_US","og_type":"article","og_title":"\u00c0 propos","og_description":"\u00c0 propos de nous. We Have Chemistry. Tristel est un leader mondial de la pr\u00e9vention des infections.","og_url":"https:\/\/tristel.com\/ch-fr\/a-propos\/","og_site_name":"Tristel - Switzerland - FR","article_modified_time":"2024-02-27T16:16:30+00:00","twitter_card":"summary_large_image","twitter_misc":{"Est. reading time":"2 minutes"},"schema":{"@context":"https:\/\/schema.org","@graph":[{"@type":"WebPage","@id":"https:\/\/tristel.com\/ch-fr\/a-propos\/","url":"https:\/\/tristel.com\/ch-fr\/a-propos\/","name":"\u00c0 propos - Tristel France","isPartOf":{"@id":"https:\/\/tristel.com\/ch-fr\/#website"},"datePublished":"2020-11-03T17:50:25+00:00","dateModified":"2024-02-27T16:16:30+00:00","description":"\u00c0 propos de nous. We Have Chemistry. Tristel est un leader mondial de la pr\u00e9vention des infections.","breadcrumb":{"@id":"https:\/\/tristel.com\/ch-fr\/a-propos\/#breadcrumb"},"inLanguage":"en-US","potentialAction":[{"@type":"ReadAction","target":["https:\/\/tristel.com\/ch-fr\/a-propos\/"]}]},{"@type":"BreadcrumbList","@id":"https:\/\/tristel.com\/ch-fr\/a-propos\/#breadcrumb","itemListElement":[{"@type":"ListItem","position":1,"name":"Home","item":"https:\/\/tristel.com\/ch-fr\/"},{"@type":"ListItem","position":2,"name":"\u00c0 propos"}]},{"@type":"WebSite","@id":"https:\/\/tristel.com\/ch-fr\/#website","url":"https:\/\/tristel.com\/ch-fr\/","name":"Tristel - Switzerland - FR","description":"Tristel, pour la d\u00e9sinfection de haut niveau des dispositifs m\u00e9dicaux","potentialAction":[{"@type":"SearchAction","target":{"@type":"EntryPoint","urlTemplate":"https:\/\/tristel.com\/ch-fr\/?s={search_term_string}"},"query-input":{"@type":"PropertyValueSpecification","valueRequired":true,"valueName":"search_term_string"}}],"inLanguage":"en-US"}]}},"_links":{"self":[{"href":"https:\/\/tristel.com\/ch-fr\/wp-json\/wp\/v2\/pages\/33","targetHints":{"allow":["GET"]}}],"collection":[{"href":"https:\/\/tristel.com\/ch-fr\/wp-json\/wp\/v2\/pages"}],"about":[{"href":"https:\/\/tristel.com\/ch-fr\/wp-json\/wp\/v2\/types\/page"}],"author":[{"embeddable":true,"href":"https:\/\/tristel.com\/ch-fr\/wp-json\/wp\/v2\/users\/27"}],"replies":[{"embeddable":true,"href":"https:\/\/tristel.com\/ch-fr\/wp-json\/wp\/v2\/comments?post=33"}],"version-history":[{"count":0,"href":"https:\/\/tristel.com\/ch-fr\/wp-json\/wp\/v2\/pages\/33\/revisions"}],"wp:attachment":[{"href":"https:\/\/tristel.com\/ch-fr\/wp-json\/wp\/v2\/media?parent=33"}],"curies":[{"name":"wp","href":"https:\/\/api.w.org\/{rel}","templated":true}]}}