{"id":3043,"date":"2022-07-28T09:48:17","date_gmt":"2022-07-28T07:48:17","guid":{"rendered":"https:\/\/tristel.com\/ch-fr\/?page_id=3043"},"modified":"2023-03-31T09:58:53","modified_gmt":"2023-03-31T07:58:53","slug":"blog-la-face-cachee-des-automates","status":"publish","type":"page","link":"https:\/\/tristel.com\/ch-fr\/blog-la-face-cachee-des-automates\/","title":{"rendered":"La face cach\u00e9e des automates"},"content":{"rendered":"","protected":false},"excerpt":{"rendered":"","protected":false},"author":13,"featured_media":3050,"parent":0,"menu_order":0,"comment_status":"closed","ping_status":"closed","template":"","meta":{"_acf_changed":false,"_relevanssi_hide_post":"","_relevanssi_hide_content":"","_relevanssi_pin_for_all":"","_relevanssi_pin_keywords":"","_relevanssi_unpin_keywords":"","_relevanssi_related_keywords":"","_relevanssi_related_include_ids":"","_relevanssi_related_exclude_ids":"","_relevanssi_related_no_append":"","_relevanssi_related_not_related":"","_relevanssi_related_posts":"","_relevanssi_noindex_reason":"","inline_featured_image":false,"footnotes":""},"class_list":["post-3043","page","type-page","status-publish","has-post-thumbnail","hentry"],"acf":[],"yoast_head":"<!-- This site is optimized with the Yoast SEO Premium plugin v27.2 (Yoast SEO v27.3) - https:\/\/yoast.com\/product\/yoast-seo-premium-wordpress\/ -->\n<title>La face cach\u00e9e des automates - Tristel<\/title>\n<meta name=\"description\" content=\"Les automates ne permettent pas de traiter l\u2019enti\u00e8ret\u00e9 des dispositifs \u00e9chographiques. Ils n\u2019int\u00e8grent pas l\u2019\u00e9tape essentielle du nettoyage avant la d\u00e9sinfection de haut niveau et ne couvrent pas les poign\u00e9es, commandes, bo\u00eetiers de connecteurs et c\u00e2bles des dispositifs.\" \/>\n<meta name=\"robots\" content=\"index, follow, max-snippet:-1, max-image-preview:large, max-video-preview:-1\" \/>\n<link rel=\"canonical\" href=\"https:\/\/tristel.com\/ch-fr\/blog-la-face-cachee-des-automates\/\" \/>\n<meta property=\"og:locale\" content=\"en_US\" \/>\n<meta property=\"og:type\" content=\"article\" \/>\n<meta property=\"og:title\" content=\"La face cach\u00e9e des automates\" \/>\n<meta property=\"og:description\" content=\"Les automates ne permettent pas de traiter l\u2019enti\u00e8ret\u00e9 des dispositifs \u00e9chographiques. Ils n\u2019int\u00e8grent pas l\u2019\u00e9tape essentielle du nettoyage avant la d\u00e9sinfection de haut niveau et ne couvrent pas les poign\u00e9es, commandes, bo\u00eetiers de connecteurs et c\u00e2bles des dispositifs.\" \/>\n<meta property=\"og:url\" content=\"https:\/\/tristel.com\/ch-fr\/blog-la-face-cachee-des-automates\/\" \/>\n<meta property=\"og:site_name\" content=\"Tristel - Switzerland - FR\" \/>\n<meta property=\"article:modified_time\" content=\"2023-03-31T07:58:53+00:00\" \/>\n<meta property=\"og:image\" content=\"https:\/\/tristel.com\/ch-fr\/wp-content\/uploads\/sites\/30\/2022\/05\/Page-Thumbnails-echographie.jpg\" \/>\n\t<meta property=\"og:image:width\" content=\"1563\" \/>\n\t<meta property=\"og:image:height\" content=\"833\" \/>\n\t<meta property=\"og:image:type\" content=\"image\/jpeg\" \/>\n<meta name=\"twitter:card\" content=\"summary_large_image\" \/>\n<script type=\"application\/ld+json\" class=\"yoast-schema-graph\">{\"@context\":\"https:\\\/\\\/schema.org\",\"@graph\":[{\"@type\":\"WebPage\",\"@id\":\"https:\\\/\\\/tristel.com\\\/ch-fr\\\/blog-la-face-cachee-des-automates\\\/\",\"url\":\"https:\\\/\\\/tristel.com\\\/ch-fr\\\/blog-la-face-cachee-des-automates\\\/\",\"name\":\"La face cach\u00e9e des automates - Tristel\",\"isPartOf\":{\"@id\":\"https:\\\/\\\/tristel.com\\\/ch-fr\\\/#website\"},\"primaryImageOfPage\":{\"@id\":\"https:\\\/\\\/tristel.com\\\/ch-fr\\\/blog-la-face-cachee-des-automates\\\/#primaryimage\"},\"image\":{\"@id\":\"https:\\\/\\\/tristel.com\\\/ch-fr\\\/blog-la-face-cachee-des-automates\\\/#primaryimage\"},\"thumbnailUrl\":\"https:\\\/\\\/tristel.com\\\/ch-fr\\\/wp-content\\\/uploads\\\/sites\\\/30\\\/2022\\\/05\\\/Page-Thumbnails-echographie.jpg\",\"datePublished\":\"2022-07-28T07:48:17+00:00\",\"dateModified\":\"2023-03-31T07:58:53+00:00\",\"description\":\"Les automates ne permettent pas de traiter l\u2019enti\u00e8ret\u00e9 des dispositifs \u00e9chographiques. Ils n\u2019int\u00e8grent pas l\u2019\u00e9tape essentielle du nettoyage avant la d\u00e9sinfection de haut niveau et ne couvrent pas les poign\u00e9es, commandes, bo\u00eetiers de connecteurs et c\u00e2bles des dispositifs.\",\"breadcrumb\":{\"@id\":\"https:\\\/\\\/tristel.com\\\/ch-fr\\\/blog-la-face-cachee-des-automates\\\/#breadcrumb\"},\"inLanguage\":\"en-US\",\"potentialAction\":[{\"@type\":\"ReadAction\",\"target\":[\"https:\\\/\\\/tristel.com\\\/ch-fr\\\/blog-la-face-cachee-des-automates\\\/\"]}]},{\"@type\":\"ImageObject\",\"inLanguage\":\"en-US\",\"@id\":\"https:\\\/\\\/tristel.com\\\/ch-fr\\\/blog-la-face-cachee-des-automates\\\/#primaryimage\",\"url\":\"https:\\\/\\\/tristel.com\\\/ch-fr\\\/wp-content\\\/uploads\\\/sites\\\/30\\\/2022\\\/05\\\/Page-Thumbnails-echographie.jpg\",\"contentUrl\":\"https:\\\/\\\/tristel.com\\\/ch-fr\\\/wp-content\\\/uploads\\\/sites\\\/30\\\/2022\\\/05\\\/Page-Thumbnails-echographie.jpg\",\"width\":1563,\"height\":833},{\"@type\":\"BreadcrumbList\",\"@id\":\"https:\\\/\\\/tristel.com\\\/ch-fr\\\/blog-la-face-cachee-des-automates\\\/#breadcrumb\",\"itemListElement\":[{\"@type\":\"ListItem\",\"position\":1,\"name\":\"Home\",\"item\":\"https:\\\/\\\/tristel.com\\\/ch-fr\\\/\"},{\"@type\":\"ListItem\",\"position\":2,\"name\":\"La face cach\u00e9e des automates\"}]},{\"@type\":\"WebSite\",\"@id\":\"https:\\\/\\\/tristel.com\\\/ch-fr\\\/#website\",\"url\":\"https:\\\/\\\/tristel.com\\\/ch-fr\\\/\",\"name\":\"Tristel - Switzerland - FR\",\"description\":\"Tristel, pour la d\u00e9sinfection de haut niveau des dispositifs m\u00e9dicaux\",\"potentialAction\":[{\"@type\":\"SearchAction\",\"target\":{\"@type\":\"EntryPoint\",\"urlTemplate\":\"https:\\\/\\\/tristel.com\\\/ch-fr\\\/?s={search_term_string}\"},\"query-input\":{\"@type\":\"PropertyValueSpecification\",\"valueRequired\":true,\"valueName\":\"search_term_string\"}}],\"inLanguage\":\"en-US\"}]}<\/script>\n<!-- \/ Yoast SEO Premium plugin. -->","yoast_head_json":{"title":"La face cach\u00e9e des automates - Tristel","description":"Les automates ne permettent pas de traiter l\u2019enti\u00e8ret\u00e9 des dispositifs \u00e9chographiques. Ils n\u2019int\u00e8grent pas l\u2019\u00e9tape essentielle du nettoyage avant la d\u00e9sinfection de haut niveau et ne couvrent pas les poign\u00e9es, commandes, bo\u00eetiers de connecteurs et c\u00e2bles des dispositifs.","robots":{"index":"index","follow":"follow","max-snippet":"max-snippet:-1","max-image-preview":"max-image-preview:large","max-video-preview":"max-video-preview:-1"},"canonical":"https:\/\/tristel.com\/ch-fr\/blog-la-face-cachee-des-automates\/","og_locale":"en_US","og_type":"article","og_title":"La face cach\u00e9e des automates","og_description":"Les automates ne permettent pas de traiter l\u2019enti\u00e8ret\u00e9 des dispositifs \u00e9chographiques. Ils n\u2019int\u00e8grent pas l\u2019\u00e9tape essentielle du nettoyage avant la d\u00e9sinfection de haut niveau et ne couvrent pas les poign\u00e9es, commandes, bo\u00eetiers de connecteurs et c\u00e2bles des dispositifs.","og_url":"https:\/\/tristel.com\/ch-fr\/blog-la-face-cachee-des-automates\/","og_site_name":"Tristel - Switzerland - FR","article_modified_time":"2023-03-31T07:58:53+00:00","og_image":[{"width":1563,"height":833,"url":"https:\/\/tristel.com\/ch-fr\/wp-content\/uploads\/sites\/30\/2022\/05\/Page-Thumbnails-echographie.jpg","type":"image\/jpeg"}],"twitter_card":"summary_large_image","schema":{"@context":"https:\/\/schema.org","@graph":[{"@type":"WebPage","@id":"https:\/\/tristel.com\/ch-fr\/blog-la-face-cachee-des-automates\/","url":"https:\/\/tristel.com\/ch-fr\/blog-la-face-cachee-des-automates\/","name":"La face cach\u00e9e des automates - Tristel","isPartOf":{"@id":"https:\/\/tristel.com\/ch-fr\/#website"},"primaryImageOfPage":{"@id":"https:\/\/tristel.com\/ch-fr\/blog-la-face-cachee-des-automates\/#primaryimage"},"image":{"@id":"https:\/\/tristel.com\/ch-fr\/blog-la-face-cachee-des-automates\/#primaryimage"},"thumbnailUrl":"https:\/\/tristel.com\/ch-fr\/wp-content\/uploads\/sites\/30\/2022\/05\/Page-Thumbnails-echographie.jpg","datePublished":"2022-07-28T07:48:17+00:00","dateModified":"2023-03-31T07:58:53+00:00","description":"Les automates ne permettent pas de traiter l\u2019enti\u00e8ret\u00e9 des dispositifs \u00e9chographiques. Ils n\u2019int\u00e8grent pas l\u2019\u00e9tape essentielle du nettoyage avant la d\u00e9sinfection de haut niveau et ne couvrent pas les poign\u00e9es, commandes, bo\u00eetiers de connecteurs et c\u00e2bles des dispositifs.","breadcrumb":{"@id":"https:\/\/tristel.com\/ch-fr\/blog-la-face-cachee-des-automates\/#breadcrumb"},"inLanguage":"en-US","potentialAction":[{"@type":"ReadAction","target":["https:\/\/tristel.com\/ch-fr\/blog-la-face-cachee-des-automates\/"]}]},{"@type":"ImageObject","inLanguage":"en-US","@id":"https:\/\/tristel.com\/ch-fr\/blog-la-face-cachee-des-automates\/#primaryimage","url":"https:\/\/tristel.com\/ch-fr\/wp-content\/uploads\/sites\/30\/2022\/05\/Page-Thumbnails-echographie.jpg","contentUrl":"https:\/\/tristel.com\/ch-fr\/wp-content\/uploads\/sites\/30\/2022\/05\/Page-Thumbnails-echographie.jpg","width":1563,"height":833},{"@type":"BreadcrumbList","@id":"https:\/\/tristel.com\/ch-fr\/blog-la-face-cachee-des-automates\/#breadcrumb","itemListElement":[{"@type":"ListItem","position":1,"name":"Home","item":"https:\/\/tristel.com\/ch-fr\/"},{"@type":"ListItem","position":2,"name":"La face cach\u00e9e des automates"}]},{"@type":"WebSite","@id":"https:\/\/tristel.com\/ch-fr\/#website","url":"https:\/\/tristel.com\/ch-fr\/","name":"Tristel - Switzerland - FR","description":"Tristel, pour la d\u00e9sinfection de haut niveau des dispositifs m\u00e9dicaux","potentialAction":[{"@type":"SearchAction","target":{"@type":"EntryPoint","urlTemplate":"https:\/\/tristel.com\/ch-fr\/?s={search_term_string}"},"query-input":{"@type":"PropertyValueSpecification","valueRequired":true,"valueName":"search_term_string"}}],"inLanguage":"en-US"}]}},"_links":{"self":[{"href":"https:\/\/tristel.com\/ch-fr\/wp-json\/wp\/v2\/pages\/3043","targetHints":{"allow":["GET"]}}],"collection":[{"href":"https:\/\/tristel.com\/ch-fr\/wp-json\/wp\/v2\/pages"}],"about":[{"href":"https:\/\/tristel.com\/ch-fr\/wp-json\/wp\/v2\/types\/page"}],"author":[{"embeddable":true,"href":"https:\/\/tristel.com\/ch-fr\/wp-json\/wp\/v2\/users\/13"}],"replies":[{"embeddable":true,"href":"https:\/\/tristel.com\/ch-fr\/wp-json\/wp\/v2\/comments?post=3043"}],"version-history":[{"count":0,"href":"https:\/\/tristel.com\/ch-fr\/wp-json\/wp\/v2\/pages\/3043\/revisions"}],"wp:featuredmedia":[{"embeddable":true,"href":"https:\/\/tristel.com\/ch-fr\/wp-json\/wp\/v2\/media\/3050"}],"wp:attachment":[{"href":"https:\/\/tristel.com\/ch-fr\/wp-json\/wp\/v2\/media?parent=3043"}],"curies":[{"name":"wp","href":"https:\/\/api.w.org\/{rel}","templated":true}]}}