{"id":3038,"date":"2022-07-28T09:18:32","date_gmt":"2022-07-28T07:18:32","guid":{"rendered":"https:\/\/tristel.com\/ch-fr\/?page_id=3038"},"modified":"2023-07-10T11:33:25","modified_gmt":"2023-07-10T09:33:25","slug":"echographie","status":"publish","type":"page","link":"https:\/\/tristel.com\/ch-fr\/echographie\/","title":{"rendered":"Ultrashall Animation"},"content":{"rendered":"","protected":false},"excerpt":{"rendered":"","protected":false},"author":13,"featured_media":3071,"parent":0,"menu_order":0,"comment_status":"closed","ping_status":"closed","template":"","meta":{"_acf_changed":false,"_relevanssi_hide_post":"","_relevanssi_hide_content":"","_relevanssi_pin_for_all":"","_relevanssi_pin_keywords":"","_relevanssi_unpin_keywords":"","_relevanssi_related_keywords":"","_relevanssi_related_include_ids":"","_relevanssi_related_exclude_ids":"","_relevanssi_related_no_append":"","_relevanssi_related_not_related":"","_relevanssi_related_posts":"","_relevanssi_noindex_reason":"","inline_featured_image":false,"footnotes":""},"class_list":["post-3038","page","type-page","status-publish","has-post-thumbnail","hentry"],"acf":[],"yoast_head":"<!-- This site is optimized with the Yoast SEO Premium plugin v27.2 (Yoast SEO v27.3) - https:\/\/yoast.com\/product\/yoast-seo-premium-wordpress\/ -->\n<title>\u00c9chographie - D\u00e9couvrez pourquoi l&#039;essuyage Tristel fonctionne<\/title>\n<meta name=\"description\" content=\"La d\u00e9sinfection des dispositifs m\u00e9dicaux est accomplie de diverses mani\u00e8res. Les d\u00e9sinfectants de haut niveau Tristel sont appliqu\u00e9s manuellement. Nos concurrents critiquent souvent ceci parce que nous d\u00e9pendons in\u00e9vitablement de l&#039;action humaine.\" \/>\n<meta name=\"robots\" content=\"index, follow, max-snippet:-1, max-image-preview:large, max-video-preview:-1\" \/>\n<link rel=\"canonical\" href=\"https:\/\/tristel.com\/ch-fr\/echographie\/\" \/>\n<meta property=\"og:locale\" content=\"en_US\" \/>\n<meta property=\"og:type\" content=\"article\" \/>\n<meta property=\"og:title\" content=\"Ultrashall Animation\" \/>\n<meta property=\"og:description\" content=\"La d\u00e9sinfection des dispositifs m\u00e9dicaux est accomplie de diverses mani\u00e8res. Les d\u00e9sinfectants de haut niveau Tristel sont appliqu\u00e9s manuellement. Nos concurrents critiquent souvent ceci parce que nous d\u00e9pendons in\u00e9vitablement de l&#039;action humaine.\" \/>\n<meta property=\"og:url\" content=\"https:\/\/tristel.com\/ch-fr\/echographie\/\" \/>\n<meta property=\"og:site_name\" content=\"Tristel - Switzerland - FR\" \/>\n<meta property=\"article:modified_time\" content=\"2023-07-10T09:33:25+00:00\" \/>\n<meta property=\"og:image\" content=\"https:\/\/tristel.com\/ch-fr\/wp-content\/uploads\/sites\/30\/2022\/07\/Animation-Thumbnail-1-scaled.jpg\" \/>\n\t<meta property=\"og:image:width\" content=\"2000\" \/>\n\t<meta property=\"og:image:height\" content=\"1123\" \/>\n\t<meta property=\"og:image:type\" content=\"image\/jpeg\" \/>\n<meta name=\"twitter:card\" content=\"summary_large_image\" \/>\n<script type=\"application\/ld+json\" class=\"yoast-schema-graph\">{\"@context\":\"https:\\\/\\\/schema.org\",\"@graph\":[{\"@type\":\"WebPage\",\"@id\":\"https:\\\/\\\/tristel.com\\\/ch-fr\\\/echographie\\\/\",\"url\":\"https:\\\/\\\/tristel.com\\\/ch-fr\\\/echographie\\\/\",\"name\":\"\u00c9chographie - D\u00e9couvrez pourquoi l'essuyage Tristel fonctionne\",\"isPartOf\":{\"@id\":\"https:\\\/\\\/tristel.com\\\/ch-fr\\\/#website\"},\"primaryImageOfPage\":{\"@id\":\"https:\\\/\\\/tristel.com\\\/ch-fr\\\/echographie\\\/#primaryimage\"},\"image\":{\"@id\":\"https:\\\/\\\/tristel.com\\\/ch-fr\\\/echographie\\\/#primaryimage\"},\"thumbnailUrl\":\"https:\\\/\\\/tristel.com\\\/ch-fr\\\/wp-content\\\/uploads\\\/sites\\\/30\\\/2022\\\/07\\\/Animation-Thumbnail-1-scaled.jpg\",\"datePublished\":\"2022-07-28T07:18:32+00:00\",\"dateModified\":\"2023-07-10T09:33:25+00:00\",\"description\":\"La d\u00e9sinfection des dispositifs m\u00e9dicaux est accomplie de diverses mani\u00e8res. Les d\u00e9sinfectants de haut niveau Tristel sont appliqu\u00e9s manuellement. Nos concurrents critiquent souvent ceci parce que nous d\u00e9pendons in\u00e9vitablement de l'action humaine.\",\"breadcrumb\":{\"@id\":\"https:\\\/\\\/tristel.com\\\/ch-fr\\\/echographie\\\/#breadcrumb\"},\"inLanguage\":\"en-US\",\"potentialAction\":[{\"@type\":\"ReadAction\",\"target\":[\"https:\\\/\\\/tristel.com\\\/ch-fr\\\/echographie\\\/\"]}]},{\"@type\":\"ImageObject\",\"inLanguage\":\"en-US\",\"@id\":\"https:\\\/\\\/tristel.com\\\/ch-fr\\\/echographie\\\/#primaryimage\",\"url\":\"https:\\\/\\\/tristel.com\\\/ch-fr\\\/wp-content\\\/uploads\\\/sites\\\/30\\\/2022\\\/07\\\/Animation-Thumbnail-1-scaled.jpg\",\"contentUrl\":\"https:\\\/\\\/tristel.com\\\/ch-fr\\\/wp-content\\\/uploads\\\/sites\\\/30\\\/2022\\\/07\\\/Animation-Thumbnail-1-scaled.jpg\",\"width\":2560,\"height\":1437},{\"@type\":\"BreadcrumbList\",\"@id\":\"https:\\\/\\\/tristel.com\\\/ch-fr\\\/echographie\\\/#breadcrumb\",\"itemListElement\":[{\"@type\":\"ListItem\",\"position\":1,\"name\":\"Home\",\"item\":\"https:\\\/\\\/tristel.com\\\/ch-fr\\\/\"},{\"@type\":\"ListItem\",\"position\":2,\"name\":\"Ultrashall Animation\"}]},{\"@type\":\"WebSite\",\"@id\":\"https:\\\/\\\/tristel.com\\\/ch-fr\\\/#website\",\"url\":\"https:\\\/\\\/tristel.com\\\/ch-fr\\\/\",\"name\":\"Tristel - Switzerland - FR\",\"description\":\"Tristel, pour la d\u00e9sinfection de haut niveau des dispositifs m\u00e9dicaux\",\"potentialAction\":[{\"@type\":\"SearchAction\",\"target\":{\"@type\":\"EntryPoint\",\"urlTemplate\":\"https:\\\/\\\/tristel.com\\\/ch-fr\\\/?s={search_term_string}\"},\"query-input\":{\"@type\":\"PropertyValueSpecification\",\"valueRequired\":true,\"valueName\":\"search_term_string\"}}],\"inLanguage\":\"en-US\"}]}<\/script>\n<!-- \/ Yoast SEO Premium plugin. -->","yoast_head_json":{"title":"\u00c9chographie - D\u00e9couvrez pourquoi l'essuyage Tristel fonctionne","description":"La d\u00e9sinfection des dispositifs m\u00e9dicaux est accomplie de diverses mani\u00e8res. Les d\u00e9sinfectants de haut niveau Tristel sont appliqu\u00e9s manuellement. Nos concurrents critiquent souvent ceci parce que nous d\u00e9pendons in\u00e9vitablement de l'action humaine.","robots":{"index":"index","follow":"follow","max-snippet":"max-snippet:-1","max-image-preview":"max-image-preview:large","max-video-preview":"max-video-preview:-1"},"canonical":"https:\/\/tristel.com\/ch-fr\/echographie\/","og_locale":"en_US","og_type":"article","og_title":"Ultrashall Animation","og_description":"La d\u00e9sinfection des dispositifs m\u00e9dicaux est accomplie de diverses mani\u00e8res. Les d\u00e9sinfectants de haut niveau Tristel sont appliqu\u00e9s manuellement. Nos concurrents critiquent souvent ceci parce que nous d\u00e9pendons in\u00e9vitablement de l'action humaine.","og_url":"https:\/\/tristel.com\/ch-fr\/echographie\/","og_site_name":"Tristel - Switzerland - FR","article_modified_time":"2023-07-10T09:33:25+00:00","og_image":[{"width":2000,"height":1123,"url":"https:\/\/tristel.com\/ch-fr\/wp-content\/uploads\/sites\/30\/2022\/07\/Animation-Thumbnail-1-scaled.jpg","type":"image\/jpeg"}],"twitter_card":"summary_large_image","schema":{"@context":"https:\/\/schema.org","@graph":[{"@type":"WebPage","@id":"https:\/\/tristel.com\/ch-fr\/echographie\/","url":"https:\/\/tristel.com\/ch-fr\/echographie\/","name":"\u00c9chographie - D\u00e9couvrez pourquoi l'essuyage Tristel fonctionne","isPartOf":{"@id":"https:\/\/tristel.com\/ch-fr\/#website"},"primaryImageOfPage":{"@id":"https:\/\/tristel.com\/ch-fr\/echographie\/#primaryimage"},"image":{"@id":"https:\/\/tristel.com\/ch-fr\/echographie\/#primaryimage"},"thumbnailUrl":"https:\/\/tristel.com\/ch-fr\/wp-content\/uploads\/sites\/30\/2022\/07\/Animation-Thumbnail-1-scaled.jpg","datePublished":"2022-07-28T07:18:32+00:00","dateModified":"2023-07-10T09:33:25+00:00","description":"La d\u00e9sinfection des dispositifs m\u00e9dicaux est accomplie de diverses mani\u00e8res. Les d\u00e9sinfectants de haut niveau Tristel sont appliqu\u00e9s manuellement. Nos concurrents critiquent souvent ceci parce que nous d\u00e9pendons in\u00e9vitablement de l'action humaine.","breadcrumb":{"@id":"https:\/\/tristel.com\/ch-fr\/echographie\/#breadcrumb"},"inLanguage":"en-US","potentialAction":[{"@type":"ReadAction","target":["https:\/\/tristel.com\/ch-fr\/echographie\/"]}]},{"@type":"ImageObject","inLanguage":"en-US","@id":"https:\/\/tristel.com\/ch-fr\/echographie\/#primaryimage","url":"https:\/\/tristel.com\/ch-fr\/wp-content\/uploads\/sites\/30\/2022\/07\/Animation-Thumbnail-1-scaled.jpg","contentUrl":"https:\/\/tristel.com\/ch-fr\/wp-content\/uploads\/sites\/30\/2022\/07\/Animation-Thumbnail-1-scaled.jpg","width":2560,"height":1437},{"@type":"BreadcrumbList","@id":"https:\/\/tristel.com\/ch-fr\/echographie\/#breadcrumb","itemListElement":[{"@type":"ListItem","position":1,"name":"Home","item":"https:\/\/tristel.com\/ch-fr\/"},{"@type":"ListItem","position":2,"name":"Ultrashall Animation"}]},{"@type":"WebSite","@id":"https:\/\/tristel.com\/ch-fr\/#website","url":"https:\/\/tristel.com\/ch-fr\/","name":"Tristel - Switzerland - FR","description":"Tristel, pour la d\u00e9sinfection de haut niveau des dispositifs m\u00e9dicaux","potentialAction":[{"@type":"SearchAction","target":{"@type":"EntryPoint","urlTemplate":"https:\/\/tristel.com\/ch-fr\/?s={search_term_string}"},"query-input":{"@type":"PropertyValueSpecification","valueRequired":true,"valueName":"search_term_string"}}],"inLanguage":"en-US"}]}},"_links":{"self":[{"href":"https:\/\/tristel.com\/ch-fr\/wp-json\/wp\/v2\/pages\/3038","targetHints":{"allow":["GET"]}}],"collection":[{"href":"https:\/\/tristel.com\/ch-fr\/wp-json\/wp\/v2\/pages"}],"about":[{"href":"https:\/\/tristel.com\/ch-fr\/wp-json\/wp\/v2\/types\/page"}],"author":[{"embeddable":true,"href":"https:\/\/tristel.com\/ch-fr\/wp-json\/wp\/v2\/users\/13"}],"replies":[{"embeddable":true,"href":"https:\/\/tristel.com\/ch-fr\/wp-json\/wp\/v2\/comments?post=3038"}],"version-history":[{"count":0,"href":"https:\/\/tristel.com\/ch-fr\/wp-json\/wp\/v2\/pages\/3038\/revisions"}],"wp:featuredmedia":[{"embeddable":true,"href":"https:\/\/tristel.com\/ch-fr\/wp-json\/wp\/v2\/media\/3071"}],"wp:attachment":[{"href":"https:\/\/tristel.com\/ch-fr\/wp-json\/wp\/v2\/media?parent=3038"}],"curies":[{"name":"wp","href":"https:\/\/api.w.org\/{rel}","templated":true}]}}