{"id":1145,"date":"2022-01-26T13:00:41","date_gmt":"2022-01-26T11:00:41","guid":{"rendered":"https:\/\/tristel.com\/ch-de\/?post_type=product&#038;p=1145"},"modified":"2025-05-16T11:41:22","modified_gmt":"2025-05-16T09:41:22","slug":"tristel-trio-wipes-system","status":"publish","type":"product","link":"https:\/\/tristel.com\/ch-de\/product\/tristel-trio-wipes-system\/","title":{"rendered":"Tristel Trio Wipes System"},"content":{"rendered":"<p>Das Tristel Trio Wipes System ist eine vollumf\u00e4ngliche L\u00f6sung f\u00fcr die Aufbereitung von semikritischen Medizinprodukten ohne Kanal. Es kombiniert die Reinigung, Desinfektion und Sp\u00fclung mit einem integriertem Dokumentationsschritt f\u00fcr eine vollst\u00e4ndige, nachvollziehbare und validierbare Aufbereitung.<\/p>\n<p>Es besteht aus drei T\u00fcchern, welche die einzelnen Schritte der Aufbereitung abbilden:<\/p>\n<ol>\n<li>Reinigung \u2013 Das Tristel Pre-Clean Wipe ist mit einer 3-fach enzymatischen Reinigungs- und Tensidl\u00f6sung getr\u00e4nkt, f\u00fcr die Entfernung von organischem Material.<\/li>\n<li>High-Level-Desinfektion \u2013 Das Tristel Sporicidal Wipe wird mit dem Aktivatorschaum kombiniert, um Chlordioxid zu erzeugen, ein High-Level-Desinfektionsmittel, das Mikroorganismen auf der Oberfl\u00e4che von Medizinprodukten in 30 Sekunden zerst\u00f6rt.<\/li>\n<li>Sp\u00fclung &#8211; Das Tristel Rinse Wipe ist mit entionisiertem Wasser getr\u00e4nkt und durch Gammastrahlung sterilisiert, um chemische R\u00fcckst\u00e4nde von Medizinprodukteoberfl\u00e4chen, nach der High-Level-Desinfektion, zu entfernen.<\/li>\n<\/ol>\n<p>Abgerundet wird die Aufbereitung durch die dokumentierte Freigabe des Medizinproduktes in einem Protokollbuch oder einer App.<\/p>\n<p>Diese Aufbereitung erm\u00f6glicht eine unkomplizierte, validierte und nachvollziehbare Aufbereitung f\u00fcr alle Medizinprodukte, die nicht autoklaviert werden m\u00fcssen und die keine innenliegenden Oberfl\u00e4chen aufweisen.<\/p>\n<p>Das Tristel Trio Wipes System ist 100% konform mit allen in EN14885:2018 aufgef\u00fchrten relevanten Pr\u00fcfnormen f\u00fcr Desinfektionsmittel im medizinischen Bereich. Zudem erf\u00fcllt es die Anforderungen von EN17126 zur Sporizidie.<\/p>\n<p>&nbsp;<\/p>\n<p>&nbsp;<\/p>\n<p>&nbsp;<\/p>\n<p><img loading=\"lazy\" decoding=\"async\" class=\" wp-image-1154 aligncenter\" src=\"https:\/\/tristel.com\/ch-de\/wp-content\/uploads\/sites\/29\/2022\/01\/IG_Aufbereitungskreislauf-1.png\" alt=\"\" width=\"1138\" height=\"804\" srcset=\"https:\/\/tristel.com\/ch-de\/wp-content\/uploads\/sites\/29\/2022\/01\/IG_Aufbereitungskreislauf-1.png 1754w, https:\/\/tristel.com\/ch-de\/wp-content\/uploads\/sites\/29\/2022\/01\/IG_Aufbereitungskreislauf-1-600x424.png 600w, https:\/\/tristel.com\/ch-de\/wp-content\/uploads\/sites\/29\/2022\/01\/IG_Aufbereitungskreislauf-1-768x543.png 768w, https:\/\/tristel.com\/ch-de\/wp-content\/uploads\/sites\/29\/2022\/01\/IG_Aufbereitungskreislauf-1-992x701.png 992w, https:\/\/tristel.com\/ch-de\/wp-content\/uploads\/sites\/29\/2022\/01\/IG_Aufbereitungskreislauf-1-576x407.png 576w, https:\/\/tristel.com\/ch-de\/wp-content\/uploads\/sites\/29\/2022\/01\/IG_Aufbereitungskreislauf-1-1200x848.png 1200w, https:\/\/tristel.com\/ch-de\/wp-content\/uploads\/sites\/29\/2022\/01\/IG_Aufbereitungskreislauf-1-1400x990.png 1400w\" sizes=\"auto, (max-width: 1138px) 100vw, 1138px\" \/><\/p>\n<p>&nbsp;<\/p>\n<p>&nbsp;<\/p>\n","protected":false},"excerpt":{"rendered":"<p>Sie haben sich schon immer gefragt, wie man eigentlich <strong>semikritische Medizinprodukte<\/strong>, die Kabel und Stecker aufweisen, vollumf\u00e4nglich aufbereiten soll? Welches Desinfektionsmittel deckt in <strong>Sekunden<\/strong> das <strong>komplette Wirkungsspektrum<\/strong> eines RDG-E ab, besch\u00e4digt das Instrument nicht, ist <strong>sicher<\/strong> f\u00fcr Anwender und Patienten und bietet einen vollst\u00e4ndig <strong>nachvollziehbaren<\/strong> und daher <strong>validierbaren<\/strong> Prozess? Das Sorglospaket heisst: <strong>Tristel Trio Wipes System<\/strong>!<\/p>\n<p>Das Problem bei der Aufbereitung von semikritischen Instrumenten besteht erstens darin, dass man diese Instrumente nicht<strong> vollst\u00e4ndig <\/strong>einlegen oder komplett in eine Maschine stecken kann. Nur einen Teil einlegen bedeutet ja trotzdem, dass der Rest noch gemacht werden muss. Das l\u00f6st das Problem also nicht.<\/p>\n<p>Zweitens muss die Desinfektion <strong>voll viruzid<\/strong> sein nach der europ\u00e4ischen Norm EN14776. Auch die <strong>mykobakterizide<\/strong> Wirksamkeit nach EN14348 und EN14563 muss gegeben sein.<\/p>\n<p>Drittens muss der Prozess m\u00f6glichst detailgenau <strong>nachvollziebar<\/strong> sein.<\/p>\n<p><strong>Hier ist die einzig logische L\u00f6sung<\/strong>: Das Tristel Trio Wipes System. Es beinhaltet sowohl die Reinigung, Desinfektion und Sp\u00fclung, als auch die Dokumentation. Es nutzt T\u00fccher und ist damit auf dem gesamten Instrument anwendbar. Es hat alle relevanten europ\u00e4ischen und deutschen Pr\u00fcfungen bestanden, mit Bestzeiten! Jede einzelne Aufbereitung kann entweder digital oder papierbasiert dokumentiert werden.<\/p>\n","protected":false},"featured_media":1146,"template":"","meta":{"_acf_changed":false,"_relevanssi_hide_post":"","_relevanssi_hide_content":"","_relevanssi_pin_for_all":"","_relevanssi_pin_keywords":"","_relevanssi_unpin_keywords":"","_relevanssi_related_keywords":"","_relevanssi_related_include_ids":"","_relevanssi_related_exclude_ids":"","_relevanssi_related_no_append":"","_relevanssi_related_not_related":"","_relevanssi_related_posts":"","_relevanssi_noindex_reason":"","inline_featured_image":false},"product_brand":[],"product_cat":[48,35,21,20,19,34,26],"product_tag":[],"class_list":{"0":"post-1145","1":"product","2":"type-product","3":"status-publish","4":"has-post-thumbnail","6":"product_cat-alle-tristel-produkte","7":"product_cat-frauenheilkunde","8":"product_cat-hno","9":"product_cat-kardiologie","10":"product_cat-reproduktionsmedizin","11":"product_cat-rettungsdienst-notfallmedizin","12":"product_cat-tristel","14":"first","15":"instock","16":"taxable","17":"shipping-taxable","18":"product-type-simple"},"acf":[],"yoast_head":"<!-- This site is optimized with the Yoast SEO Premium plugin v27.2 (Yoast SEO v27.3) - https:\/\/yoast.com\/product\/yoast-seo-premium-wordpress\/ -->\n<title>Tristel Trio Wipes System - Tristel - Switzerland - DE<\/title>\n<meta name=\"robots\" content=\"index, follow, max-snippet:-1, max-image-preview:large, max-video-preview:-1\" \/>\n<link rel=\"canonical\" href=\"https:\/\/tristel.com\/ch-de\/product\/tristel-trio-wipes-system\/\" \/>\n<meta property=\"og:locale\" content=\"en_US\" \/>\n<meta property=\"og:type\" content=\"article\" \/>\n<meta property=\"og:title\" content=\"Tristel Trio Wipes System\" \/>\n<meta property=\"og:description\" content=\"Sie haben sich schon immer gefragt, wie man eigentlich semikritische Medizinprodukte, die Kabel und Stecker aufweisen, vollumf\u00e4nglich aufbereiten soll? Welches Desinfektionsmittel deckt in Sekunden das komplette Wirkungsspektrum eines RDG-E ab, besch\u00e4digt das Instrument nicht, ist sicher f\u00fcr Anwender und Patienten und bietet einen vollst\u00e4ndig nachvollziehbaren und daher validierbaren Prozess? Das Sorglospaket heisst: Tristel Trio Wipes System!  Das Problem bei der Aufbereitung von semikritischen Instrumenten besteht erstens darin, dass man diese Instrumente nicht vollst\u00e4ndig einlegen oder komplett in eine Maschine stecken kann. Nur einen Teil einlegen bedeutet ja trotzdem, dass der Rest noch gemacht werden muss. Das l\u00f6st das Problem also nicht.  Zweitens muss die Desinfektion voll viruzid sein nach der europ\u00e4ischen Norm EN14776. Auch die mykobakterizide Wirksamkeit nach EN14348 und EN14563 muss gegeben sein.  Drittens muss der Prozess m\u00f6glichst detailgenau nachvollziebar sein.  Hier ist die einzig logische L\u00f6sung: Das Tristel Trio Wipes System. Es beinhaltet sowohl die Reinigung, Desinfektion und Sp\u00fclung, als auch die Dokumentation. Es nutzt T\u00fccher und ist damit auf dem gesamten Instrument anwendbar. Es hat alle relevanten europ\u00e4ischen und deutschen Pr\u00fcfungen bestanden, mit Bestzeiten! Jede einzelne Aufbereitung kann entweder digital oder papierbasiert dokumentiert werden.\" \/>\n<meta property=\"og:url\" content=\"https:\/\/tristel.com\/ch-de\/product\/tristel-trio-wipes-system\/\" \/>\n<meta property=\"og:site_name\" content=\"Tristel - Switzerland - DE\" \/>\n<meta property=\"article:modified_time\" content=\"2025-05-16T09:41:22+00:00\" \/>\n<meta property=\"og:image\" content=\"https:\/\/tristel.com\/ch-de\/wp-content\/uploads\/sites\/29\/2022\/01\/Trio-Product-Image.png\" \/>\n\t<meta property=\"og:image:width\" content=\"800\" \/>\n\t<meta property=\"og:image:height\" content=\"600\" \/>\n\t<meta property=\"og:image:type\" content=\"image\/png\" \/>\n<meta name=\"twitter:card\" content=\"summary_large_image\" \/>\n<meta name=\"twitter:label1\" content=\"Est. reading time\" \/>\n\t<meta name=\"twitter:data1\" content=\"2 minutes\" \/>\n<script type=\"application\/ld+json\" class=\"yoast-schema-graph\">{\"@context\":\"https:\\\/\\\/schema.org\",\"@graph\":[{\"@type\":\"WebPage\",\"@id\":\"https:\\\/\\\/tristel.com\\\/ch-de\\\/product\\\/tristel-trio-wipes-system\\\/\",\"url\":\"https:\\\/\\\/tristel.com\\\/ch-de\\\/product\\\/tristel-trio-wipes-system\\\/\",\"name\":\"Tristel Trio Wipes System - Tristel - Switzerland - DE\",\"isPartOf\":{\"@id\":\"https:\\\/\\\/tristel.com\\\/ch-de\\\/#website\"},\"primaryImageOfPage\":{\"@id\":\"https:\\\/\\\/tristel.com\\\/ch-de\\\/product\\\/tristel-trio-wipes-system\\\/#primaryimage\"},\"image\":{\"@id\":\"https:\\\/\\\/tristel.com\\\/ch-de\\\/product\\\/tristel-trio-wipes-system\\\/#primaryimage\"},\"thumbnailUrl\":\"https:\\\/\\\/tristel.com\\\/ch-de\\\/wp-content\\\/uploads\\\/sites\\\/29\\\/2022\\\/01\\\/Trio-Product-Image.png\",\"datePublished\":\"2022-01-26T11:00:41+00:00\",\"dateModified\":\"2025-05-16T09:41:22+00:00\",\"breadcrumb\":{\"@id\":\"https:\\\/\\\/tristel.com\\\/ch-de\\\/product\\\/tristel-trio-wipes-system\\\/#breadcrumb\"},\"inLanguage\":\"en-US\",\"potentialAction\":[{\"@type\":\"ReadAction\",\"target\":[\"https:\\\/\\\/tristel.com\\\/ch-de\\\/product\\\/tristel-trio-wipes-system\\\/\"]}]},{\"@type\":\"ImageObject\",\"inLanguage\":\"en-US\",\"@id\":\"https:\\\/\\\/tristel.com\\\/ch-de\\\/product\\\/tristel-trio-wipes-system\\\/#primaryimage\",\"url\":\"https:\\\/\\\/tristel.com\\\/ch-de\\\/wp-content\\\/uploads\\\/sites\\\/29\\\/2022\\\/01\\\/Trio-Product-Image.png\",\"contentUrl\":\"https:\\\/\\\/tristel.com\\\/ch-de\\\/wp-content\\\/uploads\\\/sites\\\/29\\\/2022\\\/01\\\/Trio-Product-Image.png\",\"width\":800,\"height\":600},{\"@type\":\"BreadcrumbList\",\"@id\":\"https:\\\/\\\/tristel.com\\\/ch-de\\\/product\\\/tristel-trio-wipes-system\\\/#breadcrumb\",\"itemListElement\":[{\"@type\":\"ListItem\",\"position\":1,\"name\":\"Products\",\"item\":\"https:\\\/\\\/tristel.com\\\/ch-de\\\/shop\\\/\"},{\"@type\":\"ListItem\",\"position\":2,\"name\":\"Tristel Trio Wipes System\"}]},{\"@type\":\"WebSite\",\"@id\":\"https:\\\/\\\/tristel.com\\\/ch-de\\\/#website\",\"url\":\"https:\\\/\\\/tristel.com\\\/ch-de\\\/\",\"name\":\"Tristel - Switzerland - DE\",\"description\":\"Wilkommen\",\"potentialAction\":[{\"@type\":\"SearchAction\",\"target\":{\"@type\":\"EntryPoint\",\"urlTemplate\":\"https:\\\/\\\/tristel.com\\\/ch-de\\\/?s={search_term_string}\"},\"query-input\":{\"@type\":\"PropertyValueSpecification\",\"valueRequired\":true,\"valueName\":\"search_term_string\"}}],\"inLanguage\":\"en-US\"}]}<\/script>\n<!-- \/ Yoast SEO Premium plugin. -->","yoast_head_json":{"title":"Tristel Trio Wipes System - Tristel - Switzerland - DE","robots":{"index":"index","follow":"follow","max-snippet":"max-snippet:-1","max-image-preview":"max-image-preview:large","max-video-preview":"max-video-preview:-1"},"canonical":"https:\/\/tristel.com\/ch-de\/product\/tristel-trio-wipes-system\/","og_locale":"en_US","og_type":"article","og_title":"Tristel Trio Wipes System","og_description":"Sie haben sich schon immer gefragt, wie man eigentlich semikritische Medizinprodukte, die Kabel und Stecker aufweisen, vollumf\u00e4nglich aufbereiten soll? Welches Desinfektionsmittel deckt in Sekunden das komplette Wirkungsspektrum eines RDG-E ab, besch\u00e4digt das Instrument nicht, ist sicher f\u00fcr Anwender und Patienten und bietet einen vollst\u00e4ndig nachvollziehbaren und daher validierbaren Prozess? Das Sorglospaket heisst: Tristel Trio Wipes System!  Das Problem bei der Aufbereitung von semikritischen Instrumenten besteht erstens darin, dass man diese Instrumente nicht vollst\u00e4ndig einlegen oder komplett in eine Maschine stecken kann. Nur einen Teil einlegen bedeutet ja trotzdem, dass der Rest noch gemacht werden muss. Das l\u00f6st das Problem also nicht.  Zweitens muss die Desinfektion voll viruzid sein nach der europ\u00e4ischen Norm EN14776. Auch die mykobakterizide Wirksamkeit nach EN14348 und EN14563 muss gegeben sein.  Drittens muss der Prozess m\u00f6glichst detailgenau nachvollziebar sein.  Hier ist die einzig logische L\u00f6sung: Das Tristel Trio Wipes System. Es beinhaltet sowohl die Reinigung, Desinfektion und Sp\u00fclung, als auch die Dokumentation. Es nutzt T\u00fccher und ist damit auf dem gesamten Instrument anwendbar. Es hat alle relevanten europ\u00e4ischen und deutschen Pr\u00fcfungen bestanden, mit Bestzeiten! Jede einzelne Aufbereitung kann entweder digital oder papierbasiert dokumentiert werden.","og_url":"https:\/\/tristel.com\/ch-de\/product\/tristel-trio-wipes-system\/","og_site_name":"Tristel - Switzerland - DE","article_modified_time":"2025-05-16T09:41:22+00:00","og_image":[{"width":800,"height":600,"url":"https:\/\/tristel.com\/ch-de\/wp-content\/uploads\/sites\/29\/2022\/01\/Trio-Product-Image.png","type":"image\/png"}],"twitter_card":"summary_large_image","twitter_misc":{"Est. reading time":"2 minutes"},"schema":{"@context":"https:\/\/schema.org","@graph":[{"@type":"WebPage","@id":"https:\/\/tristel.com\/ch-de\/product\/tristel-trio-wipes-system\/","url":"https:\/\/tristel.com\/ch-de\/product\/tristel-trio-wipes-system\/","name":"Tristel Trio Wipes System - Tristel - Switzerland - DE","isPartOf":{"@id":"https:\/\/tristel.com\/ch-de\/#website"},"primaryImageOfPage":{"@id":"https:\/\/tristel.com\/ch-de\/product\/tristel-trio-wipes-system\/#primaryimage"},"image":{"@id":"https:\/\/tristel.com\/ch-de\/product\/tristel-trio-wipes-system\/#primaryimage"},"thumbnailUrl":"https:\/\/tristel.com\/ch-de\/wp-content\/uploads\/sites\/29\/2022\/01\/Trio-Product-Image.png","datePublished":"2022-01-26T11:00:41+00:00","dateModified":"2025-05-16T09:41:22+00:00","breadcrumb":{"@id":"https:\/\/tristel.com\/ch-de\/product\/tristel-trio-wipes-system\/#breadcrumb"},"inLanguage":"en-US","potentialAction":[{"@type":"ReadAction","target":["https:\/\/tristel.com\/ch-de\/product\/tristel-trio-wipes-system\/"]}]},{"@type":"ImageObject","inLanguage":"en-US","@id":"https:\/\/tristel.com\/ch-de\/product\/tristel-trio-wipes-system\/#primaryimage","url":"https:\/\/tristel.com\/ch-de\/wp-content\/uploads\/sites\/29\/2022\/01\/Trio-Product-Image.png","contentUrl":"https:\/\/tristel.com\/ch-de\/wp-content\/uploads\/sites\/29\/2022\/01\/Trio-Product-Image.png","width":800,"height":600},{"@type":"BreadcrumbList","@id":"https:\/\/tristel.com\/ch-de\/product\/tristel-trio-wipes-system\/#breadcrumb","itemListElement":[{"@type":"ListItem","position":1,"name":"Products","item":"https:\/\/tristel.com\/ch-de\/shop\/"},{"@type":"ListItem","position":2,"name":"Tristel Trio Wipes System"}]},{"@type":"WebSite","@id":"https:\/\/tristel.com\/ch-de\/#website","url":"https:\/\/tristel.com\/ch-de\/","name":"Tristel - Switzerland - DE","description":"Wilkommen","potentialAction":[{"@type":"SearchAction","target":{"@type":"EntryPoint","urlTemplate":"https:\/\/tristel.com\/ch-de\/?s={search_term_string}"},"query-input":{"@type":"PropertyValueSpecification","valueRequired":true,"valueName":"search_term_string"}}],"inLanguage":"en-US"}]}},"_links":{"self":[{"href":"https:\/\/tristel.com\/ch-de\/wp-json\/wp\/v2\/product\/1145","targetHints":{"allow":["GET"]}}],"collection":[{"href":"https:\/\/tristel.com\/ch-de\/wp-json\/wp\/v2\/product"}],"about":[{"href":"https:\/\/tristel.com\/ch-de\/wp-json\/wp\/v2\/types\/product"}],"wp:featuredmedia":[{"embeddable":true,"href":"https:\/\/tristel.com\/ch-de\/wp-json\/wp\/v2\/media\/1146"}],"wp:attachment":[{"href":"https:\/\/tristel.com\/ch-de\/wp-json\/wp\/v2\/media?parent=1145"}],"wp:term":[{"taxonomy":"product_brand","embeddable":true,"href":"https:\/\/tristel.com\/ch-de\/wp-json\/wp\/v2\/product_brand?post=1145"},{"taxonomy":"product_cat","embeddable":true,"href":"https:\/\/tristel.com\/ch-de\/wp-json\/wp\/v2\/product_cat?post=1145"},{"taxonomy":"product_tag","embeddable":true,"href":"https:\/\/tristel.com\/ch-de\/wp-json\/wp\/v2\/product_tag?post=1145"}],"curies":[{"name":"wp","href":"https:\/\/api.w.org\/{rel}","templated":true}]}}