{"id":1135,"date":"2022-01-26T12:30:39","date_gmt":"2022-01-26T10:30:39","guid":{"rendered":"https:\/\/tristel.com\/ch-de\/?post_type=product&#038;p=1135"},"modified":"2025-05-16T11:42:37","modified_gmt":"2025-05-16T09:42:37","slug":"stella-system","status":"publish","type":"product","link":"https:\/\/tristel.com\/ch-de\/product\/stella-system\/","title":{"rendered":"Stella-System"},"content":{"rendered":"<p>Mit einem High-Level-Desinfektionszyklus von f\u00fcnf Minuten, bzw. bei eingeschlossener Reinigung einer Gesamtzykluszeit von zehn Minuten, erm\u00f6glicht das Stella-System eine schnelle Aufbereitung von Medizinprodukten.<\/p>\n<p>Die Auswahl an Systemen:<\/p>\n<p><strong>Stella-System A<br \/>\n<\/strong>Zur High-Level-Desinfektion von Medizinprodukten\u00a0der Kategorie semikritisch A ohne Kanal, wie Nasopharyngoskope, trans\u00f6sophageale Echokardiografiesonden, Transvaginalsonden, Transrektalsonden, Manometrie-Katheter und Laryngoskope.<\/p>\n<p><strong>Stella-System B<\/strong><br \/>\nStella mit Pulse System, zur High-Level-Desinfektion von Medizinprodukten mit bis zu einem Kanal, wie Hysteroskope, Zystoskope, Intubationsendoskope und Bronchoskope. Stella Pulse besitzt eine Desinfektionsmittelerkennung f\u00fcr Tristel Fuse for Stella und erm\u00f6glicht die Durchsp\u00fclung des Instrumentenkanals.<\/p>\n<p><strong>Stella-System C<\/strong><br \/>\nStella mit Pulse &amp; Reinigungs-System, zur Reinigung und Desinfektion von Medizinprodukten der Kategorie semikritisch A und B mit bis zu einem Kanal. Stella Pulse besitzt eine Reingungs- und Desinfektionsmittelerkennung f\u00fcr Tristel Clean und Tristel Fuse for Stella und erm\u00f6glicht die Durchsp\u00fclung des Instrumentenkanals.<\/p>\n","protected":false},"excerpt":{"rendered":"<p>Das Stella-System kombiniert die Einfachheit der manuellen Desinfektion mit einem halbautomatischen Reinigungs- und Desinfektionssystem und bietet eine schnelle, mobile und wirtschaftliche Aufbereitung von Medizinprodukten mit bis zu einem Kanal.<\/p>\n<p>&nbsp;<\/p>\n<p>&nbsp;<\/p>\n","protected":false},"featured_media":1139,"template":"","meta":{"_acf_changed":false,"_relevanssi_hide_post":"","_relevanssi_hide_content":"","_relevanssi_pin_for_all":"","_relevanssi_pin_keywords":"","_relevanssi_unpin_keywords":"","_relevanssi_related_keywords":"","_relevanssi_related_include_ids":"","_relevanssi_related_exclude_ids":"","_relevanssi_related_no_append":"","_relevanssi_related_not_related":"","_relevanssi_related_posts":"","_relevanssi_noindex_reason":"","inline_featured_image":false},"product_brand":[],"product_cat":[48,21,20,26,32],"product_tag":[],"class_list":{"0":"post-1135","1":"product","2":"type-product","3":"status-publish","4":"has-post-thumbnail","6":"product_cat-alle-tristel-produkte","7":"product_cat-hno","8":"product_cat-kardiologie","9":"product_cat-tristel","10":"product_cat-urologie","12":"first","13":"instock","14":"taxable","15":"shipping-taxable","16":"product-type-simple"},"acf":[],"yoast_head":"<!-- This site is optimized with the Yoast SEO Premium plugin v27.2 (Yoast SEO v27.3) - https:\/\/yoast.com\/product\/yoast-seo-premium-wordpress\/ -->\n<title>Stella-System - Tristel - Switzerland - DE<\/title>\n<meta name=\"robots\" content=\"index, follow, max-snippet:-1, max-image-preview:large, max-video-preview:-1\" \/>\n<link rel=\"canonical\" href=\"https:\/\/tristel.com\/ch-de\/product\/stella-system\/\" \/>\n<meta property=\"og:locale\" content=\"en_US\" \/>\n<meta property=\"og:type\" content=\"article\" \/>\n<meta property=\"og:title\" content=\"Stella-System\" \/>\n<meta property=\"og:description\" content=\"Das Stella-System kombiniert die Einfachheit der manuellen Desinfektion mit einem halbautomatischen Reinigungs- und Desinfektionssystem und bietet eine schnelle, mobile und wirtschaftliche Aufbereitung von Medizinprodukten mit bis zu einem Kanal.  &nbsp;  &nbsp;\" \/>\n<meta property=\"og:url\" content=\"https:\/\/tristel.com\/ch-de\/product\/stella-system\/\" \/>\n<meta property=\"og:site_name\" content=\"Tristel - Switzerland - DE\" \/>\n<meta property=\"article:modified_time\" content=\"2025-05-16T09:42:37+00:00\" \/>\n<meta property=\"og:image\" content=\"https:\/\/tristel.com\/ch-de\/wp-content\/uploads\/sites\/29\/2022\/01\/Stella-Product-Image.png\" \/>\n\t<meta property=\"og:image:width\" content=\"800\" \/>\n\t<meta property=\"og:image:height\" content=\"600\" \/>\n\t<meta property=\"og:image:type\" content=\"image\/png\" \/>\n<meta name=\"twitter:card\" content=\"summary_large_image\" \/>\n<meta name=\"twitter:label1\" content=\"Est. reading time\" \/>\n\t<meta name=\"twitter:data1\" content=\"1 minute\" \/>\n<script type=\"application\/ld+json\" class=\"yoast-schema-graph\">{\"@context\":\"https:\\\/\\\/schema.org\",\"@graph\":[{\"@type\":\"WebPage\",\"@id\":\"https:\\\/\\\/tristel.com\\\/ch-de\\\/product\\\/stella-system\\\/\",\"url\":\"https:\\\/\\\/tristel.com\\\/ch-de\\\/product\\\/stella-system\\\/\",\"name\":\"Stella-System - Tristel - Switzerland - DE\",\"isPartOf\":{\"@id\":\"https:\\\/\\\/tristel.com\\\/ch-de\\\/#website\"},\"primaryImageOfPage\":{\"@id\":\"https:\\\/\\\/tristel.com\\\/ch-de\\\/product\\\/stella-system\\\/#primaryimage\"},\"image\":{\"@id\":\"https:\\\/\\\/tristel.com\\\/ch-de\\\/product\\\/stella-system\\\/#primaryimage\"},\"thumbnailUrl\":\"https:\\\/\\\/tristel.com\\\/ch-de\\\/wp-content\\\/uploads\\\/sites\\\/29\\\/2022\\\/01\\\/Stella-Product-Image.png\",\"datePublished\":\"2022-01-26T10:30:39+00:00\",\"dateModified\":\"2025-05-16T09:42:37+00:00\",\"breadcrumb\":{\"@id\":\"https:\\\/\\\/tristel.com\\\/ch-de\\\/product\\\/stella-system\\\/#breadcrumb\"},\"inLanguage\":\"en-US\",\"potentialAction\":[{\"@type\":\"ReadAction\",\"target\":[\"https:\\\/\\\/tristel.com\\\/ch-de\\\/product\\\/stella-system\\\/\"]}]},{\"@type\":\"ImageObject\",\"inLanguage\":\"en-US\",\"@id\":\"https:\\\/\\\/tristel.com\\\/ch-de\\\/product\\\/stella-system\\\/#primaryimage\",\"url\":\"https:\\\/\\\/tristel.com\\\/ch-de\\\/wp-content\\\/uploads\\\/sites\\\/29\\\/2022\\\/01\\\/Stella-Product-Image.png\",\"contentUrl\":\"https:\\\/\\\/tristel.com\\\/ch-de\\\/wp-content\\\/uploads\\\/sites\\\/29\\\/2022\\\/01\\\/Stella-Product-Image.png\",\"width\":800,\"height\":600},{\"@type\":\"BreadcrumbList\",\"@id\":\"https:\\\/\\\/tristel.com\\\/ch-de\\\/product\\\/stella-system\\\/#breadcrumb\",\"itemListElement\":[{\"@type\":\"ListItem\",\"position\":1,\"name\":\"Products\",\"item\":\"https:\\\/\\\/tristel.com\\\/ch-de\\\/shop\\\/\"},{\"@type\":\"ListItem\",\"position\":2,\"name\":\"Stella-System\"}]},{\"@type\":\"WebSite\",\"@id\":\"https:\\\/\\\/tristel.com\\\/ch-de\\\/#website\",\"url\":\"https:\\\/\\\/tristel.com\\\/ch-de\\\/\",\"name\":\"Tristel - Switzerland - DE\",\"description\":\"Wilkommen\",\"potentialAction\":[{\"@type\":\"SearchAction\",\"target\":{\"@type\":\"EntryPoint\",\"urlTemplate\":\"https:\\\/\\\/tristel.com\\\/ch-de\\\/?s={search_term_string}\"},\"query-input\":{\"@type\":\"PropertyValueSpecification\",\"valueRequired\":true,\"valueName\":\"search_term_string\"}}],\"inLanguage\":\"en-US\"}]}<\/script>\n<!-- \/ Yoast SEO Premium plugin. -->","yoast_head_json":{"title":"Stella-System - Tristel - Switzerland - DE","robots":{"index":"index","follow":"follow","max-snippet":"max-snippet:-1","max-image-preview":"max-image-preview:large","max-video-preview":"max-video-preview:-1"},"canonical":"https:\/\/tristel.com\/ch-de\/product\/stella-system\/","og_locale":"en_US","og_type":"article","og_title":"Stella-System","og_description":"Das Stella-System kombiniert die Einfachheit der manuellen Desinfektion mit einem halbautomatischen Reinigungs- und Desinfektionssystem und bietet eine schnelle, mobile und wirtschaftliche Aufbereitung von Medizinprodukten mit bis zu einem Kanal.  &nbsp;  &nbsp;","og_url":"https:\/\/tristel.com\/ch-de\/product\/stella-system\/","og_site_name":"Tristel - Switzerland - DE","article_modified_time":"2025-05-16T09:42:37+00:00","og_image":[{"width":800,"height":600,"url":"https:\/\/tristel.com\/ch-de\/wp-content\/uploads\/sites\/29\/2022\/01\/Stella-Product-Image.png","type":"image\/png"}],"twitter_card":"summary_large_image","twitter_misc":{"Est. reading time":"1 minute"},"schema":{"@context":"https:\/\/schema.org","@graph":[{"@type":"WebPage","@id":"https:\/\/tristel.com\/ch-de\/product\/stella-system\/","url":"https:\/\/tristel.com\/ch-de\/product\/stella-system\/","name":"Stella-System - Tristel - Switzerland - DE","isPartOf":{"@id":"https:\/\/tristel.com\/ch-de\/#website"},"primaryImageOfPage":{"@id":"https:\/\/tristel.com\/ch-de\/product\/stella-system\/#primaryimage"},"image":{"@id":"https:\/\/tristel.com\/ch-de\/product\/stella-system\/#primaryimage"},"thumbnailUrl":"https:\/\/tristel.com\/ch-de\/wp-content\/uploads\/sites\/29\/2022\/01\/Stella-Product-Image.png","datePublished":"2022-01-26T10:30:39+00:00","dateModified":"2025-05-16T09:42:37+00:00","breadcrumb":{"@id":"https:\/\/tristel.com\/ch-de\/product\/stella-system\/#breadcrumb"},"inLanguage":"en-US","potentialAction":[{"@type":"ReadAction","target":["https:\/\/tristel.com\/ch-de\/product\/stella-system\/"]}]},{"@type":"ImageObject","inLanguage":"en-US","@id":"https:\/\/tristel.com\/ch-de\/product\/stella-system\/#primaryimage","url":"https:\/\/tristel.com\/ch-de\/wp-content\/uploads\/sites\/29\/2022\/01\/Stella-Product-Image.png","contentUrl":"https:\/\/tristel.com\/ch-de\/wp-content\/uploads\/sites\/29\/2022\/01\/Stella-Product-Image.png","width":800,"height":600},{"@type":"BreadcrumbList","@id":"https:\/\/tristel.com\/ch-de\/product\/stella-system\/#breadcrumb","itemListElement":[{"@type":"ListItem","position":1,"name":"Products","item":"https:\/\/tristel.com\/ch-de\/shop\/"},{"@type":"ListItem","position":2,"name":"Stella-System"}]},{"@type":"WebSite","@id":"https:\/\/tristel.com\/ch-de\/#website","url":"https:\/\/tristel.com\/ch-de\/","name":"Tristel - Switzerland - DE","description":"Wilkommen","potentialAction":[{"@type":"SearchAction","target":{"@type":"EntryPoint","urlTemplate":"https:\/\/tristel.com\/ch-de\/?s={search_term_string}"},"query-input":{"@type":"PropertyValueSpecification","valueRequired":true,"valueName":"search_term_string"}}],"inLanguage":"en-US"}]}},"_links":{"self":[{"href":"https:\/\/tristel.com\/ch-de\/wp-json\/wp\/v2\/product\/1135","targetHints":{"allow":["GET"]}}],"collection":[{"href":"https:\/\/tristel.com\/ch-de\/wp-json\/wp\/v2\/product"}],"about":[{"href":"https:\/\/tristel.com\/ch-de\/wp-json\/wp\/v2\/types\/product"}],"wp:featuredmedia":[{"embeddable":true,"href":"https:\/\/tristel.com\/ch-de\/wp-json\/wp\/v2\/media\/1139"}],"wp:attachment":[{"href":"https:\/\/tristel.com\/ch-de\/wp-json\/wp\/v2\/media?parent=1135"}],"wp:term":[{"taxonomy":"product_brand","embeddable":true,"href":"https:\/\/tristel.com\/ch-de\/wp-json\/wp\/v2\/product_brand?post=1135"},{"taxonomy":"product_cat","embeddable":true,"href":"https:\/\/tristel.com\/ch-de\/wp-json\/wp\/v2\/product_cat?post=1135"},{"taxonomy":"product_tag","embeddable":true,"href":"https:\/\/tristel.com\/ch-de\/wp-json\/wp\/v2\/product_tag?post=1135"}],"curies":[{"name":"wp","href":"https:\/\/api.w.org\/{rel}","templated":true}]}}