{"id":1045,"date":"2022-01-21T16:24:44","date_gmt":"2022-01-21T14:24:44","guid":{"rendered":"https:\/\/tristel.com\/ch-de\/?post_type=product&#038;p=1045"},"modified":"2025-05-16T11:45:48","modified_gmt":"2025-05-16T09:45:48","slug":"tristel-duo-oph","status":"publish","type":"product","link":"https:\/\/tristel.com\/ch-de\/product\/tristel-duo-oph\/","title":{"rendered":"Tristel Duo OPH"},"content":{"rendered":"<p>Besonders Tonometerprismen und Laser- oder Diagnostikkontaktgl\u00e4ser k\u00f6nnen Adenoviren \u00fcbertragen. Zudem sind diese Instrumente hitzeempfindlich und sollten nicht \u00fcber einen l\u00e4ngeren Zeitraum eingelegt werden.<\/p>\n<p>Hier bietet sich Tristel Duo OPH an, ein Desinfektionsschaum, der in 30 Sekunden das volle Wirkungsspektrum entfaltet und dabei die Instrumente schont.<\/p>\n<p>Tristel Duo OPH wurde in anerkannten Laboren weltweit getestet und wirkt nachweislich gegen ein breites Spektrum von Mikroorganismen, darunter <em>Acanthamoeba castellanii<\/em> (einer der Ausl\u00f6ser von Acantham\u00f6benkeratitis), Adenovirus Typ 5, <em>Pseudomonas aeruginosa<\/em> und <em>Staphylococcus aureus<\/em>.<\/p>\n<p>Tristel Duo OPH kann neben Kontaktgl\u00e4sern und Tonometerprismen auch zur High-Level-Desinfektion anderer semikritischer Medizinprodukte verwendet werden, wie z.B. Spalt-Lampen, Pachymeter, A-Scan- und B-Scan-Biometriesonden.<\/p>\n","protected":false},"excerpt":{"rendered":"<p>Es gibt bedenkliche Mikroorganismen in der Augenheilkunde deren Abt\u00f6tung durch &#8220;normale&#8221; Desinfektionsmittel gesichert ist. Was ist aber mit <em>Acanthamaeba<\/em> spp.? Pr\u00fcfungen gegen Protozoen sind noch nicht vorgeschrieben und stellen doch ein gro\u00dfes Risiko dar. Deshalb haben wir Duo OPH kreiert, ein Desinfektionsmittel, welches gegen Acanthamoeben innerhalb von 30 Sekunden wirkt. Und gegen Adenoviren. Und gegen Pilze, Mykobakterien, Bakterien und Sporen auch.<\/p>\n<p><strong>Was schaffen Sie in 30 Sekunden?<\/strong><br \/>\nTristel Duo OPH schafft es, <em>Acanthamoeba castellannii<\/em> und andere bedenkliche Mikroorganismen abzut\u00f6ten.<\/p>\n<p>Innerhalb einer Einwirkzeit von 30 Sekunden ist das Medizinprodukt komplett desinfiziert. Dieses Zeitfenster entspricht bspw. nachfolgenden T\u00e4tigkeiten: eine Tasse Kaffee kochen, eine kurze E-Mail schreiben, H\u00e4nde waschen und\/oder H\u00e4nde desinfizieren.<\/p>\n","protected":false},"featured_media":1052,"template":"","meta":{"_acf_changed":false,"_relevanssi_hide_post":"","_relevanssi_hide_content":"","_relevanssi_pin_for_all":"","_relevanssi_pin_keywords":"","_relevanssi_unpin_keywords":"","_relevanssi_related_keywords":"","_relevanssi_related_include_ids":"","_relevanssi_related_exclude_ids":"","_relevanssi_related_no_append":"","_relevanssi_related_not_related":"","_relevanssi_related_posts":"","_relevanssi_noindex_reason":"","inline_featured_image":false},"product_brand":[],"product_cat":[48,36,26],"product_tag":[],"class_list":{"0":"post-1045","1":"product","2":"type-product","3":"status-publish","4":"has-post-thumbnail","6":"product_cat-alle-tristel-produkte","7":"product_cat-ophthalmologie","8":"product_cat-tristel","10":"first","11":"instock","12":"taxable","13":"shipping-taxable","14":"product-type-simple"},"acf":[],"yoast_head":"<!-- This site is optimized with the Yoast SEO Premium plugin v27.4 (Yoast SEO v27.4) - https:\/\/yoast.com\/product\/yoast-seo-premium-wordpress\/ -->\n<title>Tristel Duo OPH - Tristel - Switzerland - DE<\/title>\n<meta name=\"robots\" content=\"index, follow, max-snippet:-1, max-image-preview:large, max-video-preview:-1\" \/>\n<link rel=\"canonical\" href=\"https:\/\/tristel.com\/ch-de\/product\/tristel-duo-oph\/\" \/>\n<meta property=\"og:locale\" content=\"en_US\" \/>\n<meta property=\"og:type\" content=\"article\" \/>\n<meta property=\"og:title\" content=\"Tristel Duo OPH\" \/>\n<meta property=\"og:description\" content=\"Es gibt bedenkliche Mikroorganismen in der Augenheilkunde deren Abt\u00f6tung durch &quot;normale&quot; Desinfektionsmittel gesichert ist. Was ist aber mit Acanthamaeba spp.? Pr\u00fcfungen gegen Protozoen sind noch nicht vorgeschrieben und stellen doch ein gro\u00dfes Risiko dar. Deshalb haben wir Duo OPH kreiert, ein Desinfektionsmittel, welches gegen Acanthamoeben innerhalb von 30 Sekunden wirkt. Und gegen Adenoviren. Und gegen Pilze, Mykobakterien, Bakterien und Sporen auch.  Was schaffen Sie in 30 Sekunden? Tristel Duo OPH schafft es, Acanthamoeba castellannii und andere bedenkliche Mikroorganismen abzut\u00f6ten.  Innerhalb einer Einwirkzeit von 30 Sekunden ist das Medizinprodukt komplett desinfiziert. Dieses Zeitfenster entspricht bspw. nachfolgenden T\u00e4tigkeiten: eine Tasse Kaffee kochen, eine kurze E-Mail schreiben, H\u00e4nde waschen und\/oder H\u00e4nde desinfizieren.\" \/>\n<meta property=\"og:url\" content=\"https:\/\/tristel.com\/ch-de\/product\/tristel-duo-oph\/\" \/>\n<meta property=\"og:site_name\" content=\"Tristel - Switzerland - DE\" \/>\n<meta property=\"article:modified_time\" content=\"2025-05-16T09:45:48+00:00\" \/>\n<meta property=\"og:image\" content=\"https:\/\/tristel.com\/ch-de\/wp-content\/uploads\/sites\/29\/2022\/01\/Duo-OPH-Product-Image.png\" \/>\n\t<meta property=\"og:image:width\" content=\"800\" \/>\n\t<meta property=\"og:image:height\" content=\"600\" \/>\n\t<meta property=\"og:image:type\" content=\"image\/png\" \/>\n<meta name=\"twitter:card\" content=\"summary_large_image\" \/>\n<meta name=\"twitter:label1\" content=\"Est. reading time\" \/>\n\t<meta name=\"twitter:data1\" content=\"1 minute\" \/>\n<script type=\"application\/ld+json\" class=\"yoast-schema-graph\">{\"@context\":\"https:\\\/\\\/schema.org\",\"@graph\":[{\"@type\":\"WebPage\",\"@id\":\"https:\\\/\\\/tristel.com\\\/ch-de\\\/product\\\/tristel-duo-oph\\\/\",\"url\":\"https:\\\/\\\/tristel.com\\\/ch-de\\\/product\\\/tristel-duo-oph\\\/\",\"name\":\"Tristel Duo OPH - Tristel - Switzerland - DE\",\"isPartOf\":{\"@id\":\"https:\\\/\\\/tristel.com\\\/ch-de\\\/#website\"},\"primaryImageOfPage\":{\"@id\":\"https:\\\/\\\/tristel.com\\\/ch-de\\\/product\\\/tristel-duo-oph\\\/#primaryimage\"},\"image\":{\"@id\":\"https:\\\/\\\/tristel.com\\\/ch-de\\\/product\\\/tristel-duo-oph\\\/#primaryimage\"},\"thumbnailUrl\":\"https:\\\/\\\/tristel.com\\\/ch-de\\\/wp-content\\\/uploads\\\/sites\\\/29\\\/2022\\\/01\\\/Duo-OPH-Product-Image.png\",\"datePublished\":\"2022-01-21T14:24:44+00:00\",\"dateModified\":\"2025-05-16T09:45:48+00:00\",\"breadcrumb\":{\"@id\":\"https:\\\/\\\/tristel.com\\\/ch-de\\\/product\\\/tristel-duo-oph\\\/#breadcrumb\"},\"inLanguage\":\"en-US\",\"potentialAction\":[{\"@type\":\"ReadAction\",\"target\":[\"https:\\\/\\\/tristel.com\\\/ch-de\\\/product\\\/tristel-duo-oph\\\/\"]}]},{\"@type\":\"ImageObject\",\"inLanguage\":\"en-US\",\"@id\":\"https:\\\/\\\/tristel.com\\\/ch-de\\\/product\\\/tristel-duo-oph\\\/#primaryimage\",\"url\":\"https:\\\/\\\/tristel.com\\\/ch-de\\\/wp-content\\\/uploads\\\/sites\\\/29\\\/2022\\\/01\\\/Duo-OPH-Product-Image.png\",\"contentUrl\":\"https:\\\/\\\/tristel.com\\\/ch-de\\\/wp-content\\\/uploads\\\/sites\\\/29\\\/2022\\\/01\\\/Duo-OPH-Product-Image.png\",\"width\":800,\"height\":600},{\"@type\":\"BreadcrumbList\",\"@id\":\"https:\\\/\\\/tristel.com\\\/ch-de\\\/product\\\/tristel-duo-oph\\\/#breadcrumb\",\"itemListElement\":[{\"@type\":\"ListItem\",\"position\":1,\"name\":\"Products\",\"item\":\"https:\\\/\\\/tristel.com\\\/ch-de\\\/shop\\\/\"},{\"@type\":\"ListItem\",\"position\":2,\"name\":\"Tristel Duo OPH\"}]},{\"@type\":\"WebSite\",\"@id\":\"https:\\\/\\\/tristel.com\\\/ch-de\\\/#website\",\"url\":\"https:\\\/\\\/tristel.com\\\/ch-de\\\/\",\"name\":\"Tristel - Switzerland - DE\",\"description\":\"Wilkommen\",\"potentialAction\":[{\"@type\":\"SearchAction\",\"target\":{\"@type\":\"EntryPoint\",\"urlTemplate\":\"https:\\\/\\\/tristel.com\\\/ch-de\\\/?s={search_term_string}\"},\"query-input\":{\"@type\":\"PropertyValueSpecification\",\"valueRequired\":true,\"valueName\":\"search_term_string\"}}],\"inLanguage\":\"en-US\"}]}<\/script>\n<!-- \/ Yoast SEO Premium plugin. -->","yoast_head_json":{"title":"Tristel Duo OPH - Tristel - Switzerland - DE","robots":{"index":"index","follow":"follow","max-snippet":"max-snippet:-1","max-image-preview":"max-image-preview:large","max-video-preview":"max-video-preview:-1"},"canonical":"https:\/\/tristel.com\/ch-de\/product\/tristel-duo-oph\/","og_locale":"en_US","og_type":"article","og_title":"Tristel Duo OPH","og_description":"Es gibt bedenkliche Mikroorganismen in der Augenheilkunde deren Abt\u00f6tung durch \"normale\" Desinfektionsmittel gesichert ist. Was ist aber mit Acanthamaeba spp.? Pr\u00fcfungen gegen Protozoen sind noch nicht vorgeschrieben und stellen doch ein gro\u00dfes Risiko dar. Deshalb haben wir Duo OPH kreiert, ein Desinfektionsmittel, welches gegen Acanthamoeben innerhalb von 30 Sekunden wirkt. Und gegen Adenoviren. Und gegen Pilze, Mykobakterien, Bakterien und Sporen auch.  Was schaffen Sie in 30 Sekunden? Tristel Duo OPH schafft es, Acanthamoeba castellannii und andere bedenkliche Mikroorganismen abzut\u00f6ten.  Innerhalb einer Einwirkzeit von 30 Sekunden ist das Medizinprodukt komplett desinfiziert. Dieses Zeitfenster entspricht bspw. nachfolgenden T\u00e4tigkeiten: eine Tasse Kaffee kochen, eine kurze E-Mail schreiben, H\u00e4nde waschen und\/oder H\u00e4nde desinfizieren.","og_url":"https:\/\/tristel.com\/ch-de\/product\/tristel-duo-oph\/","og_site_name":"Tristel - Switzerland - DE","article_modified_time":"2025-05-16T09:45:48+00:00","og_image":[{"width":800,"height":600,"url":"https:\/\/tristel.com\/ch-de\/wp-content\/uploads\/sites\/29\/2022\/01\/Duo-OPH-Product-Image.png","type":"image\/png"}],"twitter_card":"summary_large_image","twitter_misc":{"Est. reading time":"1 minute"},"schema":{"@context":"https:\/\/schema.org","@graph":[{"@type":"WebPage","@id":"https:\/\/tristel.com\/ch-de\/product\/tristel-duo-oph\/","url":"https:\/\/tristel.com\/ch-de\/product\/tristel-duo-oph\/","name":"Tristel Duo OPH - Tristel - Switzerland - DE","isPartOf":{"@id":"https:\/\/tristel.com\/ch-de\/#website"},"primaryImageOfPage":{"@id":"https:\/\/tristel.com\/ch-de\/product\/tristel-duo-oph\/#primaryimage"},"image":{"@id":"https:\/\/tristel.com\/ch-de\/product\/tristel-duo-oph\/#primaryimage"},"thumbnailUrl":"https:\/\/tristel.com\/ch-de\/wp-content\/uploads\/sites\/29\/2022\/01\/Duo-OPH-Product-Image.png","datePublished":"2022-01-21T14:24:44+00:00","dateModified":"2025-05-16T09:45:48+00:00","breadcrumb":{"@id":"https:\/\/tristel.com\/ch-de\/product\/tristel-duo-oph\/#breadcrumb"},"inLanguage":"en-US","potentialAction":[{"@type":"ReadAction","target":["https:\/\/tristel.com\/ch-de\/product\/tristel-duo-oph\/"]}]},{"@type":"ImageObject","inLanguage":"en-US","@id":"https:\/\/tristel.com\/ch-de\/product\/tristel-duo-oph\/#primaryimage","url":"https:\/\/tristel.com\/ch-de\/wp-content\/uploads\/sites\/29\/2022\/01\/Duo-OPH-Product-Image.png","contentUrl":"https:\/\/tristel.com\/ch-de\/wp-content\/uploads\/sites\/29\/2022\/01\/Duo-OPH-Product-Image.png","width":800,"height":600},{"@type":"BreadcrumbList","@id":"https:\/\/tristel.com\/ch-de\/product\/tristel-duo-oph\/#breadcrumb","itemListElement":[{"@type":"ListItem","position":1,"name":"Products","item":"https:\/\/tristel.com\/ch-de\/shop\/"},{"@type":"ListItem","position":2,"name":"Tristel Duo OPH"}]},{"@type":"WebSite","@id":"https:\/\/tristel.com\/ch-de\/#website","url":"https:\/\/tristel.com\/ch-de\/","name":"Tristel - Switzerland - DE","description":"Wilkommen","potentialAction":[{"@type":"SearchAction","target":{"@type":"EntryPoint","urlTemplate":"https:\/\/tristel.com\/ch-de\/?s={search_term_string}"},"query-input":{"@type":"PropertyValueSpecification","valueRequired":true,"valueName":"search_term_string"}}],"inLanguage":"en-US"}]}},"_links":{"self":[{"href":"https:\/\/tristel.com\/ch-de\/wp-json\/wp\/v2\/product\/1045","targetHints":{"allow":["GET"]}}],"collection":[{"href":"https:\/\/tristel.com\/ch-de\/wp-json\/wp\/v2\/product"}],"about":[{"href":"https:\/\/tristel.com\/ch-de\/wp-json\/wp\/v2\/types\/product"}],"wp:featuredmedia":[{"embeddable":true,"href":"https:\/\/tristel.com\/ch-de\/wp-json\/wp\/v2\/media\/1052"}],"wp:attachment":[{"href":"https:\/\/tristel.com\/ch-de\/wp-json\/wp\/v2\/media?parent=1045"}],"wp:term":[{"taxonomy":"product_brand","embeddable":true,"href":"https:\/\/tristel.com\/ch-de\/wp-json\/wp\/v2\/product_brand?post=1045"},{"taxonomy":"product_cat","embeddable":true,"href":"https:\/\/tristel.com\/ch-de\/wp-json\/wp\/v2\/product_cat?post=1045"},{"taxonomy":"product_tag","embeddable":true,"href":"https:\/\/tristel.com\/ch-de\/wp-json\/wp\/v2\/product_tag?post=1045"}],"curies":[{"name":"wp","href":"https:\/\/api.w.org\/{rel}","templated":true}]}}