{"id":1306,"date":"2023-07-11T20:37:21","date_gmt":"2023-07-11T18:37:21","guid":{"rendered":"https:\/\/tristel.com\/ch-de\/?page_id=1306"},"modified":"2023-07-11T20:37:21","modified_gmt":"2023-07-11T18:37:21","slug":"ultraschall-animation","status":"publish","type":"page","link":"https:\/\/tristel.com\/ch-de\/ultraschall-animation\/","title":{"rendered":"Ultraschall Animation"},"content":{"rendered":"<p><span data-contrast=\"auto\">Die <\/span><span data-contrast=\"auto\">Aufbereitung<\/span><span data-contrast=\"auto\"> von Medizinprodukten wird auf <\/span><span data-contrast=\"auto\">unterschiedliche<\/span><span data-contrast=\"auto\"> Weise durchgef\u00fchrt.<\/span><span data-ccp-props=\"{&quot;335559739&quot;:0}\">\u00a0<\/span><\/p>\n<p><span data-contrast=\"auto\">Als ein <\/span><span data-contrast=\"auto\">weltweit f\u00fchrendes<\/span><span data-contrast=\"auto\"> Unternehmen im Bereich der Infektionspr\u00e4vention wei\u00df Tristel, wie wichtig eine <\/span><span data-contrast=\"auto\">ordnungsgem\u00e4\u00dfe Aufbereitung<\/span><span data-contrast=\"auto\"> von Medizinprodukten ist. <\/span><\/p>\n<p><span data-contrast=\"auto\">High-Level-Desinfektionsmittel (HLD) von Tristel werden <\/span><span data-contrast=\"auto\">manuell<\/span><span data-contrast=\"auto\"> angewandt.<\/span><span data-ccp-props=\"{&quot;335559739&quot;:0}\">\u00a0<\/span><span data-contrast=\"auto\">Unsere Konkurrenten kritisieren dies oft, weil wir uns auf menschliches Handeln verlassen. <\/span><span data-contrast=\"auto\">Aber jeder Hersteller wei\u00df, dass das <\/span><span data-contrast=\"auto\">Wischen funktioniert.<\/span><span data-ccp-props=\"{&quot;335559739&quot;:0}\">\u00a0<\/span><span data-contrast=\"auto\">Jeder Prozess ist zu <\/span><span data-contrast=\"auto\">100%<\/span><span data-contrast=\"auto\"> auf die Wischdesinfektion angewiesen.\u00a0<\/span><\/p>\n<p><span data-contrast=\"auto\">Lassen Sie uns dar\u00fcber sprechen.<\/span><span data-ccp-props=\"{&quot;335559739&quot;:0}\">\u00a0<\/span><\/p>\n","protected":false},"excerpt":{"rendered":"<p>Die Aufbereitung von Medizinprodukten wird auf unterschiedliche Weise durchgef\u00fchrt.\u00a0 Als ein weltweit f\u00fchrendes Unternehmen im Bereich der Infektionspr\u00e4vention wei\u00df Tristel, wie wichtig eine ordnungsgem\u00e4\u00dfe Aufbereitung von Medizinprodukten ist. High-Level-Desinfektionsmittel (HLD) [&hellip;]<\/p>\n","protected":false},"author":2,"featured_media":0,"parent":0,"menu_order":0,"comment_status":"closed","ping_status":"closed","template":"","meta":{"_acf_changed":false,"_relevanssi_hide_post":"","_relevanssi_hide_content":"","_relevanssi_pin_for_all":"","_relevanssi_pin_keywords":"","_relevanssi_unpin_keywords":"","_relevanssi_related_keywords":"","_relevanssi_related_include_ids":"","_relevanssi_related_exclude_ids":"","_relevanssi_related_no_append":"","_relevanssi_related_not_related":"","_relevanssi_related_posts":"","_relevanssi_noindex_reason":"","inline_featured_image":false,"footnotes":""},"class_list":["post-1306","page","type-page","status-publish","hentry"],"acf":[],"yoast_head":"<!-- This site is optimized with the Yoast SEO Premium plugin v27.4 (Yoast SEO v27.4) - https:\/\/yoast.com\/product\/yoast-seo-premium-wordpress\/ -->\n<title>Ultraschall Animation - Tristel - Switzerland - DE<\/title>\n<meta name=\"robots\" content=\"index, follow, max-snippet:-1, max-image-preview:large, max-video-preview:-1\" \/>\n<link rel=\"canonical\" href=\"https:\/\/tristel.com\/ch-de\/ultraschall-animation\/\" \/>\n<meta property=\"og:locale\" content=\"en_US\" \/>\n<meta property=\"og:type\" content=\"article\" \/>\n<meta property=\"og:title\" content=\"Ultraschall Animation\" \/>\n<meta property=\"og:description\" content=\"Die Aufbereitung von Medizinprodukten wird auf unterschiedliche Weise durchgef\u00fchrt.\u00a0 Als ein weltweit f\u00fchrendes Unternehmen im Bereich der Infektionspr\u00e4vention wei\u00df Tristel, wie wichtig eine ordnungsgem\u00e4\u00dfe Aufbereitung von Medizinprodukten ist. High-Level-Desinfektionsmittel (HLD) [&hellip;]\" \/>\n<meta property=\"og:url\" content=\"https:\/\/tristel.com\/ch-de\/ultraschall-animation\/\" \/>\n<meta property=\"og:site_name\" content=\"Tristel - Switzerland - DE\" \/>\n<meta name=\"twitter:card\" content=\"summary_large_image\" \/>\n<meta name=\"twitter:label1\" content=\"Est. reading time\" \/>\n\t<meta name=\"twitter:data1\" content=\"1 minute\" \/>\n<script type=\"application\/ld+json\" class=\"yoast-schema-graph\">{\"@context\":\"https:\\\/\\\/schema.org\",\"@graph\":[{\"@type\":\"WebPage\",\"@id\":\"https:\\\/\\\/tristel.com\\\/ch-de\\\/ultraschall-animation\\\/\",\"url\":\"https:\\\/\\\/tristel.com\\\/ch-de\\\/ultraschall-animation\\\/\",\"name\":\"Ultraschall Animation - Tristel - Switzerland - DE\",\"isPartOf\":{\"@id\":\"https:\\\/\\\/tristel.com\\\/ch-de\\\/#website\"},\"datePublished\":\"2023-07-11T18:37:21+00:00\",\"inLanguage\":\"en-US\",\"potentialAction\":[{\"@type\":\"ReadAction\",\"target\":[\"https:\\\/\\\/tristel.com\\\/ch-de\\\/ultraschall-animation\\\/\"]}]},{\"@type\":\"WebSite\",\"@id\":\"https:\\\/\\\/tristel.com\\\/ch-de\\\/#website\",\"url\":\"https:\\\/\\\/tristel.com\\\/ch-de\\\/\",\"name\":\"Tristel - Switzerland - DE\",\"description\":\"Wilkommen\",\"potentialAction\":[{\"@type\":\"SearchAction\",\"target\":{\"@type\":\"EntryPoint\",\"urlTemplate\":\"https:\\\/\\\/tristel.com\\\/ch-de\\\/?s={search_term_string}\"},\"query-input\":{\"@type\":\"PropertyValueSpecification\",\"valueRequired\":true,\"valueName\":\"search_term_string\"}}],\"inLanguage\":\"en-US\"}]}<\/script>\n<!-- \/ Yoast SEO Premium plugin. -->","yoast_head_json":{"title":"Ultraschall Animation - Tristel - Switzerland - DE","robots":{"index":"index","follow":"follow","max-snippet":"max-snippet:-1","max-image-preview":"max-image-preview:large","max-video-preview":"max-video-preview:-1"},"canonical":"https:\/\/tristel.com\/ch-de\/ultraschall-animation\/","og_locale":"en_US","og_type":"article","og_title":"Ultraschall Animation","og_description":"Die Aufbereitung von Medizinprodukten wird auf unterschiedliche Weise durchgef\u00fchrt.\u00a0 Als ein weltweit f\u00fchrendes Unternehmen im Bereich der Infektionspr\u00e4vention wei\u00df Tristel, wie wichtig eine ordnungsgem\u00e4\u00dfe Aufbereitung von Medizinprodukten ist. High-Level-Desinfektionsmittel (HLD) [&hellip;]","og_url":"https:\/\/tristel.com\/ch-de\/ultraschall-animation\/","og_site_name":"Tristel - Switzerland - DE","twitter_card":"summary_large_image","twitter_misc":{"Est. reading time":"1 minute"},"schema":{"@context":"https:\/\/schema.org","@graph":[{"@type":"WebPage","@id":"https:\/\/tristel.com\/ch-de\/ultraschall-animation\/","url":"https:\/\/tristel.com\/ch-de\/ultraschall-animation\/","name":"Ultraschall Animation - Tristel - Switzerland - DE","isPartOf":{"@id":"https:\/\/tristel.com\/ch-de\/#website"},"datePublished":"2023-07-11T18:37:21+00:00","inLanguage":"en-US","potentialAction":[{"@type":"ReadAction","target":["https:\/\/tristel.com\/ch-de\/ultraschall-animation\/"]}]},{"@type":"WebSite","@id":"https:\/\/tristel.com\/ch-de\/#website","url":"https:\/\/tristel.com\/ch-de\/","name":"Tristel - Switzerland - DE","description":"Wilkommen","potentialAction":[{"@type":"SearchAction","target":{"@type":"EntryPoint","urlTemplate":"https:\/\/tristel.com\/ch-de\/?s={search_term_string}"},"query-input":{"@type":"PropertyValueSpecification","valueRequired":true,"valueName":"search_term_string"}}],"inLanguage":"en-US"}]}},"_links":{"self":[{"href":"https:\/\/tristel.com\/ch-de\/wp-json\/wp\/v2\/pages\/1306","targetHints":{"allow":["GET"]}}],"collection":[{"href":"https:\/\/tristel.com\/ch-de\/wp-json\/wp\/v2\/pages"}],"about":[{"href":"https:\/\/tristel.com\/ch-de\/wp-json\/wp\/v2\/types\/page"}],"author":[{"embeddable":true,"href":"https:\/\/tristel.com\/ch-de\/wp-json\/wp\/v2\/users\/2"}],"replies":[{"embeddable":true,"href":"https:\/\/tristel.com\/ch-de\/wp-json\/wp\/v2\/comments?post=1306"}],"version-history":[{"count":0,"href":"https:\/\/tristel.com\/ch-de\/wp-json\/wp\/v2\/pages\/1306\/revisions"}],"wp:attachment":[{"href":"https:\/\/tristel.com\/ch-de\/wp-json\/wp\/v2\/media?parent=1306"}],"curies":[{"name":"wp","href":"https:\/\/api.w.org\/{rel}","templated":true}]}}