{"id":1117,"date":"2022-02-15T15:14:52","date_gmt":"2022-02-15T14:14:52","guid":{"rendered":"https:\/\/tristel.com\/at-de\/?post_type=product&#038;p=1117"},"modified":"2025-05-15T16:42:19","modified_gmt":"2025-05-15T14:42:19","slug":"jet","status":"publish","type":"product","link":"https:\/\/tristel.com\/at-de\/product\/jet\/","title":{"rendered":"JET"},"content":{"rendered":"<p>JET ist ein f\u00fcr die allt\u00e4gliche Routinedesinfektion konzipierter Desinfektionsschaum, der das gesamte Wirkungsspektrum an Keimen innerhalb von einer sehr kurzen Einwirkzeit abdeckt. Die Flasche ist sofort einsatzbereit und ben\u00f6tigt keine Vorbereitung. Die Haltbarkeit ist nicht vom Anbruchdatum abh\u00e4ngig. JET profitiert zudem von einer ausgezeichneten Materialvertr\u00e4glichkeit.<\/p>\n<p>Somit ist es nicht mehr erforderlich, Fl\u00e4chen um Patienten mit erh\u00f6htem Infektionsrisiko oder R\u00e4ume mit infekti\u00f6sen Patienten einer gesonderten Desinfektionsroutine zu unterziehen. Vereinfachen Sie Ihre Desinfektionsroutine.<\/p>\n<p>Zudem erledigen sich Wartezeiten im Zusammenhang mit Einwirkzeiten. Wer kann schon garantieren, dass ein Desinfektionsmittel wirkt, wenn die Fl\u00e4che w\u00e4hrend der offiziellen Einwirkzeit schon wieder genutzt wird? JET wirkt gegen das komplette Wirkspektrum w\u00e4hrend es trocknet. Es ben\u00f6tigt nur eine Minute, um gegen Bakterien, Pilze, Viren, Mykobakterien und Sporen wirksam zu sein. Nur so ist auch gew\u00e4hrleistet, dass die Wirksamkeit jedes Mal gegeben ist.<\/p>\n","protected":false},"excerpt":{"rendered":"<div>\n<div>Keine Lust auf Prozentrechnung? Genervt von den vielen Fl\u00e4chendesinfektionsmitteln? Unsicher wegen unterschiedlicher Einwirkzeiten f\u00fcr verschiedene Mikroorganismen?<\/div>\n<\/div>\n<div>\n<p><strong>JET, EINS f\u00fcr ALLES!<\/strong> Unser Desinfektionsschaum f\u00fcr patientennahe Fl\u00e4chen ist f\u00fcr eine Vielzahl von Oberfl\u00e4chen geeignet und t\u00f6tet alle relevanten Krankenhauskeime in nur 1 Minute ab. Verteilen Sie den Schaum einfach mit einem Tuch und JET wirkt, w\u00e4hrend er trocknet. Unkomplizierter geht&#8217;s nicht.<\/p>\n<\/div>\n<div>Ist Ihr aktuelles Fl\u00e4chendesinfektionsmittel sporizid? EN17126 ist die neue Norm zur Pr\u00fcfung der sporiziden Wirkung auf Fl\u00e4chen im medizinischen Bereich. Nur ein Fl\u00e4chendesinfektionsmittel, das nach EN17126 gepr\u00fcft wurde, ist wirklich sporizid. JET erf\u00fcllt alle aktuellen Anforderungen an ein Desinfektionsmittel in einer Einwirkzeit zu 100%. Nat\u00fcrlich auch nach EN17126.<\/div>\n","protected":false},"featured_media":1175,"template":"","meta":{"_acf_changed":false,"_relevanssi_hide_post":"","_relevanssi_hide_content":"","_relevanssi_pin_for_all":"","_relevanssi_pin_keywords":"","_relevanssi_unpin_keywords":"","_relevanssi_related_keywords":"","_relevanssi_related_include_ids":"","_relevanssi_related_exclude_ids":"","_relevanssi_related_no_append":"","_relevanssi_related_not_related":"","_relevanssi_related_posts":"","_relevanssi_noindex_reason":"","inline_featured_image":false},"product_brand":[],"product_cat":[53,37,34,26],"product_tag":[],"class_list":{"0":"post-1117","1":"product","2":"type-product","3":"status-publish","4":"has-post-thumbnail","6":"product_cat-alle-tristel-produkte","7":"product_cat-patientennahe-oberflaechen","8":"product_cat-rettungsdienst","9":"product_cat-tristel","11":"first","12":"instock","13":"taxable","14":"shipping-taxable","15":"product-type-simple"},"acf":[],"yoast_head":"<!-- This site is optimized with the Yoast SEO Premium plugin v27.4 (Yoast SEO v27.4) - https:\/\/yoast.com\/product\/yoast-seo-premium-wordpress\/ -->\n<title>JET - Tristel - Austria - DE<\/title>\n<meta name=\"robots\" content=\"index, follow, max-snippet:-1, max-image-preview:large, max-video-preview:-1\" \/>\n<link rel=\"canonical\" href=\"https:\/\/tristel.com\/at-de\/product\/jet\/\" \/>\n<meta property=\"og:locale\" content=\"en_US\" \/>\n<meta property=\"og:type\" content=\"article\" \/>\n<meta property=\"og:title\" content=\"JET\" \/>\n<meta property=\"og:description\" content=\"Keine Lust auf Prozentrechnung? Genervt von den vielen Fl\u00e4chendesinfektionsmitteln? Unsicher wegen unterschiedlicher Einwirkzeiten f\u00fcr verschiedene Mikroorganismen?    JET, EINS f\u00fcr ALLES! Unser Desinfektionsschaum f\u00fcr patientennahe Fl\u00e4chen ist f\u00fcr eine Vielzahl von Oberfl\u00e4chen geeignet und t\u00f6tet alle relevanten Krankenhauskeime in nur 1 Minute ab. Verteilen Sie den Schaum einfach mit einem Tuch und JET wirkt, w\u00e4hrend er trocknet. Unkomplizierter geht&#039;s nicht.   Ist Ihr aktuelles Fl\u00e4chendesinfektionsmittel sporizid? EN17126 ist die neue Norm zur Pr\u00fcfung der sporiziden Wirkung auf Fl\u00e4chen im medizinischen Bereich. Nur ein Fl\u00e4chendesinfektionsmittel, das nach EN17126 gepr\u00fcft wurde, ist wirklich sporizid. JET erf\u00fcllt alle aktuellen Anforderungen an ein Desinfektionsmittel in einer Einwirkzeit zu 100%. Nat\u00fcrlich auch nach EN17126.\" \/>\n<meta property=\"og:url\" content=\"https:\/\/tristel.com\/at-de\/product\/jet\/\" \/>\n<meta property=\"og:site_name\" content=\"Tristel - Austria - DE\" \/>\n<meta property=\"article:modified_time\" content=\"2025-05-15T14:42:19+00:00\" \/>\n<meta property=\"og:image\" content=\"https:\/\/tristel.com\/at-de\/wp-content\/uploads\/sites\/28\/2022\/02\/JET-Product-Image-e1624466748164.png\" \/>\n\t<meta property=\"og:image:width\" content=\"800\" \/>\n\t<meta property=\"og:image:height\" content=\"564\" \/>\n\t<meta property=\"og:image:type\" content=\"image\/png\" \/>\n<meta name=\"twitter:card\" content=\"summary_large_image\" \/>\n<meta name=\"twitter:label1\" content=\"Est. reading time\" \/>\n\t<meta name=\"twitter:data1\" content=\"1 minute\" \/>\n<script type=\"application\/ld+json\" class=\"yoast-schema-graph\">{\"@context\":\"https:\\\/\\\/schema.org\",\"@graph\":[{\"@type\":\"WebPage\",\"@id\":\"https:\\\/\\\/tristel.com\\\/at-de\\\/product\\\/jet\\\/\",\"url\":\"https:\\\/\\\/tristel.com\\\/at-de\\\/product\\\/jet\\\/\",\"name\":\"JET - Tristel - Austria - DE\",\"isPartOf\":{\"@id\":\"https:\\\/\\\/tristel.com\\\/at-de\\\/#website\"},\"primaryImageOfPage\":{\"@id\":\"https:\\\/\\\/tristel.com\\\/at-de\\\/product\\\/jet\\\/#primaryimage\"},\"image\":{\"@id\":\"https:\\\/\\\/tristel.com\\\/at-de\\\/product\\\/jet\\\/#primaryimage\"},\"thumbnailUrl\":\"https:\\\/\\\/tristel.com\\\/at-de\\\/wp-content\\\/uploads\\\/sites\\\/28\\\/2022\\\/02\\\/JET-Product-Image-e1624466748164.png\",\"datePublished\":\"2022-02-15T14:14:52+00:00\",\"dateModified\":\"2025-05-15T14:42:19+00:00\",\"breadcrumb\":{\"@id\":\"https:\\\/\\\/tristel.com\\\/at-de\\\/product\\\/jet\\\/#breadcrumb\"},\"inLanguage\":\"en-US\",\"potentialAction\":[{\"@type\":\"ReadAction\",\"target\":[\"https:\\\/\\\/tristel.com\\\/at-de\\\/product\\\/jet\\\/\"]}]},{\"@type\":\"ImageObject\",\"inLanguage\":\"en-US\",\"@id\":\"https:\\\/\\\/tristel.com\\\/at-de\\\/product\\\/jet\\\/#primaryimage\",\"url\":\"https:\\\/\\\/tristel.com\\\/at-de\\\/wp-content\\\/uploads\\\/sites\\\/28\\\/2022\\\/02\\\/JET-Product-Image-e1624466748164.png\",\"contentUrl\":\"https:\\\/\\\/tristel.com\\\/at-de\\\/wp-content\\\/uploads\\\/sites\\\/28\\\/2022\\\/02\\\/JET-Product-Image-e1624466748164.png\",\"width\":800,\"height\":564},{\"@type\":\"BreadcrumbList\",\"@id\":\"https:\\\/\\\/tristel.com\\\/at-de\\\/product\\\/jet\\\/#breadcrumb\",\"itemListElement\":[{\"@type\":\"ListItem\",\"position\":1,\"name\":\"Products\",\"item\":\"https:\\\/\\\/tristel.com\\\/at-de\\\/shop\\\/\"},{\"@type\":\"ListItem\",\"position\":2,\"name\":\"JET\"}]},{\"@type\":\"WebSite\",\"@id\":\"https:\\\/\\\/tristel.com\\\/at-de\\\/#website\",\"url\":\"https:\\\/\\\/tristel.com\\\/at-de\\\/\",\"name\":\"Tristel - Austria - DE\",\"description\":\"We have chemistry\",\"potentialAction\":[{\"@type\":\"SearchAction\",\"target\":{\"@type\":\"EntryPoint\",\"urlTemplate\":\"https:\\\/\\\/tristel.com\\\/at-de\\\/?s={search_term_string}\"},\"query-input\":{\"@type\":\"PropertyValueSpecification\",\"valueRequired\":true,\"valueName\":\"search_term_string\"}}],\"inLanguage\":\"en-US\"}]}<\/script>\n<!-- \/ Yoast SEO Premium plugin. -->","yoast_head_json":{"title":"JET - Tristel - Austria - DE","robots":{"index":"index","follow":"follow","max-snippet":"max-snippet:-1","max-image-preview":"max-image-preview:large","max-video-preview":"max-video-preview:-1"},"canonical":"https:\/\/tristel.com\/at-de\/product\/jet\/","og_locale":"en_US","og_type":"article","og_title":"JET","og_description":"Keine Lust auf Prozentrechnung? Genervt von den vielen Fl\u00e4chendesinfektionsmitteln? Unsicher wegen unterschiedlicher Einwirkzeiten f\u00fcr verschiedene Mikroorganismen?    JET, EINS f\u00fcr ALLES! Unser Desinfektionsschaum f\u00fcr patientennahe Fl\u00e4chen ist f\u00fcr eine Vielzahl von Oberfl\u00e4chen geeignet und t\u00f6tet alle relevanten Krankenhauskeime in nur 1 Minute ab. Verteilen Sie den Schaum einfach mit einem Tuch und JET wirkt, w\u00e4hrend er trocknet. Unkomplizierter geht's nicht.   Ist Ihr aktuelles Fl\u00e4chendesinfektionsmittel sporizid? EN17126 ist die neue Norm zur Pr\u00fcfung der sporiziden Wirkung auf Fl\u00e4chen im medizinischen Bereich. Nur ein Fl\u00e4chendesinfektionsmittel, das nach EN17126 gepr\u00fcft wurde, ist wirklich sporizid. JET erf\u00fcllt alle aktuellen Anforderungen an ein Desinfektionsmittel in einer Einwirkzeit zu 100%. Nat\u00fcrlich auch nach EN17126.","og_url":"https:\/\/tristel.com\/at-de\/product\/jet\/","og_site_name":"Tristel - Austria - DE","article_modified_time":"2025-05-15T14:42:19+00:00","og_image":[{"width":800,"height":564,"url":"https:\/\/tristel.com\/at-de\/wp-content\/uploads\/sites\/28\/2022\/02\/JET-Product-Image-e1624466748164.png","type":"image\/png"}],"twitter_card":"summary_large_image","twitter_misc":{"Est. reading time":"1 minute"},"schema":{"@context":"https:\/\/schema.org","@graph":[{"@type":"WebPage","@id":"https:\/\/tristel.com\/at-de\/product\/jet\/","url":"https:\/\/tristel.com\/at-de\/product\/jet\/","name":"JET - Tristel - Austria - DE","isPartOf":{"@id":"https:\/\/tristel.com\/at-de\/#website"},"primaryImageOfPage":{"@id":"https:\/\/tristel.com\/at-de\/product\/jet\/#primaryimage"},"image":{"@id":"https:\/\/tristel.com\/at-de\/product\/jet\/#primaryimage"},"thumbnailUrl":"https:\/\/tristel.com\/at-de\/wp-content\/uploads\/sites\/28\/2022\/02\/JET-Product-Image-e1624466748164.png","datePublished":"2022-02-15T14:14:52+00:00","dateModified":"2025-05-15T14:42:19+00:00","breadcrumb":{"@id":"https:\/\/tristel.com\/at-de\/product\/jet\/#breadcrumb"},"inLanguage":"en-US","potentialAction":[{"@type":"ReadAction","target":["https:\/\/tristel.com\/at-de\/product\/jet\/"]}]},{"@type":"ImageObject","inLanguage":"en-US","@id":"https:\/\/tristel.com\/at-de\/product\/jet\/#primaryimage","url":"https:\/\/tristel.com\/at-de\/wp-content\/uploads\/sites\/28\/2022\/02\/JET-Product-Image-e1624466748164.png","contentUrl":"https:\/\/tristel.com\/at-de\/wp-content\/uploads\/sites\/28\/2022\/02\/JET-Product-Image-e1624466748164.png","width":800,"height":564},{"@type":"BreadcrumbList","@id":"https:\/\/tristel.com\/at-de\/product\/jet\/#breadcrumb","itemListElement":[{"@type":"ListItem","position":1,"name":"Products","item":"https:\/\/tristel.com\/at-de\/shop\/"},{"@type":"ListItem","position":2,"name":"JET"}]},{"@type":"WebSite","@id":"https:\/\/tristel.com\/at-de\/#website","url":"https:\/\/tristel.com\/at-de\/","name":"Tristel - Austria - DE","description":"We have chemistry","potentialAction":[{"@type":"SearchAction","target":{"@type":"EntryPoint","urlTemplate":"https:\/\/tristel.com\/at-de\/?s={search_term_string}"},"query-input":{"@type":"PropertyValueSpecification","valueRequired":true,"valueName":"search_term_string"}}],"inLanguage":"en-US"}]}},"_links":{"self":[{"href":"https:\/\/tristel.com\/at-de\/wp-json\/wp\/v2\/product\/1117","targetHints":{"allow":["GET"]}}],"collection":[{"href":"https:\/\/tristel.com\/at-de\/wp-json\/wp\/v2\/product"}],"about":[{"href":"https:\/\/tristel.com\/at-de\/wp-json\/wp\/v2\/types\/product"}],"wp:featuredmedia":[{"embeddable":true,"href":"https:\/\/tristel.com\/at-de\/wp-json\/wp\/v2\/media\/1175"}],"wp:attachment":[{"href":"https:\/\/tristel.com\/at-de\/wp-json\/wp\/v2\/media?parent=1117"}],"wp:term":[{"taxonomy":"product_brand","embeddable":true,"href":"https:\/\/tristel.com\/at-de\/wp-json\/wp\/v2\/product_brand?post=1117"},{"taxonomy":"product_cat","embeddable":true,"href":"https:\/\/tristel.com\/at-de\/wp-json\/wp\/v2\/product_cat?post=1117"},{"taxonomy":"product_tag","embeddable":true,"href":"https:\/\/tristel.com\/at-de\/wp-json\/wp\/v2\/product_tag?post=1117"}],"curies":[{"name":"wp","href":"https:\/\/api.w.org\/{rel}","templated":true}]}}