{"id":1114,"date":"2022-02-15T15:14:51","date_gmt":"2022-02-15T14:14:51","guid":{"rendered":"https:\/\/tristel.com\/at-de\/?post_type=product&#038;p=1114"},"modified":"2025-05-15T16:44:05","modified_gmt":"2025-05-15T14:44:05","slug":"duel","status":"publish","type":"product","link":"https:\/\/tristel.com\/at-de\/product\/duel\/","title":{"rendered":"DUEL"},"content":{"rendered":"<p>DUEL ist ein Desinfektionsschaum, welcher sich f\u00fcr patientennahe Oberfl\u00e4chen eignet und einfach in der Kitteltasche oder im Arztkoffer mitgenommen werden kann. Es wiegt in seiner kleinsten Einheit n\u00e4mlich nur 150g.<\/p>\n<p>Besonders geeignet ist seine kleine Gr\u00f6\u00dfe mit 15 cm H\u00f6he auch f\u00fcr die Desinfektion von Werkb\u00e4nken im Labor, da es sehr einfach eingeschleust werden kann.<\/p>\n<p>DUEL bietet ein l\u00fcckenloses Wirkspektrum: gramnegative und grampositive Bakterien, Hefen und Pilzen, beh\u00fcllte und unbeh\u00fcllte Viren, Mykobakterien und bakterielle bzw Pilz-Sporen. DUEL entfaltet seine Wirkung nachweislich innerhalb von 1 Minute und ist damit das schnellste derzeit erh\u00e4ltliche Desinfektionsmittel f\u00fcr alle Oberfl\u00e4chen.<\/p>\n","protected":false},"excerpt":{"rendered":"<p>Wieso mehrere Produkte verwenden, wenn eines gen\u00fcgt. Lernen Sie unser DUEL kennen \u2013 ein Oberfl\u00e4chendesinfektionsmittel, welches klein und handlich ist, sich f\u00fcr alle Oberfl\u00e4chen eignet und in einer einheitlichen Einwirkzeit von 1 Minute alle relevanten Mikroorganismen abt\u00f6tet.<\/p>\n","protected":false},"featured_media":1171,"template":"","meta":{"_acf_changed":false,"_relevanssi_hide_post":"","_relevanssi_hide_content":"","_relevanssi_pin_for_all":"","_relevanssi_pin_keywords":"","_relevanssi_unpin_keywords":"","_relevanssi_related_keywords":"","_relevanssi_related_include_ids":"","_relevanssi_related_exclude_ids":"","_relevanssi_related_no_append":"","_relevanssi_related_not_related":"","_relevanssi_related_posts":"","_relevanssi_noindex_reason":"","inline_featured_image":false},"product_brand":[],"product_cat":[53,37,33,26],"product_tag":[],"class_list":{"0":"post-1114","1":"product","2":"type-product","3":"status-publish","4":"has-post-thumbnail","6":"product_cat-alle-tristel-produkte","7":"product_cat-patientennahe-oberflaechen","8":"product_cat-reproduktionsmedizin","9":"product_cat-tristel","11":"first","12":"instock","13":"taxable","14":"shipping-taxable","15":"product-type-simple"},"acf":[],"yoast_head":"<!-- This site is optimized with the Yoast SEO Premium plugin v27.4 (Yoast SEO v27.4) - https:\/\/yoast.com\/product\/yoast-seo-premium-wordpress\/ -->\n<title>DUEL - Tristel - Austria - DE<\/title>\n<meta name=\"robots\" content=\"index, follow, max-snippet:-1, max-image-preview:large, max-video-preview:-1\" \/>\n<link rel=\"canonical\" href=\"https:\/\/tristel.com\/at-de\/product\/duel\/\" \/>\n<meta property=\"og:locale\" content=\"en_US\" \/>\n<meta property=\"og:type\" content=\"article\" \/>\n<meta property=\"og:title\" content=\"DUEL\" \/>\n<meta property=\"og:description\" content=\"Wieso mehrere Produkte verwenden, wenn eines gen\u00fcgt. Lernen Sie unser DUEL kennen \u2013 ein Oberfl\u00e4chendesinfektionsmittel, welches klein und handlich ist, sich f\u00fcr alle Oberfl\u00e4chen eignet und in einer einheitlichen Einwirkzeit von 1 Minute alle relevanten Mikroorganismen abt\u00f6tet.\" \/>\n<meta property=\"og:url\" content=\"https:\/\/tristel.com\/at-de\/product\/duel\/\" \/>\n<meta property=\"og:site_name\" content=\"Tristel - Austria - DE\" \/>\n<meta property=\"article:modified_time\" content=\"2025-05-15T14:44:05+00:00\" \/>\n<meta property=\"og:image\" content=\"https:\/\/tristel.com\/at-de\/wp-content\/uploads\/sites\/28\/2022\/02\/Website-Image-Carousel.jpg\" \/>\n\t<meta property=\"og:image:width\" content=\"590\" \/>\n\t<meta property=\"og:image:height\" content=\"334\" \/>\n\t<meta property=\"og:image:type\" content=\"image\/jpeg\" \/>\n<meta name=\"twitter:card\" content=\"summary_large_image\" \/>\n<meta name=\"twitter:label1\" content=\"Est. reading time\" \/>\n\t<meta name=\"twitter:data1\" content=\"1 minute\" \/>\n<script type=\"application\/ld+json\" class=\"yoast-schema-graph\">{\"@context\":\"https:\\\/\\\/schema.org\",\"@graph\":[{\"@type\":\"WebPage\",\"@id\":\"https:\\\/\\\/tristel.com\\\/at-de\\\/product\\\/duel\\\/\",\"url\":\"https:\\\/\\\/tristel.com\\\/at-de\\\/product\\\/duel\\\/\",\"name\":\"DUEL - Tristel - Austria - DE\",\"isPartOf\":{\"@id\":\"https:\\\/\\\/tristel.com\\\/at-de\\\/#website\"},\"primaryImageOfPage\":{\"@id\":\"https:\\\/\\\/tristel.com\\\/at-de\\\/product\\\/duel\\\/#primaryimage\"},\"image\":{\"@id\":\"https:\\\/\\\/tristel.com\\\/at-de\\\/product\\\/duel\\\/#primaryimage\"},\"thumbnailUrl\":\"https:\\\/\\\/tristel.com\\\/at-de\\\/wp-content\\\/uploads\\\/sites\\\/28\\\/2022\\\/02\\\/Website-Image-Carousel.jpg\",\"datePublished\":\"2022-02-15T14:14:51+00:00\",\"dateModified\":\"2025-05-15T14:44:05+00:00\",\"breadcrumb\":{\"@id\":\"https:\\\/\\\/tristel.com\\\/at-de\\\/product\\\/duel\\\/#breadcrumb\"},\"inLanguage\":\"en-US\",\"potentialAction\":[{\"@type\":\"ReadAction\",\"target\":[\"https:\\\/\\\/tristel.com\\\/at-de\\\/product\\\/duel\\\/\"]}]},{\"@type\":\"ImageObject\",\"inLanguage\":\"en-US\",\"@id\":\"https:\\\/\\\/tristel.com\\\/at-de\\\/product\\\/duel\\\/#primaryimage\",\"url\":\"https:\\\/\\\/tristel.com\\\/at-de\\\/wp-content\\\/uploads\\\/sites\\\/28\\\/2022\\\/02\\\/Website-Image-Carousel.jpg\",\"contentUrl\":\"https:\\\/\\\/tristel.com\\\/at-de\\\/wp-content\\\/uploads\\\/sites\\\/28\\\/2022\\\/02\\\/Website-Image-Carousel.jpg\",\"width\":590,\"height\":334},{\"@type\":\"BreadcrumbList\",\"@id\":\"https:\\\/\\\/tristel.com\\\/at-de\\\/product\\\/duel\\\/#breadcrumb\",\"itemListElement\":[{\"@type\":\"ListItem\",\"position\":1,\"name\":\"Products\",\"item\":\"https:\\\/\\\/tristel.com\\\/at-de\\\/shop\\\/\"},{\"@type\":\"ListItem\",\"position\":2,\"name\":\"DUEL\"}]},{\"@type\":\"WebSite\",\"@id\":\"https:\\\/\\\/tristel.com\\\/at-de\\\/#website\",\"url\":\"https:\\\/\\\/tristel.com\\\/at-de\\\/\",\"name\":\"Tristel - Austria - DE\",\"description\":\"We have chemistry\",\"potentialAction\":[{\"@type\":\"SearchAction\",\"target\":{\"@type\":\"EntryPoint\",\"urlTemplate\":\"https:\\\/\\\/tristel.com\\\/at-de\\\/?s={search_term_string}\"},\"query-input\":{\"@type\":\"PropertyValueSpecification\",\"valueRequired\":true,\"valueName\":\"search_term_string\"}}],\"inLanguage\":\"en-US\"}]}<\/script>\n<!-- \/ Yoast SEO Premium plugin. -->","yoast_head_json":{"title":"DUEL - Tristel - Austria - DE","robots":{"index":"index","follow":"follow","max-snippet":"max-snippet:-1","max-image-preview":"max-image-preview:large","max-video-preview":"max-video-preview:-1"},"canonical":"https:\/\/tristel.com\/at-de\/product\/duel\/","og_locale":"en_US","og_type":"article","og_title":"DUEL","og_description":"Wieso mehrere Produkte verwenden, wenn eines gen\u00fcgt. Lernen Sie unser DUEL kennen \u2013 ein Oberfl\u00e4chendesinfektionsmittel, welches klein und handlich ist, sich f\u00fcr alle Oberfl\u00e4chen eignet und in einer einheitlichen Einwirkzeit von 1 Minute alle relevanten Mikroorganismen abt\u00f6tet.","og_url":"https:\/\/tristel.com\/at-de\/product\/duel\/","og_site_name":"Tristel - Austria - DE","article_modified_time":"2025-05-15T14:44:05+00:00","og_image":[{"width":590,"height":334,"url":"https:\/\/tristel.com\/at-de\/wp-content\/uploads\/sites\/28\/2022\/02\/Website-Image-Carousel.jpg","type":"image\/jpeg"}],"twitter_card":"summary_large_image","twitter_misc":{"Est. reading time":"1 minute"},"schema":{"@context":"https:\/\/schema.org","@graph":[{"@type":"WebPage","@id":"https:\/\/tristel.com\/at-de\/product\/duel\/","url":"https:\/\/tristel.com\/at-de\/product\/duel\/","name":"DUEL - Tristel - Austria - DE","isPartOf":{"@id":"https:\/\/tristel.com\/at-de\/#website"},"primaryImageOfPage":{"@id":"https:\/\/tristel.com\/at-de\/product\/duel\/#primaryimage"},"image":{"@id":"https:\/\/tristel.com\/at-de\/product\/duel\/#primaryimage"},"thumbnailUrl":"https:\/\/tristel.com\/at-de\/wp-content\/uploads\/sites\/28\/2022\/02\/Website-Image-Carousel.jpg","datePublished":"2022-02-15T14:14:51+00:00","dateModified":"2025-05-15T14:44:05+00:00","breadcrumb":{"@id":"https:\/\/tristel.com\/at-de\/product\/duel\/#breadcrumb"},"inLanguage":"en-US","potentialAction":[{"@type":"ReadAction","target":["https:\/\/tristel.com\/at-de\/product\/duel\/"]}]},{"@type":"ImageObject","inLanguage":"en-US","@id":"https:\/\/tristel.com\/at-de\/product\/duel\/#primaryimage","url":"https:\/\/tristel.com\/at-de\/wp-content\/uploads\/sites\/28\/2022\/02\/Website-Image-Carousel.jpg","contentUrl":"https:\/\/tristel.com\/at-de\/wp-content\/uploads\/sites\/28\/2022\/02\/Website-Image-Carousel.jpg","width":590,"height":334},{"@type":"BreadcrumbList","@id":"https:\/\/tristel.com\/at-de\/product\/duel\/#breadcrumb","itemListElement":[{"@type":"ListItem","position":1,"name":"Products","item":"https:\/\/tristel.com\/at-de\/shop\/"},{"@type":"ListItem","position":2,"name":"DUEL"}]},{"@type":"WebSite","@id":"https:\/\/tristel.com\/at-de\/#website","url":"https:\/\/tristel.com\/at-de\/","name":"Tristel - Austria - DE","description":"We have chemistry","potentialAction":[{"@type":"SearchAction","target":{"@type":"EntryPoint","urlTemplate":"https:\/\/tristel.com\/at-de\/?s={search_term_string}"},"query-input":{"@type":"PropertyValueSpecification","valueRequired":true,"valueName":"search_term_string"}}],"inLanguage":"en-US"}]}},"_links":{"self":[{"href":"https:\/\/tristel.com\/at-de\/wp-json\/wp\/v2\/product\/1114","targetHints":{"allow":["GET"]}}],"collection":[{"href":"https:\/\/tristel.com\/at-de\/wp-json\/wp\/v2\/product"}],"about":[{"href":"https:\/\/tristel.com\/at-de\/wp-json\/wp\/v2\/types\/product"}],"wp:featuredmedia":[{"embeddable":true,"href":"https:\/\/tristel.com\/at-de\/wp-json\/wp\/v2\/media\/1171"}],"wp:attachment":[{"href":"https:\/\/tristel.com\/at-de\/wp-json\/wp\/v2\/media?parent=1114"}],"wp:term":[{"taxonomy":"product_brand","embeddable":true,"href":"https:\/\/tristel.com\/at-de\/wp-json\/wp\/v2\/product_brand?post=1114"},{"taxonomy":"product_cat","embeddable":true,"href":"https:\/\/tristel.com\/at-de\/wp-json\/wp\/v2\/product_cat?post=1114"},{"taxonomy":"product_tag","embeddable":true,"href":"https:\/\/tristel.com\/at-de\/wp-json\/wp\/v2\/product_tag?post=1114"}],"curies":[{"name":"wp","href":"https:\/\/api.w.org\/{rel}","templated":true}]}}