{"id":1113,"date":"2022-02-15T15:14:51","date_gmt":"2022-02-15T14:14:51","guid":{"rendered":"https:\/\/tristel.com\/at-de\/?post_type=product&#038;p=1113"},"modified":"2024-03-07T13:56:34","modified_gmt":"2024-03-07T12:56:34","slug":"tristel-fuse-for-surfaces","status":"publish","type":"product","link":"https:\/\/tristel.com\/at-de\/product\/tristel-fuse-for-surfaces\/","title":{"rendered":"Tristel Fuse for Surfaces"},"content":{"rendered":"<p>FUSE for Surfaces ist ideal f\u00fcr die Desinfektion grosser Oberfl\u00e4chen, wie B\u00f6den und W\u00e4nden, wenn es auf Geschwindigkeit und Effektivit\u00e4t ankommt. Es ist bakterizid, fungizid, viruzid, mykobakterizid und sporizid mit einer Einwirkzeit von 5 Minuten.<\/p>\n<p>Jedes P\u00e4ckchen ergibt 5l Desinfektionsl\u00f6sung, ideal f\u00fcr einen Eimer mit 5 M\u00f6ppen.<\/p>\n","protected":false},"excerpt":{"rendered":"<p>Gro\u00dfe Fl\u00e4chen mit erh\u00f6htem Desinfektionsbedarf k\u00f6nnen mit Fuse for Surfaces innerhalb von 5 Minuten desinfiziert werden. Diese Schnelligkeit und dass allumfassende Wirkungsspektrum werden erg\u00e4nzt durch die erh\u00f6hte Sicherheit, die Tristels Produkte bieten, f\u00fcr die Anwender, Patienten und die Umwelt.<\/p>\n<p>Zum Beispiel aufgrund der wunderbaren Vereinfachung der Anwendung. Keine Prozentrechnung mehr, kein R\u00e4tselraten um Infektionsrisiken: mit einer einzigen Zahl, die sowohl das Mischungsverh\u00e4ltnis als auch die Einwirkzeit darstellt, werden alle Mikroorganismen unsch\u00e4dlich gemacht: 5! Alles was Sie brauchen sind 5L Wasser und 5 Minuten Einwirkzeit. Job erledigt.<\/p>\n","protected":false},"featured_media":1169,"template":"","meta":{"_acf_changed":false,"_relevanssi_hide_post":"","_relevanssi_hide_content":"","_relevanssi_pin_for_all":"","_relevanssi_pin_keywords":"","_relevanssi_unpin_keywords":"","_relevanssi_related_keywords":"","_relevanssi_related_include_ids":"","_relevanssi_related_exclude_ids":"","_relevanssi_related_no_append":"","_relevanssi_related_not_related":"","_relevanssi_related_posts":"","_relevanssi_noindex_reason":"","inline_featured_image":false},"product_brand":[],"product_cat":[53,37,34,26],"product_tag":[],"class_list":{"0":"post-1113","1":"product","2":"type-product","3":"status-publish","4":"has-post-thumbnail","6":"product_cat-alle-tristel-produkte","7":"product_cat-patientennahe-oberflaechen","8":"product_cat-rettungsdienst","9":"product_cat-tristel","11":"first","12":"instock","13":"taxable","14":"shipping-taxable","15":"product-type-simple"},"acf":[],"yoast_head":"<!-- This site is optimized with the Yoast SEO Premium plugin v27.4 (Yoast SEO v27.4) - https:\/\/yoast.com\/product\/yoast-seo-premium-wordpress\/ -->\n<title>Tristel Fuse for Surfaces - Tristel - Austria - DE<\/title>\n<meta name=\"robots\" content=\"index, follow, max-snippet:-1, max-image-preview:large, max-video-preview:-1\" \/>\n<link rel=\"canonical\" href=\"https:\/\/tristel.com\/at-de\/product\/tristel-fuse-for-surfaces\/\" \/>\n<meta property=\"og:locale\" content=\"en_US\" \/>\n<meta property=\"og:type\" content=\"article\" \/>\n<meta property=\"og:title\" content=\"Tristel Fuse for Surfaces\" \/>\n<meta property=\"og:description\" content=\"Gro\u00dfe Fl\u00e4chen mit erh\u00f6htem Desinfektionsbedarf k\u00f6nnen mit Fuse for Surfaces innerhalb von 5 Minuten desinfiziert werden. Diese Schnelligkeit und dass allumfassende Wirkungsspektrum werden erg\u00e4nzt durch die erh\u00f6hte Sicherheit, die Tristels Produkte bieten, f\u00fcr die Anwender, Patienten und die Umwelt.  Zum Beispiel aufgrund der wunderbaren Vereinfachung der Anwendung. Keine Prozentrechnung mehr, kein R\u00e4tselraten um Infektionsrisiken: mit einer einzigen Zahl, die sowohl das Mischungsverh\u00e4ltnis als auch die Einwirkzeit darstellt, werden alle Mikroorganismen unsch\u00e4dlich gemacht: 5! Alles was Sie brauchen sind 5L Wasser und 5 Minuten Einwirkzeit. Job erledigt.\" \/>\n<meta property=\"og:url\" content=\"https:\/\/tristel.com\/at-de\/product\/tristel-fuse-for-surfaces\/\" \/>\n<meta property=\"og:site_name\" content=\"Tristel - Austria - DE\" \/>\n<meta property=\"article:modified_time\" content=\"2024-03-07T12:56:34+00:00\" \/>\n<meta property=\"og:image\" content=\"https:\/\/tristel.com\/at-de\/wp-content\/uploads\/sites\/28\/2022\/02\/Tristel-Fuse-for-Surfaces-1.png\" \/>\n\t<meta property=\"og:image:width\" content=\"800\" \/>\n\t<meta property=\"og:image:height\" content=\"600\" \/>\n\t<meta property=\"og:image:type\" content=\"image\/png\" \/>\n<meta name=\"twitter:card\" content=\"summary_large_image\" \/>\n<script type=\"application\/ld+json\" class=\"yoast-schema-graph\">{\"@context\":\"https:\\\/\\\/schema.org\",\"@graph\":[{\"@type\":\"WebPage\",\"@id\":\"https:\\\/\\\/tristel.com\\\/at-de\\\/product\\\/tristel-fuse-for-surfaces\\\/\",\"url\":\"https:\\\/\\\/tristel.com\\\/at-de\\\/product\\\/tristel-fuse-for-surfaces\\\/\",\"name\":\"Tristel Fuse for Surfaces - Tristel - Austria - DE\",\"isPartOf\":{\"@id\":\"https:\\\/\\\/tristel.com\\\/at-de\\\/#website\"},\"primaryImageOfPage\":{\"@id\":\"https:\\\/\\\/tristel.com\\\/at-de\\\/product\\\/tristel-fuse-for-surfaces\\\/#primaryimage\"},\"image\":{\"@id\":\"https:\\\/\\\/tristel.com\\\/at-de\\\/product\\\/tristel-fuse-for-surfaces\\\/#primaryimage\"},\"thumbnailUrl\":\"https:\\\/\\\/tristel.com\\\/at-de\\\/wp-content\\\/uploads\\\/sites\\\/28\\\/2022\\\/02\\\/Tristel-Fuse-for-Surfaces-1.png\",\"datePublished\":\"2022-02-15T14:14:51+00:00\",\"dateModified\":\"2024-03-07T12:56:34+00:00\",\"breadcrumb\":{\"@id\":\"https:\\\/\\\/tristel.com\\\/at-de\\\/product\\\/tristel-fuse-for-surfaces\\\/#breadcrumb\"},\"inLanguage\":\"en-US\",\"potentialAction\":[{\"@type\":\"ReadAction\",\"target\":[\"https:\\\/\\\/tristel.com\\\/at-de\\\/product\\\/tristel-fuse-for-surfaces\\\/\"]}]},{\"@type\":\"ImageObject\",\"inLanguage\":\"en-US\",\"@id\":\"https:\\\/\\\/tristel.com\\\/at-de\\\/product\\\/tristel-fuse-for-surfaces\\\/#primaryimage\",\"url\":\"https:\\\/\\\/tristel.com\\\/at-de\\\/wp-content\\\/uploads\\\/sites\\\/28\\\/2022\\\/02\\\/Tristel-Fuse-for-Surfaces-1.png\",\"contentUrl\":\"https:\\\/\\\/tristel.com\\\/at-de\\\/wp-content\\\/uploads\\\/sites\\\/28\\\/2022\\\/02\\\/Tristel-Fuse-for-Surfaces-1.png\",\"width\":800,\"height\":600},{\"@type\":\"BreadcrumbList\",\"@id\":\"https:\\\/\\\/tristel.com\\\/at-de\\\/product\\\/tristel-fuse-for-surfaces\\\/#breadcrumb\",\"itemListElement\":[{\"@type\":\"ListItem\",\"position\":1,\"name\":\"Products\",\"item\":\"https:\\\/\\\/tristel.com\\\/at-de\\\/shop\\\/\"},{\"@type\":\"ListItem\",\"position\":2,\"name\":\"Tristel Fuse for Surfaces\"}]},{\"@type\":\"WebSite\",\"@id\":\"https:\\\/\\\/tristel.com\\\/at-de\\\/#website\",\"url\":\"https:\\\/\\\/tristel.com\\\/at-de\\\/\",\"name\":\"Tristel - Austria - DE\",\"description\":\"We have chemistry\",\"potentialAction\":[{\"@type\":\"SearchAction\",\"target\":{\"@type\":\"EntryPoint\",\"urlTemplate\":\"https:\\\/\\\/tristel.com\\\/at-de\\\/?s={search_term_string}\"},\"query-input\":{\"@type\":\"PropertyValueSpecification\",\"valueRequired\":true,\"valueName\":\"search_term_string\"}}],\"inLanguage\":\"en-US\"}]}<\/script>\n<!-- \/ Yoast SEO Premium plugin. -->","yoast_head_json":{"title":"Tristel Fuse for Surfaces - Tristel - Austria - DE","robots":{"index":"index","follow":"follow","max-snippet":"max-snippet:-1","max-image-preview":"max-image-preview:large","max-video-preview":"max-video-preview:-1"},"canonical":"https:\/\/tristel.com\/at-de\/product\/tristel-fuse-for-surfaces\/","og_locale":"en_US","og_type":"article","og_title":"Tristel Fuse for Surfaces","og_description":"Gro\u00dfe Fl\u00e4chen mit erh\u00f6htem Desinfektionsbedarf k\u00f6nnen mit Fuse for Surfaces innerhalb von 5 Minuten desinfiziert werden. Diese Schnelligkeit und dass allumfassende Wirkungsspektrum werden erg\u00e4nzt durch die erh\u00f6hte Sicherheit, die Tristels Produkte bieten, f\u00fcr die Anwender, Patienten und die Umwelt.  Zum Beispiel aufgrund der wunderbaren Vereinfachung der Anwendung. Keine Prozentrechnung mehr, kein R\u00e4tselraten um Infektionsrisiken: mit einer einzigen Zahl, die sowohl das Mischungsverh\u00e4ltnis als auch die Einwirkzeit darstellt, werden alle Mikroorganismen unsch\u00e4dlich gemacht: 5! Alles was Sie brauchen sind 5L Wasser und 5 Minuten Einwirkzeit. Job erledigt.","og_url":"https:\/\/tristel.com\/at-de\/product\/tristel-fuse-for-surfaces\/","og_site_name":"Tristel - Austria - DE","article_modified_time":"2024-03-07T12:56:34+00:00","og_image":[{"width":800,"height":600,"url":"https:\/\/tristel.com\/at-de\/wp-content\/uploads\/sites\/28\/2022\/02\/Tristel-Fuse-for-Surfaces-1.png","type":"image\/png"}],"twitter_card":"summary_large_image","schema":{"@context":"https:\/\/schema.org","@graph":[{"@type":"WebPage","@id":"https:\/\/tristel.com\/at-de\/product\/tristel-fuse-for-surfaces\/","url":"https:\/\/tristel.com\/at-de\/product\/tristel-fuse-for-surfaces\/","name":"Tristel Fuse for Surfaces - Tristel - Austria - DE","isPartOf":{"@id":"https:\/\/tristel.com\/at-de\/#website"},"primaryImageOfPage":{"@id":"https:\/\/tristel.com\/at-de\/product\/tristel-fuse-for-surfaces\/#primaryimage"},"image":{"@id":"https:\/\/tristel.com\/at-de\/product\/tristel-fuse-for-surfaces\/#primaryimage"},"thumbnailUrl":"https:\/\/tristel.com\/at-de\/wp-content\/uploads\/sites\/28\/2022\/02\/Tristel-Fuse-for-Surfaces-1.png","datePublished":"2022-02-15T14:14:51+00:00","dateModified":"2024-03-07T12:56:34+00:00","breadcrumb":{"@id":"https:\/\/tristel.com\/at-de\/product\/tristel-fuse-for-surfaces\/#breadcrumb"},"inLanguage":"en-US","potentialAction":[{"@type":"ReadAction","target":["https:\/\/tristel.com\/at-de\/product\/tristel-fuse-for-surfaces\/"]}]},{"@type":"ImageObject","inLanguage":"en-US","@id":"https:\/\/tristel.com\/at-de\/product\/tristel-fuse-for-surfaces\/#primaryimage","url":"https:\/\/tristel.com\/at-de\/wp-content\/uploads\/sites\/28\/2022\/02\/Tristel-Fuse-for-Surfaces-1.png","contentUrl":"https:\/\/tristel.com\/at-de\/wp-content\/uploads\/sites\/28\/2022\/02\/Tristel-Fuse-for-Surfaces-1.png","width":800,"height":600},{"@type":"BreadcrumbList","@id":"https:\/\/tristel.com\/at-de\/product\/tristel-fuse-for-surfaces\/#breadcrumb","itemListElement":[{"@type":"ListItem","position":1,"name":"Products","item":"https:\/\/tristel.com\/at-de\/shop\/"},{"@type":"ListItem","position":2,"name":"Tristel Fuse for Surfaces"}]},{"@type":"WebSite","@id":"https:\/\/tristel.com\/at-de\/#website","url":"https:\/\/tristel.com\/at-de\/","name":"Tristel - Austria - DE","description":"We have chemistry","potentialAction":[{"@type":"SearchAction","target":{"@type":"EntryPoint","urlTemplate":"https:\/\/tristel.com\/at-de\/?s={search_term_string}"},"query-input":{"@type":"PropertyValueSpecification","valueRequired":true,"valueName":"search_term_string"}}],"inLanguage":"en-US"}]}},"_links":{"self":[{"href":"https:\/\/tristel.com\/at-de\/wp-json\/wp\/v2\/product\/1113","targetHints":{"allow":["GET"]}}],"collection":[{"href":"https:\/\/tristel.com\/at-de\/wp-json\/wp\/v2\/product"}],"about":[{"href":"https:\/\/tristel.com\/at-de\/wp-json\/wp\/v2\/types\/product"}],"wp:featuredmedia":[{"embeddable":true,"href":"https:\/\/tristel.com\/at-de\/wp-json\/wp\/v2\/media\/1169"}],"wp:attachment":[{"href":"https:\/\/tristel.com\/at-de\/wp-json\/wp\/v2\/media?parent=1113"}],"wp:term":[{"taxonomy":"product_brand","embeddable":true,"href":"https:\/\/tristel.com\/at-de\/wp-json\/wp\/v2\/product_brand?post=1113"},{"taxonomy":"product_cat","embeddable":true,"href":"https:\/\/tristel.com\/at-de\/wp-json\/wp\/v2\/product_cat?post=1113"},{"taxonomy":"product_tag","embeddable":true,"href":"https:\/\/tristel.com\/at-de\/wp-json\/wp\/v2\/product_tag?post=1113"}],"curies":[{"name":"wp","href":"https:\/\/api.w.org\/{rel}","templated":true}]}}