{"id":1112,"date":"2022-02-15T15:14:50","date_gmt":"2022-02-15T14:14:50","guid":{"rendered":"https:\/\/tristel.com\/at-de\/?post_type=product&#038;p=1112"},"modified":"2024-03-07T13:56:35","modified_gmt":"2024-03-07T12:56:35","slug":"tristel-fuse-for-stella","status":"publish","type":"product","link":"https:\/\/tristel.com\/at-de\/product\/tristel-fuse-for-stella\/","title":{"rendered":"Tristel Fuse for Stella"},"content":{"rendered":"<p>Tristel Fuse for Stella besteht aus einzelnen P\u00e4ckchen, welche Tristels Basis- und Aktivatorl\u00f6sung in zwei separaten Kammern enthalten. Beim Zusammendr\u00fccken des P\u00e4ckchens werden beide Komponenten miteinander vermischt und generieren Chlordioxid in w\u00e4ssriger L\u00f6sung. Dieses Konzentrat ergibt 5l Desinfektionsl\u00f6sung.<\/p>\n<p>Die angesetzte L\u00f6sung ist gegen das komplette Wirkspektrum innerhalb von f\u00fcnf Minuten wirksam. Keine Prozentrechnungen mehr, keine Einsch\u00e4tzung welche Keime abget\u00f6tet werden m\u00fcssen, weniger Infektionsrisiko durch Reduzierung der Fehlerquellen.<\/p>\n<p>Die einfache und schnelle Handhabung des Desinfektionsmittels erm\u00f6glicht es, eine gleichbleibend hohe Qualit\u00e4t f\u00fcr jede Anwendung sicherzustellen und Fehler zu vermeiden.<\/p>\n<p>Tristel Fuse\u00a0for Stella ist als Medizinprodukt der Klasse IIb CE-gekennzeichnet.<\/p>\n","protected":false},"excerpt":{"rendered":"<p>Thermolabile Endoskope und andere semikritische Medizinprodukte k\u00f6nnen mittels Tristel Fuse for Stella innerhalb von f\u00fcnf Minuten vollumf\u00e4nglich desinfiziert werden. Angesetzt in der Stella-Flasche ergibt ein P\u00e4ckchen f\u00fcnf Liter Desinfektionsl\u00f6sung. Tristel Fuse for Stella ist bakterizid, fungizid, viruzid, mykobakterizid und sporizid innerhalb der Einwirkzeit von f\u00fcnf Minuten. Es ist zudem eines von nur 3 Desinfektionsl\u00f6sungen, die in der VAH-Liste als voll viruzid gelistet sind. Die volle Viruzidie ist eine Anforderung, die sich aus der KRINKO-\/ BfArM- Empfehlung zur Aufbereitung von semikritischen Medizinprodukten ergibt.<\/p>\n<p>Tristel Fuse for Stella kann, \u00fcber den Tag verteilt, auch in empfohlenen R\u00f6hren-Systemen\u00a0 von Ultraschallherstellern angewandt werden.<\/p>\n<p>Insbesondere in Verbindung mit den Stella-Systemen erfolgt der Desinfektionsprozess kontrolliert, dokumentiert und validierbar.<\/p>\n","protected":false},"featured_media":1165,"template":"","meta":{"_acf_changed":false,"_relevanssi_hide_post":"","_relevanssi_hide_content":"","_relevanssi_pin_for_all":"","_relevanssi_pin_keywords":"","_relevanssi_unpin_keywords":"","_relevanssi_related_keywords":"","_relevanssi_related_include_ids":"","_relevanssi_related_exclude_ids":"","_relevanssi_related_no_append":"","_relevanssi_related_not_related":"","_relevanssi_related_posts":"","_relevanssi_noindex_reason":"","inline_featured_image":false},"product_brand":[],"product_cat":[53,26,32],"product_tag":[],"class_list":{"0":"post-1112","1":"product","2":"type-product","3":"status-publish","4":"has-post-thumbnail","6":"product_cat-alle-tristel-produkte","7":"product_cat-tristel","8":"product_cat-urologie","10":"first","11":"instock","12":"taxable","13":"shipping-taxable","14":"product-type-simple"},"acf":[],"yoast_head":"<!-- This site is optimized with the Yoast SEO Premium plugin v27.2 (Yoast SEO v27.3) - https:\/\/yoast.com\/product\/yoast-seo-premium-wordpress\/ -->\n<title>Tristel Fuse for Stella - Tristel - Austria - DE<\/title>\n<meta name=\"robots\" content=\"index, follow, max-snippet:-1, max-image-preview:large, max-video-preview:-1\" \/>\n<link rel=\"canonical\" href=\"https:\/\/tristel.com\/at-de\/product\/tristel-fuse-for-stella\/\" \/>\n<meta property=\"og:locale\" content=\"en_US\" \/>\n<meta property=\"og:type\" content=\"article\" \/>\n<meta property=\"og:title\" content=\"Tristel Fuse for Stella\" \/>\n<meta property=\"og:description\" content=\"Thermolabile Endoskope und andere semikritische Medizinprodukte k\u00f6nnen mittels Tristel Fuse for Stella innerhalb von f\u00fcnf Minuten vollumf\u00e4nglich desinfiziert werden. Angesetzt in der Stella-Flasche ergibt ein P\u00e4ckchen f\u00fcnf Liter Desinfektionsl\u00f6sung. Tristel Fuse for Stella ist bakterizid, fungizid, viruzid, mykobakterizid und sporizid innerhalb der Einwirkzeit von f\u00fcnf Minuten. Es ist zudem eines von nur 3 Desinfektionsl\u00f6sungen, die in der VAH-Liste als voll viruzid gelistet sind. Die volle Viruzidie ist eine Anforderung, die sich aus der KRINKO-\/ BfArM- Empfehlung zur Aufbereitung von semikritischen Medizinprodukten ergibt.  Tristel Fuse for Stella kann, \u00fcber den Tag verteilt, auch in empfohlenen R\u00f6hren-Systemen\u00a0 von Ultraschallherstellern angewandt werden.  Insbesondere in Verbindung mit den Stella-Systemen erfolgt der Desinfektionsprozess kontrolliert, dokumentiert und validierbar.\" \/>\n<meta property=\"og:url\" content=\"https:\/\/tristel.com\/at-de\/product\/tristel-fuse-for-stella\/\" \/>\n<meta property=\"og:site_name\" content=\"Tristel - Austria - DE\" \/>\n<meta property=\"article:modified_time\" content=\"2024-03-07T12:56:35+00:00\" \/>\n<meta property=\"og:image\" content=\"https:\/\/tristel.com\/at-de\/wp-content\/uploads\/sites\/28\/2022\/02\/SilkPearce_Tristel_18229_for2016UG_White_Purple-Gloves.jpg\" \/>\n\t<meta property=\"og:image:width\" content=\"591\" \/>\n\t<meta property=\"og:image:height\" content=\"442\" \/>\n\t<meta property=\"og:image:type\" content=\"image\/jpeg\" \/>\n<meta name=\"twitter:card\" content=\"summary_large_image\" \/>\n<meta name=\"twitter:label1\" content=\"Est. reading time\" \/>\n\t<meta name=\"twitter:data1\" content=\"1 minute\" \/>\n<script type=\"application\/ld+json\" class=\"yoast-schema-graph\">{\"@context\":\"https:\\\/\\\/schema.org\",\"@graph\":[{\"@type\":\"WebPage\",\"@id\":\"https:\\\/\\\/tristel.com\\\/at-de\\\/product\\\/tristel-fuse-for-stella\\\/\",\"url\":\"https:\\\/\\\/tristel.com\\\/at-de\\\/product\\\/tristel-fuse-for-stella\\\/\",\"name\":\"Tristel Fuse for Stella - Tristel - Austria - DE\",\"isPartOf\":{\"@id\":\"https:\\\/\\\/tristel.com\\\/at-de\\\/#website\"},\"primaryImageOfPage\":{\"@id\":\"https:\\\/\\\/tristel.com\\\/at-de\\\/product\\\/tristel-fuse-for-stella\\\/#primaryimage\"},\"image\":{\"@id\":\"https:\\\/\\\/tristel.com\\\/at-de\\\/product\\\/tristel-fuse-for-stella\\\/#primaryimage\"},\"thumbnailUrl\":\"https:\\\/\\\/tristel.com\\\/at-de\\\/wp-content\\\/uploads\\\/sites\\\/28\\\/2022\\\/02\\\/SilkPearce_Tristel_18229_for2016UG_White_Purple-Gloves.jpg\",\"datePublished\":\"2022-02-15T14:14:50+00:00\",\"dateModified\":\"2024-03-07T12:56:35+00:00\",\"breadcrumb\":{\"@id\":\"https:\\\/\\\/tristel.com\\\/at-de\\\/product\\\/tristel-fuse-for-stella\\\/#breadcrumb\"},\"inLanguage\":\"en-US\",\"potentialAction\":[{\"@type\":\"ReadAction\",\"target\":[\"https:\\\/\\\/tristel.com\\\/at-de\\\/product\\\/tristel-fuse-for-stella\\\/\"]}]},{\"@type\":\"ImageObject\",\"inLanguage\":\"en-US\",\"@id\":\"https:\\\/\\\/tristel.com\\\/at-de\\\/product\\\/tristel-fuse-for-stella\\\/#primaryimage\",\"url\":\"https:\\\/\\\/tristel.com\\\/at-de\\\/wp-content\\\/uploads\\\/sites\\\/28\\\/2022\\\/02\\\/SilkPearce_Tristel_18229_for2016UG_White_Purple-Gloves.jpg\",\"contentUrl\":\"https:\\\/\\\/tristel.com\\\/at-de\\\/wp-content\\\/uploads\\\/sites\\\/28\\\/2022\\\/02\\\/SilkPearce_Tristel_18229_for2016UG_White_Purple-Gloves.jpg\",\"width\":591,\"height\":442},{\"@type\":\"BreadcrumbList\",\"@id\":\"https:\\\/\\\/tristel.com\\\/at-de\\\/product\\\/tristel-fuse-for-stella\\\/#breadcrumb\",\"itemListElement\":[{\"@type\":\"ListItem\",\"position\":1,\"name\":\"Products\",\"item\":\"https:\\\/\\\/tristel.com\\\/at-de\\\/shop\\\/\"},{\"@type\":\"ListItem\",\"position\":2,\"name\":\"Tristel Fuse for Stella\"}]},{\"@type\":\"WebSite\",\"@id\":\"https:\\\/\\\/tristel.com\\\/at-de\\\/#website\",\"url\":\"https:\\\/\\\/tristel.com\\\/at-de\\\/\",\"name\":\"Tristel - Austria - DE\",\"description\":\"We have chemistry\",\"potentialAction\":[{\"@type\":\"SearchAction\",\"target\":{\"@type\":\"EntryPoint\",\"urlTemplate\":\"https:\\\/\\\/tristel.com\\\/at-de\\\/?s={search_term_string}\"},\"query-input\":{\"@type\":\"PropertyValueSpecification\",\"valueRequired\":true,\"valueName\":\"search_term_string\"}}],\"inLanguage\":\"en-US\"}]}<\/script>\n<!-- \/ Yoast SEO Premium plugin. -->","yoast_head_json":{"title":"Tristel Fuse for Stella - Tristel - Austria - DE","robots":{"index":"index","follow":"follow","max-snippet":"max-snippet:-1","max-image-preview":"max-image-preview:large","max-video-preview":"max-video-preview:-1"},"canonical":"https:\/\/tristel.com\/at-de\/product\/tristel-fuse-for-stella\/","og_locale":"en_US","og_type":"article","og_title":"Tristel Fuse for Stella","og_description":"Thermolabile Endoskope und andere semikritische Medizinprodukte k\u00f6nnen mittels Tristel Fuse for Stella innerhalb von f\u00fcnf Minuten vollumf\u00e4nglich desinfiziert werden. Angesetzt in der Stella-Flasche ergibt ein P\u00e4ckchen f\u00fcnf Liter Desinfektionsl\u00f6sung. Tristel Fuse for Stella ist bakterizid, fungizid, viruzid, mykobakterizid und sporizid innerhalb der Einwirkzeit von f\u00fcnf Minuten. Es ist zudem eines von nur 3 Desinfektionsl\u00f6sungen, die in der VAH-Liste als voll viruzid gelistet sind. Die volle Viruzidie ist eine Anforderung, die sich aus der KRINKO-\/ BfArM- Empfehlung zur Aufbereitung von semikritischen Medizinprodukten ergibt.  Tristel Fuse for Stella kann, \u00fcber den Tag verteilt, auch in empfohlenen R\u00f6hren-Systemen\u00a0 von Ultraschallherstellern angewandt werden.  Insbesondere in Verbindung mit den Stella-Systemen erfolgt der Desinfektionsprozess kontrolliert, dokumentiert und validierbar.","og_url":"https:\/\/tristel.com\/at-de\/product\/tristel-fuse-for-stella\/","og_site_name":"Tristel - Austria - DE","article_modified_time":"2024-03-07T12:56:35+00:00","og_image":[{"width":591,"height":442,"url":"https:\/\/tristel.com\/at-de\/wp-content\/uploads\/sites\/28\/2022\/02\/SilkPearce_Tristel_18229_for2016UG_White_Purple-Gloves.jpg","type":"image\/jpeg"}],"twitter_card":"summary_large_image","twitter_misc":{"Est. reading time":"1 minute"},"schema":{"@context":"https:\/\/schema.org","@graph":[{"@type":"WebPage","@id":"https:\/\/tristel.com\/at-de\/product\/tristel-fuse-for-stella\/","url":"https:\/\/tristel.com\/at-de\/product\/tristel-fuse-for-stella\/","name":"Tristel Fuse for Stella - Tristel - Austria - DE","isPartOf":{"@id":"https:\/\/tristel.com\/at-de\/#website"},"primaryImageOfPage":{"@id":"https:\/\/tristel.com\/at-de\/product\/tristel-fuse-for-stella\/#primaryimage"},"image":{"@id":"https:\/\/tristel.com\/at-de\/product\/tristel-fuse-for-stella\/#primaryimage"},"thumbnailUrl":"https:\/\/tristel.com\/at-de\/wp-content\/uploads\/sites\/28\/2022\/02\/SilkPearce_Tristel_18229_for2016UG_White_Purple-Gloves.jpg","datePublished":"2022-02-15T14:14:50+00:00","dateModified":"2024-03-07T12:56:35+00:00","breadcrumb":{"@id":"https:\/\/tristel.com\/at-de\/product\/tristel-fuse-for-stella\/#breadcrumb"},"inLanguage":"en-US","potentialAction":[{"@type":"ReadAction","target":["https:\/\/tristel.com\/at-de\/product\/tristel-fuse-for-stella\/"]}]},{"@type":"ImageObject","inLanguage":"en-US","@id":"https:\/\/tristel.com\/at-de\/product\/tristel-fuse-for-stella\/#primaryimage","url":"https:\/\/tristel.com\/at-de\/wp-content\/uploads\/sites\/28\/2022\/02\/SilkPearce_Tristel_18229_for2016UG_White_Purple-Gloves.jpg","contentUrl":"https:\/\/tristel.com\/at-de\/wp-content\/uploads\/sites\/28\/2022\/02\/SilkPearce_Tristel_18229_for2016UG_White_Purple-Gloves.jpg","width":591,"height":442},{"@type":"BreadcrumbList","@id":"https:\/\/tristel.com\/at-de\/product\/tristel-fuse-for-stella\/#breadcrumb","itemListElement":[{"@type":"ListItem","position":1,"name":"Products","item":"https:\/\/tristel.com\/at-de\/shop\/"},{"@type":"ListItem","position":2,"name":"Tristel Fuse for Stella"}]},{"@type":"WebSite","@id":"https:\/\/tristel.com\/at-de\/#website","url":"https:\/\/tristel.com\/at-de\/","name":"Tristel - Austria - DE","description":"We have chemistry","potentialAction":[{"@type":"SearchAction","target":{"@type":"EntryPoint","urlTemplate":"https:\/\/tristel.com\/at-de\/?s={search_term_string}"},"query-input":{"@type":"PropertyValueSpecification","valueRequired":true,"valueName":"search_term_string"}}],"inLanguage":"en-US"}]}},"_links":{"self":[{"href":"https:\/\/tristel.com\/at-de\/wp-json\/wp\/v2\/product\/1112","targetHints":{"allow":["GET"]}}],"collection":[{"href":"https:\/\/tristel.com\/at-de\/wp-json\/wp\/v2\/product"}],"about":[{"href":"https:\/\/tristel.com\/at-de\/wp-json\/wp\/v2\/types\/product"}],"wp:featuredmedia":[{"embeddable":true,"href":"https:\/\/tristel.com\/at-de\/wp-json\/wp\/v2\/media\/1165"}],"wp:attachment":[{"href":"https:\/\/tristel.com\/at-de\/wp-json\/wp\/v2\/media?parent=1112"}],"wp:term":[{"taxonomy":"product_brand","embeddable":true,"href":"https:\/\/tristel.com\/at-de\/wp-json\/wp\/v2\/product_brand?post=1112"},{"taxonomy":"product_cat","embeddable":true,"href":"https:\/\/tristel.com\/at-de\/wp-json\/wp\/v2\/product_cat?post=1112"},{"taxonomy":"product_tag","embeddable":true,"href":"https:\/\/tristel.com\/at-de\/wp-json\/wp\/v2\/product_tag?post=1112"}],"curies":[{"name":"wp","href":"https:\/\/api.w.org\/{rel}","templated":true}]}}