{"id":1104,"date":"2022-02-15T15:14:48","date_gmt":"2022-02-15T14:14:48","guid":{"rendered":"https:\/\/tristel.com\/at-de\/?post_type=product&#038;p=1104"},"modified":"2024-03-12T18:05:49","modified_gmt":"2024-03-12T17:05:49","slug":"tristel-3t","status":"publish","type":"product","link":"https:\/\/tristel.com\/at-de\/product\/tristel-3t\/","title":{"rendered":"Tristel 3T"},"content":{"rendered":"<p>Das Tool besteht aus zwei Komponenten: die 3T-App, mit der man die Aufbereitung durchf\u00fchrt und das 3T-Portal f\u00fcr die Datenverwaltung und -sicherung.<\/p>\n<p>Wie kann ich mir als Pflegefachkraft und Nutzer die 3T-App vorstellen?<\/p>\n<p>Die Reinigung, High-Level-Desinfektion und die Sp\u00fclung gleichzeitig mit der Dokumentation durchf\u00fchren? Klar! Hinten auf den einzeln verpackten T\u00fcchern befindet sich ein QR-Code. Wenn man den der App zum Ablesen hinh\u00e4lt, werden alle Daten dokumentiert und der n\u00e4chste Schritt folgt. Fl\u00fcchtigkeitsfehler sind Vergangenheit, da die App die Schritte kennt und die Abfolge und Haltbarkeit gleich mit pr\u00fcft.<\/p>\n<p>Wie kann ich mir als Hygienefachkraft und Administrator das 3T-Portal vorstellen?<\/p>\n<p>Sie haben von jetzt an den kompletten \u00dcberblick \u00fcber alle Aufbereitungen, die mit Tristel-Produkten erfolgen. Unter Beachtung der g\u00fcltigen Datenschutzbestimmungen sehen Sie, wieviele Aufbereitungen in den jeweiligen Abteilungen durchgef\u00fchrt wurden. Zudem k\u00f6nnen Sie sicher sein, dass jede Aufbereitung komplett durchgef\u00fchrt wird, ohne \u201eAbk\u00fcrzungen\u201c in Einwirkzeit oder den Schritten. Sie haben jederzeit s\u00e4mtliche Aufbereitungsnachweise nachvollziehbar im Portal parat.<\/p>\n<p>Seien Sie sich gewiss, das alle Daten sicher und gesch\u00fctzt auf einem in Deutschland befindlichen Server steht. Trotzdem werden keinerlei Patientendaten abgefragt.<\/p>\n","protected":false},"excerpt":{"rendered":"<p>Stellen Sie sich vor, Sie haben einen ausgelasteten Arbeitstag mit vielen Patienten und mehrere Medizinprodukte in Benutzung. Sie m\u00fcssen nach jeder Aufbereitung die Dokumentationspflicht erf\u00fcllen.<\/p>\n<p>Wieso nicht einfach beides zusammen tun, also die Dokumentation w\u00e4hrend der Aufbereitung mit erledigen? Mit einer intelligenten App die Sie z\u00fcgig durch den Aufbereitungsprozess f\u00fchrt und w\u00e4hrenddessen alles dokumentiert. Sie m\u00fcssen daf\u00fcr nicht einmal Ihre H\u00e4nde vom Medizinprodukt nehmen.<\/p>\n<p>Wir haben diese moderne, intelligente App f\u00fcr Sie kreiert &#8211; die Tristel 3T-App!<\/p>\n","protected":false},"featured_media":1481,"template":"","meta":{"_acf_changed":false,"_relevanssi_hide_post":"","_relevanssi_hide_content":"","_relevanssi_pin_for_all":"","_relevanssi_pin_keywords":"","_relevanssi_unpin_keywords":"","_relevanssi_related_keywords":"","_relevanssi_related_include_ids":"","_relevanssi_related_exclude_ids":"","_relevanssi_related_no_append":"","_relevanssi_related_not_related":"","_relevanssi_related_posts":"","_relevanssi_noindex_reason":"","inline_featured_image":false},"product_brand":[],"product_cat":[53,19,21,20,33,34,26],"product_tag":[],"class_list":{"0":"post-1104","1":"product","2":"type-product","3":"status-publish","4":"has-post-thumbnail","6":"product_cat-alle-tristel-produkte","7":"product_cat-frauenheilkunde","8":"product_cat-hno","9":"product_cat-kardiologie","10":"product_cat-reproduktionsmedizin","11":"product_cat-rettungsdienst","12":"product_cat-tristel","14":"first","15":"instock","16":"taxable","17":"shipping-taxable","18":"product-type-simple"},"acf":[],"yoast_head":"<!-- This site is optimized with the Yoast SEO Premium plugin v27.4 (Yoast SEO v27.4) - https:\/\/yoast.com\/product\/yoast-seo-premium-wordpress\/ -->\n<title>Tristel 3T - Tristel - Austria - DE<\/title>\n<meta name=\"robots\" content=\"index, follow, max-snippet:-1, max-image-preview:large, max-video-preview:-1\" \/>\n<link rel=\"canonical\" href=\"https:\/\/tristel.com\/at-de\/product\/tristel-3t\/\" \/>\n<meta property=\"og:locale\" content=\"en_US\" \/>\n<meta property=\"og:type\" content=\"article\" \/>\n<meta property=\"og:title\" content=\"Tristel 3T\" \/>\n<meta property=\"og:description\" content=\"Stellen Sie sich vor, Sie haben einen ausgelasteten Arbeitstag mit vielen Patienten und mehrere Medizinprodukte in Benutzung. Sie m\u00fcssen nach jeder Aufbereitung die Dokumentationspflicht erf\u00fcllen.  Wieso nicht einfach beides zusammen tun, also die Dokumentation w\u00e4hrend der Aufbereitung mit erledigen? Mit einer intelligenten App die Sie z\u00fcgig durch den Aufbereitungsprozess f\u00fchrt und w\u00e4hrenddessen alles dokumentiert. Sie m\u00fcssen daf\u00fcr nicht einmal Ihre H\u00e4nde vom Medizinprodukt nehmen.  Wir haben diese moderne, intelligente App f\u00fcr Sie kreiert - die Tristel 3T-App!\" \/>\n<meta property=\"og:url\" content=\"https:\/\/tristel.com\/at-de\/product\/tristel-3t\/\" \/>\n<meta property=\"og:site_name\" content=\"Tristel - Austria - DE\" \/>\n<meta property=\"article:modified_time\" content=\"2024-03-12T17:05:49+00:00\" \/>\n<meta property=\"og:image\" content=\"https:\/\/tristel.com\/at-de\/wp-content\/uploads\/sites\/28\/2022\/02\/3T_Brochure_Journey-768x576-1.jpg\" \/>\n\t<meta property=\"og:image:width\" content=\"868\" \/>\n\t<meta property=\"og:image:height\" content=\"648\" \/>\n\t<meta property=\"og:image:type\" content=\"image\/jpeg\" \/>\n<meta name=\"twitter:card\" content=\"summary_large_image\" \/>\n<meta name=\"twitter:label1\" content=\"Est. reading time\" \/>\n\t<meta name=\"twitter:data1\" content=\"3 minutes\" \/>\n<script type=\"application\/ld+json\" class=\"yoast-schema-graph\">{\"@context\":\"https:\\\/\\\/schema.org\",\"@graph\":[{\"@type\":\"WebPage\",\"@id\":\"https:\\\/\\\/tristel.com\\\/at-de\\\/product\\\/tristel-3t\\\/\",\"url\":\"https:\\\/\\\/tristel.com\\\/at-de\\\/product\\\/tristel-3t\\\/\",\"name\":\"Tristel 3T - Tristel - Austria - DE\",\"isPartOf\":{\"@id\":\"https:\\\/\\\/tristel.com\\\/at-de\\\/#website\"},\"primaryImageOfPage\":{\"@id\":\"https:\\\/\\\/tristel.com\\\/at-de\\\/product\\\/tristel-3t\\\/#primaryimage\"},\"image\":{\"@id\":\"https:\\\/\\\/tristel.com\\\/at-de\\\/product\\\/tristel-3t\\\/#primaryimage\"},\"thumbnailUrl\":\"https:\\\/\\\/tristel.com\\\/at-de\\\/wp-content\\\/uploads\\\/sites\\\/28\\\/2022\\\/02\\\/3T_Brochure_Journey-768x576-1.jpg\",\"datePublished\":\"2022-02-15T14:14:48+00:00\",\"dateModified\":\"2024-03-12T17:05:49+00:00\",\"breadcrumb\":{\"@id\":\"https:\\\/\\\/tristel.com\\\/at-de\\\/product\\\/tristel-3t\\\/#breadcrumb\"},\"inLanguage\":\"en-US\",\"potentialAction\":[{\"@type\":\"ReadAction\",\"target\":[\"https:\\\/\\\/tristel.com\\\/at-de\\\/product\\\/tristel-3t\\\/\"]}]},{\"@type\":\"ImageObject\",\"inLanguage\":\"en-US\",\"@id\":\"https:\\\/\\\/tristel.com\\\/at-de\\\/product\\\/tristel-3t\\\/#primaryimage\",\"url\":\"https:\\\/\\\/tristel.com\\\/at-de\\\/wp-content\\\/uploads\\\/sites\\\/28\\\/2022\\\/02\\\/3T_Brochure_Journey-768x576-1.jpg\",\"contentUrl\":\"https:\\\/\\\/tristel.com\\\/at-de\\\/wp-content\\\/uploads\\\/sites\\\/28\\\/2022\\\/02\\\/3T_Brochure_Journey-768x576-1.jpg\",\"width\":868,\"height\":648},{\"@type\":\"BreadcrumbList\",\"@id\":\"https:\\\/\\\/tristel.com\\\/at-de\\\/product\\\/tristel-3t\\\/#breadcrumb\",\"itemListElement\":[{\"@type\":\"ListItem\",\"position\":1,\"name\":\"Products\",\"item\":\"https:\\\/\\\/tristel.com\\\/at-de\\\/shop\\\/\"},{\"@type\":\"ListItem\",\"position\":2,\"name\":\"Tristel 3T\"}]},{\"@type\":\"WebSite\",\"@id\":\"https:\\\/\\\/tristel.com\\\/at-de\\\/#website\",\"url\":\"https:\\\/\\\/tristel.com\\\/at-de\\\/\",\"name\":\"Tristel - Austria - DE\",\"description\":\"We have chemistry\",\"potentialAction\":[{\"@type\":\"SearchAction\",\"target\":{\"@type\":\"EntryPoint\",\"urlTemplate\":\"https:\\\/\\\/tristel.com\\\/at-de\\\/?s={search_term_string}\"},\"query-input\":{\"@type\":\"PropertyValueSpecification\",\"valueRequired\":true,\"valueName\":\"search_term_string\"}}],\"inLanguage\":\"en-US\"}]}<\/script>\n<!-- \/ Yoast SEO Premium plugin. -->","yoast_head_json":{"title":"Tristel 3T - Tristel - Austria - DE","robots":{"index":"index","follow":"follow","max-snippet":"max-snippet:-1","max-image-preview":"max-image-preview:large","max-video-preview":"max-video-preview:-1"},"canonical":"https:\/\/tristel.com\/at-de\/product\/tristel-3t\/","og_locale":"en_US","og_type":"article","og_title":"Tristel 3T","og_description":"Stellen Sie sich vor, Sie haben einen ausgelasteten Arbeitstag mit vielen Patienten und mehrere Medizinprodukte in Benutzung. Sie m\u00fcssen nach jeder Aufbereitung die Dokumentationspflicht erf\u00fcllen.  Wieso nicht einfach beides zusammen tun, also die Dokumentation w\u00e4hrend der Aufbereitung mit erledigen? Mit einer intelligenten App die Sie z\u00fcgig durch den Aufbereitungsprozess f\u00fchrt und w\u00e4hrenddessen alles dokumentiert. Sie m\u00fcssen daf\u00fcr nicht einmal Ihre H\u00e4nde vom Medizinprodukt nehmen.  Wir haben diese moderne, intelligente App f\u00fcr Sie kreiert - die Tristel 3T-App!","og_url":"https:\/\/tristel.com\/at-de\/product\/tristel-3t\/","og_site_name":"Tristel - Austria - DE","article_modified_time":"2024-03-12T17:05:49+00:00","og_image":[{"width":868,"height":648,"url":"https:\/\/tristel.com\/at-de\/wp-content\/uploads\/sites\/28\/2022\/02\/3T_Brochure_Journey-768x576-1.jpg","type":"image\/jpeg"}],"twitter_card":"summary_large_image","twitter_misc":{"Est. reading time":"3 minutes"},"schema":{"@context":"https:\/\/schema.org","@graph":[{"@type":"WebPage","@id":"https:\/\/tristel.com\/at-de\/product\/tristel-3t\/","url":"https:\/\/tristel.com\/at-de\/product\/tristel-3t\/","name":"Tristel 3T - Tristel - Austria - DE","isPartOf":{"@id":"https:\/\/tristel.com\/at-de\/#website"},"primaryImageOfPage":{"@id":"https:\/\/tristel.com\/at-de\/product\/tristel-3t\/#primaryimage"},"image":{"@id":"https:\/\/tristel.com\/at-de\/product\/tristel-3t\/#primaryimage"},"thumbnailUrl":"https:\/\/tristel.com\/at-de\/wp-content\/uploads\/sites\/28\/2022\/02\/3T_Brochure_Journey-768x576-1.jpg","datePublished":"2022-02-15T14:14:48+00:00","dateModified":"2024-03-12T17:05:49+00:00","breadcrumb":{"@id":"https:\/\/tristel.com\/at-de\/product\/tristel-3t\/#breadcrumb"},"inLanguage":"en-US","potentialAction":[{"@type":"ReadAction","target":["https:\/\/tristel.com\/at-de\/product\/tristel-3t\/"]}]},{"@type":"ImageObject","inLanguage":"en-US","@id":"https:\/\/tristel.com\/at-de\/product\/tristel-3t\/#primaryimage","url":"https:\/\/tristel.com\/at-de\/wp-content\/uploads\/sites\/28\/2022\/02\/3T_Brochure_Journey-768x576-1.jpg","contentUrl":"https:\/\/tristel.com\/at-de\/wp-content\/uploads\/sites\/28\/2022\/02\/3T_Brochure_Journey-768x576-1.jpg","width":868,"height":648},{"@type":"BreadcrumbList","@id":"https:\/\/tristel.com\/at-de\/product\/tristel-3t\/#breadcrumb","itemListElement":[{"@type":"ListItem","position":1,"name":"Products","item":"https:\/\/tristel.com\/at-de\/shop\/"},{"@type":"ListItem","position":2,"name":"Tristel 3T"}]},{"@type":"WebSite","@id":"https:\/\/tristel.com\/at-de\/#website","url":"https:\/\/tristel.com\/at-de\/","name":"Tristel - Austria - DE","description":"We have chemistry","potentialAction":[{"@type":"SearchAction","target":{"@type":"EntryPoint","urlTemplate":"https:\/\/tristel.com\/at-de\/?s={search_term_string}"},"query-input":{"@type":"PropertyValueSpecification","valueRequired":true,"valueName":"search_term_string"}}],"inLanguage":"en-US"}]}},"_links":{"self":[{"href":"https:\/\/tristel.com\/at-de\/wp-json\/wp\/v2\/product\/1104","targetHints":{"allow":["GET"]}}],"collection":[{"href":"https:\/\/tristel.com\/at-de\/wp-json\/wp\/v2\/product"}],"about":[{"href":"https:\/\/tristel.com\/at-de\/wp-json\/wp\/v2\/types\/product"}],"wp:featuredmedia":[{"embeddable":true,"href":"https:\/\/tristel.com\/at-de\/wp-json\/wp\/v2\/media\/1481"}],"wp:attachment":[{"href":"https:\/\/tristel.com\/at-de\/wp-json\/wp\/v2\/media?parent=1104"}],"wp:term":[{"taxonomy":"product_brand","embeddable":true,"href":"https:\/\/tristel.com\/at-de\/wp-json\/wp\/v2\/product_brand?post=1104"},{"taxonomy":"product_cat","embeddable":true,"href":"https:\/\/tristel.com\/at-de\/wp-json\/wp\/v2\/product_cat?post=1104"},{"taxonomy":"product_tag","embeddable":true,"href":"https:\/\/tristel.com\/at-de\/wp-json\/wp\/v2\/product_tag?post=1104"}],"curies":[{"name":"wp","href":"https:\/\/api.w.org\/{rel}","templated":true}]}}