{"id":1103,"date":"2022-02-15T15:14:47","date_gmt":"2022-02-15T14:14:47","guid":{"rendered":"https:\/\/tristel.com\/at-de\/?post_type=product&#038;p=1103"},"modified":"2024-03-12T18:03:33","modified_gmt":"2024-03-12T17:03:33","slug":"tristel-duo-fuer-starre-optiken","status":"publish","type":"product","link":"https:\/\/tristel.com\/at-de\/product\/tristel-duo-fuer-starre-optiken\/","title":{"rendered":"Tristel Duo f\u00fcr starre Optiken"},"content":{"rendered":"<p>Tristel Duo f\u00fcr starre Optiken ist ein schnelles, effizientes und validiertes Verfahren zur viruziden und sporiziden Desinfektion von starren Endoskopen ohne Lumen.<\/p>\n<p>Tristel Duo f\u00fcr starre Optiken wurde speziell zur viruziden und sporiziden Desinfektion von starren Endoskopen der Kategorie semikritisch A, zum Beispiel Stablinsenoptiken, entwickelt. Weitere Anwendungsm\u00f6glichkeiten sind die Desinfektion von nichtinvasiven Medizinprodukten, wie zum Beispiel Stethoskopen.<\/p>\n","protected":false},"excerpt":{"rendered":"<p>Medizinprodukte, die wie das Nasopharyngoskop zur Untersuchung von Hals und Rachen eingesetzt werden, k\u00f6nnen Tr\u00e4ger von HPV sein, wenn sie nicht vollumf\u00e4nglich desinfiziert worden sind. F\u00fcr Endoskope allein betrifft das j\u00e4hrlich 75 Millionen Untersuchungsverfahren. Erfolgt keine ad\u00e4quate Desinfektion, kann HPV bis zu sieben Tage auf der Oberfl\u00e4che \u00fcberleben. Das bedeutet, dass ein Nasopharyngoskop ein Virenherd sein und mithin den n\u00e4chsten Patienten infizieren k\u00f6nnte.<\/p>\n<p>Medizinprodukte, die wie Endoskope mit der Schleimhaut in Ber\u00fchrung kommen, erfordern eine High-Level-Desinfektion (HLD). High-Level-Desinfektionsmittel (HLDs) t\u00f6ten bis auf gro\u00dfe Mengen von bakteriellen Sporen alle Mikroorganismen ab. Jedoch sind nicht alle High-Level-Desinfektionsmittel wirksam gegen\u00fcber HPV. Es ist daher von entscheidender Bedeutung, dass High-Level-Desinfektionsmittel, die f\u00fcr die Aufbereitung von Nasopharyngoskopen oder von anderen Instrumenten in der HNO-Diagnostik verwendet werden, gegen HPV wirksam sind.<\/p>\n<p>Tristel Duo HNO ist innerhalb einer Einwirkzeit von 30 Sekunden wirksam gegen HPV Typ 16 und Typ 18, was in einer individualisierten Testung mit dem Tristel Duo an mit HPV kontaminierten Nasopharyngoskopen getestet wurde.<\/p>\n","protected":false},"featured_media":1140,"template":"","meta":{"_acf_changed":false,"_relevanssi_hide_post":"","_relevanssi_hide_content":"","_relevanssi_pin_for_all":"","_relevanssi_pin_keywords":"","_relevanssi_unpin_keywords":"","_relevanssi_related_keywords":"","_relevanssi_related_include_ids":"","_relevanssi_related_exclude_ids":"","_relevanssi_related_no_append":"","_relevanssi_related_not_related":"","_relevanssi_related_posts":"","_relevanssi_noindex_reason":"","inline_featured_image":false},"product_brand":[],"product_cat":[53,21,26],"product_tag":[],"class_list":{"0":"post-1103","1":"product","2":"type-product","3":"status-publish","4":"has-post-thumbnail","6":"product_cat-alle-tristel-produkte","7":"product_cat-hno","8":"product_cat-tristel","10":"first","11":"instock","12":"taxable","13":"shipping-taxable","14":"product-type-simple"},"acf":[],"yoast_head":"<!-- This site is optimized with the Yoast SEO Premium plugin v27.2 (Yoast SEO v27.3) - https:\/\/yoast.com\/product\/yoast-seo-premium-wordpress\/ -->\n<title>Tristel Duo f\u00fcr starre Optiken - Tristel - Austria - DE<\/title>\n<meta name=\"robots\" content=\"index, follow, max-snippet:-1, max-image-preview:large, max-video-preview:-1\" \/>\n<link rel=\"canonical\" href=\"https:\/\/tristel.com\/at-de\/product\/tristel-duo-fuer-starre-optiken\/\" \/>\n<meta property=\"og:locale\" content=\"en_US\" \/>\n<meta property=\"og:type\" content=\"article\" \/>\n<meta property=\"og:title\" content=\"Tristel Duo f\u00fcr starre Optiken\" \/>\n<meta property=\"og:description\" content=\"Medizinprodukte, die wie das Nasopharyngoskop zur Untersuchung von Hals und Rachen eingesetzt werden, k\u00f6nnen Tr\u00e4ger von HPV sein, wenn sie nicht vollumf\u00e4nglich desinfiziert worden sind. F\u00fcr Endoskope allein betrifft das j\u00e4hrlich 75 Millionen Untersuchungsverfahren. Erfolgt keine ad\u00e4quate Desinfektion, kann HPV bis zu sieben Tage auf der Oberfl\u00e4che \u00fcberleben. Das bedeutet, dass ein Nasopharyngoskop ein Virenherd sein und mithin den n\u00e4chsten Patienten infizieren k\u00f6nnte.  Medizinprodukte, die wie Endoskope mit der Schleimhaut in Ber\u00fchrung kommen, erfordern eine High-Level-Desinfektion (HLD). High-Level-Desinfektionsmittel (HLDs) t\u00f6ten bis auf gro\u00dfe Mengen von bakteriellen Sporen alle Mikroorganismen ab. Jedoch sind nicht alle High-Level-Desinfektionsmittel wirksam gegen\u00fcber HPV. Es ist daher von entscheidender Bedeutung, dass High-Level-Desinfektionsmittel, die f\u00fcr die Aufbereitung von Nasopharyngoskopen oder von anderen Instrumenten in der HNO-Diagnostik verwendet werden, gegen HPV wirksam sind.  Tristel Duo HNO ist innerhalb einer Einwirkzeit von 30 Sekunden wirksam gegen HPV Typ 16 und Typ 18, was in einer individualisierten Testung mit dem Tristel Duo an mit HPV kontaminierten Nasopharyngoskopen getestet wurde.\" \/>\n<meta property=\"og:url\" content=\"https:\/\/tristel.com\/at-de\/product\/tristel-duo-fuer-starre-optiken\/\" \/>\n<meta property=\"og:site_name\" content=\"Tristel - Austria - DE\" \/>\n<meta property=\"article:modified_time\" content=\"2024-03-12T17:03:33+00:00\" \/>\n<meta property=\"og:image\" content=\"https:\/\/tristel.com\/at-de\/wp-content\/uploads\/sites\/28\/2022\/02\/Tristel-Duo-for-Rigid-Optics-In-Action.jpg\" \/>\n\t<meta property=\"og:image:width\" content=\"482\" \/>\n\t<meta property=\"og:image:height\" content=\"518\" \/>\n\t<meta property=\"og:image:type\" content=\"image\/jpeg\" \/>\n<meta name=\"twitter:card\" content=\"summary_large_image\" \/>\n<meta name=\"twitter:label1\" content=\"Est. reading time\" \/>\n\t<meta name=\"twitter:data1\" content=\"4 minutes\" \/>\n<script type=\"application\/ld+json\" class=\"yoast-schema-graph\">{\"@context\":\"https:\\\/\\\/schema.org\",\"@graph\":[{\"@type\":\"WebPage\",\"@id\":\"https:\\\/\\\/tristel.com\\\/at-de\\\/product\\\/tristel-duo-fuer-starre-optiken\\\/\",\"url\":\"https:\\\/\\\/tristel.com\\\/at-de\\\/product\\\/tristel-duo-fuer-starre-optiken\\\/\",\"name\":\"Tristel Duo f\u00fcr starre Optiken - Tristel - Austria - DE\",\"isPartOf\":{\"@id\":\"https:\\\/\\\/tristel.com\\\/at-de\\\/#website\"},\"primaryImageOfPage\":{\"@id\":\"https:\\\/\\\/tristel.com\\\/at-de\\\/product\\\/tristel-duo-fuer-starre-optiken\\\/#primaryimage\"},\"image\":{\"@id\":\"https:\\\/\\\/tristel.com\\\/at-de\\\/product\\\/tristel-duo-fuer-starre-optiken\\\/#primaryimage\"},\"thumbnailUrl\":\"https:\\\/\\\/tristel.com\\\/at-de\\\/wp-content\\\/uploads\\\/sites\\\/28\\\/2022\\\/02\\\/Tristel-Duo-for-Rigid-Optics-In-Action.jpg\",\"datePublished\":\"2022-02-15T14:14:47+00:00\",\"dateModified\":\"2024-03-12T17:03:33+00:00\",\"breadcrumb\":{\"@id\":\"https:\\\/\\\/tristel.com\\\/at-de\\\/product\\\/tristel-duo-fuer-starre-optiken\\\/#breadcrumb\"},\"inLanguage\":\"en-US\",\"potentialAction\":[{\"@type\":\"ReadAction\",\"target\":[\"https:\\\/\\\/tristel.com\\\/at-de\\\/product\\\/tristel-duo-fuer-starre-optiken\\\/\"]}]},{\"@type\":\"ImageObject\",\"inLanguage\":\"en-US\",\"@id\":\"https:\\\/\\\/tristel.com\\\/at-de\\\/product\\\/tristel-duo-fuer-starre-optiken\\\/#primaryimage\",\"url\":\"https:\\\/\\\/tristel.com\\\/at-de\\\/wp-content\\\/uploads\\\/sites\\\/28\\\/2022\\\/02\\\/Tristel-Duo-for-Rigid-Optics-In-Action.jpg\",\"contentUrl\":\"https:\\\/\\\/tristel.com\\\/at-de\\\/wp-content\\\/uploads\\\/sites\\\/28\\\/2022\\\/02\\\/Tristel-Duo-for-Rigid-Optics-In-Action.jpg\",\"width\":482,\"height\":518},{\"@type\":\"BreadcrumbList\",\"@id\":\"https:\\\/\\\/tristel.com\\\/at-de\\\/product\\\/tristel-duo-fuer-starre-optiken\\\/#breadcrumb\",\"itemListElement\":[{\"@type\":\"ListItem\",\"position\":1,\"name\":\"Products\",\"item\":\"https:\\\/\\\/tristel.com\\\/at-de\\\/shop\\\/\"},{\"@type\":\"ListItem\",\"position\":2,\"name\":\"Tristel Duo f\u00fcr starre Optiken\"}]},{\"@type\":\"WebSite\",\"@id\":\"https:\\\/\\\/tristel.com\\\/at-de\\\/#website\",\"url\":\"https:\\\/\\\/tristel.com\\\/at-de\\\/\",\"name\":\"Tristel - Austria - DE\",\"description\":\"We have chemistry\",\"potentialAction\":[{\"@type\":\"SearchAction\",\"target\":{\"@type\":\"EntryPoint\",\"urlTemplate\":\"https:\\\/\\\/tristel.com\\\/at-de\\\/?s={search_term_string}\"},\"query-input\":{\"@type\":\"PropertyValueSpecification\",\"valueRequired\":true,\"valueName\":\"search_term_string\"}}],\"inLanguage\":\"en-US\"}]}<\/script>\n<!-- \/ Yoast SEO Premium plugin. -->","yoast_head_json":{"title":"Tristel Duo f\u00fcr starre Optiken - Tristel - Austria - DE","robots":{"index":"index","follow":"follow","max-snippet":"max-snippet:-1","max-image-preview":"max-image-preview:large","max-video-preview":"max-video-preview:-1"},"canonical":"https:\/\/tristel.com\/at-de\/product\/tristel-duo-fuer-starre-optiken\/","og_locale":"en_US","og_type":"article","og_title":"Tristel Duo f\u00fcr starre Optiken","og_description":"Medizinprodukte, die wie das Nasopharyngoskop zur Untersuchung von Hals und Rachen eingesetzt werden, k\u00f6nnen Tr\u00e4ger von HPV sein, wenn sie nicht vollumf\u00e4nglich desinfiziert worden sind. F\u00fcr Endoskope allein betrifft das j\u00e4hrlich 75 Millionen Untersuchungsverfahren. Erfolgt keine ad\u00e4quate Desinfektion, kann HPV bis zu sieben Tage auf der Oberfl\u00e4che \u00fcberleben. Das bedeutet, dass ein Nasopharyngoskop ein Virenherd sein und mithin den n\u00e4chsten Patienten infizieren k\u00f6nnte.  Medizinprodukte, die wie Endoskope mit der Schleimhaut in Ber\u00fchrung kommen, erfordern eine High-Level-Desinfektion (HLD). High-Level-Desinfektionsmittel (HLDs) t\u00f6ten bis auf gro\u00dfe Mengen von bakteriellen Sporen alle Mikroorganismen ab. Jedoch sind nicht alle High-Level-Desinfektionsmittel wirksam gegen\u00fcber HPV. Es ist daher von entscheidender Bedeutung, dass High-Level-Desinfektionsmittel, die f\u00fcr die Aufbereitung von Nasopharyngoskopen oder von anderen Instrumenten in der HNO-Diagnostik verwendet werden, gegen HPV wirksam sind.  Tristel Duo HNO ist innerhalb einer Einwirkzeit von 30 Sekunden wirksam gegen HPV Typ 16 und Typ 18, was in einer individualisierten Testung mit dem Tristel Duo an mit HPV kontaminierten Nasopharyngoskopen getestet wurde.","og_url":"https:\/\/tristel.com\/at-de\/product\/tristel-duo-fuer-starre-optiken\/","og_site_name":"Tristel - Austria - DE","article_modified_time":"2024-03-12T17:03:33+00:00","og_image":[{"width":482,"height":518,"url":"https:\/\/tristel.com\/at-de\/wp-content\/uploads\/sites\/28\/2022\/02\/Tristel-Duo-for-Rigid-Optics-In-Action.jpg","type":"image\/jpeg"}],"twitter_card":"summary_large_image","twitter_misc":{"Est. reading time":"4 minutes"},"schema":{"@context":"https:\/\/schema.org","@graph":[{"@type":"WebPage","@id":"https:\/\/tristel.com\/at-de\/product\/tristel-duo-fuer-starre-optiken\/","url":"https:\/\/tristel.com\/at-de\/product\/tristel-duo-fuer-starre-optiken\/","name":"Tristel Duo f\u00fcr starre Optiken - Tristel - Austria - DE","isPartOf":{"@id":"https:\/\/tristel.com\/at-de\/#website"},"primaryImageOfPage":{"@id":"https:\/\/tristel.com\/at-de\/product\/tristel-duo-fuer-starre-optiken\/#primaryimage"},"image":{"@id":"https:\/\/tristel.com\/at-de\/product\/tristel-duo-fuer-starre-optiken\/#primaryimage"},"thumbnailUrl":"https:\/\/tristel.com\/at-de\/wp-content\/uploads\/sites\/28\/2022\/02\/Tristel-Duo-for-Rigid-Optics-In-Action.jpg","datePublished":"2022-02-15T14:14:47+00:00","dateModified":"2024-03-12T17:03:33+00:00","breadcrumb":{"@id":"https:\/\/tristel.com\/at-de\/product\/tristel-duo-fuer-starre-optiken\/#breadcrumb"},"inLanguage":"en-US","potentialAction":[{"@type":"ReadAction","target":["https:\/\/tristel.com\/at-de\/product\/tristel-duo-fuer-starre-optiken\/"]}]},{"@type":"ImageObject","inLanguage":"en-US","@id":"https:\/\/tristel.com\/at-de\/product\/tristel-duo-fuer-starre-optiken\/#primaryimage","url":"https:\/\/tristel.com\/at-de\/wp-content\/uploads\/sites\/28\/2022\/02\/Tristel-Duo-for-Rigid-Optics-In-Action.jpg","contentUrl":"https:\/\/tristel.com\/at-de\/wp-content\/uploads\/sites\/28\/2022\/02\/Tristel-Duo-for-Rigid-Optics-In-Action.jpg","width":482,"height":518},{"@type":"BreadcrumbList","@id":"https:\/\/tristel.com\/at-de\/product\/tristel-duo-fuer-starre-optiken\/#breadcrumb","itemListElement":[{"@type":"ListItem","position":1,"name":"Products","item":"https:\/\/tristel.com\/at-de\/shop\/"},{"@type":"ListItem","position":2,"name":"Tristel Duo f\u00fcr starre Optiken"}]},{"@type":"WebSite","@id":"https:\/\/tristel.com\/at-de\/#website","url":"https:\/\/tristel.com\/at-de\/","name":"Tristel - Austria - DE","description":"We have chemistry","potentialAction":[{"@type":"SearchAction","target":{"@type":"EntryPoint","urlTemplate":"https:\/\/tristel.com\/at-de\/?s={search_term_string}"},"query-input":{"@type":"PropertyValueSpecification","valueRequired":true,"valueName":"search_term_string"}}],"inLanguage":"en-US"}]}},"_links":{"self":[{"href":"https:\/\/tristel.com\/at-de\/wp-json\/wp\/v2\/product\/1103","targetHints":{"allow":["GET"]}}],"collection":[{"href":"https:\/\/tristel.com\/at-de\/wp-json\/wp\/v2\/product"}],"about":[{"href":"https:\/\/tristel.com\/at-de\/wp-json\/wp\/v2\/types\/product"}],"wp:featuredmedia":[{"embeddable":true,"href":"https:\/\/tristel.com\/at-de\/wp-json\/wp\/v2\/media\/1140"}],"wp:attachment":[{"href":"https:\/\/tristel.com\/at-de\/wp-json\/wp\/v2\/media?parent=1103"}],"wp:term":[{"taxonomy":"product_brand","embeddable":true,"href":"https:\/\/tristel.com\/at-de\/wp-json\/wp\/v2\/product_brand?post=1103"},{"taxonomy":"product_cat","embeddable":true,"href":"https:\/\/tristel.com\/at-de\/wp-json\/wp\/v2\/product_cat?post=1103"},{"taxonomy":"product_tag","embeddable":true,"href":"https:\/\/tristel.com\/at-de\/wp-json\/wp\/v2\/product_tag?post=1103"}],"curies":[{"name":"wp","href":"https:\/\/api.w.org\/{rel}","templated":true}]}}