{"id":1100,"date":"2022-02-15T15:14:47","date_gmt":"2022-02-15T14:14:47","guid":{"rendered":"https:\/\/tristel.com\/at-de\/?post_type=product&#038;p=1100"},"modified":"2024-03-12T18:00:10","modified_gmt":"2024-03-12T17:00:10","slug":"tristel-duo-ult","status":"publish","type":"product","link":"https:\/\/tristel.com\/at-de\/product\/tristel-duo-ult\/","title":{"rendered":"Tristel Duo ULT"},"content":{"rendered":"<p>Tristel Duo ULT bietet eine High-Level-Desinfektion f\u00fcr alle Abschnitte der Ultraschallsonde, einschlie\u00dflich Sonde, Griff, Kabel und Steckergeh\u00e4use. Der Schaum wird mittels Tuch auf das gesamte Medizinprodukt aufgetragen. Die extrem kurze Einwirkzeit von 30 Sekunden stellt sicher, dass sie auch immer komplett eingehalten wird.<\/p>\n<p>Innerhalb dieser Einwirkzeit werden Bakterien, Pilze, Viren, Mykobakterien und Sporen abget\u00f6tet; ein Wirkspektrum, was f\u00fcr semikritische Instrumente gefordert wird bzw. sinnvoll ist.<\/p>\n<p>Eine der Kernkompetenzen von Tristel ist die Desinfektion von Ultraschallsonden in der medizinschen Diagnostik. Dazu arbeiten wir eng mit der Forschung zusammen, um immer auf dem h\u00f6chsten Stand der Wissenschaft zu sein. Prof. Dr. Craig Meyers, Distinguished Professor f\u00fcr Mikrobiologie und Immunologie, Geburtshilfe und Gyn\u00e4kologie am Pennsylvania State College of Medicine, hat bewiesen, dass Tristel Duo ULT die Hochrisiko-HPV-Typen 16 und 18 an realen Medizinprodukten inaktiviert. Lesen Sie <a href=\"https:\/\/shop.mhp-verlag.de\/media\/pdf\/b5\/2e\/32\/Meyers_Praxis_HM_10_20.pdf\">hier<\/a> mehr.<\/p>\n<p>Tristel Duo ULT entspricht den Richtlinien f\u00fcr die Desinfektion im Ultraschall, wie z.B. BMUS, WFUMB und der Gesellschaft f\u00fcr Maternal-Fetal-Medizin. Auch die Anforderungen an die Desinfektion, die die Deutsche Gesellschaft f\u00fcr Ultraschall in der Medizin aufstellt, werden von Tristel Duo ULT eingehalten.<\/p>\n","protected":false},"excerpt":{"rendered":"<p>Wussten Sie, dass sich bedenkliche Keime und Mikroorganismen auf dem Stecker und Kabel einer Ultraschallsonde befinden? Es ist daher ratsam, die gesamte Ultraschallsonde vom Stecker, \u00fcber das Handst\u00fcck bis hin zur Sondenspitze zu desinfizieren.<\/p>\n<p>Wussten Sie, dass Schutzh\u00fcllen nicht 100% Sicherheit vor Keimen auf der Ultraschallsonden bieten? High-Level-Desinfektion ist auch dann erforderlich, wenn Schutzh\u00fcllen verwendet werden.\u00a0Vor oder w\u00e4hrend des Ultraschalls kann es zu gelegentlichen Perforationen oder Mikroabrieb der Schutzh\u00fclle kommen. M\u00f6glich ist auch, dass Blut oder Sekrete \u00fcber den Rand der Schutzh\u00fclle gelangen und anschlie\u00dfend die Sonde kontaminieren.<\/p>\n<p><strong>Wie k\u00f6nnen Sie sicherstellen, dass w\u00e4hrend der Untersuchung keine HPV-Infektionen von einem Patienten zum n\u00e4chsten \u00fcbertragen werden? <\/strong>Tristel Duo ULT.<br \/>\nUnser High-Level-Desinfektionsschaum sorgt f\u00fcr eine vollst\u00e4ndige Aufbereitung vom Steckergeh\u00e4use bis hin zum Ultraschallkopf, wirksam gegen alle relevanten und bedenklichen Mikroorganismen in der Gyn\u00e4kologie und Urologie, mit einer Einwirkzeit von lediglich 30 Sekunden.<\/p>\n","protected":false},"featured_media":1130,"template":"","meta":{"_acf_changed":false,"_relevanssi_hide_post":"","_relevanssi_hide_content":"","_relevanssi_pin_for_all":"","_relevanssi_pin_keywords":"","_relevanssi_unpin_keywords":"","_relevanssi_related_keywords":"","_relevanssi_related_include_ids":"","_relevanssi_related_exclude_ids":"","_relevanssi_related_no_append":"","_relevanssi_related_not_related":"","_relevanssi_related_posts":"","_relevanssi_noindex_reason":"","inline_featured_image":false},"product_brand":[],"product_cat":[53,19,34,26,32],"product_tag":[],"class_list":{"0":"post-1100","1":"product","2":"type-product","3":"status-publish","4":"has-post-thumbnail","6":"product_cat-alle-tristel-produkte","7":"product_cat-frauenheilkunde","8":"product_cat-rettungsdienst","9":"product_cat-tristel","10":"product_cat-urologie","12":"first","13":"instock","14":"taxable","15":"shipping-taxable","16":"product-type-simple"},"acf":[],"yoast_head":"<!-- This site is optimized with the Yoast SEO Premium plugin v27.2 (Yoast SEO v27.3) - https:\/\/yoast.com\/product\/yoast-seo-premium-wordpress\/ -->\n<title>Tristel Duo ULT - Tristel - Austria - DE<\/title>\n<meta name=\"robots\" content=\"index, follow, max-snippet:-1, max-image-preview:large, max-video-preview:-1\" \/>\n<link rel=\"canonical\" href=\"https:\/\/tristel.com\/at-de\/product\/tristel-duo-ult\/\" \/>\n<meta property=\"og:locale\" content=\"en_US\" \/>\n<meta property=\"og:type\" content=\"article\" \/>\n<meta property=\"og:title\" content=\"Tristel Duo ULT\" \/>\n<meta property=\"og:description\" content=\"Wussten Sie, dass sich bedenkliche Keime und Mikroorganismen auf dem Stecker und Kabel einer Ultraschallsonde befinden? Es ist daher ratsam, die gesamte Ultraschallsonde vom Stecker, \u00fcber das Handst\u00fcck bis hin zur Sondenspitze zu desinfizieren.  Wussten Sie, dass Schutzh\u00fcllen nicht 100% Sicherheit vor Keimen auf der Ultraschallsonden bieten? High-Level-Desinfektion ist auch dann erforderlich, wenn Schutzh\u00fcllen verwendet werden.\u00a0Vor oder w\u00e4hrend des Ultraschalls kann es zu gelegentlichen Perforationen oder Mikroabrieb der Schutzh\u00fclle kommen. M\u00f6glich ist auch, dass Blut oder Sekrete \u00fcber den Rand der Schutzh\u00fclle gelangen und anschlie\u00dfend die Sonde kontaminieren.  Wie k\u00f6nnen Sie sicherstellen, dass w\u00e4hrend der Untersuchung keine HPV-Infektionen von einem Patienten zum n\u00e4chsten \u00fcbertragen werden? Tristel Duo ULT. Unser High-Level-Desinfektionsschaum sorgt f\u00fcr eine vollst\u00e4ndige Aufbereitung vom Steckergeh\u00e4use bis hin zum Ultraschallkopf, wirksam gegen alle relevanten und bedenklichen Mikroorganismen in der Gyn\u00e4kologie und Urologie, mit einer Einwirkzeit von lediglich 30 Sekunden.\" \/>\n<meta property=\"og:url\" content=\"https:\/\/tristel.com\/at-de\/product\/tristel-duo-ult\/\" \/>\n<meta property=\"og:site_name\" content=\"Tristel - Austria - DE\" \/>\n<meta property=\"article:modified_time\" content=\"2024-03-12T17:00:10+00:00\" \/>\n<meta property=\"og:image\" content=\"https:\/\/tristel.com\/at-de\/wp-content\/uploads\/sites\/28\/2022\/02\/Duo-ULT-Product-Image-1.png\" \/>\n\t<meta property=\"og:image:width\" content=\"800\" \/>\n\t<meta property=\"og:image:height\" content=\"600\" \/>\n\t<meta property=\"og:image:type\" content=\"image\/png\" \/>\n<meta name=\"twitter:card\" content=\"summary_large_image\" \/>\n<meta name=\"twitter:label1\" content=\"Est. reading time\" \/>\n\t<meta name=\"twitter:data1\" content=\"5 minutes\" \/>\n<script type=\"application\/ld+json\" class=\"yoast-schema-graph\">{\"@context\":\"https:\\\/\\\/schema.org\",\"@graph\":[{\"@type\":\"WebPage\",\"@id\":\"https:\\\/\\\/tristel.com\\\/at-de\\\/product\\\/tristel-duo-ult\\\/\",\"url\":\"https:\\\/\\\/tristel.com\\\/at-de\\\/product\\\/tristel-duo-ult\\\/\",\"name\":\"Tristel Duo ULT - Tristel - Austria - DE\",\"isPartOf\":{\"@id\":\"https:\\\/\\\/tristel.com\\\/at-de\\\/#website\"},\"primaryImageOfPage\":{\"@id\":\"https:\\\/\\\/tristel.com\\\/at-de\\\/product\\\/tristel-duo-ult\\\/#primaryimage\"},\"image\":{\"@id\":\"https:\\\/\\\/tristel.com\\\/at-de\\\/product\\\/tristel-duo-ult\\\/#primaryimage\"},\"thumbnailUrl\":\"https:\\\/\\\/tristel.com\\\/at-de\\\/wp-content\\\/uploads\\\/sites\\\/28\\\/2022\\\/02\\\/Duo-ULT-Product-Image-1.png\",\"datePublished\":\"2022-02-15T14:14:47+00:00\",\"dateModified\":\"2024-03-12T17:00:10+00:00\",\"breadcrumb\":{\"@id\":\"https:\\\/\\\/tristel.com\\\/at-de\\\/product\\\/tristel-duo-ult\\\/#breadcrumb\"},\"inLanguage\":\"en-US\",\"potentialAction\":[{\"@type\":\"ReadAction\",\"target\":[\"https:\\\/\\\/tristel.com\\\/at-de\\\/product\\\/tristel-duo-ult\\\/\"]}]},{\"@type\":\"ImageObject\",\"inLanguage\":\"en-US\",\"@id\":\"https:\\\/\\\/tristel.com\\\/at-de\\\/product\\\/tristel-duo-ult\\\/#primaryimage\",\"url\":\"https:\\\/\\\/tristel.com\\\/at-de\\\/wp-content\\\/uploads\\\/sites\\\/28\\\/2022\\\/02\\\/Duo-ULT-Product-Image-1.png\",\"contentUrl\":\"https:\\\/\\\/tristel.com\\\/at-de\\\/wp-content\\\/uploads\\\/sites\\\/28\\\/2022\\\/02\\\/Duo-ULT-Product-Image-1.png\",\"width\":800,\"height\":600},{\"@type\":\"BreadcrumbList\",\"@id\":\"https:\\\/\\\/tristel.com\\\/at-de\\\/product\\\/tristel-duo-ult\\\/#breadcrumb\",\"itemListElement\":[{\"@type\":\"ListItem\",\"position\":1,\"name\":\"Products\",\"item\":\"https:\\\/\\\/tristel.com\\\/at-de\\\/shop\\\/\"},{\"@type\":\"ListItem\",\"position\":2,\"name\":\"Tristel Duo ULT\"}]},{\"@type\":\"WebSite\",\"@id\":\"https:\\\/\\\/tristel.com\\\/at-de\\\/#website\",\"url\":\"https:\\\/\\\/tristel.com\\\/at-de\\\/\",\"name\":\"Tristel - Austria - DE\",\"description\":\"We have chemistry\",\"potentialAction\":[{\"@type\":\"SearchAction\",\"target\":{\"@type\":\"EntryPoint\",\"urlTemplate\":\"https:\\\/\\\/tristel.com\\\/at-de\\\/?s={search_term_string}\"},\"query-input\":{\"@type\":\"PropertyValueSpecification\",\"valueRequired\":true,\"valueName\":\"search_term_string\"}}],\"inLanguage\":\"en-US\"}]}<\/script>\n<!-- \/ Yoast SEO Premium plugin. -->","yoast_head_json":{"title":"Tristel Duo ULT - Tristel - Austria - DE","robots":{"index":"index","follow":"follow","max-snippet":"max-snippet:-1","max-image-preview":"max-image-preview:large","max-video-preview":"max-video-preview:-1"},"canonical":"https:\/\/tristel.com\/at-de\/product\/tristel-duo-ult\/","og_locale":"en_US","og_type":"article","og_title":"Tristel Duo ULT","og_description":"Wussten Sie, dass sich bedenkliche Keime und Mikroorganismen auf dem Stecker und Kabel einer Ultraschallsonde befinden? Es ist daher ratsam, die gesamte Ultraschallsonde vom Stecker, \u00fcber das Handst\u00fcck bis hin zur Sondenspitze zu desinfizieren.  Wussten Sie, dass Schutzh\u00fcllen nicht 100% Sicherheit vor Keimen auf der Ultraschallsonden bieten? High-Level-Desinfektion ist auch dann erforderlich, wenn Schutzh\u00fcllen verwendet werden.\u00a0Vor oder w\u00e4hrend des Ultraschalls kann es zu gelegentlichen Perforationen oder Mikroabrieb der Schutzh\u00fclle kommen. M\u00f6glich ist auch, dass Blut oder Sekrete \u00fcber den Rand der Schutzh\u00fclle gelangen und anschlie\u00dfend die Sonde kontaminieren.  Wie k\u00f6nnen Sie sicherstellen, dass w\u00e4hrend der Untersuchung keine HPV-Infektionen von einem Patienten zum n\u00e4chsten \u00fcbertragen werden? Tristel Duo ULT. Unser High-Level-Desinfektionsschaum sorgt f\u00fcr eine vollst\u00e4ndige Aufbereitung vom Steckergeh\u00e4use bis hin zum Ultraschallkopf, wirksam gegen alle relevanten und bedenklichen Mikroorganismen in der Gyn\u00e4kologie und Urologie, mit einer Einwirkzeit von lediglich 30 Sekunden.","og_url":"https:\/\/tristel.com\/at-de\/product\/tristel-duo-ult\/","og_site_name":"Tristel - Austria - DE","article_modified_time":"2024-03-12T17:00:10+00:00","og_image":[{"width":800,"height":600,"url":"https:\/\/tristel.com\/at-de\/wp-content\/uploads\/sites\/28\/2022\/02\/Duo-ULT-Product-Image-1.png","type":"image\/png"}],"twitter_card":"summary_large_image","twitter_misc":{"Est. reading time":"5 minutes"},"schema":{"@context":"https:\/\/schema.org","@graph":[{"@type":"WebPage","@id":"https:\/\/tristel.com\/at-de\/product\/tristel-duo-ult\/","url":"https:\/\/tristel.com\/at-de\/product\/tristel-duo-ult\/","name":"Tristel Duo ULT - Tristel - Austria - DE","isPartOf":{"@id":"https:\/\/tristel.com\/at-de\/#website"},"primaryImageOfPage":{"@id":"https:\/\/tristel.com\/at-de\/product\/tristel-duo-ult\/#primaryimage"},"image":{"@id":"https:\/\/tristel.com\/at-de\/product\/tristel-duo-ult\/#primaryimage"},"thumbnailUrl":"https:\/\/tristel.com\/at-de\/wp-content\/uploads\/sites\/28\/2022\/02\/Duo-ULT-Product-Image-1.png","datePublished":"2022-02-15T14:14:47+00:00","dateModified":"2024-03-12T17:00:10+00:00","breadcrumb":{"@id":"https:\/\/tristel.com\/at-de\/product\/tristel-duo-ult\/#breadcrumb"},"inLanguage":"en-US","potentialAction":[{"@type":"ReadAction","target":["https:\/\/tristel.com\/at-de\/product\/tristel-duo-ult\/"]}]},{"@type":"ImageObject","inLanguage":"en-US","@id":"https:\/\/tristel.com\/at-de\/product\/tristel-duo-ult\/#primaryimage","url":"https:\/\/tristel.com\/at-de\/wp-content\/uploads\/sites\/28\/2022\/02\/Duo-ULT-Product-Image-1.png","contentUrl":"https:\/\/tristel.com\/at-de\/wp-content\/uploads\/sites\/28\/2022\/02\/Duo-ULT-Product-Image-1.png","width":800,"height":600},{"@type":"BreadcrumbList","@id":"https:\/\/tristel.com\/at-de\/product\/tristel-duo-ult\/#breadcrumb","itemListElement":[{"@type":"ListItem","position":1,"name":"Products","item":"https:\/\/tristel.com\/at-de\/shop\/"},{"@type":"ListItem","position":2,"name":"Tristel Duo ULT"}]},{"@type":"WebSite","@id":"https:\/\/tristel.com\/at-de\/#website","url":"https:\/\/tristel.com\/at-de\/","name":"Tristel - Austria - DE","description":"We have chemistry","potentialAction":[{"@type":"SearchAction","target":{"@type":"EntryPoint","urlTemplate":"https:\/\/tristel.com\/at-de\/?s={search_term_string}"},"query-input":{"@type":"PropertyValueSpecification","valueRequired":true,"valueName":"search_term_string"}}],"inLanguage":"en-US"}]}},"_links":{"self":[{"href":"https:\/\/tristel.com\/at-de\/wp-json\/wp\/v2\/product\/1100","targetHints":{"allow":["GET"]}}],"collection":[{"href":"https:\/\/tristel.com\/at-de\/wp-json\/wp\/v2\/product"}],"about":[{"href":"https:\/\/tristel.com\/at-de\/wp-json\/wp\/v2\/types\/product"}],"wp:featuredmedia":[{"embeddable":true,"href":"https:\/\/tristel.com\/at-de\/wp-json\/wp\/v2\/media\/1130"}],"wp:attachment":[{"href":"https:\/\/tristel.com\/at-de\/wp-json\/wp\/v2\/media?parent=1100"}],"wp:term":[{"taxonomy":"product_brand","embeddable":true,"href":"https:\/\/tristel.com\/at-de\/wp-json\/wp\/v2\/product_brand?post=1100"},{"taxonomy":"product_cat","embeddable":true,"href":"https:\/\/tristel.com\/at-de\/wp-json\/wp\/v2\/product_cat?post=1100"},{"taxonomy":"product_tag","embeddable":true,"href":"https:\/\/tristel.com\/at-de\/wp-json\/wp\/v2\/product_tag?post=1100"}],"curies":[{"name":"wp","href":"https:\/\/api.w.org\/{rel}","templated":true}]}}