{"id":37,"date":"2020-11-03T17:51:27","date_gmt":"2020-11-03T17:51:27","guid":{"rendered":"https:\/\/tristel.com\/en-ca\/?page_id=37"},"modified":"2022-09-16T09:45:50","modified_gmt":"2022-09-16T07:45:50","slug":"resources","status":"publish","type":"page","link":"https:\/\/tristel.com\/at-de\/resources\/","title":{"rendered":"Mediathek"},"content":{"rendered":"\r\n<p><\/p>\r\n<p>Die Mediathek bietet Ihnen zahlreiche Daten zu unsere Produkten. In erster Linie finden Sie hier Produktinformationen, ausf\u00fchrliche Gebrauchsanleitungen und die Kurzanleitungen als Wandposter. Wir stellen Ihnen hier jedoch auch detailliertere technische Informationen zur Verf\u00fcgung, um Sie bestm\u00f6glich zu unterst\u00fctzen.<\/p>\r\n<p>Sie suchen nach den Freigaben von Herstellern diagnostischer Medizinprodukte? Die finden Sie unter Materialvertr\u00e4glichkeit.<\/p>\r\n<p>Ihnen ist die Wirksamkeit der Produkte wichtig und Sie m\u00f6chten dies f\u00fcr unsere Produkte \u00fcberpr\u00fcfen? Das finden Sie unter den Wirksamkeitsdaten nach Produkt gelistet.<\/p>\r\n<p>Das die Wirksamkeit auch an realen Instrumenten validiert ist k\u00f6nnen Sie unter dem Punkt Validierungen nachlesen.<\/p>\r\n<p>Zuguterletzt bitten wir Sie, sich anhand der Sicherheitsdatenbl\u00e4tter mit den Sicherheitsvorkehrungen bei der Anwednung unserer Produkte vertraut zu machen.<\/p>\r\n<p>&nbsp;<\/p>\r\n<p><\/p>\r\n<p><\/p>\r\n<!-- \/wp:post-content -->","protected":false},"excerpt":{"rendered":"<p>Die Mediathek bietet Ihnen zahlreiche Daten zu unsere Produkten. In erster Linie finden Sie hier Produktinformationen, ausf\u00fchrliche Gebrauchsanleitungen und die Kurzanleitungen als Wandposter. Wir stellen Ihnen hier jedoch auch detailliertere [&hellip;]<\/p>\n","protected":false},"author":2,"featured_media":0,"parent":0,"menu_order":0,"comment_status":"closed","ping_status":"closed","template":"template-resources.php","meta":{"_acf_changed":false,"_relevanssi_hide_post":"","_relevanssi_hide_content":"","_relevanssi_pin_for_all":"","_relevanssi_pin_keywords":"","_relevanssi_unpin_keywords":"","_relevanssi_related_keywords":"","_relevanssi_related_include_ids":"","_relevanssi_related_exclude_ids":"","_relevanssi_related_no_append":"","_relevanssi_related_not_related":"","_relevanssi_related_posts":"","_relevanssi_noindex_reason":"","inline_featured_image":false,"footnotes":""},"class_list":["post-37","page","type-page","status-publish","hentry"],"acf":[],"yoast_head":"<!-- This site is optimized with the Yoast SEO Premium plugin v27.2 (Yoast SEO v27.3) - https:\/\/yoast.com\/product\/yoast-seo-premium-wordpress\/ -->\n<title>Mediathek - Tristel - Austria - DE<\/title>\n<meta name=\"robots\" content=\"index, follow, max-snippet:-1, max-image-preview:large, max-video-preview:-1\" \/>\n<link rel=\"canonical\" href=\"https:\/\/tristel.com\/at-de\/resources\/\" \/>\n<meta property=\"og:locale\" content=\"en_US\" \/>\n<meta property=\"og:type\" content=\"article\" \/>\n<meta property=\"og:title\" content=\"Mediathek\" \/>\n<meta property=\"og:description\" content=\"Die Mediathek bietet Ihnen zahlreiche Daten zu unsere Produkten. In erster Linie finden Sie hier Produktinformationen, ausf\u00fchrliche Gebrauchsanleitungen und die Kurzanleitungen als Wandposter. Wir stellen Ihnen hier jedoch auch detailliertere [&hellip;]\" \/>\n<meta property=\"og:url\" content=\"https:\/\/tristel.com\/at-de\/resources\/\" \/>\n<meta property=\"og:site_name\" content=\"Tristel - Austria - DE\" \/>\n<meta property=\"article:modified_time\" content=\"2022-09-16T07:45:50+00:00\" \/>\n<meta name=\"twitter:card\" content=\"summary_large_image\" \/>\n<meta name=\"twitter:label1\" content=\"Est. reading time\" \/>\n\t<meta name=\"twitter:data1\" content=\"1 minute\" \/>\n<script type=\"application\/ld+json\" class=\"yoast-schema-graph\">{\"@context\":\"https:\\\/\\\/schema.org\",\"@graph\":[{\"@type\":\"WebPage\",\"@id\":\"https:\\\/\\\/tristel.com\\\/at-de\\\/resources\\\/\",\"url\":\"https:\\\/\\\/tristel.com\\\/at-de\\\/resources\\\/\",\"name\":\"Mediathek - Tristel - Austria - DE\",\"isPartOf\":{\"@id\":\"https:\\\/\\\/tristel.com\\\/at-de\\\/#website\"},\"datePublished\":\"2020-11-03T17:51:27+00:00\",\"dateModified\":\"2022-09-16T07:45:50+00:00\",\"inLanguage\":\"en-US\",\"potentialAction\":[{\"@type\":\"ReadAction\",\"target\":[\"https:\\\/\\\/tristel.com\\\/at-de\\\/resources\\\/\"]}]},{\"@type\":\"WebSite\",\"@id\":\"https:\\\/\\\/tristel.com\\\/at-de\\\/#website\",\"url\":\"https:\\\/\\\/tristel.com\\\/at-de\\\/\",\"name\":\"Tristel - Austria - DE\",\"description\":\"We have chemistry\",\"potentialAction\":[{\"@type\":\"SearchAction\",\"target\":{\"@type\":\"EntryPoint\",\"urlTemplate\":\"https:\\\/\\\/tristel.com\\\/at-de\\\/?s={search_term_string}\"},\"query-input\":{\"@type\":\"PropertyValueSpecification\",\"valueRequired\":true,\"valueName\":\"search_term_string\"}}],\"inLanguage\":\"en-US\"}]}<\/script>\n<!-- \/ Yoast SEO Premium plugin. -->","yoast_head_json":{"title":"Mediathek - Tristel - Austria - DE","robots":{"index":"index","follow":"follow","max-snippet":"max-snippet:-1","max-image-preview":"max-image-preview:large","max-video-preview":"max-video-preview:-1"},"canonical":"https:\/\/tristel.com\/at-de\/resources\/","og_locale":"en_US","og_type":"article","og_title":"Mediathek","og_description":"Die Mediathek bietet Ihnen zahlreiche Daten zu unsere Produkten. In erster Linie finden Sie hier Produktinformationen, ausf\u00fchrliche Gebrauchsanleitungen und die Kurzanleitungen als Wandposter. Wir stellen Ihnen hier jedoch auch detailliertere [&hellip;]","og_url":"https:\/\/tristel.com\/at-de\/resources\/","og_site_name":"Tristel - Austria - DE","article_modified_time":"2022-09-16T07:45:50+00:00","twitter_card":"summary_large_image","twitter_misc":{"Est. reading time":"1 minute"},"schema":{"@context":"https:\/\/schema.org","@graph":[{"@type":"WebPage","@id":"https:\/\/tristel.com\/at-de\/resources\/","url":"https:\/\/tristel.com\/at-de\/resources\/","name":"Mediathek - Tristel - Austria - DE","isPartOf":{"@id":"https:\/\/tristel.com\/at-de\/#website"},"datePublished":"2020-11-03T17:51:27+00:00","dateModified":"2022-09-16T07:45:50+00:00","inLanguage":"en-US","potentialAction":[{"@type":"ReadAction","target":["https:\/\/tristel.com\/at-de\/resources\/"]}]},{"@type":"WebSite","@id":"https:\/\/tristel.com\/at-de\/#website","url":"https:\/\/tristel.com\/at-de\/","name":"Tristel - Austria - DE","description":"We have chemistry","potentialAction":[{"@type":"SearchAction","target":{"@type":"EntryPoint","urlTemplate":"https:\/\/tristel.com\/at-de\/?s={search_term_string}"},"query-input":{"@type":"PropertyValueSpecification","valueRequired":true,"valueName":"search_term_string"}}],"inLanguage":"en-US"}]}},"_links":{"self":[{"href":"https:\/\/tristel.com\/at-de\/wp-json\/wp\/v2\/pages\/37","targetHints":{"allow":["GET"]}}],"collection":[{"href":"https:\/\/tristel.com\/at-de\/wp-json\/wp\/v2\/pages"}],"about":[{"href":"https:\/\/tristel.com\/at-de\/wp-json\/wp\/v2\/types\/page"}],"author":[{"embeddable":true,"href":"https:\/\/tristel.com\/at-de\/wp-json\/wp\/v2\/users\/2"}],"replies":[{"embeddable":true,"href":"https:\/\/tristel.com\/at-de\/wp-json\/wp\/v2\/comments?post=37"}],"version-history":[{"count":0,"href":"https:\/\/tristel.com\/at-de\/wp-json\/wp\/v2\/pages\/37\/revisions"}],"wp:attachment":[{"href":"https:\/\/tristel.com\/at-de\/wp-json\/wp\/v2\/media?parent=37"}],"curies":[{"name":"wp","href":"https:\/\/api.w.org\/{rel}","templated":true}]}}